{"id":12380,"date":"2016-07-29T14:23:45","date_gmt":"2016-07-29T14:23:45","guid":{"rendered":"http:\/\/szallodabutor.hu\/?page_id=12380"},"modified":"2016-07-29T14:23:45","modified_gmt":"2016-07-29T14:23:45","slug":"django","status":"publish","type":"page","link":"https:\/\/alexnabytek.cz\/hotel-gastronabytek\/kategorie\/nabytek-do-restauraci\/lounge-nabytek\/django\/","title":{"rendered":"Django"},"content":{"rendered":"","protected":false},"excerpt":{"rendered":"","protected":false},"author":3,"featured_media":16720,"parent":668,"menu_order":0,"comment_status":"closed","ping_status":"closed","template":"page-Portfolio4Cols-filterable.php","meta":{"footnotes":""},"class_list":["post-12380","page","type-page","status-publish","has-post-thumbnail","hentry"],"yoast_head":"<!-- This site is optimized with the Yoast SEO plugin v24.6 - https:\/\/yoast.com\/wordpress\/plugins\/seo\/ -->\n<title>Django - HOTELOV\u00dd A GASTRO N\u00c1BYTEK<\/title>\n<meta name=\"robots\" content=\"index, follow, max-snippet:-1, max-image-preview:large, max-video-preview:-1\" \/>\n<link rel=\"canonical\" href=\"https:\/\/alexnabytek.cz\/hotel-gastronabytek\/kategorie\/nabytek-do-restauraci\/lounge-nabytek\/django\/\" \/>\n<meta property=\"og:locale\" content=\"cs_CZ\" \/>\n<meta property=\"og:type\" content=\"article\" \/>\n<meta property=\"og:title\" content=\"Django - HOTELOV\u00dd A GASTRO N\u00c1BYTEK\" \/>\n<meta property=\"og:url\" content=\"https:\/\/alexnabytek.cz\/hotel-gastronabytek\/kategorie\/nabytek-do-restauraci\/lounge-nabytek\/django\/\" \/>\n<meta property=\"og:site_name\" content=\"HOTELOV\u00dd A GASTRO N\u00c1BYTEK\" \/>\n<meta name=\"twitter:card\" content=\"summary_large_image\" \/>\n<script type=\"application\/ld+json\" class=\"yoast-schema-graph\">{\"@context\":\"https:\/\/schema.org\",\"@graph\":[{\"@type\":\"WebPage\",\"@id\":\"https:\/\/alexnabytek.cz\/hotel-gastronabytek\/kategorie\/nabytek-do-restauraci\/lounge-nabytek\/django\/\",\"url\":\"https:\/\/alexnabytek.cz\/hotel-gastronabytek\/kategorie\/nabytek-do-restauraci\/lounge-nabytek\/django\/\",\"name\":\"Django - HOTELOV\u00dd A GASTRO N\u00c1BYTEK\",\"isPartOf\":{\"@id\":\"https:\/\/alexnabytek.cz\/hotel-gastronabytek\/#website\"},\"primaryImageOfPage\":{\"@id\":\"https:\/\/alexnabytek.cz\/hotel-gastronabytek\/kategorie\/nabytek-do-restauraci\/lounge-nabytek\/django\/#primaryimage\"},\"image\":{\"@id\":\"https:\/\/alexnabytek.cz\/hotel-gastronabytek\/kategorie\/nabytek-do-restauraci\/lounge-nabytek\/django\/#primaryimage\"},\"thumbnailUrl\":\"\",\"datePublished\":\"2016-07-29T14:23:45+00:00\",\"breadcrumb\":{\"@id\":\"https:\/\/alexnabytek.cz\/hotel-gastronabytek\/kategorie\/nabytek-do-restauraci\/lounge-nabytek\/django\/#breadcrumb\"},\"inLanguage\":\"en-US\",\"potentialAction\":[{\"@type\":\"ReadAction\",\"target\":[\"https:\/\/alexnabytek.cz\/hotel-gastronabytek\/kategorie\/nabytek-do-restauraci\/lounge-nabytek\/django\/\"]}]},{\"@type\":\"ImageObject\",\"inLanguage\":\"en-US\",\"@id\":\"https:\/\/alexnabytek.cz\/hotel-gastronabytek\/kategorie\/nabytek-do-restauraci\/lounge-nabytek\/django\/#primaryimage\",\"url\":\"\",\"contentUrl\":\"\"},{\"@type\":\"BreadcrumbList\",\"@id\":\"https:\/\/alexnabytek.cz\/hotel-gastronabytek\/kategorie\/nabytek-do-restauraci\/lounge-nabytek\/django\/#breadcrumb\",\"itemListElement\":[{\"@type\":\"ListItem\",\"position\":1,\"name\":\"Home\",\"item\":\"https:\/\/alexnabytek.cz\/hotel-gastronabytek\/\"},{\"@type\":\"ListItem\",\"position\":2,\"name\":\"Produkty\",\"item\":\"https:\/\/alexnabytek.cz\/hotel-gastronabytek\/kategorie\/\"},{\"@type\":\"ListItem\",\"position\":3,\"name\":\"N\u00e1bytek do restaurac\u00ed\",\"item\":\"https:\/\/alexnabytek.cz\/hotel-gastronabytek\/kategorie\/nabytek-do-restauraci\/\"},{\"@type\":\"ListItem\",\"position\":4,\"name\":\"Lounge n\u00e1bytek\",\"item\":\"https:\/\/alexnabytek.cz\/hotel-gastronabytek\/kategorie\/nabytek-do-restauraci\/lounge-nabytek\/\"},{\"@type\":\"ListItem\",\"position\":5,\"name\":\"Django\"}]},{\"@type\":\"WebSite\",\"@id\":\"https:\/\/alexnabytek.cz\/hotel-gastronabytek\/#website\",\"url\":\"https:\/\/alexnabytek.cz\/hotel-gastronabytek\/\",\"name\":\"HOTELOV\u00dd A GASTRO N\u00c1BYTEK\",\"description\":\"Alex kovov\u00fd a \u0161koln\u00ed n\u00e1bytek s.r.o.\",\"potentialAction\":[{\"@type\":\"SearchAction\",\"target\":{\"@type\":\"EntryPoint\",\"urlTemplate\":\"https:\/\/alexnabytek.cz\/hotel-gastronabytek\/?s={search_term_string}\"},\"query-input\":{\"@type\":\"PropertyValueSpecification\",\"valueRequired\":true,\"valueName\":\"search_term_string\"}}],\"inLanguage\":\"en-US\"}]}<\/script>\n<!-- \/ Yoast SEO plugin. -->","yoast_head_json":{"title":"Django - HOTELOV\u00dd A GASTRO N\u00c1BYTEK","robots":{"index":"index","follow":"follow","max-snippet":"max-snippet:-1","max-image-preview":"max-image-preview:large","max-video-preview":"max-video-preview:-1"},"canonical":"https:\/\/alexnabytek.cz\/hotel-gastronabytek\/kategorie\/nabytek-do-restauraci\/lounge-nabytek\/django\/","og_locale":"cs_CZ","og_type":"article","og_title":"Django - HOTELOV\u00dd A GASTRO N\u00c1BYTEK","og_url":"https:\/\/alexnabytek.cz\/hotel-gastronabytek\/kategorie\/nabytek-do-restauraci\/lounge-nabytek\/django\/","og_site_name":"HOTELOV\u00dd A GASTRO N\u00c1BYTEK","twitter_card":"summary_large_image","schema":{"@context":"https:\/\/schema.org","@graph":[{"@type":"WebPage","@id":"https:\/\/alexnabytek.cz\/hotel-gastronabytek\/kategorie\/nabytek-do-restauraci\/lounge-nabytek\/django\/","url":"https:\/\/alexnabytek.cz\/hotel-gastronabytek\/kategorie\/nabytek-do-restauraci\/lounge-nabytek\/django\/","name":"Django - HOTELOV\u00dd A GASTRO N\u00c1BYTEK","isPartOf":{"@id":"https:\/\/alexnabytek.cz\/hotel-gastronabytek\/#website"},"primaryImageOfPage":{"@id":"https:\/\/alexnabytek.cz\/hotel-gastronabytek\/kategorie\/nabytek-do-restauraci\/lounge-nabytek\/django\/#primaryimage"},"image":{"@id":"https:\/\/alexnabytek.cz\/hotel-gastronabytek\/kategorie\/nabytek-do-restauraci\/lounge-nabytek\/django\/#primaryimage"},"thumbnailUrl":"","datePublished":"2016-07-29T14:23:45+00:00","breadcrumb":{"@id":"https:\/\/alexnabytek.cz\/hotel-gastronabytek\/kategorie\/nabytek-do-restauraci\/lounge-nabytek\/django\/#breadcrumb"},"inLanguage":"en-US","potentialAction":[{"@type":"ReadAction","target":["https:\/\/alexnabytek.cz\/hotel-gastronabytek\/kategorie\/nabytek-do-restauraci\/lounge-nabytek\/django\/"]}]},{"@type":"ImageObject","inLanguage":"en-US","@id":"https:\/\/alexnabytek.cz\/hotel-gastronabytek\/kategorie\/nabytek-do-restauraci\/lounge-nabytek\/django\/#primaryimage","url":"","contentUrl":""},{"@type":"BreadcrumbList","@id":"https:\/\/alexnabytek.cz\/hotel-gastronabytek\/kategorie\/nabytek-do-restauraci\/lounge-nabytek\/django\/#breadcrumb","itemListElement":[{"@type":"ListItem","position":1,"name":"Home","item":"https:\/\/alexnabytek.cz\/hotel-gastronabytek\/"},{"@type":"ListItem","position":2,"name":"Produkty","item":"https:\/\/alexnabytek.cz\/hotel-gastronabytek\/kategorie\/"},{"@type":"ListItem","position":3,"name":"N\u00e1bytek do restaurac\u00ed","item":"https:\/\/alexnabytek.cz\/hotel-gastronabytek\/kategorie\/nabytek-do-restauraci\/"},{"@type":"ListItem","position":4,"name":"Lounge n\u00e1bytek","item":"https:\/\/alexnabytek.cz\/hotel-gastronabytek\/kategorie\/nabytek-do-restauraci\/lounge-nabytek\/"},{"@type":"ListItem","position":5,"name":"Django"}]},{"@type":"WebSite","@id":"https:\/\/alexnabytek.cz\/hotel-gastronabytek\/#website","url":"https:\/\/alexnabytek.cz\/hotel-gastronabytek\/","name":"HOTELOV\u00dd A GASTRO N\u00c1BYTEK","description":"Alex kovov\u00fd a \u0161koln\u00ed n\u00e1bytek s.r.o.","potentialAction":[{"@type":"SearchAction","target":{"@type":"EntryPoint","urlTemplate":"https:\/\/alexnabytek.cz\/hotel-gastronabytek\/?s={search_term_string}"},"query-input":{"@type":"PropertyValueSpecification","valueRequired":true,"valueName":"search_term_string"}}],"inLanguage":"en-US"}]}},"_links":{"self":[{"href":"https:\/\/alexnabytek.cz\/hotel-gastronabytek\/wp-json\/wp\/v2\/pages\/12380","targetHints":{"allow":["GET"]}}],"collection":[{"href":"https:\/\/alexnabytek.cz\/hotel-gastronabytek\/wp-json\/wp\/v2\/pages"}],"about":[{"href":"https:\/\/alexnabytek.cz\/hotel-gastronabytek\/wp-json\/wp\/v2\/types\/page"}],"author":[{"embeddable":true,"href":"https:\/\/alexnabytek.cz\/hotel-gastronabytek\/wp-json\/wp\/v2\/users\/3"}],"replies":[{"embeddable":true,"href":"https:\/\/alexnabytek.cz\/hotel-gastronabytek\/wp-json\/wp\/v2\/comments?post=12380"}],"version-history":[{"count":0,"href":"https:\/\/alexnabytek.cz\/hotel-gastronabytek\/wp-json\/wp\/v2\/pages\/12380\/revisions"}],"up":[{"embeddable":true,"href":"https:\/\/alexnabytek.cz\/hotel-gastronabytek\/wp-json\/wp\/v2\/pages\/668"}],"wp:featuredmedia":[{"embeddable":true,"href":"https:\/\/alexnabytek.cz\/hotel-gastronabytek\/wp-json\/"}],"wp:attachment":[{"href":"https:\/\/alexnabytek.cz\/hotel-gastronabytek\/wp-json\/wp\/v2\/media?parent=12380"}],"curies":[{"name":"wp","href":"https:\/\/api.w.org\/{rel}","templated":true}]}}