{"id":19,"date":"2016-06-08T07:58:50","date_gmt":"2016-06-08T07:58:50","guid":{"rendered":"http:\/\/szallodabutor.hu\/?page_id=19"},"modified":"2025-02-18T06:26:49","modified_gmt":"2025-02-18T06:26:49","slug":"kontakt","status":"publish","type":"page","link":"https:\/\/alexnabytek.cz\/hotel-gastronabytek\/kontakt\/","title":{"rendered":"Kontakt"},"content":{"rendered":"<div class=\"row \">\n<div class=\"span4 \"><h3>KONTAKTUJTE N\u00c1S<\/h3>\n<p>Jsme p\u0159ipraveni v\u00e1m poradit a vymyslet s v\u00e1mi \u0159e\u0161en\u00ed pro v\u00e1\u0161 prostor.<br \/>\nOzv\u011bte se n\u00e1m!<\/p>\n<h4><strong>Telefon: <a href=\"tel:+420725721306\">+420 725 721 306<\/a><br \/>\nE-mail: <a href=\"mailto:info@alexnabytek.cz\">info@alexnabytek.cz<\/a><\/strong><\/h4>\n<p>Faktura\u010dn\u00ed \u00fadaje:<br \/>\nALEX kovov\u00fd a \u0161koln\u00ed n\u00e1bytek, s.r.o.<br \/>\nJamborova 25, 615 00 Brno<\/p>\n<p><strong>I\u010cO:<\/strong> 26943344<br \/>\n<strong>DI\u010c:<\/strong> CZ26943344<br \/>\nFirma je zaps\u00e1na v OR u Krajsk\u00e9ho soudu v Brn\u011b, odd\u00edl C, vlo\u017eka 47256.<\/p><\/div>\n<div class=\"span8 \"><h3>KONTAKTN\u00cd FORMUL\u00c1\u0158<\/h3>\n\n<div class=\"wpcf7 no-js\" id=\"wpcf7-f16685-o1\" lang=\"hu-HU\" dir=\"ltr\">\n<div class=\"screen-reader-response\"><p role=\"status\" aria-live=\"polite\" aria-atomic=\"true\"><\/p> <ul><\/ul><\/div>\n<form action=\"\/hotel-gastronabytek\/wp-json\/wp\/v2\/pages\/19#wpcf7-f16685-o1\" method=\"post\" class=\"wpcf7-form init\" aria-label=\"Contact form\" novalidate=\"novalidate\" data-status=\"init\">\n<div style=\"display: none;\">\n<input type=\"hidden\" name=\"_wpcf7\" value=\"16685\" \/>\n<input type=\"hidden\" name=\"_wpcf7_version\" value=\"5.9.8\" \/>\n<input type=\"hidden\" name=\"_wpcf7_locale\" value=\"hu_HU\" \/>\n<input type=\"hidden\" name=\"_wpcf7_unit_tag\" value=\"wpcf7-f16685-o1\" \/>\n<input type=\"hidden\" name=\"_wpcf7_container_post\" value=\"0\" \/>\n<input type=\"hidden\" name=\"_wpcf7_posted_data_hash\" value=\"\" \/>\n<input type=\"hidden\" name=\"_wpcf7_recaptcha_response\" value=\"\" \/>\n<\/div>\n<div class=\"row-fluid\">\n<p class=\"span6 field\"><span class=\"wpcf7-form-control-wrap\" data-name=\"your-name\"><input size=\"40\" maxlength=\"400\" class=\"wpcf7-form-control wpcf7-text wpcf7-validates-as-required\" aria-required=\"true\" aria-invalid=\"false\" placeholder=\"Jm\u00e9no \/ Spole\u010dnost:\" value=\"\" type=\"text\" name=\"your-name\" \/><\/span> <\/p>\n<p class=\"span6 field\"><span class=\"wpcf7-form-control-wrap\" data-name=\"your-email\"><input size=\"40\" maxlength=\"400\" class=\"wpcf7-form-control wpcf7-email wpcf7-validates-as-required wpcf7-text wpcf7-validates-as-email\" aria-required=\"true\" aria-invalid=\"false\" placeholder=\"E-mail:\" value=\"\" type=\"email\" name=\"your-email\" \/><\/span> <\/p>\n<p class=\"span6 field\" style=\"margin-left: 0;\"><span class=\"wpcf7-form-control-wrap\" data-name=\"text-748\"><input size=\"40\" maxlength=\"400\" class=\"wpcf7-form-control wpcf7-text wpcf7-validates-as-required\" aria-required=\"true\" aria-invalid=\"false\" placeholder=\"Telefon:\" value=\"\" type=\"text\" name=\"text-748\" \/><\/span> <\/p>\n<p class=\"span6 field\"><span class=\"wpcf7-form-control-wrap\" data-name=\"text-697\"><input size=\"40\" maxlength=\"400\" class=\"wpcf7-form-control wpcf7-text\" aria-invalid=\"false\" placeholder=\"Slevov\u00fd kup\u00f3n:\" value=\"\" type=\"text\" name=\"text-697\" \/><\/span> <\/p>\n<\/div>\n<p class=\"field\"><span class=\"wpcf7-form-control-wrap\" data-name=\"your-message\"><textarea cols=\"40\" rows=\"10\" maxlength=\"2000\" class=\"wpcf7-form-control wpcf7-textarea\" aria-invalid=\"false\" placeholder=\"Text:\" name=\"your-message\"><\/textarea><\/span> <\/p>\n<div class=\"kapcsolatgdpr-h\">\n<div class=\"kapcsolatgdpr-2\"><!-- Mailchimp for WordPress v4.10.2 - https:\/\/www.mc4wp.com\/ --><input type=\"hidden\" name=\"_mc4wp_subscribe_contact-form-7\" value=\"0\" \/><span class=\"mc4wp-checkbox mc4wp-checkbox-contact-form-7 \"><label><input type=\"checkbox\" name=\"_mc4wp_subscribe_contact-form-7\" value=\"1\" ><span>Sign me up for the newsletter!<\/span><\/label><\/span><!-- \/ Mailchimp for WordPress --><label for=\"_mc4wp_subscribe_contact-form-7-1\"><span class=\"addthetick\"><\/span><p class=\"gdpr-textafterb\">Souhlas\u00edm se zpracov\u00e1n\u00edm osobn\u00edch \u00fadaj\u016f podle z\u00e1kona \u010d. 101\/2000 Sb. O ochran\u011b osobn\u00edch \u00fadaj\u016f<\/p><\/div>\n<\/div>\n<p class=\"submit-wrap\"><input class=\"wpcf7-form-control wpcf7-submit has-spinner btn btn-primary\" type=\"submit\" value=\"POSLAT\" \/><\/p><p style=\"display: none !important;\" class=\"akismet-fields-container\" data-prefix=\"_wpcf7_ak_\"><label>&#916;<textarea name=\"_wpcf7_ak_hp_textarea\" cols=\"45\" rows=\"8\" maxlength=\"100\"><\/textarea><\/label><input type=\"hidden\" id=\"ak_js_1\" name=\"_wpcf7_ak_js\" value=\"176\"\/><script>document.getElementById( \"ak_js_1\" ).setAttribute( \"value\", ( new Date() ).getTime() );<\/script><\/p><div class=\"wpcf7-response-output\" aria-hidden=\"true\"><\/div>\n<\/form>\n<\/div>\n\n<strong>Poskytujeme slu\u017eby p\u0159edev\u0161\u00edm pro soukrom\u00e9 firmy, spole\u010dnosti a ve\u0159ejn\u00e9 instituce. Moment\u00e1ln\u011b nen\u00ed v na\u0161ich sil\u00e1ch vyr\u00e1b\u011bt a dod\u00e1vat jednotliv\u00e9 produkty pro soukrom\u00e9 osoby. Pokud m\u00e1te z\u00e1jem o dod\u00e1vku men\u0161\u00edho rozsahu, \u017e\u00e1dejte, pros\u00edm o individu\u00e1ln\u00ed cenovou nab\u00eddku.<\/strong><br \/><\/div>\n<div class=\"spacer\"><\/div><!-- .spacer (end) -->\n<\/div><!-- .row (end) -->\n<div class=\"spacer\"><\/div><!-- .spacer (end) -->\n<div class=\"row \">\n<div class=\"span4 \"><div class=\"spacer\"><\/div><!-- .spacer (end) -->\n<h3>OBCHODN\u00cd ODD\u011aLEN\u00cd<\/h3>\n<p><strong>Jsme tu pro v\u00e1s:<\/strong><br \/>\nPo \u2013 P\u00e1: 08:00 \u2013 16:00<\/p>\n<p><strong>Tom\u00e1\u0161 M\u00e9sz\u00e1ros<\/strong>, jednatel<br \/>\nE-mail: <a href=\"mailto:jednatel@alexnabytek.cz\">jednatel@alexnabytek.cz<\/a><\/p>\n<p><strong>Ing. Eduard B\u016fcha<\/strong>, obchodn\u00ed z\u00e1stupce pro \u010cechy<br \/>\nE-mail: <a href=\"mailto:manager@alexnabytek.cz\">manager@alexnabytek.cz<\/a><br \/>\nTelefon: <a href=\"tel:+420725721306\">+420 725 721 306<\/a><\/p>\n<p><strong>Ing. Franti\u0161ek Kosina<\/strong>, obchodn\u00ed z\u00e1stupce pro Moravu a Slezsko<br \/>\nE-mail: <a href=\"mailto:obchod@alexnabytek.cz\">obchod@alexnabytek.cz<\/a><br \/>\nTelefon: <a href=\"tel:+420739593328\">+420 739 593 328<\/a><\/p>\n<p><strong>Tereza Dra\u017eilov\u00e1<\/strong>, obchodn\u00ed odd\u011blen\u00ed \/ marketing<br \/>\nE-mail: <a href=\"mailto:tereza.drazilova@alexnabytek.cz\">tereza.drazilova@alexnabytek.cz<\/a><br \/>\nTelefon: <a href=\"tel:+420776013678\">+420 776 013 678<\/a><br \/>\n<div class=\"spacer\"><\/div><!-- .spacer (end) --><\/div>\n<div class=\"span8 \"><div class=\"spacer\"><\/div><!-- .spacer (end) -->\n<img loading=\"lazy\" decoding=\"async\" class=\"alignnone size-full\" src=\"https:\/\/alexnabytek.cz\/hotel-gastronabytek\/wp-content\/uploads\/2016\/06\/kapcsolat_bemutatoterem.jpg\" width=\"800\" height=\"320\" \/><br \/>\n<div class=\"spacer\"><\/div><!-- .spacer (end) --><\/div>\n<div class=\"spacer\"><\/div><!-- .spacer (end) -->\n<\/div><!-- .row (end) -->\n<div class=\"row \">\n<div class=\"span12 \">\n<section class=\"lazy-load-box effect-zoomin\" data-delay=\"200\" data-speed=\"1200\" style=\"transition: all 1200ms ease; opacity: 1;\">\n<ul class=\"recent-posts-cust banner_list unstyled\" style=\"margin-bottom: -8px;\">\n<iframe loading=\"lazy\" src=\"https:\/\/www.google.com\/maps\/embed?pb=!1m18!1m12!1m3!1d10428.291049722511!2d16.638598975497192!3d49.19917922654407!2m3!1f0!2f0!3f0!3m2!1i1024!2i768!4f13.1!3m3!1m2!1s0x471294ea758b2abf%3A0x9dcec730a3d8bc17!2sJamborova+3169%2F25%2C+615+00+Brno-%C5%BDidenice%2C+Csehorsz%C3%A1g!5e0!3m2!1shu!2shu!4v1492358131025\" width=\"1920\" height=\"600\" frameborder=\"0\" allowfullscreen=\"allowfullscreen\"><\/iframe><\/ul>\n<\/section>\n<\/div>\n<\/div>\n","protected":false},"excerpt":{"rendered":"","protected":false},"author":3,"featured_media":0,"parent":0,"menu_order":0,"comment_status":"closed","ping_status":"closed","template":"page-fullwidth.php","meta":{"footnotes":""},"class_list":["post-19","page","type-page","status-publish","hentry"],"yoast_head":"<!-- This site is optimized with the Yoast SEO plugin v24.6 - https:\/\/yoast.com\/wordpress\/plugins\/seo\/ -->\n<title>Kontakt - HOTELOV\u00dd A GASTRO N\u00c1BYTEK<\/title>\n<meta name=\"robots\" content=\"index, follow, max-snippet:-1, max-image-preview:large, max-video-preview:-1\" \/>\n<link rel=\"canonical\" href=\"https:\/\/alexnabytek.cz\/hotel-gastronabytek\/kontakt\/\" \/>\n<meta property=\"og:locale\" content=\"cs_CZ\" \/>\n<meta property=\"og:type\" content=\"article\" \/>\n<meta property=\"og:title\" content=\"Kontakt - HOTELOV\u00dd A GASTRO N\u00c1BYTEK\" \/>\n<meta property=\"og:url\" content=\"https:\/\/alexnabytek.cz\/hotel-gastronabytek\/kontakt\/\" \/>\n<meta property=\"og:site_name\" content=\"HOTELOV\u00dd A GASTRO N\u00c1BYTEK\" \/>\n<meta property=\"article:modified_time\" content=\"2025-02-18T06:26:49+00:00\" \/>\n<meta property=\"og:image\" content=\"https:\/\/alexnabytek.cz\/hotel-gastronabytek\/wp-content\/uploads\/2016\/06\/kapcsolat_bemutatoterem.jpg\" \/>\n<meta name=\"twitter:card\" content=\"summary_large_image\" \/>\n<meta name=\"twitter:label1\" content=\"Est. reading time\" \/>\n\t<meta name=\"twitter:data1\" content=\"1 minute\" \/>\n<script type=\"application\/ld+json\" class=\"yoast-schema-graph\">{\"@context\":\"https:\/\/schema.org\",\"@graph\":[{\"@type\":\"WebPage\",\"@id\":\"https:\/\/alexnabytek.cz\/hotel-gastronabytek\/kontakt\/\",\"url\":\"https:\/\/alexnabytek.cz\/hotel-gastronabytek\/kontakt\/\",\"name\":\"Kontakt - HOTELOV\u00dd A GASTRO N\u00c1BYTEK\",\"isPartOf\":{\"@id\":\"https:\/\/alexnabytek.cz\/hotel-gastronabytek\/#website\"},\"primaryImageOfPage\":{\"@id\":\"https:\/\/alexnabytek.cz\/hotel-gastronabytek\/kontakt\/#primaryimage\"},\"image\":{\"@id\":\"https:\/\/alexnabytek.cz\/hotel-gastronabytek\/kontakt\/#primaryimage\"},\"thumbnailUrl\":\"https:\/\/alexnabytek.cz\/hotel-gastronabytek\/wp-content\/uploads\/2016\/06\/kapcsolat_bemutatoterem.jpg\",\"datePublished\":\"2016-06-08T07:58:50+00:00\",\"dateModified\":\"2025-02-18T06:26:49+00:00\",\"breadcrumb\":{\"@id\":\"https:\/\/alexnabytek.cz\/hotel-gastronabytek\/kontakt\/#breadcrumb\"},\"inLanguage\":\"en-US\",\"potentialAction\":[{\"@type\":\"ReadAction\",\"target\":[\"https:\/\/alexnabytek.cz\/hotel-gastronabytek\/kontakt\/\"]}]},{\"@type\":\"ImageObject\",\"inLanguage\":\"en-US\",\"@id\":\"https:\/\/alexnabytek.cz\/hotel-gastronabytek\/kontakt\/#primaryimage\",\"url\":\"https:\/\/alexnabytek.cz\/hotel-gastronabytek\/wp-content\/uploads\/2016\/06\/kapcsolat_bemutatoterem.jpg\",\"contentUrl\":\"https:\/\/alexnabytek.cz\/hotel-gastronabytek\/wp-content\/uploads\/2016\/06\/kapcsolat_bemutatoterem.jpg\",\"width\":800,\"height\":320},{\"@type\":\"BreadcrumbList\",\"@id\":\"https:\/\/alexnabytek.cz\/hotel-gastronabytek\/kontakt\/#breadcrumb\",\"itemListElement\":[{\"@type\":\"ListItem\",\"position\":1,\"name\":\"Home\",\"item\":\"https:\/\/alexnabytek.cz\/hotel-gastronabytek\/\"},{\"@type\":\"ListItem\",\"position\":2,\"name\":\"Kontakt\"}]},{\"@type\":\"WebSite\",\"@id\":\"https:\/\/alexnabytek.cz\/hotel-gastronabytek\/#website\",\"url\":\"https:\/\/alexnabytek.cz\/hotel-gastronabytek\/\",\"name\":\"HOTELOV\u00dd A GASTRO N\u00c1BYTEK\",\"description\":\"Alex kovov\u00fd a \u0161koln\u00ed n\u00e1bytek s.r.o.\",\"potentialAction\":[{\"@type\":\"SearchAction\",\"target\":{\"@type\":\"EntryPoint\",\"urlTemplate\":\"https:\/\/alexnabytek.cz\/hotel-gastronabytek\/?s={search_term_string}\"},\"query-input\":{\"@type\":\"PropertyValueSpecification\",\"valueRequired\":true,\"valueName\":\"search_term_string\"}}],\"inLanguage\":\"en-US\"}]}<\/script>\n<!-- \/ Yoast SEO plugin. -->","yoast_head_json":{"title":"Kontakt - HOTELOV\u00dd A GASTRO N\u00c1BYTEK","robots":{"index":"index","follow":"follow","max-snippet":"max-snippet:-1","max-image-preview":"max-image-preview:large","max-video-preview":"max-video-preview:-1"},"canonical":"https:\/\/alexnabytek.cz\/hotel-gastronabytek\/kontakt\/","og_locale":"cs_CZ","og_type":"article","og_title":"Kontakt - HOTELOV\u00dd A GASTRO N\u00c1BYTEK","og_url":"https:\/\/alexnabytek.cz\/hotel-gastronabytek\/kontakt\/","og_site_name":"HOTELOV\u00dd A GASTRO N\u00c1BYTEK","article_modified_time":"2025-02-18T06:26:49+00:00","og_image":[{"url":"https:\/\/alexnabytek.cz\/hotel-gastronabytek\/wp-content\/uploads\/2016\/06\/kapcsolat_bemutatoterem.jpg","type":"","width":"","height":""}],"twitter_card":"summary_large_image","twitter_misc":{"Est. reading time":"1 minute"},"schema":{"@context":"https:\/\/schema.org","@graph":[{"@type":"WebPage","@id":"https:\/\/alexnabytek.cz\/hotel-gastronabytek\/kontakt\/","url":"https:\/\/alexnabytek.cz\/hotel-gastronabytek\/kontakt\/","name":"Kontakt - HOTELOV\u00dd A GASTRO N\u00c1BYTEK","isPartOf":{"@id":"https:\/\/alexnabytek.cz\/hotel-gastronabytek\/#website"},"primaryImageOfPage":{"@id":"https:\/\/alexnabytek.cz\/hotel-gastronabytek\/kontakt\/#primaryimage"},"image":{"@id":"https:\/\/alexnabytek.cz\/hotel-gastronabytek\/kontakt\/#primaryimage"},"thumbnailUrl":"https:\/\/alexnabytek.cz\/hotel-gastronabytek\/wp-content\/uploads\/2016\/06\/kapcsolat_bemutatoterem.jpg","datePublished":"2016-06-08T07:58:50+00:00","dateModified":"2025-02-18T06:26:49+00:00","breadcrumb":{"@id":"https:\/\/alexnabytek.cz\/hotel-gastronabytek\/kontakt\/#breadcrumb"},"inLanguage":"en-US","potentialAction":[{"@type":"ReadAction","target":["https:\/\/alexnabytek.cz\/hotel-gastronabytek\/kontakt\/"]}]},{"@type":"ImageObject","inLanguage":"en-US","@id":"https:\/\/alexnabytek.cz\/hotel-gastronabytek\/kontakt\/#primaryimage","url":"https:\/\/alexnabytek.cz\/hotel-gastronabytek\/wp-content\/uploads\/2016\/06\/kapcsolat_bemutatoterem.jpg","contentUrl":"https:\/\/alexnabytek.cz\/hotel-gastronabytek\/wp-content\/uploads\/2016\/06\/kapcsolat_bemutatoterem.jpg","width":800,"height":320},{"@type":"BreadcrumbList","@id":"https:\/\/alexnabytek.cz\/hotel-gastronabytek\/kontakt\/#breadcrumb","itemListElement":[{"@type":"ListItem","position":1,"name":"Home","item":"https:\/\/alexnabytek.cz\/hotel-gastronabytek\/"},{"@type":"ListItem","position":2,"name":"Kontakt"}]},{"@type":"WebSite","@id":"https:\/\/alexnabytek.cz\/hotel-gastronabytek\/#website","url":"https:\/\/alexnabytek.cz\/hotel-gastronabytek\/","name":"HOTELOV\u00dd A GASTRO N\u00c1BYTEK","description":"Alex kovov\u00fd a \u0161koln\u00ed n\u00e1bytek s.r.o.","potentialAction":[{"@type":"SearchAction","target":{"@type":"EntryPoint","urlTemplate":"https:\/\/alexnabytek.cz\/hotel-gastronabytek\/?s={search_term_string}"},"query-input":{"@type":"PropertyValueSpecification","valueRequired":true,"valueName":"search_term_string"}}],"inLanguage":"en-US"}]}},"_links":{"self":[{"href":"https:\/\/alexnabytek.cz\/hotel-gastronabytek\/wp-json\/wp\/v2\/pages\/19","targetHints":{"allow":["GET"]}}],"collection":[{"href":"https:\/\/alexnabytek.cz\/hotel-gastronabytek\/wp-json\/wp\/v2\/pages"}],"about":[{"href":"https:\/\/alexnabytek.cz\/hotel-gastronabytek\/wp-json\/wp\/v2\/types\/page"}],"author":[{"embeddable":true,"href":"https:\/\/alexnabytek.cz\/hotel-gastronabytek\/wp-json\/wp\/v2\/users\/3"}],"replies":[{"embeddable":true,"href":"https:\/\/alexnabytek.cz\/hotel-gastronabytek\/wp-json\/wp\/v2\/comments?post=19"}],"version-history":[{"count":9,"href":"https:\/\/alexnabytek.cz\/hotel-gastronabytek\/wp-json\/wp\/v2\/pages\/19\/revisions"}],"predecessor-version":[{"id":70489,"href":"https:\/\/alexnabytek.cz\/hotel-gastronabytek\/wp-json\/wp\/v2\/pages\/19\/revisions\/70489"}],"wp:attachment":[{"href":"https:\/\/alexnabytek.cz\/hotel-gastronabytek\/wp-json\/wp\/v2\/media?parent=19"}],"curies":[{"name":"wp","href":"https:\/\/api.w.org\/{rel}","templated":true}]}}