{"id":34737,"date":"2017-01-04T09:01:42","date_gmt":"2017-01-04T09:01:42","guid":{"rendered":"http:\/\/szallodabutor.hu\/?page_id=34737"},"modified":"2017-11-05T17:45:57","modified_gmt":"2017-11-05T17:45:57","slug":"nabytek-do-hotelu","status":"publish","type":"page","link":"https:\/\/alexnabytek.cz\/hotel-gastronabytek\/nabytek-do-hotelu\/","title":{"rendered":"N\u00e1bytek do hotel\u016f"},"content":{"rendered":"<div class=\"szb-buttons\">\n<a id=\"szb-button-1\" class=\"szb-button active\">N\u00e1vrh pokoje \u010d. 1.<\/a><a id=\"szb-button-2\" class=\"szb-button\">N\u00e1vrh pokoje \u010d. 2.<\/a><a id=\"szb-button-3\" class=\"szb-button\">N\u00e1vrh pokoje \u010d. 3.<\/a><a id=\"szb-button-4\" class=\"szb-button\">N\u00e1vrh pokoje \u010d. 4.<\/a>\n<\/div>\n<div id=\"szallodabutorozas\">\n<div id=\"szallodabutorozas1\">\n  <img decoding=\"async\" id=\"szallodabutorozas11\" src=\"http:\/\/alexbutor.hu\/vendeglatoibutor\/wp-content\/uploads\/2017\/01\/HOTEL-1-empty_LoRes.jpg\"><br \/>\n  <img decoding=\"async\" id=\"szallodabutorozas12\" src=\"http:\/\/alexbutor.hu\/vendeglatoibutor\/wp-content\/uploads\/2017\/01\/HOTEL-1_LoRes.jpg\">\n<\/div>\n<\/div>\n<div class=\"row \">\n<div class=\"span6 \"><strong>D\u016fle\u017eit\u00fdm krokem na cest\u011b k z\u00edsk\u00e1n\u00ed nov\u00e9 c\u00edlov\u00e9 skupiny z\u00e1kazn\u00edk\u016f je nov\u00fd design, barvy a modern\u00ed technologie. Pr\u00e1v\u011b tyto elementy jsou pro hosty nejd\u016fle\u017eit\u011bj\u0161\u00ed. <\/strong><\/p>\n<p>Realizace hotelov\u00fdch pokoj\u016f Va\u0161ich sn\u016f v pohodln\u00e9m a stylov\u00e9m duchu, kter\u00e9 slou\u017e\u00ed ku prosp\u011bchu v\u0161ech. Dok\u00e1\u017eeme za\u0159\u00eddit kompletn\u00ed realizace hotelov\u00fdch pokoj\u016f. Na po\u017e\u00e1d\u00e1n\u00ed V\u00e1m m\u016f\u017eeme vypracovat 2D a 3D vizualizace, p\u0159\u00edpadn\u011b se m\u016f\u017eeme domluvit p\u0159\u00edmo s Va\u0161\u00edm architektem a p\u0159ev\u00e9st jeho p\u0159edstavy do reality. Dok\u00e1\u017eeme vytvo\u0159it hotelov\u00e9 pokoje v business nebo odpo\u010dinkov\u00e9m stylu. Realizujeme i spole\u010densk\u00e9 m\u00edstnosti a venkovn\u00ed spole\u010dn\u00e9 prostory. Mezi na\u0161e dodavatele pat\u0159\u00ed i p\u0159edn\u00ed evrop\u0161t\u00ed producenti n\u00e1bytku. V na\u0161\u00ed nab\u00eddce naleznete tak\u00e9 \u0161irok\u00e9 spektrum v\u00fdrobk\u016f z na\u0161\u00ed vlastn\u00ed produkce, zpracov\u00e1v\u00e1me ocelov\u00e9, hlin\u00edkov\u00e9, chromovan\u00e9, pozinkovan\u00e9 konstrukce. Disponujeme truhl\u00e1\u0159skou v\u00fdrobou, opracov\u00e1v\u00e1me desky z laminovan\u00e9 d\u0159evot\u0159\u00edsky i z masivu, m\u00e1me \u010dalounictv\u00ed, dok\u00e1\u017eeme prov\u00e1d\u011bt elektrostatick\u00e9 pr\u00e1\u0161kov\u00e1n\u00ed, pou\u017e\u00edv\u00e1me CNC obr\u00e1b\u011bc\u00ed stroje.<\/p>\n<p>Pokud m\u00e1te dotazy k na\u0161\u00ed produkci n\u00e1bytku do hotelov\u00fdch pokoj\u016f, apartm\u00e1n\u016f, p\u0159\u00edpadn\u011b ve\u0159ejn\u00fdch a spole\u010densk\u00fdch prostor, kontaktujte na\u0161e obchodn\u00ed odd\u011blen\u00ed.<\/p>\n<p><a href=\"#\" id=\"szalloda-ajanlat2\" title=\"\u017d\u00c1DEJTE CENOVOU NAB\u00cdDKU\" class=\"btn btn-primary btn-normal btn-inline szajanlatdesk\">\u017d\u00c1DEJTE CENOVOU NAB\u00cdDKU<\/a><\/p><\/div>\n<div class=\"span6 \"><div class=\"szallodabutorozas13-h\">\n<img decoding=\"async\"  id=\"szallodabutorozas13\" src=\"http:\/\/alexbutor.hu\/vendeglatoibutor\/wp-content\/uploads\/2017\/01\/HOTEL-1-top-view_570px_wide.png\" \/>\n<\/div>\n<p><a href=\"#\" id=\"szalloda-ajanlat\" title=\"\u017d\u00c1DEJTE CENOVOU NAB\u00cdDKU\" class=\"btn btn-primary btn-normal btn-inline szajanlatmob\" style=\"display:none;\">\u017d\u00c1DEJTE CENOVOU NAB\u00cdDKU<\/a><br \/><\/div>\n<div class=\"clearfix\"><\/div>\n<div class=\"szalloda-ajanlat-lenyilo\">\n<div class=\"span8 \"><h3>\u017d\u00c1DEJTE CENOVOU NAB\u00cdDKU<\/h3>\n\n<div class=\"wpcf7 no-js\" id=\"wpcf7-f34739-o1\" lang=\"hu-HU\" dir=\"ltr\">\n<div class=\"screen-reader-response\"><p role=\"status\" aria-live=\"polite\" aria-atomic=\"true\"><\/p> <ul><\/ul><\/div>\n<form action=\"\/hotel-gastronabytek\/wp-json\/wp\/v2\/pages\/34737#wpcf7-f34739-o1\" method=\"post\" class=\"wpcf7-form init\" aria-label=\"Contact form\" novalidate=\"novalidate\" data-status=\"init\">\n<div style=\"display: none;\">\n<input type=\"hidden\" name=\"_wpcf7\" value=\"34739\" \/>\n<input type=\"hidden\" name=\"_wpcf7_version\" value=\"5.9.8\" \/>\n<input type=\"hidden\" name=\"_wpcf7_locale\" value=\"hu_HU\" \/>\n<input type=\"hidden\" name=\"_wpcf7_unit_tag\" value=\"wpcf7-f34739-o1\" \/>\n<input type=\"hidden\" name=\"_wpcf7_container_post\" value=\"0\" \/>\n<input type=\"hidden\" name=\"_wpcf7_posted_data_hash\" value=\"\" \/>\n<input type=\"hidden\" name=\"_wpcf7_recaptcha_response\" value=\"\" \/>\n<\/div>\n<div class=\"butorozascheck\"><span class=\"wpcf7-form-control-wrap checkbox-655\"><span class=\"wpcf7-form-control wpcf7-checkbox\"><span class=\"wpcf7-list-item first last\"><input type=\"checkbox\" name=\"checkbox-655[]\" value=\"sz\u00e1lloda\" id=\"szb1\"><label for=\"szb1\"><span><\/span>hotel<\/label><\/span><\/span><\/span><\/div>\n<div class=\"butorozascheck\"><span class=\"wpcf7-form-control-wrap checkbox-659\"><span class=\"wpcf7-form-control wpcf7-checkbox\"><span class=\"wpcf7-list-item first last\"><input type=\"checkbox\" name=\"checkbox-659[]\" value=\"tervez\u0151\/kivitelez\u0151\" id=\"szb2\"><label for=\"szb2\"><span><\/span>realiz\u00e1tor<\/label><\/span><\/span><\/span><\/div>\n<div class=\"row-fluid\">\n<p class=\"span4 field\"><span class=\"wpcf7-form-control-wrap\" data-name=\"your-name\"><input size=\"40\" maxlength=\"400\" class=\"wpcf7-form-control wpcf7-text wpcf7-validates-as-required\" aria-required=\"true\" aria-invalid=\"false\" placeholder=\"Jm\u00e9no \/ Spole\u010dnost:\" value=\"\" type=\"text\" name=\"your-name\" \/><\/span> <\/p>\n<p class=\"span4 field\"><span class=\"wpcf7-form-control-wrap\" data-name=\"your-email\"><input size=\"40\" maxlength=\"400\" class=\"wpcf7-form-control wpcf7-email wpcf7-validates-as-required wpcf7-text wpcf7-validates-as-email\" aria-required=\"true\" aria-invalid=\"false\" placeholder=\"E-mail:\" value=\"\" type=\"email\" name=\"your-email\" \/><\/span> <\/p>\n<p class=\"span4 field\"><span class=\"wpcf7-form-control-wrap\" data-name=\"text-748\"><input size=\"40\" maxlength=\"400\" class=\"wpcf7-form-control wpcf7-text\" aria-invalid=\"false\" value=\"Telefon:\" type=\"text\" name=\"text-748\" \/><\/span> <\/p>\n<\/div>\n<p class=\"field\"><span class=\"wpcf7-form-control-wrap\" data-name=\"your-message\"><textarea cols=\"40\" rows=\"10\" maxlength=\"2000\" class=\"wpcf7-form-control wpcf7-textarea\" aria-invalid=\"false\" placeholder=\"Text:\" name=\"your-message\"><\/textarea><\/span> <\/p>\n<p class=\"submit-wrap\"><input type=\"reset\" value=\"ZRU\u0160IT\" class=\"btn btn-primary\" \/><input class=\"wpcf7-form-control wpcf7-submit has-spinner btn btn-primary\" type=\"submit\" value=\"POSLAT\" \/><\/p><p style=\"display: none !important;\" class=\"akismet-fields-container\" data-prefix=\"_wpcf7_ak_\"><label>&#916;<textarea name=\"_wpcf7_ak_hp_textarea\" cols=\"45\" rows=\"8\" maxlength=\"100\"><\/textarea><\/label><input type=\"hidden\" id=\"ak_js_1\" name=\"_wpcf7_ak_js\" value=\"140\"\/><script>document.getElementById( \"ak_js_1\" ).setAttribute( \"value\", ( new Date() ).getTime() );<\/script><\/p><div class=\"wpcf7-response-output\" aria-hidden=\"true\"><\/div>\n<\/form>\n<\/div>\n<\/div>\n<div class=\"span4 \"><h3>Kontakt<\/h3>\n<p><strong>E-mail:<\/strong> <a class=\"alex-contact-mail\" href=\"mailto:info@alexnabytek.cz\">info@alexnabytek.cz<\/a><br \/>\n<strong>Telefon:<\/strong> +420 543 211 903<br \/>\n+420 739 593 328<br \/>\n+420 739 593 329<\/p>\n<p><strong>JEDNATEL:<\/strong><\/p>\n<p style=\"margin-bottom: 0; font-size: 120%;\">Tom\u00e1\u0161 M\u00e9sz\u00e1ros<\/p>\n<div class=\"address-title-column\"><strong>E-mail:<\/strong><br \/>\n<strong>Telefon:<\/strong><\/div>\n<div class=\"address-data-column\"><a class=\"alex-contact-mail\" href=\"mailto:jednatel@alexnabytek.cz\">jednatel@alexnabytek.cz<\/a><br \/>\n+420 739 593 329<\/div><\/div>\n<div class=\"clearfix\"><\/div>\n<\/div>\n<\/div><!-- .row (end) -->\n","protected":false},"excerpt":{"rendered":"<p>N\u00e1vrh pokoje \u010d. 1.N\u00e1vrh pokoje \u010d. 2.N\u00e1vrh pokoje \u010d. 3.N\u00e1vrh pokoje \u010d. 4.<\/p>\n","protected":false},"author":3,"featured_media":0,"parent":0,"menu_order":0,"comment_status":"closed","ping_status":"closed","template":"page-fullwidth.php","meta":{"footnotes":""},"class_list":["post-34737","page","type-page","status-publish","hentry"],"yoast_head":"<!-- This site is optimized with the Yoast SEO plugin v24.6 - https:\/\/yoast.com\/wordpress\/plugins\/seo\/ -->\n<title>N\u00e1bytek do hotel\u016f - HOTELOV\u00dd A GASTRO N\u00c1BYTEK<\/title>\n<meta name=\"robots\" content=\"index, follow, max-snippet:-1, max-image-preview:large, max-video-preview:-1\" \/>\n<link rel=\"canonical\" href=\"https:\/\/alexnabytek.cz\/hotel-gastronabytek\/nabytek-do-hotelu\/\" \/>\n<meta property=\"og:locale\" content=\"cs_CZ\" \/>\n<meta property=\"og:type\" content=\"article\" \/>\n<meta property=\"og:title\" content=\"N\u00e1bytek do hotel\u016f - HOTELOV\u00dd A GASTRO N\u00c1BYTEK\" \/>\n<meta property=\"og:description\" content=\"N\u00e1vrh pokoje \u010d. 1.N\u00e1vrh pokoje \u010d. 2.N\u00e1vrh pokoje \u010d. 3.N\u00e1vrh pokoje \u010d. 4.\" \/>\n<meta property=\"og:url\" content=\"https:\/\/alexnabytek.cz\/hotel-gastronabytek\/nabytek-do-hotelu\/\" \/>\n<meta property=\"og:site_name\" content=\"HOTELOV\u00dd A GASTRO N\u00c1BYTEK\" \/>\n<meta property=\"article:modified_time\" content=\"2017-11-05T17:45:57+00:00\" \/>\n<meta property=\"og:image\" content=\"http:\/\/alexbutor.hu\/vendeglatoibutor\/wp-content\/uploads\/2017\/01\/HOTEL-1-empty_LoRes.jpg\" \/>\n<meta name=\"twitter:card\" content=\"summary_large_image\" \/>\n<meta name=\"twitter:label1\" content=\"Est. reading time\" \/>\n\t<meta name=\"twitter:data1\" content=\"1 minute\" \/>\n<script type=\"application\/ld+json\" class=\"yoast-schema-graph\">{\"@context\":\"https:\/\/schema.org\",\"@graph\":[{\"@type\":\"WebPage\",\"@id\":\"https:\/\/alexnabytek.cz\/hotel-gastronabytek\/nabytek-do-hotelu\/\",\"url\":\"https:\/\/alexnabytek.cz\/hotel-gastronabytek\/nabytek-do-hotelu\/\",\"name\":\"N\u00e1bytek do hotel\u016f - HOTELOV\u00dd A GASTRO N\u00c1BYTEK\",\"isPartOf\":{\"@id\":\"https:\/\/alexnabytek.cz\/hotel-gastronabytek\/#website\"},\"primaryImageOfPage\":{\"@id\":\"https:\/\/alexnabytek.cz\/hotel-gastronabytek\/nabytek-do-hotelu\/#primaryimage\"},\"image\":{\"@id\":\"https:\/\/alexnabytek.cz\/hotel-gastronabytek\/nabytek-do-hotelu\/#primaryimage\"},\"thumbnailUrl\":\"http:\/\/alexbutor.hu\/vendeglatoibutor\/wp-content\/uploads\/2017\/01\/HOTEL-1-empty_LoRes.jpg\",\"datePublished\":\"2017-01-04T09:01:42+00:00\",\"dateModified\":\"2017-11-05T17:45:57+00:00\",\"breadcrumb\":{\"@id\":\"https:\/\/alexnabytek.cz\/hotel-gastronabytek\/nabytek-do-hotelu\/#breadcrumb\"},\"inLanguage\":\"en-US\",\"potentialAction\":[{\"@type\":\"ReadAction\",\"target\":[\"https:\/\/alexnabytek.cz\/hotel-gastronabytek\/nabytek-do-hotelu\/\"]}]},{\"@type\":\"ImageObject\",\"inLanguage\":\"en-US\",\"@id\":\"https:\/\/alexnabytek.cz\/hotel-gastronabytek\/nabytek-do-hotelu\/#primaryimage\",\"url\":\"http:\/\/alexbutor.hu\/vendeglatoibutor\/wp-content\/uploads\/2017\/01\/HOTEL-1-empty_LoRes.jpg\",\"contentUrl\":\"http:\/\/alexbutor.hu\/vendeglatoibutor\/wp-content\/uploads\/2017\/01\/HOTEL-1-empty_LoRes.jpg\"},{\"@type\":\"BreadcrumbList\",\"@id\":\"https:\/\/alexnabytek.cz\/hotel-gastronabytek\/nabytek-do-hotelu\/#breadcrumb\",\"itemListElement\":[{\"@type\":\"ListItem\",\"position\":1,\"name\":\"Home\",\"item\":\"https:\/\/alexnabytek.cz\/hotel-gastronabytek\/\"},{\"@type\":\"ListItem\",\"position\":2,\"name\":\"N\u00e1bytek do hotel\u016f\"}]},{\"@type\":\"WebSite\",\"@id\":\"https:\/\/alexnabytek.cz\/hotel-gastronabytek\/#website\",\"url\":\"https:\/\/alexnabytek.cz\/hotel-gastronabytek\/\",\"name\":\"HOTELOV\u00dd A GASTRO N\u00c1BYTEK\",\"description\":\"Alex kovov\u00fd a \u0161koln\u00ed n\u00e1bytek s.r.o.\",\"potentialAction\":[{\"@type\":\"SearchAction\",\"target\":{\"@type\":\"EntryPoint\",\"urlTemplate\":\"https:\/\/alexnabytek.cz\/hotel-gastronabytek\/?s={search_term_string}\"},\"query-input\":{\"@type\":\"PropertyValueSpecification\",\"valueRequired\":true,\"valueName\":\"search_term_string\"}}],\"inLanguage\":\"en-US\"}]}<\/script>\n<!-- \/ Yoast SEO plugin. -->","yoast_head_json":{"title":"N\u00e1bytek do hotel\u016f - HOTELOV\u00dd A GASTRO N\u00c1BYTEK","robots":{"index":"index","follow":"follow","max-snippet":"max-snippet:-1","max-image-preview":"max-image-preview:large","max-video-preview":"max-video-preview:-1"},"canonical":"https:\/\/alexnabytek.cz\/hotel-gastronabytek\/nabytek-do-hotelu\/","og_locale":"cs_CZ","og_type":"article","og_title":"N\u00e1bytek do hotel\u016f - HOTELOV\u00dd A GASTRO N\u00c1BYTEK","og_description":"N\u00e1vrh pokoje \u010d. 1.N\u00e1vrh pokoje \u010d. 2.N\u00e1vrh pokoje \u010d. 3.N\u00e1vrh pokoje \u010d. 4.","og_url":"https:\/\/alexnabytek.cz\/hotel-gastronabytek\/nabytek-do-hotelu\/","og_site_name":"HOTELOV\u00dd A GASTRO N\u00c1BYTEK","article_modified_time":"2017-11-05T17:45:57+00:00","og_image":[{"url":"http:\/\/alexbutor.hu\/vendeglatoibutor\/wp-content\/uploads\/2017\/01\/HOTEL-1-empty_LoRes.jpg","type":"","width":"","height":""}],"twitter_card":"summary_large_image","twitter_misc":{"Est. reading time":"1 minute"},"schema":{"@context":"https:\/\/schema.org","@graph":[{"@type":"WebPage","@id":"https:\/\/alexnabytek.cz\/hotel-gastronabytek\/nabytek-do-hotelu\/","url":"https:\/\/alexnabytek.cz\/hotel-gastronabytek\/nabytek-do-hotelu\/","name":"N\u00e1bytek do hotel\u016f - HOTELOV\u00dd A GASTRO N\u00c1BYTEK","isPartOf":{"@id":"https:\/\/alexnabytek.cz\/hotel-gastronabytek\/#website"},"primaryImageOfPage":{"@id":"https:\/\/alexnabytek.cz\/hotel-gastronabytek\/nabytek-do-hotelu\/#primaryimage"},"image":{"@id":"https:\/\/alexnabytek.cz\/hotel-gastronabytek\/nabytek-do-hotelu\/#primaryimage"},"thumbnailUrl":"http:\/\/alexbutor.hu\/vendeglatoibutor\/wp-content\/uploads\/2017\/01\/HOTEL-1-empty_LoRes.jpg","datePublished":"2017-01-04T09:01:42+00:00","dateModified":"2017-11-05T17:45:57+00:00","breadcrumb":{"@id":"https:\/\/alexnabytek.cz\/hotel-gastronabytek\/nabytek-do-hotelu\/#breadcrumb"},"inLanguage":"en-US","potentialAction":[{"@type":"ReadAction","target":["https:\/\/alexnabytek.cz\/hotel-gastronabytek\/nabytek-do-hotelu\/"]}]},{"@type":"ImageObject","inLanguage":"en-US","@id":"https:\/\/alexnabytek.cz\/hotel-gastronabytek\/nabytek-do-hotelu\/#primaryimage","url":"http:\/\/alexbutor.hu\/vendeglatoibutor\/wp-content\/uploads\/2017\/01\/HOTEL-1-empty_LoRes.jpg","contentUrl":"http:\/\/alexbutor.hu\/vendeglatoibutor\/wp-content\/uploads\/2017\/01\/HOTEL-1-empty_LoRes.jpg"},{"@type":"BreadcrumbList","@id":"https:\/\/alexnabytek.cz\/hotel-gastronabytek\/nabytek-do-hotelu\/#breadcrumb","itemListElement":[{"@type":"ListItem","position":1,"name":"Home","item":"https:\/\/alexnabytek.cz\/hotel-gastronabytek\/"},{"@type":"ListItem","position":2,"name":"N\u00e1bytek do hotel\u016f"}]},{"@type":"WebSite","@id":"https:\/\/alexnabytek.cz\/hotel-gastronabytek\/#website","url":"https:\/\/alexnabytek.cz\/hotel-gastronabytek\/","name":"HOTELOV\u00dd A GASTRO N\u00c1BYTEK","description":"Alex kovov\u00fd a \u0161koln\u00ed n\u00e1bytek s.r.o.","potentialAction":[{"@type":"SearchAction","target":{"@type":"EntryPoint","urlTemplate":"https:\/\/alexnabytek.cz\/hotel-gastronabytek\/?s={search_term_string}"},"query-input":{"@type":"PropertyValueSpecification","valueRequired":true,"valueName":"search_term_string"}}],"inLanguage":"en-US"}]}},"_links":{"self":[{"href":"https:\/\/alexnabytek.cz\/hotel-gastronabytek\/wp-json\/wp\/v2\/pages\/34737","targetHints":{"allow":["GET"]}}],"collection":[{"href":"https:\/\/alexnabytek.cz\/hotel-gastronabytek\/wp-json\/wp\/v2\/pages"}],"about":[{"href":"https:\/\/alexnabytek.cz\/hotel-gastronabytek\/wp-json\/wp\/v2\/types\/page"}],"author":[{"embeddable":true,"href":"https:\/\/alexnabytek.cz\/hotel-gastronabytek\/wp-json\/wp\/v2\/users\/3"}],"replies":[{"embeddable":true,"href":"https:\/\/alexnabytek.cz\/hotel-gastronabytek\/wp-json\/wp\/v2\/comments?post=34737"}],"version-history":[{"count":2,"href":"https:\/\/alexnabytek.cz\/hotel-gastronabytek\/wp-json\/wp\/v2\/pages\/34737\/revisions"}],"predecessor-version":[{"id":49531,"href":"https:\/\/alexnabytek.cz\/hotel-gastronabytek\/wp-json\/wp\/v2\/pages\/34737\/revisions\/49531"}],"wp:attachment":[{"href":"https:\/\/alexnabytek.cz\/hotel-gastronabytek\/wp-json\/wp\/v2\/media?parent=34737"}],"curies":[{"name":"wp","href":"https:\/\/api.w.org\/{rel}","templated":true}]}}