{"id":3643,"date":"2016-07-07T09:20:18","date_gmt":"2016-07-07T09:20:18","guid":{"rendered":"http:\/\/szallodabutor.hu\/?page_id=3643"},"modified":"2026-03-25T14:17:41","modified_gmt":"2026-03-25T14:17:41","slug":"laminovana-drevotriska","status":"publish","type":"page","link":"https:\/\/alexnabytek.cz\/hotel-gastronabytek\/kategorie\/nabytek-do-restauraci\/desky-stolu\/laminovana-drevotriska\/","title":{"rendered":"Laminovan\u00e1 d\u0159evot\u0159\u00edska"},"content":{"rendered":"","protected":false},"excerpt":{"rendered":"","protected":false},"author":3,"featured_media":75889,"parent":672,"menu_order":0,"comment_status":"closed","ping_status":"closed","template":"page-asztallap-2.php","meta":{"footnotes":""},"class_list":["post-3643","page","type-page","status-publish","has-post-thumbnail","hentry"],"yoast_head":"<!-- This site is optimized with the Yoast SEO plugin v24.6 - https:\/\/yoast.com\/wordpress\/plugins\/seo\/ -->\n<title>Laminovan\u00e1 d\u0159evot\u0159\u00edska - HOTELOV\u00dd A GASTRO N\u00c1BYTEK<\/title>\n<meta name=\"robots\" content=\"index, follow, max-snippet:-1, max-image-preview:large, max-video-preview:-1\" \/>\n<link rel=\"canonical\" href=\"https:\/\/alexnabytek.cz\/hotel-gastronabytek\/kategorie\/nabytek-do-restauraci\/desky-stolu\/laminovana-drevotriska\/\" \/>\n<meta property=\"og:locale\" content=\"cs_CZ\" \/>\n<meta property=\"og:type\" content=\"article\" \/>\n<meta property=\"og:title\" content=\"Laminovan\u00e1 d\u0159evot\u0159\u00edska - HOTELOV\u00dd A GASTRO N\u00c1BYTEK\" \/>\n<meta property=\"og:url\" content=\"https:\/\/alexnabytek.cz\/hotel-gastronabytek\/kategorie\/nabytek-do-restauraci\/desky-stolu\/laminovana-drevotriska\/\" \/>\n<meta property=\"og:site_name\" content=\"HOTELOV\u00dd A GASTRO N\u00c1BYTEK\" \/>\n<meta property=\"article:modified_time\" content=\"2026-03-25T14:17:41+00:00\" \/>\n<meta property=\"og:image\" content=\"https:\/\/alexnabytek.cz\/hotel-gastronabytek\/wp-content\/uploads\/2025\/08\/KAT355-asztallap-lamin18-B.webp\" \/>\n\t<meta property=\"og:image:width\" content=\"800\" \/>\n\t<meta property=\"og:image:height\" content=\"560\" \/>\n\t<meta property=\"og:image:type\" content=\"image\/webp\" \/>\n<meta name=\"twitter:card\" content=\"summary_large_image\" \/>\n<meta name=\"twitter:label1\" content=\"Est. reading time\" \/>\n\t<meta name=\"twitter:data1\" content=\"1 minute\" \/>\n<script type=\"application\/ld+json\" class=\"yoast-schema-graph\">{\"@context\":\"https:\/\/schema.org\",\"@graph\":[{\"@type\":\"WebPage\",\"@id\":\"https:\/\/alexnabytek.cz\/hotel-gastronabytek\/kategorie\/nabytek-do-restauraci\/desky-stolu\/laminovana-drevotriska\/\",\"url\":\"https:\/\/alexnabytek.cz\/hotel-gastronabytek\/kategorie\/nabytek-do-restauraci\/desky-stolu\/laminovana-drevotriska\/\",\"name\":\"Laminovan\u00e1 d\u0159evot\u0159\u00edska - HOTELOV\u00dd A GASTRO N\u00c1BYTEK\",\"isPartOf\":{\"@id\":\"https:\/\/alexnabytek.cz\/hotel-gastronabytek\/#website\"},\"primaryImageOfPage\":{\"@id\":\"https:\/\/alexnabytek.cz\/hotel-gastronabytek\/kategorie\/nabytek-do-restauraci\/desky-stolu\/laminovana-drevotriska\/#primaryimage\"},\"image\":{\"@id\":\"https:\/\/alexnabytek.cz\/hotel-gastronabytek\/kategorie\/nabytek-do-restauraci\/desky-stolu\/laminovana-drevotriska\/#primaryimage\"},\"thumbnailUrl\":\"https:\/\/alexnabytek.cz\/hotel-gastronabytek\/wp-content\/uploads\/2025\/08\/KAT355-asztallap-lamin18-B.webp\",\"datePublished\":\"2016-07-07T09:20:18+00:00\",\"dateModified\":\"2026-03-25T14:17:41+00:00\",\"breadcrumb\":{\"@id\":\"https:\/\/alexnabytek.cz\/hotel-gastronabytek\/kategorie\/nabytek-do-restauraci\/desky-stolu\/laminovana-drevotriska\/#breadcrumb\"},\"inLanguage\":\"en-US\",\"potentialAction\":[{\"@type\":\"ReadAction\",\"target\":[\"https:\/\/alexnabytek.cz\/hotel-gastronabytek\/kategorie\/nabytek-do-restauraci\/desky-stolu\/laminovana-drevotriska\/\"]}]},{\"@type\":\"ImageObject\",\"inLanguage\":\"en-US\",\"@id\":\"https:\/\/alexnabytek.cz\/hotel-gastronabytek\/kategorie\/nabytek-do-restauraci\/desky-stolu\/laminovana-drevotriska\/#primaryimage\",\"url\":\"https:\/\/alexnabytek.cz\/hotel-gastronabytek\/wp-content\/uploads\/2025\/08\/KAT355-asztallap-lamin18-B.webp\",\"contentUrl\":\"https:\/\/alexnabytek.cz\/hotel-gastronabytek\/wp-content\/uploads\/2025\/08\/KAT355-asztallap-lamin18-B.webp\",\"width\":800,\"height\":560},{\"@type\":\"BreadcrumbList\",\"@id\":\"https:\/\/alexnabytek.cz\/hotel-gastronabytek\/kategorie\/nabytek-do-restauraci\/desky-stolu\/laminovana-drevotriska\/#breadcrumb\",\"itemListElement\":[{\"@type\":\"ListItem\",\"position\":1,\"name\":\"Home\",\"item\":\"https:\/\/alexnabytek.cz\/hotel-gastronabytek\/\"},{\"@type\":\"ListItem\",\"position\":2,\"name\":\"Produkty\",\"item\":\"https:\/\/alexnabytek.cz\/hotel-gastronabytek\/kategorie\/\"},{\"@type\":\"ListItem\",\"position\":3,\"name\":\"N\u00e1bytek do restaurac\u00ed\",\"item\":\"https:\/\/alexnabytek.cz\/hotel-gastronabytek\/kategorie\/nabytek-do-restauraci\/\"},{\"@type\":\"ListItem\",\"position\":4,\"name\":\"Desky stol\u016f\",\"item\":\"https:\/\/alexnabytek.cz\/hotel-gastronabytek\/kategorie\/nabytek-do-restauraci\/desky-stolu\/\"},{\"@type\":\"ListItem\",\"position\":5,\"name\":\"Laminovan\u00e1 d\u0159evot\u0159\u00edska\"}]},{\"@type\":\"WebSite\",\"@id\":\"https:\/\/alexnabytek.cz\/hotel-gastronabytek\/#website\",\"url\":\"https:\/\/alexnabytek.cz\/hotel-gastronabytek\/\",\"name\":\"HOTELOV\u00dd A GASTRO N\u00c1BYTEK\",\"description\":\"Alex kovov\u00fd a \u0161koln\u00ed n\u00e1bytek s.r.o.\",\"potentialAction\":[{\"@type\":\"SearchAction\",\"target\":{\"@type\":\"EntryPoint\",\"urlTemplate\":\"https:\/\/alexnabytek.cz\/hotel-gastronabytek\/?s={search_term_string}\"},\"query-input\":{\"@type\":\"PropertyValueSpecification\",\"valueRequired\":true,\"valueName\":\"search_term_string\"}}],\"inLanguage\":\"en-US\"}]}<\/script>\n<!-- \/ Yoast SEO plugin. -->","yoast_head_json":{"title":"Laminovan\u00e1 d\u0159evot\u0159\u00edska - HOTELOV\u00dd A GASTRO N\u00c1BYTEK","robots":{"index":"index","follow":"follow","max-snippet":"max-snippet:-1","max-image-preview":"max-image-preview:large","max-video-preview":"max-video-preview:-1"},"canonical":"https:\/\/alexnabytek.cz\/hotel-gastronabytek\/kategorie\/nabytek-do-restauraci\/desky-stolu\/laminovana-drevotriska\/","og_locale":"cs_CZ","og_type":"article","og_title":"Laminovan\u00e1 d\u0159evot\u0159\u00edska - HOTELOV\u00dd A GASTRO N\u00c1BYTEK","og_url":"https:\/\/alexnabytek.cz\/hotel-gastronabytek\/kategorie\/nabytek-do-restauraci\/desky-stolu\/laminovana-drevotriska\/","og_site_name":"HOTELOV\u00dd A GASTRO N\u00c1BYTEK","article_modified_time":"2026-03-25T14:17:41+00:00","og_image":[{"width":800,"height":560,"url":"https:\/\/alexnabytek.cz\/hotel-gastronabytek\/wp-content\/uploads\/2025\/08\/KAT355-asztallap-lamin18-B.webp","type":"image\/webp"}],"twitter_card":"summary_large_image","twitter_misc":{"Est. reading time":"1 minute"},"schema":{"@context":"https:\/\/schema.org","@graph":[{"@type":"WebPage","@id":"https:\/\/alexnabytek.cz\/hotel-gastronabytek\/kategorie\/nabytek-do-restauraci\/desky-stolu\/laminovana-drevotriska\/","url":"https:\/\/alexnabytek.cz\/hotel-gastronabytek\/kategorie\/nabytek-do-restauraci\/desky-stolu\/laminovana-drevotriska\/","name":"Laminovan\u00e1 d\u0159evot\u0159\u00edska - HOTELOV\u00dd A GASTRO N\u00c1BYTEK","isPartOf":{"@id":"https:\/\/alexnabytek.cz\/hotel-gastronabytek\/#website"},"primaryImageOfPage":{"@id":"https:\/\/alexnabytek.cz\/hotel-gastronabytek\/kategorie\/nabytek-do-restauraci\/desky-stolu\/laminovana-drevotriska\/#primaryimage"},"image":{"@id":"https:\/\/alexnabytek.cz\/hotel-gastronabytek\/kategorie\/nabytek-do-restauraci\/desky-stolu\/laminovana-drevotriska\/#primaryimage"},"thumbnailUrl":"https:\/\/alexnabytek.cz\/hotel-gastronabytek\/wp-content\/uploads\/2025\/08\/KAT355-asztallap-lamin18-B.webp","datePublished":"2016-07-07T09:20:18+00:00","dateModified":"2026-03-25T14:17:41+00:00","breadcrumb":{"@id":"https:\/\/alexnabytek.cz\/hotel-gastronabytek\/kategorie\/nabytek-do-restauraci\/desky-stolu\/laminovana-drevotriska\/#breadcrumb"},"inLanguage":"en-US","potentialAction":[{"@type":"ReadAction","target":["https:\/\/alexnabytek.cz\/hotel-gastronabytek\/kategorie\/nabytek-do-restauraci\/desky-stolu\/laminovana-drevotriska\/"]}]},{"@type":"ImageObject","inLanguage":"en-US","@id":"https:\/\/alexnabytek.cz\/hotel-gastronabytek\/kategorie\/nabytek-do-restauraci\/desky-stolu\/laminovana-drevotriska\/#primaryimage","url":"https:\/\/alexnabytek.cz\/hotel-gastronabytek\/wp-content\/uploads\/2025\/08\/KAT355-asztallap-lamin18-B.webp","contentUrl":"https:\/\/alexnabytek.cz\/hotel-gastronabytek\/wp-content\/uploads\/2025\/08\/KAT355-asztallap-lamin18-B.webp","width":800,"height":560},{"@type":"BreadcrumbList","@id":"https:\/\/alexnabytek.cz\/hotel-gastronabytek\/kategorie\/nabytek-do-restauraci\/desky-stolu\/laminovana-drevotriska\/#breadcrumb","itemListElement":[{"@type":"ListItem","position":1,"name":"Home","item":"https:\/\/alexnabytek.cz\/hotel-gastronabytek\/"},{"@type":"ListItem","position":2,"name":"Produkty","item":"https:\/\/alexnabytek.cz\/hotel-gastronabytek\/kategorie\/"},{"@type":"ListItem","position":3,"name":"N\u00e1bytek do restaurac\u00ed","item":"https:\/\/alexnabytek.cz\/hotel-gastronabytek\/kategorie\/nabytek-do-restauraci\/"},{"@type":"ListItem","position":4,"name":"Desky stol\u016f","item":"https:\/\/alexnabytek.cz\/hotel-gastronabytek\/kategorie\/nabytek-do-restauraci\/desky-stolu\/"},{"@type":"ListItem","position":5,"name":"Laminovan\u00e1 d\u0159evot\u0159\u00edska"}]},{"@type":"WebSite","@id":"https:\/\/alexnabytek.cz\/hotel-gastronabytek\/#website","url":"https:\/\/alexnabytek.cz\/hotel-gastronabytek\/","name":"HOTELOV\u00dd A GASTRO N\u00c1BYTEK","description":"Alex kovov\u00fd a \u0161koln\u00ed n\u00e1bytek s.r.o.","potentialAction":[{"@type":"SearchAction","target":{"@type":"EntryPoint","urlTemplate":"https:\/\/alexnabytek.cz\/hotel-gastronabytek\/?s={search_term_string}"},"query-input":{"@type":"PropertyValueSpecification","valueRequired":true,"valueName":"search_term_string"}}],"inLanguage":"en-US"}]}},"_links":{"self":[{"href":"https:\/\/alexnabytek.cz\/hotel-gastronabytek\/wp-json\/wp\/v2\/pages\/3643","targetHints":{"allow":["GET"]}}],"collection":[{"href":"https:\/\/alexnabytek.cz\/hotel-gastronabytek\/wp-json\/wp\/v2\/pages"}],"about":[{"href":"https:\/\/alexnabytek.cz\/hotel-gastronabytek\/wp-json\/wp\/v2\/types\/page"}],"author":[{"embeddable":true,"href":"https:\/\/alexnabytek.cz\/hotel-gastronabytek\/wp-json\/wp\/v2\/users\/3"}],"replies":[{"embeddable":true,"href":"https:\/\/alexnabytek.cz\/hotel-gastronabytek\/wp-json\/wp\/v2\/comments?post=3643"}],"version-history":[{"count":1,"href":"https:\/\/alexnabytek.cz\/hotel-gastronabytek\/wp-json\/wp\/v2\/pages\/3643\/revisions"}],"predecessor-version":[{"id":79192,"href":"https:\/\/alexnabytek.cz\/hotel-gastronabytek\/wp-json\/wp\/v2\/pages\/3643\/revisions\/79192"}],"up":[{"embeddable":true,"href":"https:\/\/alexnabytek.cz\/hotel-gastronabytek\/wp-json\/wp\/v2\/pages\/672"}],"wp:featuredmedia":[{"embeddable":true,"href":"https:\/\/alexnabytek.cz\/hotel-gastronabytek\/wp-json\/wp\/v2\/media\/75889"}],"wp:attachment":[{"href":"https:\/\/alexnabytek.cz\/hotel-gastronabytek\/wp-json\/wp\/v2\/media?parent=3643"}],"curies":[{"name":"wp","href":"https:\/\/api.w.org\/{rel}","templated":true}]}}