{"id":47290,"date":"2017-04-21T11:22:56","date_gmt":"2017-04-21T11:22:56","guid":{"rendered":"http:\/\/alexnabytek.cz\/hotel-gastronabytek\/?page_id=47290"},"modified":"2017-04-21T11:37:34","modified_gmt":"2017-04-21T11:37:34","slug":"vase-logo-na-prani","status":"publish","type":"page","link":"https:\/\/alexnabytek.cz\/hotel-gastronabytek\/vase-logo-na-prani\/","title":{"rendered":"VA\u0160E LOGO NA P\u0158\u00c1N\u00cd"},"content":{"rendered":"<p><img loading=\"lazy\" decoding=\"async\" src=\"https:\/\/alexnabytek.cz\/hotel-gastronabytek\/wp-content\/uploads\/2017\/04\/Konferencia_szekek_IMAGE_logozott_CZ_mod.png\" alt=\"\" width=\"1600\" height=\"968\" class=\"alignnone size-full wp-image-47295\" srcset=\"https:\/\/alexnabytek.cz\/hotel-gastronabytek\/wp-content\/uploads\/2017\/04\/Konferencia_szekek_IMAGE_logozott_CZ_mod.png 1600w, https:\/\/alexnabytek.cz\/hotel-gastronabytek\/wp-content\/uploads\/2017\/04\/Konferencia_szekek_IMAGE_logozott_CZ_mod-300x182.png 300w, https:\/\/alexnabytek.cz\/hotel-gastronabytek\/wp-content\/uploads\/2017\/04\/Konferencia_szekek_IMAGE_logozott_CZ_mod-768x465.png 768w, https:\/\/alexnabytek.cz\/hotel-gastronabytek\/wp-content\/uploads\/2017\/04\/Konferencia_szekek_IMAGE_logozott_CZ_mod-1024x620.png 1024w, https:\/\/alexnabytek.cz\/hotel-gastronabytek\/wp-content\/uploads\/2017\/04\/Konferencia_szekek_IMAGE_logozott_CZ_mod-413x250.png 413w, https:\/\/alexnabytek.cz\/hotel-gastronabytek\/wp-content\/uploads\/2017\/04\/Konferencia_szekek_IMAGE_logozott_CZ_mod-826x500.png 826w\" sizes=\"auto, (max-width: 1600px) 100vw, 1600px\" \/><\/p>\n<div class=\"row \">\n<div class=\"span7 \"><img loading=\"lazy\" decoding=\"async\" src=\"https:\/\/alexnabytek.cz\/hotel-gastronabytek\/wp-content\/uploads\/2017\/04\/Konferencia_szekek_IMAGE_logozott_v2_CZ_mod.png\" alt=\"\" width=\"800\" height=\"1080\" class=\"alignnone size-full wp-image-47299\" style=\"margin-bottom: 0;\" srcset=\"https:\/\/alexnabytek.cz\/hotel-gastronabytek\/wp-content\/uploads\/2017\/04\/Konferencia_szekek_IMAGE_logozott_v2_CZ_mod.png 800w, https:\/\/alexnabytek.cz\/hotel-gastronabytek\/wp-content\/uploads\/2017\/04\/Konferencia_szekek_IMAGE_logozott_v2_CZ_mod-222x300.png 222w, https:\/\/alexnabytek.cz\/hotel-gastronabytek\/wp-content\/uploads\/2017\/04\/Konferencia_szekek_IMAGE_logozott_v2_CZ_mod-768x1037.png 768w, https:\/\/alexnabytek.cz\/hotel-gastronabytek\/wp-content\/uploads\/2017\/04\/Konferencia_szekek_IMAGE_logozott_v2_CZ_mod-759x1024.png 759w, https:\/\/alexnabytek.cz\/hotel-gastronabytek\/wp-content\/uploads\/2017\/04\/Konferencia_szekek_IMAGE_logozott_v2_CZ_mod-185x250.png 185w, https:\/\/alexnabytek.cz\/hotel-gastronabytek\/wp-content\/uploads\/2017\/04\/Konferencia_szekek_IMAGE_logozott_v2_CZ_mod-370x500.png 370w\" sizes=\"auto, (max-width: 800px) 100vw, 800px\" \/><br \/><\/div>\n<div class=\"span5 \"><img loading=\"lazy\" decoding=\"async\" src=\"https:\/\/alexnabytek.cz\/hotel-gastronabytek\/wp-content\/uploads\/2017\/04\/himzogep-programkeszites-programozas.jpg\" alt=\"\" width=\"900\" height=\"491\" class=\"alignnone size-full wp-image-47300\" srcset=\"https:\/\/alexnabytek.cz\/hotel-gastronabytek\/wp-content\/uploads\/2017\/04\/himzogep-programkeszites-programozas.jpg 900w, https:\/\/alexnabytek.cz\/hotel-gastronabytek\/wp-content\/uploads\/2017\/04\/himzogep-programkeszites-programozas-300x164.jpg 300w, https:\/\/alexnabytek.cz\/hotel-gastronabytek\/wp-content\/uploads\/2017\/04\/himzogep-programkeszites-programozas-768x419.jpg 768w, https:\/\/alexnabytek.cz\/hotel-gastronabytek\/wp-content\/uploads\/2017\/04\/himzogep-programkeszites-programozas-458x250.jpg 458w\" sizes=\"auto, (max-width: 900px) 100vw, 900px\" \/><\/p>\n<h2 style=\"margin-bottom: 10px;\">V\u00fd\u0161ivka<\/h2>\n<h5 style=\"font-size: 30px;\">dokonal\u00e9 souzn\u011bn\u00ed.<\/h5>\n<p style=\"font-size: 24px; line-height: initial;\">P\u0159izp\u016fsobte si sv\u00e9 konferen\u010dn\u00ed \u017eidle! V dne\u0161n\u00edm zrychlen\u00e9m sv\u011bt\u011b je neust\u00e1le d\u016fle\u017eit\u011bj\u0161\u00ed, aby bylo na\u0161e logo a na\u0161e obchodn\u00ed zna\u010dka neust\u00e1le na o\u010d\u00edch. Vlastn\u00edme nejmodern\u011bj\u0161\u00ed vy\u0161\u00edvac\u00ed stroje, d\u00edky kter\u00fdm m\u016f\u017eeme \u010daloun\u011bn\u00ed konferen\u010dn\u00edch \u017eidl\u00ed opat\u0159it Va\u0161\u00edm logem, kter\u00e9 n\u00e1m dod\u00e1te ve vektorov\u00e9m vzoru. M\u00e1me na v\u00fdb\u011br z 11 druh\u016f barevn\u00fdch nit\u00ed.<\/p>\n<h5 style=\"font-size: 26px; line-height: initial;\">\u017d\u00e1dejte individu\u00e1ln\u00ed cenovou nab\u00eddku.<\/h5><\/div>\n<\/div><!-- .row (end) -->\n","protected":false},"excerpt":{"rendered":"","protected":false},"author":3,"featured_media":0,"parent":0,"menu_order":0,"comment_status":"closed","ping_status":"closed","template":"page-fullwidth.php","meta":{"footnotes":""},"class_list":["post-47290","page","type-page","status-publish","hentry"],"yoast_head":"<!-- This site is optimized with the Yoast SEO plugin v24.6 - https:\/\/yoast.com\/wordpress\/plugins\/seo\/ -->\n<title>VA\u0160E LOGO NA P\u0158\u00c1N\u00cd - HOTELOV\u00dd A GASTRO N\u00c1BYTEK<\/title>\n<meta name=\"robots\" content=\"index, follow, max-snippet:-1, max-image-preview:large, max-video-preview:-1\" \/>\n<link rel=\"canonical\" href=\"https:\/\/alexnabytek.cz\/hotel-gastronabytek\/vase-logo-na-prani\/\" \/>\n<meta property=\"og:locale\" content=\"cs_CZ\" \/>\n<meta property=\"og:type\" content=\"article\" \/>\n<meta property=\"og:title\" content=\"VA\u0160E LOGO NA P\u0158\u00c1N\u00cd - HOTELOV\u00dd A GASTRO N\u00c1BYTEK\" \/>\n<meta property=\"og:url\" content=\"https:\/\/alexnabytek.cz\/hotel-gastronabytek\/vase-logo-na-prani\/\" \/>\n<meta property=\"og:site_name\" content=\"HOTELOV\u00dd A GASTRO N\u00c1BYTEK\" \/>\n<meta property=\"article:modified_time\" content=\"2017-04-21T11:37:34+00:00\" \/>\n<meta property=\"og:image\" content=\"https:\/\/alexnabytek.cz\/hotel-gastronabytek\/wp-content\/uploads\/2017\/04\/Konferencia_szekek_IMAGE_logozott_CZ_mod.png\" \/>\n\t<meta property=\"og:image:width\" content=\"1600\" \/>\n\t<meta property=\"og:image:height\" content=\"968\" \/>\n\t<meta property=\"og:image:type\" content=\"image\/png\" \/>\n<meta name=\"twitter:card\" content=\"summary_large_image\" \/>\n<meta name=\"twitter:label1\" content=\"Est. reading time\" \/>\n\t<meta name=\"twitter:data1\" content=\"1 minute\" \/>\n<script type=\"application\/ld+json\" class=\"yoast-schema-graph\">{\"@context\":\"https:\/\/schema.org\",\"@graph\":[{\"@type\":\"WebPage\",\"@id\":\"https:\/\/alexnabytek.cz\/hotel-gastronabytek\/vase-logo-na-prani\/\",\"url\":\"https:\/\/alexnabytek.cz\/hotel-gastronabytek\/vase-logo-na-prani\/\",\"name\":\"VA\u0160E LOGO NA P\u0158\u00c1N\u00cd - HOTELOV\u00dd A GASTRO N\u00c1BYTEK\",\"isPartOf\":{\"@id\":\"https:\/\/alexnabytek.cz\/hotel-gastronabytek\/#website\"},\"primaryImageOfPage\":{\"@id\":\"https:\/\/alexnabytek.cz\/hotel-gastronabytek\/vase-logo-na-prani\/#primaryimage\"},\"image\":{\"@id\":\"https:\/\/alexnabytek.cz\/hotel-gastronabytek\/vase-logo-na-prani\/#primaryimage\"},\"thumbnailUrl\":\"https:\/\/alexnabytek.cz\/hotel-gastronabytek\/wp-content\/uploads\/2017\/04\/Konferencia_szekek_IMAGE_logozott_CZ_mod.png\",\"datePublished\":\"2017-04-21T11:22:56+00:00\",\"dateModified\":\"2017-04-21T11:37:34+00:00\",\"breadcrumb\":{\"@id\":\"https:\/\/alexnabytek.cz\/hotel-gastronabytek\/vase-logo-na-prani\/#breadcrumb\"},\"inLanguage\":\"en-US\",\"potentialAction\":[{\"@type\":\"ReadAction\",\"target\":[\"https:\/\/alexnabytek.cz\/hotel-gastronabytek\/vase-logo-na-prani\/\"]}]},{\"@type\":\"ImageObject\",\"inLanguage\":\"en-US\",\"@id\":\"https:\/\/alexnabytek.cz\/hotel-gastronabytek\/vase-logo-na-prani\/#primaryimage\",\"url\":\"https:\/\/alexnabytek.cz\/hotel-gastronabytek\/wp-content\/uploads\/2017\/04\/Konferencia_szekek_IMAGE_logozott_CZ_mod.png\",\"contentUrl\":\"https:\/\/alexnabytek.cz\/hotel-gastronabytek\/wp-content\/uploads\/2017\/04\/Konferencia_szekek_IMAGE_logozott_CZ_mod.png\",\"width\":1600,\"height\":968},{\"@type\":\"BreadcrumbList\",\"@id\":\"https:\/\/alexnabytek.cz\/hotel-gastronabytek\/vase-logo-na-prani\/#breadcrumb\",\"itemListElement\":[{\"@type\":\"ListItem\",\"position\":1,\"name\":\"Home\",\"item\":\"https:\/\/alexnabytek.cz\/hotel-gastronabytek\/\"},{\"@type\":\"ListItem\",\"position\":2,\"name\":\"VA\u0160E LOGO NA P\u0158\u00c1N\u00cd\"}]},{\"@type\":\"WebSite\",\"@id\":\"https:\/\/alexnabytek.cz\/hotel-gastronabytek\/#website\",\"url\":\"https:\/\/alexnabytek.cz\/hotel-gastronabytek\/\",\"name\":\"HOTELOV\u00dd A GASTRO N\u00c1BYTEK\",\"description\":\"Alex kovov\u00fd a \u0161koln\u00ed n\u00e1bytek s.r.o.\",\"potentialAction\":[{\"@type\":\"SearchAction\",\"target\":{\"@type\":\"EntryPoint\",\"urlTemplate\":\"https:\/\/alexnabytek.cz\/hotel-gastronabytek\/?s={search_term_string}\"},\"query-input\":{\"@type\":\"PropertyValueSpecification\",\"valueRequired\":true,\"valueName\":\"search_term_string\"}}],\"inLanguage\":\"en-US\"}]}<\/script>\n<!-- \/ Yoast SEO plugin. -->","yoast_head_json":{"title":"VA\u0160E LOGO NA P\u0158\u00c1N\u00cd - HOTELOV\u00dd A GASTRO N\u00c1BYTEK","robots":{"index":"index","follow":"follow","max-snippet":"max-snippet:-1","max-image-preview":"max-image-preview:large","max-video-preview":"max-video-preview:-1"},"canonical":"https:\/\/alexnabytek.cz\/hotel-gastronabytek\/vase-logo-na-prani\/","og_locale":"cs_CZ","og_type":"article","og_title":"VA\u0160E LOGO NA P\u0158\u00c1N\u00cd - HOTELOV\u00dd A GASTRO N\u00c1BYTEK","og_url":"https:\/\/alexnabytek.cz\/hotel-gastronabytek\/vase-logo-na-prani\/","og_site_name":"HOTELOV\u00dd A GASTRO N\u00c1BYTEK","article_modified_time":"2017-04-21T11:37:34+00:00","og_image":[{"width":1600,"height":968,"url":"https:\/\/alexnabytek.cz\/hotel-gastronabytek\/wp-content\/uploads\/2017\/04\/Konferencia_szekek_IMAGE_logozott_CZ_mod.png","type":"image\/png"}],"twitter_card":"summary_large_image","twitter_misc":{"Est. reading time":"1 minute"},"schema":{"@context":"https:\/\/schema.org","@graph":[{"@type":"WebPage","@id":"https:\/\/alexnabytek.cz\/hotel-gastronabytek\/vase-logo-na-prani\/","url":"https:\/\/alexnabytek.cz\/hotel-gastronabytek\/vase-logo-na-prani\/","name":"VA\u0160E LOGO NA P\u0158\u00c1N\u00cd - HOTELOV\u00dd A GASTRO N\u00c1BYTEK","isPartOf":{"@id":"https:\/\/alexnabytek.cz\/hotel-gastronabytek\/#website"},"primaryImageOfPage":{"@id":"https:\/\/alexnabytek.cz\/hotel-gastronabytek\/vase-logo-na-prani\/#primaryimage"},"image":{"@id":"https:\/\/alexnabytek.cz\/hotel-gastronabytek\/vase-logo-na-prani\/#primaryimage"},"thumbnailUrl":"https:\/\/alexnabytek.cz\/hotel-gastronabytek\/wp-content\/uploads\/2017\/04\/Konferencia_szekek_IMAGE_logozott_CZ_mod.png","datePublished":"2017-04-21T11:22:56+00:00","dateModified":"2017-04-21T11:37:34+00:00","breadcrumb":{"@id":"https:\/\/alexnabytek.cz\/hotel-gastronabytek\/vase-logo-na-prani\/#breadcrumb"},"inLanguage":"en-US","potentialAction":[{"@type":"ReadAction","target":["https:\/\/alexnabytek.cz\/hotel-gastronabytek\/vase-logo-na-prani\/"]}]},{"@type":"ImageObject","inLanguage":"en-US","@id":"https:\/\/alexnabytek.cz\/hotel-gastronabytek\/vase-logo-na-prani\/#primaryimage","url":"https:\/\/alexnabytek.cz\/hotel-gastronabytek\/wp-content\/uploads\/2017\/04\/Konferencia_szekek_IMAGE_logozott_CZ_mod.png","contentUrl":"https:\/\/alexnabytek.cz\/hotel-gastronabytek\/wp-content\/uploads\/2017\/04\/Konferencia_szekek_IMAGE_logozott_CZ_mod.png","width":1600,"height":968},{"@type":"BreadcrumbList","@id":"https:\/\/alexnabytek.cz\/hotel-gastronabytek\/vase-logo-na-prani\/#breadcrumb","itemListElement":[{"@type":"ListItem","position":1,"name":"Home","item":"https:\/\/alexnabytek.cz\/hotel-gastronabytek\/"},{"@type":"ListItem","position":2,"name":"VA\u0160E LOGO NA P\u0158\u00c1N\u00cd"}]},{"@type":"WebSite","@id":"https:\/\/alexnabytek.cz\/hotel-gastronabytek\/#website","url":"https:\/\/alexnabytek.cz\/hotel-gastronabytek\/","name":"HOTELOV\u00dd A GASTRO N\u00c1BYTEK","description":"Alex kovov\u00fd a \u0161koln\u00ed n\u00e1bytek s.r.o.","potentialAction":[{"@type":"SearchAction","target":{"@type":"EntryPoint","urlTemplate":"https:\/\/alexnabytek.cz\/hotel-gastronabytek\/?s={search_term_string}"},"query-input":{"@type":"PropertyValueSpecification","valueRequired":true,"valueName":"search_term_string"}}],"inLanguage":"en-US"}]}},"_links":{"self":[{"href":"https:\/\/alexnabytek.cz\/hotel-gastronabytek\/wp-json\/wp\/v2\/pages\/47290","targetHints":{"allow":["GET"]}}],"collection":[{"href":"https:\/\/alexnabytek.cz\/hotel-gastronabytek\/wp-json\/wp\/v2\/pages"}],"about":[{"href":"https:\/\/alexnabytek.cz\/hotel-gastronabytek\/wp-json\/wp\/v2\/types\/page"}],"author":[{"embeddable":true,"href":"https:\/\/alexnabytek.cz\/hotel-gastronabytek\/wp-json\/wp\/v2\/users\/3"}],"replies":[{"embeddable":true,"href":"https:\/\/alexnabytek.cz\/hotel-gastronabytek\/wp-json\/wp\/v2\/comments?post=47290"}],"version-history":[{"count":0,"href":"https:\/\/alexnabytek.cz\/hotel-gastronabytek\/wp-json\/wp\/v2\/pages\/47290\/revisions"}],"wp:attachment":[{"href":"https:\/\/alexnabytek.cz\/hotel-gastronabytek\/wp-json\/wp\/v2\/media?parent=47290"}],"curies":[{"name":"wp","href":"https:\/\/api.w.org\/{rel}","templated":true}]}}