{"id":57953,"date":"2020-02-05T11:33:00","date_gmt":"2020-02-05T11:33:00","guid":{"rendered":"http:\/\/alexnabytek.cz\/hotel-gastronabytek\/?page_id=57953"},"modified":"2020-02-05T11:33:00","modified_gmt":"2020-02-05T11:33:00","slug":"produkty-skladem","status":"publish","type":"page","link":"https:\/\/alexnabytek.cz\/hotel-gastronabytek\/produkty-skladem\/","title":{"rendered":"Produkty skladem"},"content":{"rendered":"","protected":false},"excerpt":{"rendered":"","protected":false},"author":3,"featured_media":0,"parent":0,"menu_order":0,"comment_status":"closed","ping_status":"closed","template":"page-Portfolio4Cols-filterable.php","meta":{"footnotes":""},"class_list":["post-57953","page","type-page","status-publish","hentry"],"yoast_head":"<!-- This site is optimized with the Yoast SEO plugin v24.6 - https:\/\/yoast.com\/wordpress\/plugins\/seo\/ -->\n<title>Produkty skladem - HOTELOV\u00dd A GASTRO N\u00c1BYTEK<\/title>\n<meta name=\"robots\" content=\"index, follow, max-snippet:-1, max-image-preview:large, max-video-preview:-1\" \/>\n<link rel=\"canonical\" href=\"https:\/\/alexnabytek.cz\/hotel-gastronabytek\/produkty-skladem\/\" \/>\n<meta property=\"og:locale\" content=\"cs_CZ\" \/>\n<meta property=\"og:type\" content=\"article\" \/>\n<meta property=\"og:title\" content=\"Produkty skladem - HOTELOV\u00dd A GASTRO N\u00c1BYTEK\" \/>\n<meta property=\"og:url\" content=\"https:\/\/alexnabytek.cz\/hotel-gastronabytek\/produkty-skladem\/\" \/>\n<meta property=\"og:site_name\" content=\"HOTELOV\u00dd A GASTRO N\u00c1BYTEK\" \/>\n<meta name=\"twitter:card\" content=\"summary_large_image\" \/>\n<script type=\"application\/ld+json\" class=\"yoast-schema-graph\">{\"@context\":\"https:\/\/schema.org\",\"@graph\":[{\"@type\":\"WebPage\",\"@id\":\"https:\/\/alexnabytek.cz\/hotel-gastronabytek\/produkty-skladem\/\",\"url\":\"https:\/\/alexnabytek.cz\/hotel-gastronabytek\/produkty-skladem\/\",\"name\":\"Produkty skladem - HOTELOV\u00dd A GASTRO N\u00c1BYTEK\",\"isPartOf\":{\"@id\":\"https:\/\/alexnabytek.cz\/hotel-gastronabytek\/#website\"},\"datePublished\":\"2020-02-05T11:33:00+00:00\",\"breadcrumb\":{\"@id\":\"https:\/\/alexnabytek.cz\/hotel-gastronabytek\/produkty-skladem\/#breadcrumb\"},\"inLanguage\":\"en-US\",\"potentialAction\":[{\"@type\":\"ReadAction\",\"target\":[\"https:\/\/alexnabytek.cz\/hotel-gastronabytek\/produkty-skladem\/\"]}]},{\"@type\":\"BreadcrumbList\",\"@id\":\"https:\/\/alexnabytek.cz\/hotel-gastronabytek\/produkty-skladem\/#breadcrumb\",\"itemListElement\":[{\"@type\":\"ListItem\",\"position\":1,\"name\":\"Home\",\"item\":\"https:\/\/alexnabytek.cz\/hotel-gastronabytek\/\"},{\"@type\":\"ListItem\",\"position\":2,\"name\":\"Produkty skladem\"}]},{\"@type\":\"WebSite\",\"@id\":\"https:\/\/alexnabytek.cz\/hotel-gastronabytek\/#website\",\"url\":\"https:\/\/alexnabytek.cz\/hotel-gastronabytek\/\",\"name\":\"HOTELOV\u00dd A GASTRO N\u00c1BYTEK\",\"description\":\"Alex kovov\u00fd a \u0161koln\u00ed n\u00e1bytek s.r.o.\",\"potentialAction\":[{\"@type\":\"SearchAction\",\"target\":{\"@type\":\"EntryPoint\",\"urlTemplate\":\"https:\/\/alexnabytek.cz\/hotel-gastronabytek\/?s={search_term_string}\"},\"query-input\":{\"@type\":\"PropertyValueSpecification\",\"valueRequired\":true,\"valueName\":\"search_term_string\"}}],\"inLanguage\":\"en-US\"}]}<\/script>\n<!-- \/ Yoast SEO plugin. -->","yoast_head_json":{"title":"Produkty skladem - HOTELOV\u00dd A GASTRO N\u00c1BYTEK","robots":{"index":"index","follow":"follow","max-snippet":"max-snippet:-1","max-image-preview":"max-image-preview:large","max-video-preview":"max-video-preview:-1"},"canonical":"https:\/\/alexnabytek.cz\/hotel-gastronabytek\/produkty-skladem\/","og_locale":"cs_CZ","og_type":"article","og_title":"Produkty skladem - HOTELOV\u00dd A GASTRO N\u00c1BYTEK","og_url":"https:\/\/alexnabytek.cz\/hotel-gastronabytek\/produkty-skladem\/","og_site_name":"HOTELOV\u00dd A GASTRO N\u00c1BYTEK","twitter_card":"summary_large_image","schema":{"@context":"https:\/\/schema.org","@graph":[{"@type":"WebPage","@id":"https:\/\/alexnabytek.cz\/hotel-gastronabytek\/produkty-skladem\/","url":"https:\/\/alexnabytek.cz\/hotel-gastronabytek\/produkty-skladem\/","name":"Produkty skladem - HOTELOV\u00dd A GASTRO N\u00c1BYTEK","isPartOf":{"@id":"https:\/\/alexnabytek.cz\/hotel-gastronabytek\/#website"},"datePublished":"2020-02-05T11:33:00+00:00","breadcrumb":{"@id":"https:\/\/alexnabytek.cz\/hotel-gastronabytek\/produkty-skladem\/#breadcrumb"},"inLanguage":"en-US","potentialAction":[{"@type":"ReadAction","target":["https:\/\/alexnabytek.cz\/hotel-gastronabytek\/produkty-skladem\/"]}]},{"@type":"BreadcrumbList","@id":"https:\/\/alexnabytek.cz\/hotel-gastronabytek\/produkty-skladem\/#breadcrumb","itemListElement":[{"@type":"ListItem","position":1,"name":"Home","item":"https:\/\/alexnabytek.cz\/hotel-gastronabytek\/"},{"@type":"ListItem","position":2,"name":"Produkty skladem"}]},{"@type":"WebSite","@id":"https:\/\/alexnabytek.cz\/hotel-gastronabytek\/#website","url":"https:\/\/alexnabytek.cz\/hotel-gastronabytek\/","name":"HOTELOV\u00dd A GASTRO N\u00c1BYTEK","description":"Alex kovov\u00fd a \u0161koln\u00ed n\u00e1bytek s.r.o.","potentialAction":[{"@type":"SearchAction","target":{"@type":"EntryPoint","urlTemplate":"https:\/\/alexnabytek.cz\/hotel-gastronabytek\/?s={search_term_string}"},"query-input":{"@type":"PropertyValueSpecification","valueRequired":true,"valueName":"search_term_string"}}],"inLanguage":"en-US"}]}},"_links":{"self":[{"href":"https:\/\/alexnabytek.cz\/hotel-gastronabytek\/wp-json\/wp\/v2\/pages\/57953","targetHints":{"allow":["GET"]}}],"collection":[{"href":"https:\/\/alexnabytek.cz\/hotel-gastronabytek\/wp-json\/wp\/v2\/pages"}],"about":[{"href":"https:\/\/alexnabytek.cz\/hotel-gastronabytek\/wp-json\/wp\/v2\/types\/page"}],"author":[{"embeddable":true,"href":"https:\/\/alexnabytek.cz\/hotel-gastronabytek\/wp-json\/wp\/v2\/users\/3"}],"replies":[{"embeddable":true,"href":"https:\/\/alexnabytek.cz\/hotel-gastronabytek\/wp-json\/wp\/v2\/comments?post=57953"}],"version-history":[{"count":1,"href":"https:\/\/alexnabytek.cz\/hotel-gastronabytek\/wp-json\/wp\/v2\/pages\/57953\/revisions"}],"predecessor-version":[{"id":57954,"href":"https:\/\/alexnabytek.cz\/hotel-gastronabytek\/wp-json\/wp\/v2\/pages\/57953\/revisions\/57954"}],"wp:attachment":[{"href":"https:\/\/alexnabytek.cz\/hotel-gastronabytek\/wp-json\/wp\/v2\/media?parent=57953"}],"curies":[{"name":"wp","href":"https:\/\/api.w.org\/{rel}","templated":true}]}}