{"id":654,"date":"2016-06-11T12:04:48","date_gmt":"2016-06-11T12:04:48","guid":{"rendered":"http:\/\/szallodabutor.hu\/?page_id=654"},"modified":"2017-04-11T15:36:26","modified_gmt":"2017-04-11T15:36:26","slug":"kovove-stoly","status":"publish","type":"page","link":"https:\/\/alexnabytek.cz\/hotel-gastronabytek\/kategorie\/nabytek-do-restauraci\/stoly\/kovove-stoly\/","title":{"rendered":"Kovov\u00e9 stoly"},"content":{"rendered":"","protected":false},"excerpt":{"rendered":"","protected":false},"author":3,"featured_media":16707,"parent":82,"menu_order":0,"comment_status":"closed","ping_status":"closed","template":"page-Portfolio4Cols-filterable.php","meta":{"footnotes":""},"class_list":["post-654","page","type-page","status-publish","has-post-thumbnail","hentry"],"yoast_head":"<!-- This site is optimized with the Yoast SEO plugin v24.6 - https:\/\/yoast.com\/wordpress\/plugins\/seo\/ -->\n<title>Kovov\u00e9 stoly - HOTELOV\u00dd A GASTRO N\u00c1BYTEK<\/title>\n<meta name=\"robots\" content=\"index, follow, max-snippet:-1, max-image-preview:large, max-video-preview:-1\" \/>\n<link rel=\"canonical\" href=\"https:\/\/alexnabytek.cz\/hotel-gastronabytek\/kategorie\/nabytek-do-restauraci\/stoly\/kovove-stoly\/\" \/>\n<meta property=\"og:locale\" content=\"cs_CZ\" \/>\n<meta property=\"og:type\" content=\"article\" \/>\n<meta property=\"og:title\" content=\"Kovov\u00e9 stoly - HOTELOV\u00dd A GASTRO N\u00c1BYTEK\" \/>\n<meta property=\"og:url\" content=\"https:\/\/alexnabytek.cz\/hotel-gastronabytek\/kategorie\/nabytek-do-restauraci\/stoly\/kovove-stoly\/\" \/>\n<meta property=\"og:site_name\" content=\"HOTELOV\u00dd A GASTRO N\u00c1BYTEK\" \/>\n<meta property=\"article:modified_time\" content=\"2017-04-11T15:36:26+00:00\" \/>\n<meta name=\"twitter:card\" content=\"summary_large_image\" \/>\n<script type=\"application\/ld+json\" class=\"yoast-schema-graph\">{\"@context\":\"https:\/\/schema.org\",\"@graph\":[{\"@type\":\"WebPage\",\"@id\":\"https:\/\/alexnabytek.cz\/hotel-gastronabytek\/kategorie\/nabytek-do-restauraci\/stoly\/kovove-stoly\/\",\"url\":\"https:\/\/alexnabytek.cz\/hotel-gastronabytek\/kategorie\/nabytek-do-restauraci\/stoly\/kovove-stoly\/\",\"name\":\"Kovov\u00e9 stoly - HOTELOV\u00dd A GASTRO N\u00c1BYTEK\",\"isPartOf\":{\"@id\":\"https:\/\/alexnabytek.cz\/hotel-gastronabytek\/#website\"},\"primaryImageOfPage\":{\"@id\":\"https:\/\/alexnabytek.cz\/hotel-gastronabytek\/kategorie\/nabytek-do-restauraci\/stoly\/kovove-stoly\/#primaryimage\"},\"image\":{\"@id\":\"https:\/\/alexnabytek.cz\/hotel-gastronabytek\/kategorie\/nabytek-do-restauraci\/stoly\/kovove-stoly\/#primaryimage\"},\"thumbnailUrl\":\"\",\"datePublished\":\"2016-06-11T12:04:48+00:00\",\"dateModified\":\"2017-04-11T15:36:26+00:00\",\"breadcrumb\":{\"@id\":\"https:\/\/alexnabytek.cz\/hotel-gastronabytek\/kategorie\/nabytek-do-restauraci\/stoly\/kovove-stoly\/#breadcrumb\"},\"inLanguage\":\"en-US\",\"potentialAction\":[{\"@type\":\"ReadAction\",\"target\":[\"https:\/\/alexnabytek.cz\/hotel-gastronabytek\/kategorie\/nabytek-do-restauraci\/stoly\/kovove-stoly\/\"]}]},{\"@type\":\"ImageObject\",\"inLanguage\":\"en-US\",\"@id\":\"https:\/\/alexnabytek.cz\/hotel-gastronabytek\/kategorie\/nabytek-do-restauraci\/stoly\/kovove-stoly\/#primaryimage\",\"url\":\"\",\"contentUrl\":\"\"},{\"@type\":\"BreadcrumbList\",\"@id\":\"https:\/\/alexnabytek.cz\/hotel-gastronabytek\/kategorie\/nabytek-do-restauraci\/stoly\/kovove-stoly\/#breadcrumb\",\"itemListElement\":[{\"@type\":\"ListItem\",\"position\":1,\"name\":\"Home\",\"item\":\"https:\/\/alexnabytek.cz\/hotel-gastronabytek\/\"},{\"@type\":\"ListItem\",\"position\":2,\"name\":\"Produkty\",\"item\":\"https:\/\/alexnabytek.cz\/hotel-gastronabytek\/kategorie\/\"},{\"@type\":\"ListItem\",\"position\":3,\"name\":\"N\u00e1bytek do restaurac\u00ed\",\"item\":\"https:\/\/alexnabytek.cz\/hotel-gastronabytek\/kategorie\/nabytek-do-restauraci\/\"},{\"@type\":\"ListItem\",\"position\":4,\"name\":\"Stoly\",\"item\":\"https:\/\/alexnabytek.cz\/hotel-gastronabytek\/kategorie\/nabytek-do-restauraci\/stoly\/\"},{\"@type\":\"ListItem\",\"position\":5,\"name\":\"Kovov\u00e9 stoly\"}]},{\"@type\":\"WebSite\",\"@id\":\"https:\/\/alexnabytek.cz\/hotel-gastronabytek\/#website\",\"url\":\"https:\/\/alexnabytek.cz\/hotel-gastronabytek\/\",\"name\":\"HOTELOV\u00dd A GASTRO N\u00c1BYTEK\",\"description\":\"Alex kovov\u00fd a \u0161koln\u00ed n\u00e1bytek s.r.o.\",\"potentialAction\":[{\"@type\":\"SearchAction\",\"target\":{\"@type\":\"EntryPoint\",\"urlTemplate\":\"https:\/\/alexnabytek.cz\/hotel-gastronabytek\/?s={search_term_string}\"},\"query-input\":{\"@type\":\"PropertyValueSpecification\",\"valueRequired\":true,\"valueName\":\"search_term_string\"}}],\"inLanguage\":\"en-US\"}]}<\/script>\n<!-- \/ Yoast SEO plugin. -->","yoast_head_json":{"title":"Kovov\u00e9 stoly - HOTELOV\u00dd A GASTRO N\u00c1BYTEK","robots":{"index":"index","follow":"follow","max-snippet":"max-snippet:-1","max-image-preview":"max-image-preview:large","max-video-preview":"max-video-preview:-1"},"canonical":"https:\/\/alexnabytek.cz\/hotel-gastronabytek\/kategorie\/nabytek-do-restauraci\/stoly\/kovove-stoly\/","og_locale":"cs_CZ","og_type":"article","og_title":"Kovov\u00e9 stoly - HOTELOV\u00dd A GASTRO N\u00c1BYTEK","og_url":"https:\/\/alexnabytek.cz\/hotel-gastronabytek\/kategorie\/nabytek-do-restauraci\/stoly\/kovove-stoly\/","og_site_name":"HOTELOV\u00dd A GASTRO N\u00c1BYTEK","article_modified_time":"2017-04-11T15:36:26+00:00","twitter_card":"summary_large_image","schema":{"@context":"https:\/\/schema.org","@graph":[{"@type":"WebPage","@id":"https:\/\/alexnabytek.cz\/hotel-gastronabytek\/kategorie\/nabytek-do-restauraci\/stoly\/kovove-stoly\/","url":"https:\/\/alexnabytek.cz\/hotel-gastronabytek\/kategorie\/nabytek-do-restauraci\/stoly\/kovove-stoly\/","name":"Kovov\u00e9 stoly - HOTELOV\u00dd A GASTRO N\u00c1BYTEK","isPartOf":{"@id":"https:\/\/alexnabytek.cz\/hotel-gastronabytek\/#website"},"primaryImageOfPage":{"@id":"https:\/\/alexnabytek.cz\/hotel-gastronabytek\/kategorie\/nabytek-do-restauraci\/stoly\/kovove-stoly\/#primaryimage"},"image":{"@id":"https:\/\/alexnabytek.cz\/hotel-gastronabytek\/kategorie\/nabytek-do-restauraci\/stoly\/kovove-stoly\/#primaryimage"},"thumbnailUrl":"","datePublished":"2016-06-11T12:04:48+00:00","dateModified":"2017-04-11T15:36:26+00:00","breadcrumb":{"@id":"https:\/\/alexnabytek.cz\/hotel-gastronabytek\/kategorie\/nabytek-do-restauraci\/stoly\/kovove-stoly\/#breadcrumb"},"inLanguage":"en-US","potentialAction":[{"@type":"ReadAction","target":["https:\/\/alexnabytek.cz\/hotel-gastronabytek\/kategorie\/nabytek-do-restauraci\/stoly\/kovove-stoly\/"]}]},{"@type":"ImageObject","inLanguage":"en-US","@id":"https:\/\/alexnabytek.cz\/hotel-gastronabytek\/kategorie\/nabytek-do-restauraci\/stoly\/kovove-stoly\/#primaryimage","url":"","contentUrl":""},{"@type":"BreadcrumbList","@id":"https:\/\/alexnabytek.cz\/hotel-gastronabytek\/kategorie\/nabytek-do-restauraci\/stoly\/kovove-stoly\/#breadcrumb","itemListElement":[{"@type":"ListItem","position":1,"name":"Home","item":"https:\/\/alexnabytek.cz\/hotel-gastronabytek\/"},{"@type":"ListItem","position":2,"name":"Produkty","item":"https:\/\/alexnabytek.cz\/hotel-gastronabytek\/kategorie\/"},{"@type":"ListItem","position":3,"name":"N\u00e1bytek do restaurac\u00ed","item":"https:\/\/alexnabytek.cz\/hotel-gastronabytek\/kategorie\/nabytek-do-restauraci\/"},{"@type":"ListItem","position":4,"name":"Stoly","item":"https:\/\/alexnabytek.cz\/hotel-gastronabytek\/kategorie\/nabytek-do-restauraci\/stoly\/"},{"@type":"ListItem","position":5,"name":"Kovov\u00e9 stoly"}]},{"@type":"WebSite","@id":"https:\/\/alexnabytek.cz\/hotel-gastronabytek\/#website","url":"https:\/\/alexnabytek.cz\/hotel-gastronabytek\/","name":"HOTELOV\u00dd A GASTRO N\u00c1BYTEK","description":"Alex kovov\u00fd a \u0161koln\u00ed n\u00e1bytek s.r.o.","potentialAction":[{"@type":"SearchAction","target":{"@type":"EntryPoint","urlTemplate":"https:\/\/alexnabytek.cz\/hotel-gastronabytek\/?s={search_term_string}"},"query-input":{"@type":"PropertyValueSpecification","valueRequired":true,"valueName":"search_term_string"}}],"inLanguage":"en-US"}]}},"_links":{"self":[{"href":"https:\/\/alexnabytek.cz\/hotel-gastronabytek\/wp-json\/wp\/v2\/pages\/654","targetHints":{"allow":["GET"]}}],"collection":[{"href":"https:\/\/alexnabytek.cz\/hotel-gastronabytek\/wp-json\/wp\/v2\/pages"}],"about":[{"href":"https:\/\/alexnabytek.cz\/hotel-gastronabytek\/wp-json\/wp\/v2\/types\/page"}],"author":[{"embeddable":true,"href":"https:\/\/alexnabytek.cz\/hotel-gastronabytek\/wp-json\/wp\/v2\/users\/3"}],"replies":[{"embeddable":true,"href":"https:\/\/alexnabytek.cz\/hotel-gastronabytek\/wp-json\/wp\/v2\/comments?post=654"}],"version-history":[{"count":0,"href":"https:\/\/alexnabytek.cz\/hotel-gastronabytek\/wp-json\/wp\/v2\/pages\/654\/revisions"}],"up":[{"embeddable":true,"href":"https:\/\/alexnabytek.cz\/hotel-gastronabytek\/wp-json\/wp\/v2\/pages\/82"}],"wp:featuredmedia":[{"embeddable":true,"href":"https:\/\/alexnabytek.cz\/hotel-gastronabytek\/wp-json\/"}],"wp:attachment":[{"href":"https:\/\/alexnabytek.cz\/hotel-gastronabytek\/wp-json\/wp\/v2\/media?parent=654"}],"curies":[{"name":"wp","href":"https:\/\/api.w.org\/{rel}","templated":true}]}}