{"id":14,"date":"2016-06-08T07:58:17","date_gmt":"2016-06-08T07:58:17","guid":{"rendered":"http:\/\/szallodabutor.hu\/?page_id=13"},"modified":"2026-01-27T14:42:17","modified_gmt":"2026-01-27T14:42:17","slug":"katalogy","status":"publish","type":"page","link":"https:\/\/alexnabytek.cz\/kancelarskynabytek\/katalogy\/","title":{"rendered":"Katalogy"},"content":{"rendered":"<div class=\"row \"><div class=\"span12 \"><strong>Pokud si chcete prohl\u00e9dnout n\u00e1\u0161 katalog, klikn\u011bte na p\u0159\u00edslu\u0161n\u00fd obr\u00e1zek.<\/strong><\/div><\/div><!-- .row (end) -->\n<div class=\"row \">\n<div class=\"span6 \"><p><a href=\"https:\/\/alexnabytek.cz\/kancelarskynabytek\/katalogy\/kancelarsky-nabytek-2025-2026\/\"><img loading=\"lazy\" decoding=\"async\" class=\"alignnone size-large wp-image-51076\" src=\"https:\/\/alexnabytek.cz\/kancelarskynabytek\/wp-content\/uploads\/2025\/11\/Mockup-Kancelar-cz-2025.png\" alt=\"\" width=\"604\" height=\"379\" \/><\/a><\/p>\n<div class=\"clearfix\"><\/div>\n<h3>Kancel\u00e1\u0159sk\u00fd n\u00e1bytek 2025\/2026<\/h3>\n<p><a href=\"https:\/\/alexnabytek.cz\/kancelarskynabytek\/wp-content\/uploads\/2025\/11\/2025_Alex-kancelarsky-nabytek-CZ-web.pdf\" target=\"_blank\" rel=\"noopener\">St\u00e1hnout PDF<\/a><\/p><\/div>\n<div class=\"span6 \"><p><a href=\"https:\/\/alexnabytek.cz\/kancelarskynabytek\/katalogy\/kancelarsky-nabytek-brozura\/\"><img loading=\"lazy\" decoding=\"async\" class=\"alignnone size-large wp-image-51076\" src=\"https:\/\/alexnabytek.cz\/kancelarskynabytek\/wp-content\/uploads\/2026\/01\/Mockup-KancelarCZ-2026.01.png\" alt=\"\" width=\"604\" height=\"379\" \/><\/a><\/p>\n<div class=\"clearfix\"><\/div>\n<h3>Kancel\u00e1\u0159sk\u00fd n\u00e1bytek - bro\u017eura<\/h3>\n<p><a href=\"https:\/\/alexnabytek.cz\/kancelarskynabytek\/wp-content\/uploads\/2026\/01\/KANCELAR-maly-katalog.pdf\" target=\"_blank\" rel=\"noopener\">St\u00e1hnout PDF<\/a><\/p><\/div>\n<\/div><!-- .row (end) -->\n<div class=\"row \">\n<div class=\"span6 \"><a href=\"https:\/\/alexnabytek.cz\/kancelarskynabytek\/katalogy\/satni-kancelarsky\/\"><img loading=\"lazy\" decoding=\"async\" class=\"alignnone size-large wp-image-51076\" src=\"https:\/\/alexnabytek.cz\/kancelarskynabytek\/wp-content\/uploads\/2023\/09\/cseh_katalog_latvany.png\" alt=\"\" width=\"604\" height=\"379\" \/><\/a><\/p>\n<div class=\"clearfix\"><\/div>\n<h3>\u0160atn\u00ed & kancel\u00e1\u0159sk\u00fd<\/h3>\n<p><a href=\"https:\/\/alexnabytek.cz\/kancelarskynabytek\/wp-content\/uploads\/2023\/09\/Satni-a-kancelarsky-katalog-CZ-2023.pdf\" target=\"_blank\" rel=\"noopener\">St\u00e1hnout PDF<\/a><br \/><\/div>\n<div class=\"span6 \"><a href=\"https:\/\/alexnabytek.cz\/kancelarskynabytek\/katalogy\/katalog-kancelarskeho-nabytku-2\/\"><img loading=\"lazy\" decoding=\"async\" class=\"alignnone size-large wp-image-51076\" src=\"https:\/\/alexnabytek.cz\/kancelarskynabytek\/wp-content\/uploads\/2023\/03\/Mockup_IrodamailingCSEH.png\" alt=\"\" width=\"604\" height=\"379\" \/><\/a><\/p>\n<div class=\"clearfix\"><\/div>\n<h3>KATALOG KANCEL\u00c1\u0158SK\u00c9HO N\u00c1BYTKU<\/h3>\n<p><a href=\"https:\/\/alexnabytek.cz\/kancelarskynabytek\/wp-content\/uploads\/2023\/03\/ALEX-Kancelarsky-nabytek.pdf\" target=\"_blank\" rel=\"noopener\">St\u00e1hnout PDF<\/a><br \/><\/div>\n<\/div><!-- .row (end) -->\n<div class=\"row \">\n<div class=\"span6 \"><a href=\"https:\/\/alexnabytek.cz\/kancelarskynabytek\/katalogy\/katalog-nabytku-pontis\/\"><img loading=\"lazy\" decoding=\"async\" class=\"alignnone size-large wp-image-51076\" src=\"https:\/\/alexnabytek.cz\/kancelarskynabytek\/wp-content\/uploads\/2024\/10\/Mockup-Catalog-pontis.png\" alt=\"\" width=\"604\" height=\"379\" \/><\/a><\/p>\n<div class=\"clearfix\"><\/div>\n<h3>Katalog n\u00e1bytku PONTIS<\/h3>\n<p><a href=\"https:\/\/alexnabytek.cz\/kancelarskynabytek\/wp-content\/uploads\/2024\/10\/Katalog-Pontis-CZ.pdf\" target=\"_blank\" rel=\"noopener\">St\u00e1hnout PDF<\/a><br \/><\/div>\n<div class=\"span6 \"><\/div>\n<\/div><!-- .row (end) -->\n<div class=\"spacer\"><\/div><!-- .spacer (end) -->\n","protected":false},"excerpt":{"rendered":"","protected":false},"author":3,"featured_media":0,"parent":0,"menu_order":0,"comment_status":"closed","ping_status":"closed","template":"page-fullwidth.php","meta":{"footnotes":""},"class_list":["post-14","page","type-page","status-publish","hentry"],"yoast_head":"<!-- This site is optimized with the Yoast SEO plugin v24.6 - https:\/\/yoast.com\/wordpress\/plugins\/seo\/ -->\n<title>Katalogy - KANCEL\u00c1\u0158SK\u00dd N\u00c1BYTEK<\/title>\n<meta name=\"robots\" content=\"index, follow, max-snippet:-1, max-image-preview:large, max-video-preview:-1\" \/>\n<link rel=\"canonical\" href=\"https:\/\/alexnabytek.cz\/kancelarskynabytek\/katalogy\/\" \/>\n<meta property=\"og:locale\" content=\"cs_CZ\" \/>\n<meta property=\"og:type\" content=\"article\" \/>\n<meta property=\"og:title\" content=\"Katalogy - KANCEL\u00c1\u0158SK\u00dd N\u00c1BYTEK\" \/>\n<meta property=\"og:url\" content=\"https:\/\/alexnabytek.cz\/kancelarskynabytek\/katalogy\/\" \/>\n<meta property=\"og:site_name\" content=\"KANCEL\u00c1\u0158SK\u00dd N\u00c1BYTEK\" \/>\n<meta property=\"article:modified_time\" content=\"2026-01-27T14:42:17+00:00\" \/>\n<meta property=\"og:image\" content=\"https:\/\/alexnabytek.cz\/kancelarskynabytek\/wp-content\/uploads\/2022\/01\/OTB-DM3-195-40-45-03.jpg\" \/>\n\t<meta property=\"og:image:width\" content=\"1600\" \/>\n\t<meta property=\"og:image:height\" content=\"1200\" \/>\n\t<meta property=\"og:image:type\" content=\"image\/jpeg\" \/>\n<meta name=\"twitter:card\" content=\"summary_large_image\" \/>\n<meta name=\"twitter:label1\" content=\"Est. reading time\" \/>\n\t<meta name=\"twitter:data1\" content=\"2 minutes\" \/>\n<script type=\"application\/ld+json\" class=\"yoast-schema-graph\">{\"@context\":\"https:\/\/schema.org\",\"@graph\":[{\"@type\":\"WebPage\",\"@id\":\"https:\/\/alexnabytek.cz\/kancelarskynabytek\/katalogy\/\",\"url\":\"https:\/\/alexnabytek.cz\/kancelarskynabytek\/katalogy\/\",\"name\":\"Katalogy - KANCEL\u00c1\u0158SK\u00dd N\u00c1BYTEK\",\"isPartOf\":{\"@id\":\"https:\/\/alexnabytek.cz\/kancelarskynabytek\/#website\"},\"primaryImageOfPage\":{\"@id\":\"https:\/\/alexnabytek.cz\/kancelarskynabytek\/katalogy\/#primaryimage\"},\"image\":{\"@id\":\"https:\/\/alexnabytek.cz\/kancelarskynabytek\/katalogy\/#primaryimage\"},\"thumbnailUrl\":\"https:\/\/alexnabytek.cz\/kancelarskynabytek\/wp-content\/uploads\/2025\/11\/Mockup-Kancelar-cz-2025.png\",\"datePublished\":\"2016-06-08T07:58:17+00:00\",\"dateModified\":\"2026-01-27T14:42:17+00:00\",\"breadcrumb\":{\"@id\":\"https:\/\/alexnabytek.cz\/kancelarskynabytek\/katalogy\/#breadcrumb\"},\"inLanguage\":\"en-US\",\"potentialAction\":[{\"@type\":\"ReadAction\",\"target\":[\"https:\/\/alexnabytek.cz\/kancelarskynabytek\/katalogy\/\"]}]},{\"@type\":\"ImageObject\",\"inLanguage\":\"en-US\",\"@id\":\"https:\/\/alexnabytek.cz\/kancelarskynabytek\/katalogy\/#primaryimage\",\"url\":\"https:\/\/alexnabytek.cz\/kancelarskynabytek\/wp-content\/uploads\/2025\/11\/Mockup-Kancelar-cz-2025.png\",\"contentUrl\":\"https:\/\/alexnabytek.cz\/kancelarskynabytek\/wp-content\/uploads\/2025\/11\/Mockup-Kancelar-cz-2025.png\",\"width\":1080,\"height\":756},{\"@type\":\"BreadcrumbList\",\"@id\":\"https:\/\/alexnabytek.cz\/kancelarskynabytek\/katalogy\/#breadcrumb\",\"itemListElement\":[{\"@type\":\"ListItem\",\"position\":1,\"name\":\"Home\",\"item\":\"https:\/\/alexnabytek.cz\/kancelarskynabytek\/\"},{\"@type\":\"ListItem\",\"position\":2,\"name\":\"Katalogy\"}]},{\"@type\":\"WebSite\",\"@id\":\"https:\/\/alexnabytek.cz\/kancelarskynabytek\/#website\",\"url\":\"https:\/\/alexnabytek.cz\/kancelarskynabytek\/\",\"name\":\"KANCEL\u00c1\u0158SK\u00dd N\u00c1BYTEK\",\"description\":\"Alex kovov\u00fd a \u0161koln\u00ed n\u00e1bytek s.r.o\",\"potentialAction\":[{\"@type\":\"SearchAction\",\"target\":{\"@type\":\"EntryPoint\",\"urlTemplate\":\"https:\/\/alexnabytek.cz\/kancelarskynabytek\/?s={search_term_string}\"},\"query-input\":{\"@type\":\"PropertyValueSpecification\",\"valueRequired\":true,\"valueName\":\"search_term_string\"}}],\"inLanguage\":\"en-US\"}]}<\/script>\n<!-- \/ Yoast SEO plugin. -->","yoast_head_json":{"title":"Katalogy - KANCEL\u00c1\u0158SK\u00dd N\u00c1BYTEK","robots":{"index":"index","follow":"follow","max-snippet":"max-snippet:-1","max-image-preview":"max-image-preview:large","max-video-preview":"max-video-preview:-1"},"canonical":"https:\/\/alexnabytek.cz\/kancelarskynabytek\/katalogy\/","og_locale":"cs_CZ","og_type":"article","og_title":"Katalogy - KANCEL\u00c1\u0158SK\u00dd N\u00c1BYTEK","og_url":"https:\/\/alexnabytek.cz\/kancelarskynabytek\/katalogy\/","og_site_name":"KANCEL\u00c1\u0158SK\u00dd N\u00c1BYTEK","article_modified_time":"2026-01-27T14:42:17+00:00","og_image":[{"width":1600,"height":1200,"url":"https:\/\/alexnabytek.cz\/kancelarskynabytek\/wp-content\/uploads\/2022\/01\/OTB-DM3-195-40-45-03.jpg","type":"image\/jpeg"}],"twitter_card":"summary_large_image","twitter_misc":{"Est. reading time":"2 minutes"},"schema":{"@context":"https:\/\/schema.org","@graph":[{"@type":"WebPage","@id":"https:\/\/alexnabytek.cz\/kancelarskynabytek\/katalogy\/","url":"https:\/\/alexnabytek.cz\/kancelarskynabytek\/katalogy\/","name":"Katalogy - KANCEL\u00c1\u0158SK\u00dd N\u00c1BYTEK","isPartOf":{"@id":"https:\/\/alexnabytek.cz\/kancelarskynabytek\/#website"},"primaryImageOfPage":{"@id":"https:\/\/alexnabytek.cz\/kancelarskynabytek\/katalogy\/#primaryimage"},"image":{"@id":"https:\/\/alexnabytek.cz\/kancelarskynabytek\/katalogy\/#primaryimage"},"thumbnailUrl":"https:\/\/alexnabytek.cz\/kancelarskynabytek\/wp-content\/uploads\/2025\/11\/Mockup-Kancelar-cz-2025.png","datePublished":"2016-06-08T07:58:17+00:00","dateModified":"2026-01-27T14:42:17+00:00","breadcrumb":{"@id":"https:\/\/alexnabytek.cz\/kancelarskynabytek\/katalogy\/#breadcrumb"},"inLanguage":"en-US","potentialAction":[{"@type":"ReadAction","target":["https:\/\/alexnabytek.cz\/kancelarskynabytek\/katalogy\/"]}]},{"@type":"ImageObject","inLanguage":"en-US","@id":"https:\/\/alexnabytek.cz\/kancelarskynabytek\/katalogy\/#primaryimage","url":"https:\/\/alexnabytek.cz\/kancelarskynabytek\/wp-content\/uploads\/2025\/11\/Mockup-Kancelar-cz-2025.png","contentUrl":"https:\/\/alexnabytek.cz\/kancelarskynabytek\/wp-content\/uploads\/2025\/11\/Mockup-Kancelar-cz-2025.png","width":1080,"height":756},{"@type":"BreadcrumbList","@id":"https:\/\/alexnabytek.cz\/kancelarskynabytek\/katalogy\/#breadcrumb","itemListElement":[{"@type":"ListItem","position":1,"name":"Home","item":"https:\/\/alexnabytek.cz\/kancelarskynabytek\/"},{"@type":"ListItem","position":2,"name":"Katalogy"}]},{"@type":"WebSite","@id":"https:\/\/alexnabytek.cz\/kancelarskynabytek\/#website","url":"https:\/\/alexnabytek.cz\/kancelarskynabytek\/","name":"KANCEL\u00c1\u0158SK\u00dd N\u00c1BYTEK","description":"Alex kovov\u00fd a \u0161koln\u00ed n\u00e1bytek s.r.o","potentialAction":[{"@type":"SearchAction","target":{"@type":"EntryPoint","urlTemplate":"https:\/\/alexnabytek.cz\/kancelarskynabytek\/?s={search_term_string}"},"query-input":{"@type":"PropertyValueSpecification","valueRequired":true,"valueName":"search_term_string"}}],"inLanguage":"en-US"}]}},"_links":{"self":[{"href":"https:\/\/alexnabytek.cz\/kancelarskynabytek\/wp-json\/wp\/v2\/pages\/14","targetHints":{"allow":["GET"]}}],"collection":[{"href":"https:\/\/alexnabytek.cz\/kancelarskynabytek\/wp-json\/wp\/v2\/pages"}],"about":[{"href":"https:\/\/alexnabytek.cz\/kancelarskynabytek\/wp-json\/wp\/v2\/types\/page"}],"author":[{"embeddable":true,"href":"https:\/\/alexnabytek.cz\/kancelarskynabytek\/wp-json\/wp\/v2\/users\/3"}],"replies":[{"embeddable":true,"href":"https:\/\/alexnabytek.cz\/kancelarskynabytek\/wp-json\/wp\/v2\/comments?post=14"}],"version-history":[{"count":12,"href":"https:\/\/alexnabytek.cz\/kancelarskynabytek\/wp-json\/wp\/v2\/pages\/14\/revisions"}],"predecessor-version":[{"id":87225,"href":"https:\/\/alexnabytek.cz\/kancelarskynabytek\/wp-json\/wp\/v2\/pages\/14\/revisions\/87225"}],"wp:attachment":[{"href":"https:\/\/alexnabytek.cz\/kancelarskynabytek\/wp-json\/wp\/v2\/media?parent=14"}],"curies":[{"name":"wp","href":"https:\/\/api.w.org\/{rel}","templated":true}]}}