{"id":17,"date":"2016-06-08T07:58:40","date_gmt":"2016-06-08T07:58:40","guid":{"rendered":"http:\/\/szallodabutor.hu\/?page_id=17"},"modified":"2017-10-07T08:23:56","modified_gmt":"2017-10-07T08:23:56","slug":"o-nas","status":"publish","type":"page","link":"https:\/\/alexnabytek.cz\/kancelarskynabytek\/o-nas\/","title":{"rendered":"O n\u00e1s"},"content":{"rendered":"<div id=\"owl-demo\" class=\"owl-carousel owl-theme\">\n<div class=\"item\"><img decoding=\"async\" src=\"https:\/\/alexnabytek.cz\/kancelarskynabytek\/wp-content\/uploads\/2016\/06\/rolunk-1.jpg\" alt=\"Alex B\u00fator - R\u00f3lunk\"><\/div>\n<div class=\"item\"><img decoding=\"async\" src=\"https:\/\/alexnabytek.cz\/kancelarskynabytek\/wp-content\/uploads\/2016\/06\/rolunk-2.jpg\" alt=\"Alex B\u00fator - R\u00f3lunk\"><\/div>\n<div class=\"item\"><img decoding=\"async\" src=\"https:\/\/alexnabytek.cz\/kancelarskynabytek\/wp-content\/uploads\/2016\/06\/rolunk-3.jpg\" alt=\"Alex B\u00fator - R\u00f3lunk\"><\/div>\n<div class=\"item\"><img decoding=\"async\" src=\"https:\/\/alexnabytek.cz\/kancelarskynabytek\/wp-content\/uploads\/2016\/06\/rolunk-4.jpg\" alt=\"Alex B\u00fator - R\u00f3lunk\"><\/div>\n<div class=\"item\"><img decoding=\"async\" src=\"https:\/\/alexnabytek.cz\/kancelarskynabytek\/wp-content\/uploads\/2016\/06\/rolunk-5.jpg\" alt=\"Alex B\u00fator - R\u00f3lunk\"><\/div>\n<div class=\"item\"><img decoding=\"async\" src=\"https:\/\/alexnabytek.cz\/kancelarskynabytek\/wp-content\/uploads\/2016\/06\/rolunk-6-1.jpg\" alt=\"Alex B\u00fator - R\u00f3lunk\"><\/div>\n<div class=\"item\"><img decoding=\"async\" src=\"https:\/\/alexnabytek.cz\/kancelarskynabytek\/wp-content\/uploads\/2016\/06\/rolunk-7.jpg\" alt=\"Alex B\u00fator - R\u00f3lunk\"><\/div>\n<div class=\"item\"><img decoding=\"async\" src=\"https:\/\/alexnabytek.cz\/kancelarskynabytek\/wp-content\/uploads\/2016\/06\/rolunk-8.jpg\" alt=\"Alex B\u00fator - R\u00f3lunk\"><\/div>\n<div class=\"item\"><img decoding=\"async\" src=\"https:\/\/alexnabytek.cz\/kancelarskynabytek\/wp-content\/uploads\/2016\/06\/rolunk-9.jpg\" alt=\"Alex B\u00fator - R\u00f3lunk\"><\/div>\n<\/div>\n<div class=\"spacer\"><\/div><!-- .spacer (end) -->\n<h3>Historie<\/h3>\n<p>Kdy\u017e se v 90. letech otev\u0159ela mo\u017enost svobodn\u00e9ho podnik\u00e1n\u00ed, za\u010dal zakladatel firmy vyr\u00e1b\u011bt a prod\u00e1vat k\u0159\u00eddy. D\u00edky poctiv\u00e9 pr\u00e1ci se prodej stal \u00fasp\u011b\u0161n\u00fdm. Roz\u0161\u00ed\u0159il tedy v\u00fdrobu o \u0161koln\u00ed tabule a n\u00e1sledn\u011b i o \u0161koln\u00ed stoly a \u017eidle. V dne\u0161n\u00ed dob\u011b je jeho firma Alex n\u00e1bytek l\u00eddrem na ma\u010farsk\u00e9m trhu a neust\u00e1le expanduje do okoln\u00edch zem\u00ed. \u010cesk\u00e1 pobo\u010dka vznikla v roce 2004 a v jeho vizi pokra\u010duje.<\/p>\n<div class=\"spacer\"><\/div><!-- .spacer (end) -->\n<h3>Sou\u010dasnost<\/h3>\n<p>Vlastn\u00ed v\u00fdrobn\u00ed a obchodn\u00ed \u010dinnost je zam\u011b\u0159ena p\u0159edev\u0161\u00edm na v\u00fdrobu a prodej n\u00e1bytku \u0161koln\u00edho, pro mate\u0159sk\u00e9 \u0161koly, kancel\u00e1\u0159sk\u00e9ho, restaura\u010dn\u00edho, konferen\u010dn\u00edho a \u0161atn\u00edho, klasick\u00e9ho i modern\u00edho sedac\u00edho n\u00e1bytku a v \u0161irok\u00e9m sortimentu nechyb\u00ed ani nab\u00eddka j\u00eddeln\u00edch sestav pro dom\u00e1cnosti a m\u011bstsk\u00fd mobili\u00e1\u0159.<\/p>\n<p>N\u00e1\u0161 \u0161irok\u00fd sortiment obsahuje mnoho typov\u00e9ho n\u00e1bytku, ale jsme schopni se p\u0159izp\u016fsobit i individu\u00e1ln\u00edm po\u017eadavk\u016fm, vyr\u00e1b\u00edme i atypick\u00fd n\u00e1bytek. Jsme otev\u0159eni pro p\u0159\u00edpadn\u00e9 poskytov\u00e1n\u00ed technick\u00e9 pomoci, projektov\u00e9 pl\u00e1nov\u00e1n\u00ed.<\/p>\n<p>Spole\u010dnost Alex n\u00e1bytek p\u016fsob\u00ed v cel\u00e9 st\u0159edn\u00ed Evrop\u011b, ve\u0161ker\u00e1 v\u00fdroba je soust\u0159ed\u011bna ve v\u00fdrobn\u00edm z\u00e1vod\u011b v ma\u010farsk\u00e9m Zs\u00e1mb\u00e9ku nach\u00e1zej\u00edc\u00edm se 30 km od Budape\u0161ti. N\u00e1bytek se dod\u00e1v\u00e1 do okoln\u00edch zem\u00ed: na Slovensko, do \u010cesk\u00e9 republiky, Rumunska, Rakouska a Chorvatska.<br \/>\nNa\u0161\u00edm posl\u00e1n\u00edm je spokojenost z\u00e1kazn\u00edk\u016f a p\u0159edev\u0161\u00edm d\u011bt\u00ed a mlad\u00fdch lid\u00ed ve \u0161kol\u00e1ch, p\u0159in\u00e1\u0161et jim hezk\u00fd n\u00e1bytek, zkultur\u0148ovat studijn\u00ed prost\u0159ed\u00ed. Na\u0161\u00edm c\u00edlem je neust\u00e1l\u00e9 zlep\u0161ov\u00e1n\u00ed kvality, spokojenost z\u00e1kazn\u00edk\u016f a udr\u017eov\u00e1n\u00ed kroku s modern\u00ed dobou.<\/p>\n<div class=\"spacer\"><\/div><!-- .spacer (end) -->\n","protected":false},"excerpt":{"rendered":"<p>Historie Kdy\u017e se v 90. letech otev\u0159ela mo\u017enost svobodn\u00e9ho podnik\u00e1n\u00ed, za\u010dal zakladatel firmy vyr\u00e1b\u011bt a prod\u00e1vat k\u0159\u00eddy. D\u00edky poctiv\u00e9 pr\u00e1ci se prodej stal \u00fasp\u011b\u0161n\u00fdm. Roz\u0161\u00ed\u0159il tedy v\u00fdrobu o \u0161koln\u00ed tabule a n\u00e1sledn\u011b i o \u0161koln\u00ed stoly a \u017eidle. V dne\u0161n\u00ed dob\u011b je jeho firma Alex n\u00e1bytek l\u00eddrem na ma\u010farsk\u00e9m trhu a neust\u00e1le expanduje do okoln\u00edch zem\u00ed. \u010cesk\u00e1 pobo\u010dka vznikla v&nbsp;<a href=\"https:\/\/alexnabytek.cz\/kancelarskynabytek\/o-nas\/\" class=\"read-more\">...<\/a><\/p>\n","protected":false},"author":3,"featured_media":0,"parent":0,"menu_order":0,"comment_status":"closed","ping_status":"closed","template":"page-fullwidth.php","meta":{"footnotes":""},"class_list":["post-17","page","type-page","status-publish","hentry"],"yoast_head":"<!-- This site is optimized with the Yoast SEO plugin v24.6 - https:\/\/yoast.com\/wordpress\/plugins\/seo\/ -->\n<title>O n\u00e1s - KANCEL\u00c1\u0158SK\u00dd N\u00c1BYTEK<\/title>\n<meta name=\"robots\" content=\"index, follow, max-snippet:-1, max-image-preview:large, max-video-preview:-1\" \/>\n<link rel=\"canonical\" href=\"https:\/\/alexnabytek.cz\/kancelarskynabytek\/o-nas\/\" \/>\n<meta property=\"og:locale\" content=\"cs_CZ\" \/>\n<meta property=\"og:type\" content=\"article\" \/>\n<meta property=\"og:title\" content=\"O n\u00e1s - KANCEL\u00c1\u0158SK\u00dd N\u00c1BYTEK\" \/>\n<meta property=\"og:description\" content=\"Historie Kdy\u017e se v 90. letech otev\u0159ela mo\u017enost svobodn\u00e9ho podnik\u00e1n\u00ed, za\u010dal zakladatel firmy vyr\u00e1b\u011bt a prod\u00e1vat k\u0159\u00eddy. D\u00edky poctiv\u00e9 pr\u00e1ci se prodej stal \u00fasp\u011b\u0161n\u00fdm. Roz\u0161\u00ed\u0159il tedy v\u00fdrobu o \u0161koln\u00ed tabule a n\u00e1sledn\u011b i o \u0161koln\u00ed stoly a \u017eidle. V dne\u0161n\u00ed dob\u011b je jeho firma Alex n\u00e1bytek l\u00eddrem na ma\u010farsk\u00e9m trhu a neust\u00e1le expanduje do okoln\u00edch zem\u00ed. \u010cesk\u00e1 pobo\u010dka vznikla v&nbsp;...\" \/>\n<meta property=\"og:url\" content=\"https:\/\/alexnabytek.cz\/kancelarskynabytek\/o-nas\/\" \/>\n<meta property=\"og:site_name\" content=\"KANCEL\u00c1\u0158SK\u00dd N\u00c1BYTEK\" \/>\n<meta property=\"article:modified_time\" content=\"2017-10-07T08:23:56+00:00\" \/>\n<meta property=\"og:image\" content=\"https:\/\/alexnabytek.cz\/kancelarskynabytek\/wp-content\/uploads\/2016\/06\/rolunk-1.jpg\" \/>\n<meta name=\"twitter:card\" content=\"summary_large_image\" \/>\n<meta name=\"twitter:label1\" content=\"Est. reading time\" \/>\n\t<meta name=\"twitter:data1\" content=\"2 minutes\" \/>\n<script type=\"application\/ld+json\" class=\"yoast-schema-graph\">{\"@context\":\"https:\/\/schema.org\",\"@graph\":[{\"@type\":\"WebPage\",\"@id\":\"https:\/\/alexnabytek.cz\/kancelarskynabytek\/o-nas\/\",\"url\":\"https:\/\/alexnabytek.cz\/kancelarskynabytek\/o-nas\/\",\"name\":\"O n\u00e1s - KANCEL\u00c1\u0158SK\u00dd N\u00c1BYTEK\",\"isPartOf\":{\"@id\":\"https:\/\/alexnabytek.cz\/kancelarskynabytek\/#website\"},\"primaryImageOfPage\":{\"@id\":\"https:\/\/alexnabytek.cz\/kancelarskynabytek\/o-nas\/#primaryimage\"},\"image\":{\"@id\":\"https:\/\/alexnabytek.cz\/kancelarskynabytek\/o-nas\/#primaryimage\"},\"thumbnailUrl\":\"https:\/\/alexnabytek.cz\/kancelarskynabytek\/wp-content\/uploads\/2016\/06\/rolunk-1.jpg\",\"datePublished\":\"2016-06-08T07:58:40+00:00\",\"dateModified\":\"2017-10-07T08:23:56+00:00\",\"breadcrumb\":{\"@id\":\"https:\/\/alexnabytek.cz\/kancelarskynabytek\/o-nas\/#breadcrumb\"},\"inLanguage\":\"en-US\",\"potentialAction\":[{\"@type\":\"ReadAction\",\"target\":[\"https:\/\/alexnabytek.cz\/kancelarskynabytek\/o-nas\/\"]}]},{\"@type\":\"ImageObject\",\"inLanguage\":\"en-US\",\"@id\":\"https:\/\/alexnabytek.cz\/kancelarskynabytek\/o-nas\/#primaryimage\",\"url\":\"https:\/\/alexnabytek.cz\/kancelarskynabytek\/wp-content\/uploads\/2016\/06\/rolunk-1.jpg\",\"contentUrl\":\"https:\/\/alexnabytek.cz\/kancelarskynabytek\/wp-content\/uploads\/2016\/06\/rolunk-1.jpg\",\"width\":1170,\"height\":480},{\"@type\":\"BreadcrumbList\",\"@id\":\"https:\/\/alexnabytek.cz\/kancelarskynabytek\/o-nas\/#breadcrumb\",\"itemListElement\":[{\"@type\":\"ListItem\",\"position\":1,\"name\":\"Home\",\"item\":\"https:\/\/alexnabytek.cz\/kancelarskynabytek\/\"},{\"@type\":\"ListItem\",\"position\":2,\"name\":\"O n\u00e1s\"}]},{\"@type\":\"WebSite\",\"@id\":\"https:\/\/alexnabytek.cz\/kancelarskynabytek\/#website\",\"url\":\"https:\/\/alexnabytek.cz\/kancelarskynabytek\/\",\"name\":\"KANCEL\u00c1\u0158SK\u00dd N\u00c1BYTEK\",\"description\":\"Alex kovov\u00fd a \u0161koln\u00ed n\u00e1bytek s.r.o\",\"potentialAction\":[{\"@type\":\"SearchAction\",\"target\":{\"@type\":\"EntryPoint\",\"urlTemplate\":\"https:\/\/alexnabytek.cz\/kancelarskynabytek\/?s={search_term_string}\"},\"query-input\":{\"@type\":\"PropertyValueSpecification\",\"valueRequired\":true,\"valueName\":\"search_term_string\"}}],\"inLanguage\":\"en-US\"}]}<\/script>\n<!-- \/ Yoast SEO plugin. -->","yoast_head_json":{"title":"O n\u00e1s - KANCEL\u00c1\u0158SK\u00dd N\u00c1BYTEK","robots":{"index":"index","follow":"follow","max-snippet":"max-snippet:-1","max-image-preview":"max-image-preview:large","max-video-preview":"max-video-preview:-1"},"canonical":"https:\/\/alexnabytek.cz\/kancelarskynabytek\/o-nas\/","og_locale":"cs_CZ","og_type":"article","og_title":"O n\u00e1s - KANCEL\u00c1\u0158SK\u00dd N\u00c1BYTEK","og_description":"Historie Kdy\u017e se v 90. letech otev\u0159ela mo\u017enost svobodn\u00e9ho podnik\u00e1n\u00ed, za\u010dal zakladatel firmy vyr\u00e1b\u011bt a prod\u00e1vat k\u0159\u00eddy. D\u00edky poctiv\u00e9 pr\u00e1ci se prodej stal \u00fasp\u011b\u0161n\u00fdm. Roz\u0161\u00ed\u0159il tedy v\u00fdrobu o \u0161koln\u00ed tabule a n\u00e1sledn\u011b i o \u0161koln\u00ed stoly a \u017eidle. V dne\u0161n\u00ed dob\u011b je jeho firma Alex n\u00e1bytek l\u00eddrem na ma\u010farsk\u00e9m trhu a neust\u00e1le expanduje do okoln\u00edch zem\u00ed. \u010cesk\u00e1 pobo\u010dka vznikla v&nbsp;...","og_url":"https:\/\/alexnabytek.cz\/kancelarskynabytek\/o-nas\/","og_site_name":"KANCEL\u00c1\u0158SK\u00dd N\u00c1BYTEK","article_modified_time":"2017-10-07T08:23:56+00:00","og_image":[{"url":"https:\/\/alexnabytek.cz\/kancelarskynabytek\/wp-content\/uploads\/2016\/06\/rolunk-1.jpg","type":"","width":"","height":""}],"twitter_card":"summary_large_image","twitter_misc":{"Est. reading time":"2 minutes"},"schema":{"@context":"https:\/\/schema.org","@graph":[{"@type":"WebPage","@id":"https:\/\/alexnabytek.cz\/kancelarskynabytek\/o-nas\/","url":"https:\/\/alexnabytek.cz\/kancelarskynabytek\/o-nas\/","name":"O n\u00e1s - KANCEL\u00c1\u0158SK\u00dd N\u00c1BYTEK","isPartOf":{"@id":"https:\/\/alexnabytek.cz\/kancelarskynabytek\/#website"},"primaryImageOfPage":{"@id":"https:\/\/alexnabytek.cz\/kancelarskynabytek\/o-nas\/#primaryimage"},"image":{"@id":"https:\/\/alexnabytek.cz\/kancelarskynabytek\/o-nas\/#primaryimage"},"thumbnailUrl":"https:\/\/alexnabytek.cz\/kancelarskynabytek\/wp-content\/uploads\/2016\/06\/rolunk-1.jpg","datePublished":"2016-06-08T07:58:40+00:00","dateModified":"2017-10-07T08:23:56+00:00","breadcrumb":{"@id":"https:\/\/alexnabytek.cz\/kancelarskynabytek\/o-nas\/#breadcrumb"},"inLanguage":"en-US","potentialAction":[{"@type":"ReadAction","target":["https:\/\/alexnabytek.cz\/kancelarskynabytek\/o-nas\/"]}]},{"@type":"ImageObject","inLanguage":"en-US","@id":"https:\/\/alexnabytek.cz\/kancelarskynabytek\/o-nas\/#primaryimage","url":"https:\/\/alexnabytek.cz\/kancelarskynabytek\/wp-content\/uploads\/2016\/06\/rolunk-1.jpg","contentUrl":"https:\/\/alexnabytek.cz\/kancelarskynabytek\/wp-content\/uploads\/2016\/06\/rolunk-1.jpg","width":1170,"height":480},{"@type":"BreadcrumbList","@id":"https:\/\/alexnabytek.cz\/kancelarskynabytek\/o-nas\/#breadcrumb","itemListElement":[{"@type":"ListItem","position":1,"name":"Home","item":"https:\/\/alexnabytek.cz\/kancelarskynabytek\/"},{"@type":"ListItem","position":2,"name":"O n\u00e1s"}]},{"@type":"WebSite","@id":"https:\/\/alexnabytek.cz\/kancelarskynabytek\/#website","url":"https:\/\/alexnabytek.cz\/kancelarskynabytek\/","name":"KANCEL\u00c1\u0158SK\u00dd N\u00c1BYTEK","description":"Alex kovov\u00fd a \u0161koln\u00ed n\u00e1bytek s.r.o","potentialAction":[{"@type":"SearchAction","target":{"@type":"EntryPoint","urlTemplate":"https:\/\/alexnabytek.cz\/kancelarskynabytek\/?s={search_term_string}"},"query-input":{"@type":"PropertyValueSpecification","valueRequired":true,"valueName":"search_term_string"}}],"inLanguage":"en-US"}]}},"_links":{"self":[{"href":"https:\/\/alexnabytek.cz\/kancelarskynabytek\/wp-json\/wp\/v2\/pages\/17","targetHints":{"allow":["GET"]}}],"collection":[{"href":"https:\/\/alexnabytek.cz\/kancelarskynabytek\/wp-json\/wp\/v2\/pages"}],"about":[{"href":"https:\/\/alexnabytek.cz\/kancelarskynabytek\/wp-json\/wp\/v2\/types\/page"}],"author":[{"embeddable":true,"href":"https:\/\/alexnabytek.cz\/kancelarskynabytek\/wp-json\/wp\/v2\/users\/3"}],"replies":[{"embeddable":true,"href":"https:\/\/alexnabytek.cz\/kancelarskynabytek\/wp-json\/wp\/v2\/comments?post=17"}],"version-history":[{"count":2,"href":"https:\/\/alexnabytek.cz\/kancelarskynabytek\/wp-json\/wp\/v2\/pages\/17\/revisions"}],"predecessor-version":[{"id":45515,"href":"https:\/\/alexnabytek.cz\/kancelarskynabytek\/wp-json\/wp\/v2\/pages\/17\/revisions\/45515"}],"wp:attachment":[{"href":"https:\/\/alexnabytek.cz\/kancelarskynabytek\/wp-json\/wp\/v2\/media?parent=17"}],"curies":[{"name":"wp","href":"https:\/\/api.w.org\/{rel}","templated":true}]}}