{"id":1874,"date":"2016-06-30T15:54:15","date_gmt":"2016-06-30T15:54:15","guid":{"rendered":"http:\/\/szallodabutor.hu\/?page_id=1874"},"modified":"2024-04-28T15:08:00","modified_gmt":"2024-04-28T15:08:00","slug":"faq","status":"publish","type":"page","link":"https:\/\/alexnabytek.cz\/kancelarskynabytek\/faq\/","title":{"rendered":"FAQ"},"content":{"rendered":"<div id=\"id-1431997214\" class=\"accordion\">\n<div class=\"accordion-group\">\n<div class=\"accordion-heading\"><a class=\"accordion-toggle collapsed\" data-toggle=\"collapse\" data-parent=\"#id-1431997214\" href=\"#663113222\">Je mo\u017en\u00e1 platba kartou? Jak\u00e9 jsou mo\u017enosti \u00fahrady faktur?<\/strong><\/a><\/div>\n<div class=\"accordion-body  collapse\" id=\"663113222\" style=\"height: 0px;\">\n<div class=\"accordion-inner\">Preferujeme platby bankovn\u00edm p\u0159evodem po vystaven\u00ed faktury \u010di z\u00e1lohov\u00e9 faktury.<\/div>\n<\/div>\n<\/div>\n<div class=\"accordion-group\">\n<div class=\"accordion-heading\"><a class=\"accordion-toggle collapsed\" data-toggle=\"collapse\" data-parent=\"#id-1431997214\" href=\"#663113555\">Realizujete i kusov\u00e9 objedn\u00e1vky?<\/strong><\/a><\/div>\n<div class=\"accordion-body  collapse\" id=\"663113555\" style=\"height: 0px;\">\n<div class=\"accordion-inner\">Poskytujeme slu\u017eby p\u0159edev\u0161\u00edm pro soukrom\u00e9 firmy, spole\u010dnosti a ve\u0159ejn\u00e9 instituce. Moment\u00e1ln\u011b nen\u00ed v na\u0161ich sil\u00e1ch vyr\u00e1b\u011bt a dod\u00e1vat jednotliv\u00e9 produkty pro soukrom\u00e9 osoby. Pokud m\u00e1te z\u00e1jem o dod\u00e1vku men\u0161\u00edho rozsahu, \u017e\u00e1dejte, pros\u00edm o individu\u00e1ln\u00ed cenovou nab\u00eddku.<\/div>\n<\/div>\n<\/div>\n<div class=\"accordion-group\">\n<div class=\"accordion-heading\"><a class=\"accordion-toggle collapsed\" data-toggle=\"collapse\" data-parent=\"#id-1431997214\" href=\"#663113990\">Jak\u00e9 \u00fadaje mus\u00edm uv\u00e9st v objedn\u00e1vce?<\/strong><\/a><\/div>\n<div class=\"accordion-body  collapse\" id=\"663113990\" style=\"height: 0px;\">\n<div class=\"accordion-inner\">V ka\u017ed\u00e9m p\u0159\u00edpad\u011b mus\u00ed b\u00fdt uvedena adresa a kontakt na objedn\u00e1vaj\u00edc\u00edho, I\u010cO, po\u017eadovan\u00e9 produkty s po\u010dty kus\u016f a m\u00edsto dod\u00e1n\u00ed.<\/div>\n<\/div>\n<\/div>\n<div class=\"accordion-group\">\n<div class=\"accordion-heading\"><a class=\"accordion-toggle collapsed\" data-toggle=\"collapse\" data-parent=\"#id-1431997214\" href=\"#454011181\">Kde najdu voliteln\u00e9 barvy a jejich ceny? <\/a><\/div>\n<div class=\"accordion-body  collapse\" id=\"454011181\" style=\"height: 0px;\">\n<div class=\"accordion-inner\">V\u0161echny kovov\u00e9 konstrukce a desky dod\u00e1v\u00e1me v z\u00e1kladn\u00ed barv\u011b, kter\u00e1 je u nich uvedena, za p\u0159\u00edplatek je mo\u017en\u00e9 proveden\u00ed v jin\u00fdch barevn\u00fdch odst\u00ednech. L\u00e1tky jsou v cenov\u00fdch kategori\u00edch I-IV, podrobn\u011bj\u0161\u00ed informace V\u00e1m sd\u011bl\u00ed na\u0161e obchodn\u00ed odd\u011blen\u00ed.<\/div>\n<\/div>\n<\/div>\n<div class=\"accordion-group\">\n<div class=\"accordion-heading\"><a class=\"accordion-toggle\" data-toggle=\"collapse\" data-parent=\"#id-1431997214\" href=\"#1106547022\">Kde najdu \u010d\u00edslo potvrzen\u00e9 zak\u00e1zky?<\/a><\/div>\n<div class=\"accordion-body  collapse\" id=\"1106547022\" style=\"height: 0px;\">\n<div class=\"accordion-inner\">Na \u201eZak\u00e1zkov\u00e9m list\u011b\u201d vpravo naho\u0159e je \u010d\u00edslo zak\u00e1zky, skl\u00e1d\u00e1 se z jednoho p\u00edsmena a \u010d\u00edsel. Potvrzen\u00ed objedn\u00e1vky obsahuje v\u0161echny pot\u0159ebn\u00e9 \u00fadaje, kter\u00e9 z\u00e1kazn\u00edk mus\u00ed zkontrolovat, aby nedo\u0161lo k z\u00e1m\u011bn\u011b.<\/div>\n<\/div>\n<\/div>\n<div class=\"accordion-group\">\n<div class=\"accordion-heading\"><a class=\"accordion-toggle\" data-toggle=\"collapse\" data-parent=\"#id-1431997214\" href=\"#1419186617\">Kdy obdr\u017e\u00edm objednan\u00e9 zbo\u017e\u00ed, m\u016f\u017eu zm\u011bnit term\u00edn dod\u00e1n\u00ed?<\/a><\/div>\n<div class=\"accordion-body  collapse\" id=\"1419186617\" style=\"height: 0px;\">\n<div class=\"accordion-inner\">Term\u00edn dod\u00e1n\u00ed je uveden na zak\u00e1zkov\u00e9m list\u011b. B\u011b\u017en\u011b se pohybuje v rozmez\u00ed 4 \u2013 6 t\u00fddn\u016f po potvrzen\u00ed objedn\u00e1vky. Samoz\u0159ejm\u011b se sna\u017e\u00edme o d\u0159\u00edv\u011bj\u0161\u00ed dod\u00e1n\u00ed, z\u00e1le\u017e\u00ed na vyt\u00ed\u017eenosti v\u00fdroby a spedice. Term\u00edn dod\u00e1n\u00ed je mo\u017en\u00e9 zm\u011bnit na z\u00e1klad\u011b p\u00edsemn\u00e9ho po\u017eadavku z\u00e1kazn\u00edka po domluv\u011b s obchodn\u00edm odd\u011blen\u00edm. <\/div>\n<\/div>\n<\/div>\n<div class=\"accordion-group\">\n<div class=\"accordion-heading\"><a class=\"accordion-toggle\" data-toggle=\"collapse\" data-parent=\"#id-1431997214\" href=\"#333149878\">Z\u00e1lohovou fakturu jsem uhradil po term\u00ednu, ale pot\u0159eboval bych dodat zbo\u017e\u00ed co nejd\u0159\u00edve, kdy se bude expedovat? <\/a><\/div>\n<div class=\"accordion-body collapse \" id=\"333149878\">\n<div class=\"accordion-inner\">V tomto p\u0159\u00edpad\u011b se budete muset obr\u00e1tit na na\u0161e obchodn\u00ed odd\u011blen\u00ed a domluvit se individu\u00e1ln\u011b, v\u00fdroba nebyla zah\u00e1jena v term\u00ednu z d\u016fvodu opo\u017ed\u011bn\u00e9 platby. <\/div>\n<\/div>\n<\/div>\n<div class=\"accordion-group\">\n<div class=\"accordion-heading\"><a class=\"accordion-toggle\" data-toggle=\"collapse\" data-parent=\"#id-1431997214\" href=\"#1545107241\">Je mo\u017en\u00e1 platba kartou? Jak\u00e9 jsou mo\u017enosti \u00fahrady z\u00e1lohov\u00e9 faktury? <\/a><\/div>\n<div class=\"accordion-body collapse \" id=\"1545107241\">\n<div class=\"accordion-inner\">P\u0159i reklamaci je nutn\u00e9 uv\u00e9st \u010d\u00edslo zak\u00e1zky nebo faktury, popsat co nejp\u0159esn\u011bji vadu, nejl\u00e9pe p\u0159ilo\u017eit fotodokumentaci z\u00e1vady.<\/div>\n<\/div>\n<\/div>\n<div class=\"accordion-group\">\n<div class=\"accordion-heading\"><a class=\"accordion-toggle\" data-toggle=\"collapse\" data-parent=\"#id-1431997214\" href=\"#1871364620\">Mohu si po\u017eadovan\u00e9 zbo\u017e\u00ed prohl\u00e9dnout? <\/a><\/div>\n<div class=\"accordion-body collapse \" id=\"1871364620\">\n<div class=\"accordion-inner\">Pokud m\u00e1me po\u017eadovan\u00e9 zbo\u017e\u00ed skladem, nen\u00ed probl\u00e9m se domluvit na uk\u00e1zce. P\u0159\u00edpadn\u00e9 dotazy sm\u011b\u0159ujte na obchodn\u00ed odd\u011blen\u00ed.<\/div>\n<\/div>\n<\/div>\n<div class=\"accordion-group\">\n<div class=\"accordion-heading\"><a class=\"accordion-toggle\" data-toggle=\"collapse\" data-parent=\"#id-1431997214\" href=\"#1353489475\">Je sou\u010d\u00e1st\u00ed dod\u00e1vky i mont\u00e1\u017e, vykl\u00e1dka zbo\u017e\u00ed a vyn\u00e1\u0161ka do patra? <\/a><\/div>\n<div class=\"accordion-body collapse \" id=\"1353489475\">\n<div class=\"accordion-inner\">Dopravu zaji\u0161\u0165uje pouze \u0159idi\u010d s\u00e1m, vykl\u00e1dka nen\u00ed sou\u010d\u00e1st\u00ed, proto je vhodn\u00e9, aby si z\u00e1kazn\u00edk zajistil vykl\u00e1dku, p\u0159\u00edpadn\u011b vyn\u00e1\u0161ku do patra. Zbo\u017e\u00ed dod\u00e1v\u00e1me ve smontovan\u00e9m stavu, mont\u00e1\u017e nen\u00ed nutn\u00e1.<\/div>\n<\/div>\n<\/div>\n<div class=\"accordion-group\">\n<div class=\"accordion-heading\"><a class=\"accordion-toggle\" data-toggle=\"collapse\" data-parent=\"#id-1431997214\" href=\"#1040780041\">Jsou ceny u produkt\u016f uv\u00e1d\u011bny v\u010detn\u011b DPH?<\/a><\/div>\n<div class=\"accordion-body collapse \" id=\"1040780041\">\n<div class=\"accordion-inner\">Nen\u00ed-li uvedeno jinak, jsou ceny uv\u00e1d\u011bny bez DPH, pro z\u00e1kladn\u00ed proveden\u00ed v\u00fdrobku. P\u0159i pou\u017eit\u00ed nadstandartn\u00edch materi\u00e1l\u016f je p\u0159ipo\u010d\u00edt\u00e1v\u00e1na p\u0159ir\u00e1\u017eka. P\u0159\u00edpadn\u00e9 dotazy sm\u011brujte k na\u0161emu obchodn\u00edmu odd\u011blen\u00ed. Vyhrazujeme si pr\u00e1vo m\u011bnit ceny dle aktu\u00e1ln\u00edho kurzu m\u011bny.<\/div>\n<\/div>\n<\/div>\n<\/div>\n","protected":false},"excerpt":{"rendered":"<p>Je mo\u017en\u00e1 platba kartou? Jak\u00e9 jsou mo\u017enosti \u00fahrady faktur? Preferujeme platby bankovn\u00edm p\u0159evodem po vystaven\u00ed faktury \u010di z\u00e1lohov\u00e9 faktury. Realizujete i kusov\u00e9 objedn\u00e1vky? Poskytujeme slu\u017eby p\u0159edev\u0161\u00edm pro soukrom\u00e9 firmy, spole\u010dnosti a ve\u0159ejn\u00e9 instituce. Moment\u00e1ln\u011b nen\u00ed v na\u0161ich sil\u00e1ch vyr\u00e1b\u011bt a dod\u00e1vat jednotliv\u00e9 produkty pro soukrom\u00e9 osoby. Pokud m\u00e1te z\u00e1jem o dod\u00e1vku men\u0161\u00edho rozsahu, \u017e\u00e1dejte, pros\u00edm o individu\u00e1ln\u00ed cenovou nab\u00eddku. Jak\u00e9&nbsp;<a href=\"https:\/\/alexnabytek.cz\/kancelarskynabytek\/faq\/\" class=\"read-more\">...<\/a><\/p>\n","protected":false},"author":3,"featured_media":0,"parent":0,"menu_order":0,"comment_status":"closed","ping_status":"closed","template":"page-fullwidth.php","meta":{"footnotes":""},"class_list":["post-1874","page","type-page","status-publish","hentry"],"yoast_head":"<!-- This site is optimized with the Yoast SEO plugin v24.6 - https:\/\/yoast.com\/wordpress\/plugins\/seo\/ -->\n<title>FAQ - KANCEL\u00c1\u0158SK\u00dd N\u00c1BYTEK<\/title>\n<meta name=\"robots\" content=\"index, follow, max-snippet:-1, max-image-preview:large, max-video-preview:-1\" \/>\n<link rel=\"canonical\" href=\"https:\/\/alexnabytek.cz\/kancelarskynabytek\/faq\/\" \/>\n<meta property=\"og:locale\" content=\"cs_CZ\" \/>\n<meta property=\"og:type\" content=\"article\" \/>\n<meta property=\"og:title\" content=\"FAQ - KANCEL\u00c1\u0158SK\u00dd N\u00c1BYTEK\" \/>\n<meta property=\"og:description\" content=\"Je mo\u017en\u00e1 platba kartou? Jak\u00e9 jsou mo\u017enosti \u00fahrady faktur? Preferujeme platby bankovn\u00edm p\u0159evodem po vystaven\u00ed faktury \u010di z\u00e1lohov\u00e9 faktury. Realizujete i kusov\u00e9 objedn\u00e1vky? Poskytujeme slu\u017eby p\u0159edev\u0161\u00edm pro soukrom\u00e9 firmy, spole\u010dnosti a ve\u0159ejn\u00e9 instituce. Moment\u00e1ln\u011b nen\u00ed v na\u0161ich sil\u00e1ch vyr\u00e1b\u011bt a dod\u00e1vat jednotliv\u00e9 produkty pro soukrom\u00e9 osoby. Pokud m\u00e1te z\u00e1jem o dod\u00e1vku men\u0161\u00edho rozsahu, \u017e\u00e1dejte, pros\u00edm o individu\u00e1ln\u00ed cenovou nab\u00eddku. Jak\u00e9&nbsp;...\" \/>\n<meta property=\"og:url\" content=\"https:\/\/alexnabytek.cz\/kancelarskynabytek\/faq\/\" \/>\n<meta property=\"og:site_name\" content=\"KANCEL\u00c1\u0158SK\u00dd N\u00c1BYTEK\" \/>\n<meta property=\"article:modified_time\" content=\"2024-04-28T15:08:00+00:00\" \/>\n<meta name=\"twitter:card\" content=\"summary_large_image\" \/>\n<meta name=\"twitter:label1\" content=\"Est. reading time\" \/>\n\t<meta name=\"twitter:data1\" content=\"3 minutes\" \/>\n<script type=\"application\/ld+json\" class=\"yoast-schema-graph\">{\"@context\":\"https:\/\/schema.org\",\"@graph\":[{\"@type\":\"WebPage\",\"@id\":\"https:\/\/alexnabytek.cz\/kancelarskynabytek\/faq\/\",\"url\":\"https:\/\/alexnabytek.cz\/kancelarskynabytek\/faq\/\",\"name\":\"FAQ - KANCEL\u00c1\u0158SK\u00dd N\u00c1BYTEK\",\"isPartOf\":{\"@id\":\"https:\/\/alexnabytek.cz\/kancelarskynabytek\/#website\"},\"datePublished\":\"2016-06-30T15:54:15+00:00\",\"dateModified\":\"2024-04-28T15:08:00+00:00\",\"breadcrumb\":{\"@id\":\"https:\/\/alexnabytek.cz\/kancelarskynabytek\/faq\/#breadcrumb\"},\"inLanguage\":\"en-US\",\"potentialAction\":[{\"@type\":\"ReadAction\",\"target\":[\"https:\/\/alexnabytek.cz\/kancelarskynabytek\/faq\/\"]}]},{\"@type\":\"BreadcrumbList\",\"@id\":\"https:\/\/alexnabytek.cz\/kancelarskynabytek\/faq\/#breadcrumb\",\"itemListElement\":[{\"@type\":\"ListItem\",\"position\":1,\"name\":\"Home\",\"item\":\"https:\/\/alexnabytek.cz\/kancelarskynabytek\/\"},{\"@type\":\"ListItem\",\"position\":2,\"name\":\"FAQ\"}]},{\"@type\":\"WebSite\",\"@id\":\"https:\/\/alexnabytek.cz\/kancelarskynabytek\/#website\",\"url\":\"https:\/\/alexnabytek.cz\/kancelarskynabytek\/\",\"name\":\"KANCEL\u00c1\u0158SK\u00dd N\u00c1BYTEK\",\"description\":\"Alex kovov\u00fd a \u0161koln\u00ed n\u00e1bytek s.r.o\",\"potentialAction\":[{\"@type\":\"SearchAction\",\"target\":{\"@type\":\"EntryPoint\",\"urlTemplate\":\"https:\/\/alexnabytek.cz\/kancelarskynabytek\/?s={search_term_string}\"},\"query-input\":{\"@type\":\"PropertyValueSpecification\",\"valueRequired\":true,\"valueName\":\"search_term_string\"}}],\"inLanguage\":\"en-US\"}]}<\/script>\n<!-- \/ Yoast SEO plugin. -->","yoast_head_json":{"title":"FAQ - KANCEL\u00c1\u0158SK\u00dd N\u00c1BYTEK","robots":{"index":"index","follow":"follow","max-snippet":"max-snippet:-1","max-image-preview":"max-image-preview:large","max-video-preview":"max-video-preview:-1"},"canonical":"https:\/\/alexnabytek.cz\/kancelarskynabytek\/faq\/","og_locale":"cs_CZ","og_type":"article","og_title":"FAQ - KANCEL\u00c1\u0158SK\u00dd N\u00c1BYTEK","og_description":"Je mo\u017en\u00e1 platba kartou? Jak\u00e9 jsou mo\u017enosti \u00fahrady faktur? Preferujeme platby bankovn\u00edm p\u0159evodem po vystaven\u00ed faktury \u010di z\u00e1lohov\u00e9 faktury. Realizujete i kusov\u00e9 objedn\u00e1vky? Poskytujeme slu\u017eby p\u0159edev\u0161\u00edm pro soukrom\u00e9 firmy, spole\u010dnosti a ve\u0159ejn\u00e9 instituce. Moment\u00e1ln\u011b nen\u00ed v na\u0161ich sil\u00e1ch vyr\u00e1b\u011bt a dod\u00e1vat jednotliv\u00e9 produkty pro soukrom\u00e9 osoby. Pokud m\u00e1te z\u00e1jem o dod\u00e1vku men\u0161\u00edho rozsahu, \u017e\u00e1dejte, pros\u00edm o individu\u00e1ln\u00ed cenovou nab\u00eddku. Jak\u00e9&nbsp;...","og_url":"https:\/\/alexnabytek.cz\/kancelarskynabytek\/faq\/","og_site_name":"KANCEL\u00c1\u0158SK\u00dd N\u00c1BYTEK","article_modified_time":"2024-04-28T15:08:00+00:00","twitter_card":"summary_large_image","twitter_misc":{"Est. reading time":"3 minutes"},"schema":{"@context":"https:\/\/schema.org","@graph":[{"@type":"WebPage","@id":"https:\/\/alexnabytek.cz\/kancelarskynabytek\/faq\/","url":"https:\/\/alexnabytek.cz\/kancelarskynabytek\/faq\/","name":"FAQ - KANCEL\u00c1\u0158SK\u00dd N\u00c1BYTEK","isPartOf":{"@id":"https:\/\/alexnabytek.cz\/kancelarskynabytek\/#website"},"datePublished":"2016-06-30T15:54:15+00:00","dateModified":"2024-04-28T15:08:00+00:00","breadcrumb":{"@id":"https:\/\/alexnabytek.cz\/kancelarskynabytek\/faq\/#breadcrumb"},"inLanguage":"en-US","potentialAction":[{"@type":"ReadAction","target":["https:\/\/alexnabytek.cz\/kancelarskynabytek\/faq\/"]}]},{"@type":"BreadcrumbList","@id":"https:\/\/alexnabytek.cz\/kancelarskynabytek\/faq\/#breadcrumb","itemListElement":[{"@type":"ListItem","position":1,"name":"Home","item":"https:\/\/alexnabytek.cz\/kancelarskynabytek\/"},{"@type":"ListItem","position":2,"name":"FAQ"}]},{"@type":"WebSite","@id":"https:\/\/alexnabytek.cz\/kancelarskynabytek\/#website","url":"https:\/\/alexnabytek.cz\/kancelarskynabytek\/","name":"KANCEL\u00c1\u0158SK\u00dd N\u00c1BYTEK","description":"Alex kovov\u00fd a \u0161koln\u00ed n\u00e1bytek s.r.o","potentialAction":[{"@type":"SearchAction","target":{"@type":"EntryPoint","urlTemplate":"https:\/\/alexnabytek.cz\/kancelarskynabytek\/?s={search_term_string}"},"query-input":{"@type":"PropertyValueSpecification","valueRequired":true,"valueName":"search_term_string"}}],"inLanguage":"en-US"}]}},"_links":{"self":[{"href":"https:\/\/alexnabytek.cz\/kancelarskynabytek\/wp-json\/wp\/v2\/pages\/1874","targetHints":{"allow":["GET"]}}],"collection":[{"href":"https:\/\/alexnabytek.cz\/kancelarskynabytek\/wp-json\/wp\/v2\/pages"}],"about":[{"href":"https:\/\/alexnabytek.cz\/kancelarskynabytek\/wp-json\/wp\/v2\/types\/page"}],"author":[{"embeddable":true,"href":"https:\/\/alexnabytek.cz\/kancelarskynabytek\/wp-json\/wp\/v2\/users\/3"}],"replies":[{"embeddable":true,"href":"https:\/\/alexnabytek.cz\/kancelarskynabytek\/wp-json\/wp\/v2\/comments?post=1874"}],"version-history":[{"count":3,"href":"https:\/\/alexnabytek.cz\/kancelarskynabytek\/wp-json\/wp\/v2\/pages\/1874\/revisions"}],"predecessor-version":[{"id":67435,"href":"https:\/\/alexnabytek.cz\/kancelarskynabytek\/wp-json\/wp\/v2\/pages\/1874\/revisions\/67435"}],"wp:attachment":[{"href":"https:\/\/alexnabytek.cz\/kancelarskynabytek\/wp-json\/wp\/v2\/media?parent=1874"}],"curies":[{"name":"wp","href":"https:\/\/api.w.org\/{rel}","templated":true}]}}