{"id":41548,"date":"2017-04-19T08:57:12","date_gmt":"2017-04-19T08:57:12","guid":{"rendered":"http:\/\/alexbutor.hu\/irodabutor\/?page_id=41548"},"modified":"2025-09-12T12:38:14","modified_gmt":"2025-09-12T12:38:14","slug":"skladovani","status":"publish","type":"page","link":"https:\/\/alexnabytek.cz\/kancelarskynabytek\/kategorie\/skladovani\/","title":{"rendered":"Kancel\u00e1\u0159sk\u00e9 sk\u0159\u00edn\u011b"},"content":{"rendered":"<div class=\"butorlaposkat\">\n\r\n\t<li class=\"portfolio_item isotope-item\"><div class=\"portfolio_item_holder\"><figure class=\"thumbnail thumbnail__portfolio\"><a href=\"https:\/\/alexnabytek.cz\/kancelarskynabytek\/kategorie\/skladovani\/skrine\/\" class=\"image-wrap\"><img decoding=\"async\" src=\"https:\/\/alexnabytek.cz\/kancelarskynabytek\/wp-content\/uploads\/2023\/09\/website_kategoria_szekrenysor-1.webp\" alt=\"Sk\u0159\u00edn\u011b\"><\/a><\/figure><div class=\"caption caption__portfolio\"><h3><a href=\"https:\/\/alexnabytek.cz\/kancelarskynabytek\/kategorie\/skladovani\/skrine\/\">Sk\u0159\u00edn\u011b<\/a><\/h3><\/div><\/div><\/li>\n\r\n\t<li class=\"portfolio_item isotope-item\"><div class=\"portfolio_item_holder\"><figure class=\"thumbnail thumbnail__portfolio\"><a href=\"https:\/\/alexnabytek.cz\/kancelarskynabytek\/kategorie\/skladovani\/cube-locker\/\" class=\"image-wrap\"><img decoding=\"async\" src=\"https:\/\/alexnabytek.cz\/kancelarskynabytek\/wp-content\/uploads\/2023\/09\/website_kategoria_cube-locker.webp\" alt=\"Cube locker\"><\/a><\/figure><div class=\"caption caption__portfolio\"><h3><a href=\"https:\/\/alexnabytek.cz\/kancelarskynabytek\/kategorie\/skladovani\/cube-locker\/\">Cube locker<\/a><\/h3><\/div><\/div><\/li>\n\r\n\t<li class=\"portfolio_item isotope-item\"><div class=\"portfolio_item_holder\"><figure class=\"thumbnail thumbnail__portfolio\"><a href=\"https:\/\/alexnabytek.cz\/kancelarskynabytek\/kategorie\/skladovani\/kontejnery\/\" class=\"image-wrap\"><img decoding=\"async\" src=\"https:\/\/alexnabytek.cz\/kancelarskynabytek\/wp-content\/uploads\/2023\/09\/website_kategoria_flynn-kontener.webp\" alt=\"Kontejnery\"><\/a><\/figure><div class=\"caption caption__portfolio\"><h3><a href=\"https:\/\/alexnabytek.cz\/kancelarskynabytek\/kategorie\/skladovani\/kontejnery\/\">Kontejnery<\/a><\/h3><\/div><\/div><\/li>\n<\/div>\n","protected":false},"excerpt":{"rendered":"","protected":false},"author":3,"featured_media":0,"parent":12,"menu_order":0,"comment_status":"closed","ping_status":"closed","template":"page-uj-alexsub.php","meta":{"footnotes":""},"class_list":["post-41548","page","type-page","status-publish","hentry"],"yoast_head":"<!-- This site is optimized with the Yoast SEO plugin v24.6 - https:\/\/yoast.com\/wordpress\/plugins\/seo\/ -->\n<title>Kancel\u00e1\u0159sk\u00e9 sk\u0159\u00edn\u011b - KANCEL\u00c1\u0158SK\u00dd N\u00c1BYTEK<\/title>\n<meta name=\"robots\" content=\"index, follow, max-snippet:-1, max-image-preview:large, max-video-preview:-1\" \/>\n<link rel=\"canonical\" href=\"https:\/\/alexnabytek.cz\/kancelarskynabytek\/kategorie\/skladovani\/\" \/>\n<meta property=\"og:locale\" content=\"cs_CZ\" \/>\n<meta property=\"og:type\" content=\"article\" \/>\n<meta property=\"og:title\" content=\"Kancel\u00e1\u0159sk\u00e9 sk\u0159\u00edn\u011b - KANCEL\u00c1\u0158SK\u00dd N\u00c1BYTEK\" \/>\n<meta property=\"og:url\" content=\"https:\/\/alexnabytek.cz\/kancelarskynabytek\/kategorie\/skladovani\/\" \/>\n<meta property=\"og:site_name\" content=\"KANCEL\u00c1\u0158SK\u00dd N\u00c1BYTEK\" \/>\n<meta property=\"article:modified_time\" content=\"2025-09-12T12:38:14+00:00\" \/>\n<meta name=\"twitter:card\" content=\"summary_large_image\" \/>\n<meta name=\"twitter:label1\" content=\"Est. reading time\" \/>\n\t<meta name=\"twitter:data1\" content=\"1 minute\" \/>\n<script type=\"application\/ld+json\" class=\"yoast-schema-graph\">{\"@context\":\"https:\/\/schema.org\",\"@graph\":[{\"@type\":\"WebPage\",\"@id\":\"https:\/\/alexnabytek.cz\/kancelarskynabytek\/kategorie\/skladovani\/\",\"url\":\"https:\/\/alexnabytek.cz\/kancelarskynabytek\/kategorie\/skladovani\/\",\"name\":\"Kancel\u00e1\u0159sk\u00e9 sk\u0159\u00edn\u011b - KANCEL\u00c1\u0158SK\u00dd N\u00c1BYTEK\",\"isPartOf\":{\"@id\":\"https:\/\/alexnabytek.cz\/kancelarskynabytek\/#website\"},\"datePublished\":\"2017-04-19T08:57:12+00:00\",\"dateModified\":\"2025-09-12T12:38:14+00:00\",\"breadcrumb\":{\"@id\":\"https:\/\/alexnabytek.cz\/kancelarskynabytek\/kategorie\/skladovani\/#breadcrumb\"},\"inLanguage\":\"en-US\",\"potentialAction\":[{\"@type\":\"ReadAction\",\"target\":[\"https:\/\/alexnabytek.cz\/kancelarskynabytek\/kategorie\/skladovani\/\"]}]},{\"@type\":\"BreadcrumbList\",\"@id\":\"https:\/\/alexnabytek.cz\/kancelarskynabytek\/kategorie\/skladovani\/#breadcrumb\",\"itemListElement\":[{\"@type\":\"ListItem\",\"position\":1,\"name\":\"Home\",\"item\":\"https:\/\/alexnabytek.cz\/kancelarskynabytek\/\"},{\"@type\":\"ListItem\",\"position\":2,\"name\":\"Produkty\",\"item\":\"https:\/\/alexnabytek.cz\/kancelarskynabytek\/kategorie\/\"},{\"@type\":\"ListItem\",\"position\":3,\"name\":\"Kancel\u00e1\u0159sk\u00e9 sk\u0159\u00edn\u011b\"}]},{\"@type\":\"WebSite\",\"@id\":\"https:\/\/alexnabytek.cz\/kancelarskynabytek\/#website\",\"url\":\"https:\/\/alexnabytek.cz\/kancelarskynabytek\/\",\"name\":\"KANCEL\u00c1\u0158SK\u00dd N\u00c1BYTEK\",\"description\":\"Alex kovov\u00fd a \u0161koln\u00ed n\u00e1bytek s.r.o\",\"potentialAction\":[{\"@type\":\"SearchAction\",\"target\":{\"@type\":\"EntryPoint\",\"urlTemplate\":\"https:\/\/alexnabytek.cz\/kancelarskynabytek\/?s={search_term_string}\"},\"query-input\":{\"@type\":\"PropertyValueSpecification\",\"valueRequired\":true,\"valueName\":\"search_term_string\"}}],\"inLanguage\":\"en-US\"}]}<\/script>\n<!-- \/ Yoast SEO plugin. -->","yoast_head_json":{"title":"Kancel\u00e1\u0159sk\u00e9 sk\u0159\u00edn\u011b - KANCEL\u00c1\u0158SK\u00dd N\u00c1BYTEK","robots":{"index":"index","follow":"follow","max-snippet":"max-snippet:-1","max-image-preview":"max-image-preview:large","max-video-preview":"max-video-preview:-1"},"canonical":"https:\/\/alexnabytek.cz\/kancelarskynabytek\/kategorie\/skladovani\/","og_locale":"cs_CZ","og_type":"article","og_title":"Kancel\u00e1\u0159sk\u00e9 sk\u0159\u00edn\u011b - KANCEL\u00c1\u0158SK\u00dd N\u00c1BYTEK","og_url":"https:\/\/alexnabytek.cz\/kancelarskynabytek\/kategorie\/skladovani\/","og_site_name":"KANCEL\u00c1\u0158SK\u00dd N\u00c1BYTEK","article_modified_time":"2025-09-12T12:38:14+00:00","twitter_card":"summary_large_image","twitter_misc":{"Est. reading time":"1 minute"},"schema":{"@context":"https:\/\/schema.org","@graph":[{"@type":"WebPage","@id":"https:\/\/alexnabytek.cz\/kancelarskynabytek\/kategorie\/skladovani\/","url":"https:\/\/alexnabytek.cz\/kancelarskynabytek\/kategorie\/skladovani\/","name":"Kancel\u00e1\u0159sk\u00e9 sk\u0159\u00edn\u011b - KANCEL\u00c1\u0158SK\u00dd N\u00c1BYTEK","isPartOf":{"@id":"https:\/\/alexnabytek.cz\/kancelarskynabytek\/#website"},"datePublished":"2017-04-19T08:57:12+00:00","dateModified":"2025-09-12T12:38:14+00:00","breadcrumb":{"@id":"https:\/\/alexnabytek.cz\/kancelarskynabytek\/kategorie\/skladovani\/#breadcrumb"},"inLanguage":"en-US","potentialAction":[{"@type":"ReadAction","target":["https:\/\/alexnabytek.cz\/kancelarskynabytek\/kategorie\/skladovani\/"]}]},{"@type":"BreadcrumbList","@id":"https:\/\/alexnabytek.cz\/kancelarskynabytek\/kategorie\/skladovani\/#breadcrumb","itemListElement":[{"@type":"ListItem","position":1,"name":"Home","item":"https:\/\/alexnabytek.cz\/kancelarskynabytek\/"},{"@type":"ListItem","position":2,"name":"Produkty","item":"https:\/\/alexnabytek.cz\/kancelarskynabytek\/kategorie\/"},{"@type":"ListItem","position":3,"name":"Kancel\u00e1\u0159sk\u00e9 sk\u0159\u00edn\u011b"}]},{"@type":"WebSite","@id":"https:\/\/alexnabytek.cz\/kancelarskynabytek\/#website","url":"https:\/\/alexnabytek.cz\/kancelarskynabytek\/","name":"KANCEL\u00c1\u0158SK\u00dd N\u00c1BYTEK","description":"Alex kovov\u00fd a \u0161koln\u00ed n\u00e1bytek s.r.o","potentialAction":[{"@type":"SearchAction","target":{"@type":"EntryPoint","urlTemplate":"https:\/\/alexnabytek.cz\/kancelarskynabytek\/?s={search_term_string}"},"query-input":{"@type":"PropertyValueSpecification","valueRequired":true,"valueName":"search_term_string"}}],"inLanguage":"en-US"}]}},"_links":{"self":[{"href":"https:\/\/alexnabytek.cz\/kancelarskynabytek\/wp-json\/wp\/v2\/pages\/41548","targetHints":{"allow":["GET"]}}],"collection":[{"href":"https:\/\/alexnabytek.cz\/kancelarskynabytek\/wp-json\/wp\/v2\/pages"}],"about":[{"href":"https:\/\/alexnabytek.cz\/kancelarskynabytek\/wp-json\/wp\/v2\/types\/page"}],"author":[{"embeddable":true,"href":"https:\/\/alexnabytek.cz\/kancelarskynabytek\/wp-json\/wp\/v2\/users\/3"}],"replies":[{"embeddable":true,"href":"https:\/\/alexnabytek.cz\/kancelarskynabytek\/wp-json\/wp\/v2\/comments?post=41548"}],"version-history":[{"count":7,"href":"https:\/\/alexnabytek.cz\/kancelarskynabytek\/wp-json\/wp\/v2\/pages\/41548\/revisions"}],"predecessor-version":[{"id":84522,"href":"https:\/\/alexnabytek.cz\/kancelarskynabytek\/wp-json\/wp\/v2\/pages\/41548\/revisions\/84522"}],"up":[{"embeddable":true,"href":"https:\/\/alexnabytek.cz\/kancelarskynabytek\/wp-json\/wp\/v2\/pages\/12"}],"wp:attachment":[{"href":"https:\/\/alexnabytek.cz\/kancelarskynabytek\/wp-json\/wp\/v2\/media?parent=41548"}],"curies":[{"name":"wp","href":"https:\/\/api.w.org\/{rel}","templated":true}]}}