{"id":54533,"date":"2023-02-11T08:52:58","date_gmt":"2023-02-11T08:52:58","guid":{"rendered":"http:\/\/alexnabytek.cz\/kancelarskynabytek\/?page_id=54533"},"modified":"2023-09-29T18:39:07","modified_gmt":"2023-09-29T18:39:07","slug":"jidelna","status":"publish","type":"page","link":"https:\/\/alexnabytek.cz\/kancelarskynabytek\/kategorie\/jidelna\/","title":{"rendered":"J\u00eddelna"},"content":{"rendered":"<div class=\"butorlaposkat\">\n\r\n\t<li class=\"portfolio_item isotope-item\"><div class=\"portfolio_item_holder\"><figure class=\"thumbnail thumbnail__portfolio\"><a href=\"https:\/\/alexnabytek.cz\/kancelarskynabytek\/kategorie\/jidelna\/zidle\/\" class=\"image-wrap\"><img decoding=\"async\" src=\"https:\/\/alexnabytek.cz\/kancelarskynabytek\/wp-content\/uploads\/2023\/09\/katkep_szek-femlabas-3.webp\" alt=\"\u017didle\"><\/a><\/figure><div class=\"caption caption__portfolio\"><h3><a href=\"https:\/\/alexnabytek.cz\/kancelarskynabytek\/kategorie\/jidelna\/zidle\/\">\u017didle<\/a><\/h3><\/div><\/div><\/li>\n\r\n\t<li class=\"portfolio_item isotope-item\"><div class=\"portfolio_item_holder\"><figure class=\"thumbnail thumbnail__portfolio\"><a href=\"https:\/\/alexnabytek.cz\/kancelarskynabytek\/kategorie\/jidelna\/stoly\/\" class=\"image-wrap\"><img decoding=\"async\" src=\"https:\/\/alexnabytek.cz\/kancelarskynabytek\/wp-content\/uploads\/2023\/09\/katkep_asztal-3.webp\" alt=\"Stoly\"><\/a><\/figure><div class=\"caption caption__portfolio\"><h3><a href=\"https:\/\/alexnabytek.cz\/kancelarskynabytek\/kategorie\/jidelna\/stoly\/\">Stoly<\/a><\/h3><\/div><\/div><\/li>\n\r\n\t<li class=\"portfolio_item isotope-item\"><div class=\"portfolio_item_holder\"><figure class=\"thumbnail thumbnail__portfolio\"><a href=\"https:\/\/alexnabytek.cz\/kancelarskynabytek\/kategorie\/jidelna\/barove-zidle\/\" class=\"image-wrap\"><img decoding=\"async\" src=\"https:\/\/alexnabytek.cz\/kancelarskynabytek\/wp-content\/uploads\/2023\/09\/katkep_barszek-femlabas-3.webp\" alt=\"Barov\u00e9 \u017eidle\"><\/a><\/figure><div class=\"caption caption__portfolio\"><h3><a href=\"https:\/\/alexnabytek.cz\/kancelarskynabytek\/kategorie\/jidelna\/barove-zidle\/\">Barov\u00e9 \u017eidle<\/a><\/h3><\/div><\/div><\/li>\n\r\n\t<li class=\"portfolio_item isotope-item\"><div class=\"portfolio_item_holder\"><figure class=\"thumbnail thumbnail__portfolio\"><a href=\"https:\/\/alexnabytek.cz\/kancelarskynabytek\/kategorie\/jidelna\/barove-stoly\/\" class=\"image-wrap\"><img decoding=\"async\" src=\"https:\/\/alexnabytek.cz\/kancelarskynabytek\/wp-content\/uploads\/2023\/09\/katkep_magasasztal-3.webp\" alt=\"Barov\u00e9 stoly\"><\/a><\/figure><div class=\"caption caption__portfolio\"><h3><a href=\"https:\/\/alexnabytek.cz\/kancelarskynabytek\/kategorie\/jidelna\/barove-stoly\/\">Barov\u00e9 stoly<\/a><\/h3><\/div><\/div><\/li><\/div>\n","protected":false},"excerpt":{"rendered":"","protected":false},"author":3,"featured_media":0,"parent":12,"menu_order":0,"comment_status":"closed","ping_status":"closed","template":"page-Portfolio4Cols-alexsub.php","meta":{"footnotes":""},"class_list":["post-54533","page","type-page","status-publish","hentry"],"yoast_head":"<!-- This site is optimized with the Yoast SEO plugin v24.6 - https:\/\/yoast.com\/wordpress\/plugins\/seo\/ -->\n<title>J\u00eddelna - KANCEL\u00c1\u0158SK\u00dd N\u00c1BYTEK<\/title>\n<meta name=\"robots\" content=\"index, follow, max-snippet:-1, max-image-preview:large, max-video-preview:-1\" \/>\n<link rel=\"canonical\" href=\"https:\/\/alexnabytek.cz\/kancelarskynabytek\/kategorie\/jidelna\/\" \/>\n<meta property=\"og:locale\" content=\"cs_CZ\" \/>\n<meta property=\"og:type\" content=\"article\" \/>\n<meta property=\"og:title\" content=\"J\u00eddelna - KANCEL\u00c1\u0158SK\u00dd N\u00c1BYTEK\" \/>\n<meta property=\"og:url\" content=\"https:\/\/alexnabytek.cz\/kancelarskynabytek\/kategorie\/jidelna\/\" \/>\n<meta property=\"og:site_name\" content=\"KANCEL\u00c1\u0158SK\u00dd N\u00c1BYTEK\" \/>\n<meta property=\"article:modified_time\" content=\"2023-09-29T18:39:07+00:00\" \/>\n<meta name=\"twitter:card\" content=\"summary_large_image\" \/>\n<script type=\"application\/ld+json\" class=\"yoast-schema-graph\">{\"@context\":\"https:\/\/schema.org\",\"@graph\":[{\"@type\":\"WebPage\",\"@id\":\"https:\/\/alexnabytek.cz\/kancelarskynabytek\/kategorie\/jidelna\/\",\"url\":\"https:\/\/alexnabytek.cz\/kancelarskynabytek\/kategorie\/jidelna\/\",\"name\":\"J\u00eddelna - KANCEL\u00c1\u0158SK\u00dd N\u00c1BYTEK\",\"isPartOf\":{\"@id\":\"https:\/\/alexnabytek.cz\/kancelarskynabytek\/#website\"},\"datePublished\":\"2023-02-11T08:52:58+00:00\",\"dateModified\":\"2023-09-29T18:39:07+00:00\",\"breadcrumb\":{\"@id\":\"https:\/\/alexnabytek.cz\/kancelarskynabytek\/kategorie\/jidelna\/#breadcrumb\"},\"inLanguage\":\"en-US\",\"potentialAction\":[{\"@type\":\"ReadAction\",\"target\":[\"https:\/\/alexnabytek.cz\/kancelarskynabytek\/kategorie\/jidelna\/\"]}]},{\"@type\":\"BreadcrumbList\",\"@id\":\"https:\/\/alexnabytek.cz\/kancelarskynabytek\/kategorie\/jidelna\/#breadcrumb\",\"itemListElement\":[{\"@type\":\"ListItem\",\"position\":1,\"name\":\"Home\",\"item\":\"https:\/\/alexnabytek.cz\/kancelarskynabytek\/\"},{\"@type\":\"ListItem\",\"position\":2,\"name\":\"Produkty\",\"item\":\"https:\/\/alexnabytek.cz\/kancelarskynabytek\/kategorie\/\"},{\"@type\":\"ListItem\",\"position\":3,\"name\":\"J\u00eddelna\"}]},{\"@type\":\"WebSite\",\"@id\":\"https:\/\/alexnabytek.cz\/kancelarskynabytek\/#website\",\"url\":\"https:\/\/alexnabytek.cz\/kancelarskynabytek\/\",\"name\":\"KANCEL\u00c1\u0158SK\u00dd N\u00c1BYTEK\",\"description\":\"Alex kovov\u00fd a \u0161koln\u00ed n\u00e1bytek s.r.o\",\"potentialAction\":[{\"@type\":\"SearchAction\",\"target\":{\"@type\":\"EntryPoint\",\"urlTemplate\":\"https:\/\/alexnabytek.cz\/kancelarskynabytek\/?s={search_term_string}\"},\"query-input\":{\"@type\":\"PropertyValueSpecification\",\"valueRequired\":true,\"valueName\":\"search_term_string\"}}],\"inLanguage\":\"en-US\"}]}<\/script>\n<!-- \/ Yoast SEO plugin. -->","yoast_head_json":{"title":"J\u00eddelna - KANCEL\u00c1\u0158SK\u00dd N\u00c1BYTEK","robots":{"index":"index","follow":"follow","max-snippet":"max-snippet:-1","max-image-preview":"max-image-preview:large","max-video-preview":"max-video-preview:-1"},"canonical":"https:\/\/alexnabytek.cz\/kancelarskynabytek\/kategorie\/jidelna\/","og_locale":"cs_CZ","og_type":"article","og_title":"J\u00eddelna - KANCEL\u00c1\u0158SK\u00dd N\u00c1BYTEK","og_url":"https:\/\/alexnabytek.cz\/kancelarskynabytek\/kategorie\/jidelna\/","og_site_name":"KANCEL\u00c1\u0158SK\u00dd N\u00c1BYTEK","article_modified_time":"2023-09-29T18:39:07+00:00","twitter_card":"summary_large_image","schema":{"@context":"https:\/\/schema.org","@graph":[{"@type":"WebPage","@id":"https:\/\/alexnabytek.cz\/kancelarskynabytek\/kategorie\/jidelna\/","url":"https:\/\/alexnabytek.cz\/kancelarskynabytek\/kategorie\/jidelna\/","name":"J\u00eddelna - KANCEL\u00c1\u0158SK\u00dd N\u00c1BYTEK","isPartOf":{"@id":"https:\/\/alexnabytek.cz\/kancelarskynabytek\/#website"},"datePublished":"2023-02-11T08:52:58+00:00","dateModified":"2023-09-29T18:39:07+00:00","breadcrumb":{"@id":"https:\/\/alexnabytek.cz\/kancelarskynabytek\/kategorie\/jidelna\/#breadcrumb"},"inLanguage":"en-US","potentialAction":[{"@type":"ReadAction","target":["https:\/\/alexnabytek.cz\/kancelarskynabytek\/kategorie\/jidelna\/"]}]},{"@type":"BreadcrumbList","@id":"https:\/\/alexnabytek.cz\/kancelarskynabytek\/kategorie\/jidelna\/#breadcrumb","itemListElement":[{"@type":"ListItem","position":1,"name":"Home","item":"https:\/\/alexnabytek.cz\/kancelarskynabytek\/"},{"@type":"ListItem","position":2,"name":"Produkty","item":"https:\/\/alexnabytek.cz\/kancelarskynabytek\/kategorie\/"},{"@type":"ListItem","position":3,"name":"J\u00eddelna"}]},{"@type":"WebSite","@id":"https:\/\/alexnabytek.cz\/kancelarskynabytek\/#website","url":"https:\/\/alexnabytek.cz\/kancelarskynabytek\/","name":"KANCEL\u00c1\u0158SK\u00dd N\u00c1BYTEK","description":"Alex kovov\u00fd a \u0161koln\u00ed n\u00e1bytek s.r.o","potentialAction":[{"@type":"SearchAction","target":{"@type":"EntryPoint","urlTemplate":"https:\/\/alexnabytek.cz\/kancelarskynabytek\/?s={search_term_string}"},"query-input":{"@type":"PropertyValueSpecification","valueRequired":true,"valueName":"search_term_string"}}],"inLanguage":"en-US"}]}},"_links":{"self":[{"href":"https:\/\/alexnabytek.cz\/kancelarskynabytek\/wp-json\/wp\/v2\/pages\/54533","targetHints":{"allow":["GET"]}}],"collection":[{"href":"https:\/\/alexnabytek.cz\/kancelarskynabytek\/wp-json\/wp\/v2\/pages"}],"about":[{"href":"https:\/\/alexnabytek.cz\/kancelarskynabytek\/wp-json\/wp\/v2\/types\/page"}],"author":[{"embeddable":true,"href":"https:\/\/alexnabytek.cz\/kancelarskynabytek\/wp-json\/wp\/v2\/users\/3"}],"replies":[{"embeddable":true,"href":"https:\/\/alexnabytek.cz\/kancelarskynabytek\/wp-json\/wp\/v2\/comments?post=54533"}],"version-history":[{"count":4,"href":"https:\/\/alexnabytek.cz\/kancelarskynabytek\/wp-json\/wp\/v2\/pages\/54533\/revisions"}],"predecessor-version":[{"id":63414,"href":"https:\/\/alexnabytek.cz\/kancelarskynabytek\/wp-json\/wp\/v2\/pages\/54533\/revisions\/63414"}],"up":[{"embeddable":true,"href":"https:\/\/alexnabytek.cz\/kancelarskynabytek\/wp-json\/wp\/v2\/pages\/12"}],"wp:attachment":[{"href":"https:\/\/alexnabytek.cz\/kancelarskynabytek\/wp-json\/wp\/v2\/media?parent=54533"}],"curies":[{"name":"wp","href":"https:\/\/api.w.org\/{rel}","templated":true}]}}