{"id":54545,"date":"2023-02-11T08:55:17","date_gmt":"2023-02-11T08:55:17","guid":{"rendered":"http:\/\/alexnabytek.cz\/kancelarskynabytek\/?page_id=54545"},"modified":"2023-09-29T18:40:53","modified_gmt":"2023-09-29T18:40:53","slug":"barove-zidle","status":"publish","type":"page","link":"https:\/\/alexnabytek.cz\/kancelarskynabytek\/kategorie\/jidelna\/barove-zidle\/","title":{"rendered":"Barov\u00e9 \u017eidle"},"content":{"rendered":"<div class=\"butorlaposkat\">\n\r\n\t<li class=\"portfolio_item isotope-item\"><div class=\"portfolio_item_holder\"><figure class=\"thumbnail thumbnail__portfolio\"><a href=\"https:\/\/alexnabytek.cz\/kancelarskynabytek\/kategorie\/jidelna\/barove-zidle\/kovove-barove-zidle\/\" class=\"image-wrap\"><img decoding=\"async\" src=\"https:\/\/alexnabytek.cz\/kancelarskynabytek\/wp-content\/uploads\/2023\/09\/katkep_barszek-femlabas-3.webp\" alt=\"Kovov\u00e9 barov\u00e9 \u017eidle\"><\/a><\/figure><div class=\"caption caption__portfolio\"><h3><a href=\"https:\/\/alexnabytek.cz\/kancelarskynabytek\/kategorie\/jidelna\/barove-zidle\/kovove-barove-zidle\/\">Kovov\u00e9 barov\u00e9 \u017eidle<\/a><\/h3><\/div><\/div><\/li>\n\r\n\t<li class=\"portfolio_item isotope-item\"><div class=\"portfolio_item_holder\"><figure class=\"thumbnail thumbnail__portfolio\"><a href=\"https:\/\/alexnabytek.cz\/kancelarskynabytek\/kategorie\/jidelna\/barove-zidle\/plastove-barove-zidle\/\" class=\"image-wrap\"><img decoding=\"async\" src=\"https:\/\/alexnabytek.cz\/kancelarskynabytek\/wp-content\/uploads\/2023\/09\/katkep_barszek-muanyaglabas-3.webp\" alt=\"Plastov\u00e9 barov\u00e9 \u017eidle\"><\/a><\/figure><div class=\"caption caption__portfolio\"><h3><a href=\"https:\/\/alexnabytek.cz\/kancelarskynabytek\/kategorie\/jidelna\/barove-zidle\/plastove-barove-zidle\/\">Plastov\u00e9 barov\u00e9 \u017eidle<\/a><\/h3><\/div><\/div><\/li>\n\r\n\t<li class=\"portfolio_item isotope-item\"><div class=\"portfolio_item_holder\"><figure class=\"thumbnail thumbnail__portfolio\"><a href=\"https:\/\/alexnabytek.cz\/kancelarskynabytek\/kategorie\/jidelna\/barove-zidle\/drevene-barove-zidle\/\" class=\"image-wrap\"><img decoding=\"async\" src=\"https:\/\/alexnabytek.cz\/kancelarskynabytek\/wp-content\/uploads\/2023\/09\/katkep_barszek-falabas-3.webp\" alt=\"D\u0159ev\u011bn\u00e9 barov\u00e9 \u017eidle\"><\/a><\/figure><div class=\"caption caption__portfolio\"><h3><a href=\"https:\/\/alexnabytek.cz\/kancelarskynabytek\/kategorie\/jidelna\/barove-zidle\/drevene-barove-zidle\/\">D\u0159ev\u011bn\u00e9 barov\u00e9 \u017eidle<\/a><\/h3><\/div><\/div><\/li><\/div>\n","protected":false},"excerpt":{"rendered":"","protected":false},"author":3,"featured_media":54538,"parent":54533,"menu_order":0,"comment_status":"closed","ping_status":"closed","template":"page-Portfolio4Cols-alexsub.php","meta":{"footnotes":""},"class_list":["post-54545","page","type-page","status-publish","has-post-thumbnail","hentry"],"yoast_head":"<!-- This site is optimized with the Yoast SEO plugin v24.6 - https:\/\/yoast.com\/wordpress\/plugins\/seo\/ -->\n<title>Barov\u00e9 \u017eidle - KANCEL\u00c1\u0158SK\u00dd N\u00c1BYTEK<\/title>\n<meta name=\"robots\" content=\"index, follow, max-snippet:-1, max-image-preview:large, max-video-preview:-1\" \/>\n<link rel=\"canonical\" href=\"https:\/\/alexnabytek.cz\/kancelarskynabytek\/kategorie\/jidelna\/barove-zidle\/\" \/>\n<meta property=\"og:locale\" content=\"cs_CZ\" \/>\n<meta property=\"og:type\" content=\"article\" \/>\n<meta property=\"og:title\" content=\"Barov\u00e9 \u017eidle - KANCEL\u00c1\u0158SK\u00dd N\u00c1BYTEK\" \/>\n<meta property=\"og:url\" content=\"https:\/\/alexnabytek.cz\/kancelarskynabytek\/kategorie\/jidelna\/barove-zidle\/\" \/>\n<meta property=\"og:site_name\" content=\"KANCEL\u00c1\u0158SK\u00dd N\u00c1BYTEK\" \/>\n<meta property=\"article:modified_time\" content=\"2023-09-29T18:40:53+00:00\" \/>\n<meta property=\"og:image\" content=\"https:\/\/alexnabytek.cz\/kancelarskynabytek\/wp-content\/uploads\/2023\/02\/katkep_barszek-femlabas-3.png\" \/>\n\t<meta property=\"og:image:width\" content=\"800\" \/>\n\t<meta property=\"og:image:height\" content=\"560\" \/>\n\t<meta property=\"og:image:type\" content=\"image\/png\" \/>\n<meta name=\"twitter:card\" content=\"summary_large_image\" \/>\n<script type=\"application\/ld+json\" class=\"yoast-schema-graph\">{\"@context\":\"https:\/\/schema.org\",\"@graph\":[{\"@type\":\"WebPage\",\"@id\":\"https:\/\/alexnabytek.cz\/kancelarskynabytek\/kategorie\/jidelna\/barove-zidle\/\",\"url\":\"https:\/\/alexnabytek.cz\/kancelarskynabytek\/kategorie\/jidelna\/barove-zidle\/\",\"name\":\"Barov\u00e9 \u017eidle - KANCEL\u00c1\u0158SK\u00dd N\u00c1BYTEK\",\"isPartOf\":{\"@id\":\"https:\/\/alexnabytek.cz\/kancelarskynabytek\/#website\"},\"primaryImageOfPage\":{\"@id\":\"https:\/\/alexnabytek.cz\/kancelarskynabytek\/kategorie\/jidelna\/barove-zidle\/#primaryimage\"},\"image\":{\"@id\":\"https:\/\/alexnabytek.cz\/kancelarskynabytek\/kategorie\/jidelna\/barove-zidle\/#primaryimage\"},\"thumbnailUrl\":\"https:\/\/alexnabytek.cz\/kancelarskynabytek\/wp-content\/uploads\/2023\/02\/katkep_barszek-femlabas-3.png\",\"datePublished\":\"2023-02-11T08:55:17+00:00\",\"dateModified\":\"2023-09-29T18:40:53+00:00\",\"breadcrumb\":{\"@id\":\"https:\/\/alexnabytek.cz\/kancelarskynabytek\/kategorie\/jidelna\/barove-zidle\/#breadcrumb\"},\"inLanguage\":\"en-US\",\"potentialAction\":[{\"@type\":\"ReadAction\",\"target\":[\"https:\/\/alexnabytek.cz\/kancelarskynabytek\/kategorie\/jidelna\/barove-zidle\/\"]}]},{\"@type\":\"ImageObject\",\"inLanguage\":\"en-US\",\"@id\":\"https:\/\/alexnabytek.cz\/kancelarskynabytek\/kategorie\/jidelna\/barove-zidle\/#primaryimage\",\"url\":\"https:\/\/alexnabytek.cz\/kancelarskynabytek\/wp-content\/uploads\/2023\/02\/katkep_barszek-femlabas-3.png\",\"contentUrl\":\"https:\/\/alexnabytek.cz\/kancelarskynabytek\/wp-content\/uploads\/2023\/02\/katkep_barszek-femlabas-3.png\",\"width\":800,\"height\":560},{\"@type\":\"BreadcrumbList\",\"@id\":\"https:\/\/alexnabytek.cz\/kancelarskynabytek\/kategorie\/jidelna\/barove-zidle\/#breadcrumb\",\"itemListElement\":[{\"@type\":\"ListItem\",\"position\":1,\"name\":\"Home\",\"item\":\"https:\/\/alexnabytek.cz\/kancelarskynabytek\/\"},{\"@type\":\"ListItem\",\"position\":2,\"name\":\"Produkty\",\"item\":\"https:\/\/alexnabytek.cz\/kancelarskynabytek\/kategorie\/\"},{\"@type\":\"ListItem\",\"position\":3,\"name\":\"J\u00eddelna\",\"item\":\"https:\/\/alexnabytek.cz\/kancelarskynabytek\/kategorie\/jidelna\/\"},{\"@type\":\"ListItem\",\"position\":4,\"name\":\"Barov\u00e9 \u017eidle\"}]},{\"@type\":\"WebSite\",\"@id\":\"https:\/\/alexnabytek.cz\/kancelarskynabytek\/#website\",\"url\":\"https:\/\/alexnabytek.cz\/kancelarskynabytek\/\",\"name\":\"KANCEL\u00c1\u0158SK\u00dd N\u00c1BYTEK\",\"description\":\"Alex kovov\u00fd a \u0161koln\u00ed n\u00e1bytek s.r.o\",\"potentialAction\":[{\"@type\":\"SearchAction\",\"target\":{\"@type\":\"EntryPoint\",\"urlTemplate\":\"https:\/\/alexnabytek.cz\/kancelarskynabytek\/?s={search_term_string}\"},\"query-input\":{\"@type\":\"PropertyValueSpecification\",\"valueRequired\":true,\"valueName\":\"search_term_string\"}}],\"inLanguage\":\"en-US\"}]}<\/script>\n<!-- \/ Yoast SEO plugin. -->","yoast_head_json":{"title":"Barov\u00e9 \u017eidle - KANCEL\u00c1\u0158SK\u00dd N\u00c1BYTEK","robots":{"index":"index","follow":"follow","max-snippet":"max-snippet:-1","max-image-preview":"max-image-preview:large","max-video-preview":"max-video-preview:-1"},"canonical":"https:\/\/alexnabytek.cz\/kancelarskynabytek\/kategorie\/jidelna\/barove-zidle\/","og_locale":"cs_CZ","og_type":"article","og_title":"Barov\u00e9 \u017eidle - KANCEL\u00c1\u0158SK\u00dd N\u00c1BYTEK","og_url":"https:\/\/alexnabytek.cz\/kancelarskynabytek\/kategorie\/jidelna\/barove-zidle\/","og_site_name":"KANCEL\u00c1\u0158SK\u00dd N\u00c1BYTEK","article_modified_time":"2023-09-29T18:40:53+00:00","og_image":[{"width":800,"height":560,"url":"https:\/\/alexnabytek.cz\/kancelarskynabytek\/wp-content\/uploads\/2023\/02\/katkep_barszek-femlabas-3.png","type":"image\/png"}],"twitter_card":"summary_large_image","schema":{"@context":"https:\/\/schema.org","@graph":[{"@type":"WebPage","@id":"https:\/\/alexnabytek.cz\/kancelarskynabytek\/kategorie\/jidelna\/barove-zidle\/","url":"https:\/\/alexnabytek.cz\/kancelarskynabytek\/kategorie\/jidelna\/barove-zidle\/","name":"Barov\u00e9 \u017eidle - KANCEL\u00c1\u0158SK\u00dd N\u00c1BYTEK","isPartOf":{"@id":"https:\/\/alexnabytek.cz\/kancelarskynabytek\/#website"},"primaryImageOfPage":{"@id":"https:\/\/alexnabytek.cz\/kancelarskynabytek\/kategorie\/jidelna\/barove-zidle\/#primaryimage"},"image":{"@id":"https:\/\/alexnabytek.cz\/kancelarskynabytek\/kategorie\/jidelna\/barove-zidle\/#primaryimage"},"thumbnailUrl":"https:\/\/alexnabytek.cz\/kancelarskynabytek\/wp-content\/uploads\/2023\/02\/katkep_barszek-femlabas-3.png","datePublished":"2023-02-11T08:55:17+00:00","dateModified":"2023-09-29T18:40:53+00:00","breadcrumb":{"@id":"https:\/\/alexnabytek.cz\/kancelarskynabytek\/kategorie\/jidelna\/barove-zidle\/#breadcrumb"},"inLanguage":"en-US","potentialAction":[{"@type":"ReadAction","target":["https:\/\/alexnabytek.cz\/kancelarskynabytek\/kategorie\/jidelna\/barove-zidle\/"]}]},{"@type":"ImageObject","inLanguage":"en-US","@id":"https:\/\/alexnabytek.cz\/kancelarskynabytek\/kategorie\/jidelna\/barove-zidle\/#primaryimage","url":"https:\/\/alexnabytek.cz\/kancelarskynabytek\/wp-content\/uploads\/2023\/02\/katkep_barszek-femlabas-3.png","contentUrl":"https:\/\/alexnabytek.cz\/kancelarskynabytek\/wp-content\/uploads\/2023\/02\/katkep_barszek-femlabas-3.png","width":800,"height":560},{"@type":"BreadcrumbList","@id":"https:\/\/alexnabytek.cz\/kancelarskynabytek\/kategorie\/jidelna\/barove-zidle\/#breadcrumb","itemListElement":[{"@type":"ListItem","position":1,"name":"Home","item":"https:\/\/alexnabytek.cz\/kancelarskynabytek\/"},{"@type":"ListItem","position":2,"name":"Produkty","item":"https:\/\/alexnabytek.cz\/kancelarskynabytek\/kategorie\/"},{"@type":"ListItem","position":3,"name":"J\u00eddelna","item":"https:\/\/alexnabytek.cz\/kancelarskynabytek\/kategorie\/jidelna\/"},{"@type":"ListItem","position":4,"name":"Barov\u00e9 \u017eidle"}]},{"@type":"WebSite","@id":"https:\/\/alexnabytek.cz\/kancelarskynabytek\/#website","url":"https:\/\/alexnabytek.cz\/kancelarskynabytek\/","name":"KANCEL\u00c1\u0158SK\u00dd N\u00c1BYTEK","description":"Alex kovov\u00fd a \u0161koln\u00ed n\u00e1bytek s.r.o","potentialAction":[{"@type":"SearchAction","target":{"@type":"EntryPoint","urlTemplate":"https:\/\/alexnabytek.cz\/kancelarskynabytek\/?s={search_term_string}"},"query-input":{"@type":"PropertyValueSpecification","valueRequired":true,"valueName":"search_term_string"}}],"inLanguage":"en-US"}]}},"_links":{"self":[{"href":"https:\/\/alexnabytek.cz\/kancelarskynabytek\/wp-json\/wp\/v2\/pages\/54545","targetHints":{"allow":["GET"]}}],"collection":[{"href":"https:\/\/alexnabytek.cz\/kancelarskynabytek\/wp-json\/wp\/v2\/pages"}],"about":[{"href":"https:\/\/alexnabytek.cz\/kancelarskynabytek\/wp-json\/wp\/v2\/types\/page"}],"author":[{"embeddable":true,"href":"https:\/\/alexnabytek.cz\/kancelarskynabytek\/wp-json\/wp\/v2\/users\/3"}],"replies":[{"embeddable":true,"href":"https:\/\/alexnabytek.cz\/kancelarskynabytek\/wp-json\/wp\/v2\/comments?post=54545"}],"version-history":[{"count":4,"href":"https:\/\/alexnabytek.cz\/kancelarskynabytek\/wp-json\/wp\/v2\/pages\/54545\/revisions"}],"predecessor-version":[{"id":63424,"href":"https:\/\/alexnabytek.cz\/kancelarskynabytek\/wp-json\/wp\/v2\/pages\/54545\/revisions\/63424"}],"up":[{"embeddable":true,"href":"https:\/\/alexnabytek.cz\/kancelarskynabytek\/wp-json\/wp\/v2\/pages\/54533"}],"wp:featuredmedia":[{"embeddable":true,"href":"https:\/\/alexnabytek.cz\/kancelarskynabytek\/wp-json\/wp\/v2\/media\/54538"}],"wp:attachment":[{"href":"https:\/\/alexnabytek.cz\/kancelarskynabytek\/wp-json\/wp\/v2\/media?parent=54545"}],"curies":[{"name":"wp","href":"https:\/\/api.w.org\/{rel}","templated":true}]}}