{"id":61114,"date":"2023-08-22T06:30:20","date_gmt":"2023-08-22T06:30:20","guid":{"rendered":"http:\/\/alexnabytek.cz\/kancelarskynabytek\/?page_id=61114"},"modified":"2023-08-22T06:30:20","modified_gmt":"2023-08-22T06:30:20","slug":"multifunkcni-stoly","status":"publish","type":"page","link":"https:\/\/alexnabytek.cz\/kancelarskynabytek\/kategorie\/produktove-rady\/multifunkcni-stoly\/","title":{"rendered":"Multifunk\u010dn\u00ed stoly"},"content":{"rendered":"","protected":false},"excerpt":{"rendered":"","protected":false},"author":3,"featured_media":61109,"parent":41505,"menu_order":0,"comment_status":"closed","ping_status":"closed","template":"page-Portfolio4Cols-filterable.php","meta":{"footnotes":""},"class_list":["post-61114","page","type-page","status-publish","has-post-thumbnail","hentry"],"yoast_head":"<!-- This site is optimized with the Yoast SEO plugin v24.6 - https:\/\/yoast.com\/wordpress\/plugins\/seo\/ -->\n<title>Multifunk\u010dn\u00ed stoly - KANCEL\u00c1\u0158SK\u00dd N\u00c1BYTEK<\/title>\n<meta name=\"robots\" content=\"index, follow, max-snippet:-1, max-image-preview:large, max-video-preview:-1\" \/>\n<link rel=\"canonical\" href=\"https:\/\/alexnabytek.cz\/kancelarskynabytek\/kategorie\/produktove-rady\/multifunkcni-stoly\/\" \/>\n<meta property=\"og:locale\" content=\"cs_CZ\" \/>\n<meta property=\"og:type\" content=\"article\" \/>\n<meta property=\"og:title\" content=\"Multifunk\u010dn\u00ed stoly - KANCEL\u00c1\u0158SK\u00dd N\u00c1BYTEK\" \/>\n<meta property=\"og:url\" content=\"https:\/\/alexnabytek.cz\/kancelarskynabytek\/kategorie\/produktove-rady\/multifunkcni-stoly\/\" \/>\n<meta property=\"og:site_name\" content=\"KANCEL\u00c1\u0158SK\u00dd N\u00c1BYTEK\" \/>\n<meta property=\"og:image\" content=\"https:\/\/alexnabytek.cz\/kancelarskynabytek\/wp-content\/uploads\/2023\/08\/website_kategoria_multifuncios-asztal.png\" \/>\n\t<meta property=\"og:image:width\" content=\"800\" \/>\n\t<meta property=\"og:image:height\" content=\"560\" \/>\n\t<meta property=\"og:image:type\" content=\"image\/png\" \/>\n<meta name=\"twitter:card\" content=\"summary_large_image\" \/>\n<script type=\"application\/ld+json\" class=\"yoast-schema-graph\">{\"@context\":\"https:\/\/schema.org\",\"@graph\":[{\"@type\":\"WebPage\",\"@id\":\"https:\/\/alexnabytek.cz\/kancelarskynabytek\/kategorie\/produktove-rady\/multifunkcni-stoly\/\",\"url\":\"https:\/\/alexnabytek.cz\/kancelarskynabytek\/kategorie\/produktove-rady\/multifunkcni-stoly\/\",\"name\":\"Multifunk\u010dn\u00ed stoly - KANCEL\u00c1\u0158SK\u00dd N\u00c1BYTEK\",\"isPartOf\":{\"@id\":\"https:\/\/alexnabytek.cz\/kancelarskynabytek\/#website\"},\"primaryImageOfPage\":{\"@id\":\"https:\/\/alexnabytek.cz\/kancelarskynabytek\/kategorie\/produktove-rady\/multifunkcni-stoly\/#primaryimage\"},\"image\":{\"@id\":\"https:\/\/alexnabytek.cz\/kancelarskynabytek\/kategorie\/produktove-rady\/multifunkcni-stoly\/#primaryimage\"},\"thumbnailUrl\":\"https:\/\/alexnabytek.cz\/kancelarskynabytek\/wp-content\/uploads\/2023\/08\/website_kategoria_multifuncios-asztal.png\",\"datePublished\":\"2023-08-22T06:30:20+00:00\",\"breadcrumb\":{\"@id\":\"https:\/\/alexnabytek.cz\/kancelarskynabytek\/kategorie\/produktove-rady\/multifunkcni-stoly\/#breadcrumb\"},\"inLanguage\":\"en-US\",\"potentialAction\":[{\"@type\":\"ReadAction\",\"target\":[\"https:\/\/alexnabytek.cz\/kancelarskynabytek\/kategorie\/produktove-rady\/multifunkcni-stoly\/\"]}]},{\"@type\":\"ImageObject\",\"inLanguage\":\"en-US\",\"@id\":\"https:\/\/alexnabytek.cz\/kancelarskynabytek\/kategorie\/produktove-rady\/multifunkcni-stoly\/#primaryimage\",\"url\":\"https:\/\/alexnabytek.cz\/kancelarskynabytek\/wp-content\/uploads\/2023\/08\/website_kategoria_multifuncios-asztal.png\",\"contentUrl\":\"https:\/\/alexnabytek.cz\/kancelarskynabytek\/wp-content\/uploads\/2023\/08\/website_kategoria_multifuncios-asztal.png\",\"width\":800,\"height\":560},{\"@type\":\"BreadcrumbList\",\"@id\":\"https:\/\/alexnabytek.cz\/kancelarskynabytek\/kategorie\/produktove-rady\/multifunkcni-stoly\/#breadcrumb\",\"itemListElement\":[{\"@type\":\"ListItem\",\"position\":1,\"name\":\"Home\",\"item\":\"https:\/\/alexnabytek.cz\/kancelarskynabytek\/\"},{\"@type\":\"ListItem\",\"position\":2,\"name\":\"Produkty\",\"item\":\"https:\/\/alexnabytek.cz\/kancelarskynabytek\/kategorie\/\"},{\"@type\":\"ListItem\",\"position\":3,\"name\":\"Produktov\u00e9 \u0159ady\",\"item\":\"https:\/\/alexnabytek.cz\/kancelarskynabytek\/kategorie\/produktove-rady\/\"},{\"@type\":\"ListItem\",\"position\":4,\"name\":\"Multifunk\u010dn\u00ed stoly\"}]},{\"@type\":\"WebSite\",\"@id\":\"https:\/\/alexnabytek.cz\/kancelarskynabytek\/#website\",\"url\":\"https:\/\/alexnabytek.cz\/kancelarskynabytek\/\",\"name\":\"KANCEL\u00c1\u0158SK\u00dd N\u00c1BYTEK\",\"description\":\"Alex kovov\u00fd a \u0161koln\u00ed n\u00e1bytek s.r.o\",\"potentialAction\":[{\"@type\":\"SearchAction\",\"target\":{\"@type\":\"EntryPoint\",\"urlTemplate\":\"https:\/\/alexnabytek.cz\/kancelarskynabytek\/?s={search_term_string}\"},\"query-input\":{\"@type\":\"PropertyValueSpecification\",\"valueRequired\":true,\"valueName\":\"search_term_string\"}}],\"inLanguage\":\"en-US\"}]}<\/script>\n<!-- \/ Yoast SEO plugin. -->","yoast_head_json":{"title":"Multifunk\u010dn\u00ed stoly - KANCEL\u00c1\u0158SK\u00dd N\u00c1BYTEK","robots":{"index":"index","follow":"follow","max-snippet":"max-snippet:-1","max-image-preview":"max-image-preview:large","max-video-preview":"max-video-preview:-1"},"canonical":"https:\/\/alexnabytek.cz\/kancelarskynabytek\/kategorie\/produktove-rady\/multifunkcni-stoly\/","og_locale":"cs_CZ","og_type":"article","og_title":"Multifunk\u010dn\u00ed stoly - KANCEL\u00c1\u0158SK\u00dd N\u00c1BYTEK","og_url":"https:\/\/alexnabytek.cz\/kancelarskynabytek\/kategorie\/produktove-rady\/multifunkcni-stoly\/","og_site_name":"KANCEL\u00c1\u0158SK\u00dd N\u00c1BYTEK","og_image":[{"width":800,"height":560,"url":"https:\/\/alexnabytek.cz\/kancelarskynabytek\/wp-content\/uploads\/2023\/08\/website_kategoria_multifuncios-asztal.png","type":"image\/png"}],"twitter_card":"summary_large_image","schema":{"@context":"https:\/\/schema.org","@graph":[{"@type":"WebPage","@id":"https:\/\/alexnabytek.cz\/kancelarskynabytek\/kategorie\/produktove-rady\/multifunkcni-stoly\/","url":"https:\/\/alexnabytek.cz\/kancelarskynabytek\/kategorie\/produktove-rady\/multifunkcni-stoly\/","name":"Multifunk\u010dn\u00ed stoly - KANCEL\u00c1\u0158SK\u00dd N\u00c1BYTEK","isPartOf":{"@id":"https:\/\/alexnabytek.cz\/kancelarskynabytek\/#website"},"primaryImageOfPage":{"@id":"https:\/\/alexnabytek.cz\/kancelarskynabytek\/kategorie\/produktove-rady\/multifunkcni-stoly\/#primaryimage"},"image":{"@id":"https:\/\/alexnabytek.cz\/kancelarskynabytek\/kategorie\/produktove-rady\/multifunkcni-stoly\/#primaryimage"},"thumbnailUrl":"https:\/\/alexnabytek.cz\/kancelarskynabytek\/wp-content\/uploads\/2023\/08\/website_kategoria_multifuncios-asztal.png","datePublished":"2023-08-22T06:30:20+00:00","breadcrumb":{"@id":"https:\/\/alexnabytek.cz\/kancelarskynabytek\/kategorie\/produktove-rady\/multifunkcni-stoly\/#breadcrumb"},"inLanguage":"en-US","potentialAction":[{"@type":"ReadAction","target":["https:\/\/alexnabytek.cz\/kancelarskynabytek\/kategorie\/produktove-rady\/multifunkcni-stoly\/"]}]},{"@type":"ImageObject","inLanguage":"en-US","@id":"https:\/\/alexnabytek.cz\/kancelarskynabytek\/kategorie\/produktove-rady\/multifunkcni-stoly\/#primaryimage","url":"https:\/\/alexnabytek.cz\/kancelarskynabytek\/wp-content\/uploads\/2023\/08\/website_kategoria_multifuncios-asztal.png","contentUrl":"https:\/\/alexnabytek.cz\/kancelarskynabytek\/wp-content\/uploads\/2023\/08\/website_kategoria_multifuncios-asztal.png","width":800,"height":560},{"@type":"BreadcrumbList","@id":"https:\/\/alexnabytek.cz\/kancelarskynabytek\/kategorie\/produktove-rady\/multifunkcni-stoly\/#breadcrumb","itemListElement":[{"@type":"ListItem","position":1,"name":"Home","item":"https:\/\/alexnabytek.cz\/kancelarskynabytek\/"},{"@type":"ListItem","position":2,"name":"Produkty","item":"https:\/\/alexnabytek.cz\/kancelarskynabytek\/kategorie\/"},{"@type":"ListItem","position":3,"name":"Produktov\u00e9 \u0159ady","item":"https:\/\/alexnabytek.cz\/kancelarskynabytek\/kategorie\/produktove-rady\/"},{"@type":"ListItem","position":4,"name":"Multifunk\u010dn\u00ed stoly"}]},{"@type":"WebSite","@id":"https:\/\/alexnabytek.cz\/kancelarskynabytek\/#website","url":"https:\/\/alexnabytek.cz\/kancelarskynabytek\/","name":"KANCEL\u00c1\u0158SK\u00dd N\u00c1BYTEK","description":"Alex kovov\u00fd a \u0161koln\u00ed n\u00e1bytek s.r.o","potentialAction":[{"@type":"SearchAction","target":{"@type":"EntryPoint","urlTemplate":"https:\/\/alexnabytek.cz\/kancelarskynabytek\/?s={search_term_string}"},"query-input":{"@type":"PropertyValueSpecification","valueRequired":true,"valueName":"search_term_string"}}],"inLanguage":"en-US"}]}},"_links":{"self":[{"href":"https:\/\/alexnabytek.cz\/kancelarskynabytek\/wp-json\/wp\/v2\/pages\/61114","targetHints":{"allow":["GET"]}}],"collection":[{"href":"https:\/\/alexnabytek.cz\/kancelarskynabytek\/wp-json\/wp\/v2\/pages"}],"about":[{"href":"https:\/\/alexnabytek.cz\/kancelarskynabytek\/wp-json\/wp\/v2\/types\/page"}],"author":[{"embeddable":true,"href":"https:\/\/alexnabytek.cz\/kancelarskynabytek\/wp-json\/wp\/v2\/users\/3"}],"replies":[{"embeddable":true,"href":"https:\/\/alexnabytek.cz\/kancelarskynabytek\/wp-json\/wp\/v2\/comments?post=61114"}],"version-history":[{"count":1,"href":"https:\/\/alexnabytek.cz\/kancelarskynabytek\/wp-json\/wp\/v2\/pages\/61114\/revisions"}],"predecessor-version":[{"id":61115,"href":"https:\/\/alexnabytek.cz\/kancelarskynabytek\/wp-json\/wp\/v2\/pages\/61114\/revisions\/61115"}],"up":[{"embeddable":true,"href":"https:\/\/alexnabytek.cz\/kancelarskynabytek\/wp-json\/wp\/v2\/pages\/41505"}],"wp:featuredmedia":[{"embeddable":true,"href":"https:\/\/alexnabytek.cz\/kancelarskynabytek\/wp-json\/wp\/v2\/media\/61109"}],"wp:attachment":[{"href":"https:\/\/alexnabytek.cz\/kancelarskynabytek\/wp-json\/wp\/v2\/media?parent=61114"}],"curies":[{"name":"wp","href":"https:\/\/api.w.org\/{rel}","templated":true}]}}