{"id":20,"date":"2016-06-08T07:58:01","date_gmt":"2016-06-08T07:58:01","guid":{"rendered":"http:\/\/szallodabutor.hu\/?page_id=11"},"modified":"2017-09-27T11:04:05","modified_gmt":"2017-09-27T11:04:05","slug":"akce","status":"publish","type":"page","link":"https:\/\/alexnabytek.cz\/materskeskolky\/akce\/","title":{"rendered":"Akce"},"content":{"rendered":"<div class=\"row \">\n\r\n\t<div class=\"span4 \">\r\n\t  <ul class=\"alex-fooldal-top-termek\">\r\n\t\t<li class=\"portfolio_item isotope-item\">\r\n\t\t  <div class=\"portfolio_item_holder\">\r\n\t\t\t<figure class=\"thumbnail thumbnail__portfolio\"><a href=\"https:\/\/alexnabytek.cz\/materskeskolky\/produkty\/lehatka-do-skolek-a-jesli\/tnf-01-norbi-lehatko-pro-materske-skolky-norbi-lehatko-pro-materske-skolky\/\" class=\"image-wrap\" title=\"Norbi leh\u00e1tko\"><img decoding=\"async\" src=\"https:\/\/alexnabytek.cz\/materskeskolky\/wp-content\/uploads\/2016\/06\/ALEX_ovoda_akcio_Norbi_fekteto.jpg\" alt=\"Norbi leh\u00e1tko\"><\/a><\/figure>\r\n\t\t\t<div class=\"caption caption__portfolio\">\r\n\t\t\t  <h3><a href=\"https:\/\/alexnabytek.cz\/materskeskolky\/produkty\/lehatka-do-skolek-a-jesli\/tnf-01-norbi-lehatko-pro-materske-skolky-norbi-lehatko-pro-materske-skolky\/\">Norbi leh\u00e1tko<\/a><\/h3>\r\n\t\t\t<\/div>\r\n\t\t  <\/div>\r\n\t\t<\/li>\r\n\t  <\/ul>\r\n\t  <div class=\"spacer\"><\/div><!-- .spacer (end) -->\r\n\t<\/div>\n\r\n\t<div class=\"span4 \">\r\n\t  <ul class=\"alex-fooldal-top-termek\">\r\n\t\t<li class=\"portfolio_item isotope-item\">\r\n\t\t  <div class=\"portfolio_item_holder\">\r\n\t\t\t<figure class=\"thumbnail thumbnail__portfolio\"><a href=\"https:\/\/alexnabytek.cz\/materskeskolky\/akce\/akcios-02\/\" class=\"image-wrap\" title=\"St\u016fl jako tabule\"><img decoding=\"async\" src=\"https:\/\/alexnabytek.cz\/materskeskolky\/wp-content\/uploads\/2016\/06\/ALEX_ovoda_akcio_Rajztabla_asztalok.jpg\" alt=\"St\u016fl jako tabule\"><\/a><\/figure>\r\n\t\t\t<div class=\"caption caption__portfolio\">\r\n\t\t\t  <h3><a href=\"https:\/\/alexnabytek.cz\/materskeskolky\/akce\/akcios-02\/\">St\u016fl jako tabule<\/a><\/h3>\r\n\t\t\t<\/div>\r\n\t\t  <\/div>\r\n\t\t<\/li>\r\n\t  <\/ul>\r\n\t  <div class=\"spacer\"><\/div><!-- .spacer (end) -->\r\n\t<\/div>\n\r\n\t<div class=\"span4 \">\r\n\t  <ul class=\"alex-fooldal-top-termek\">\r\n\t\t<li class=\"portfolio_item isotope-item\">\r\n\t\t  <div class=\"portfolio_item_holder\">\r\n\t\t\t<figure class=\"thumbnail thumbnail__portfolio\"><a href=\"https:\/\/alexnabytek.cz\/materskeskolky\/produkty\/satni-nabytek-do-skolek-a-jesli\/satny-pro-deti-ve-skolce\/ovb-03-satni-skrin-satni-skrin\/\" class=\"image-wrap\" title=\"OVB-03 \u0160atn\u00ed sk\u0159\u00ed\u0148\"><img decoding=\"async\" src=\"https:\/\/alexnabytek.cz\/materskeskolky\/wp-content\/uploads\/2016\/06\/ALEX_ovoda_akcio_OVB-03_oltozoszekreny.jpg\" alt=\"OVB-03 \u0160atn\u00ed sk\u0159\u00ed\u0148\"><\/a><\/figure>\r\n\t\t\t<div class=\"caption caption__portfolio\">\r\n\t\t\t  <h3><a href=\"https:\/\/alexnabytek.cz\/materskeskolky\/produkty\/satni-nabytek-do-skolek-a-jesli\/satny-pro-deti-ve-skolce\/ovb-03-satni-skrin-satni-skrin\/\">OVB-03 \u0160atn\u00ed sk\u0159\u00ed\u0148<\/a><\/h3>\r\n\t\t\t<\/div>\r\n\t\t  <\/div>\r\n\t\t<\/li>\r\n\t  <\/ul>\r\n\t  <div class=\"spacer\"><\/div><!-- .spacer (end) -->\r\n\t<\/div>\n<\/div><!-- .row (end) -->\n","protected":false},"excerpt":{"rendered":"","protected":false},"author":1,"featured_media":0,"parent":0,"menu_order":0,"comment_status":"closed","ping_status":"closed","template":"page-fullwidth.php","meta":{"footnotes":""},"class_list":["post-20","page","type-page","status-publish","hentry"],"yoast_head":"<!-- This site is optimized with the Yoast SEO plugin v24.6 - https:\/\/yoast.com\/wordpress\/plugins\/seo\/ -->\n<title>Akce - N\u00c1BYTEK PRO MATE\u0158SK\u00c9 \u0160KOLKY<\/title>\n<meta name=\"robots\" content=\"index, follow, max-snippet:-1, max-image-preview:large, max-video-preview:-1\" \/>\n<link rel=\"canonical\" href=\"https:\/\/alexnabytek.cz\/materskeskolky\/akce\/\" \/>\n<meta property=\"og:locale\" content=\"cs_CZ\" \/>\n<meta property=\"og:type\" content=\"article\" \/>\n<meta property=\"og:title\" content=\"Akce - N\u00c1BYTEK PRO MATE\u0158SK\u00c9 \u0160KOLKY\" \/>\n<meta property=\"og:url\" content=\"https:\/\/alexnabytek.cz\/materskeskolky\/akce\/\" \/>\n<meta property=\"og:site_name\" content=\"N\u00c1BYTEK PRO MATE\u0158SK\u00c9 \u0160KOLKY\" \/>\n<meta property=\"article:modified_time\" content=\"2017-09-27T11:04:05+00:00\" \/>\n<meta name=\"twitter:card\" content=\"summary_large_image\" \/>\n<script type=\"application\/ld+json\" class=\"yoast-schema-graph\">{\"@context\":\"https:\/\/schema.org\",\"@graph\":[{\"@type\":\"WebPage\",\"@id\":\"https:\/\/alexnabytek.cz\/materskeskolky\/akce\/\",\"url\":\"https:\/\/alexnabytek.cz\/materskeskolky\/akce\/\",\"name\":\"Akce - N\u00c1BYTEK PRO MATE\u0158SK\u00c9 \u0160KOLKY\",\"isPartOf\":{\"@id\":\"https:\/\/alexnabytek.cz\/materskeskolky\/#website\"},\"datePublished\":\"2016-06-08T07:58:01+00:00\",\"dateModified\":\"2017-09-27T11:04:05+00:00\",\"breadcrumb\":{\"@id\":\"https:\/\/alexnabytek.cz\/materskeskolky\/akce\/#breadcrumb\"},\"inLanguage\":\"en-US\",\"potentialAction\":[{\"@type\":\"ReadAction\",\"target\":[\"https:\/\/alexnabytek.cz\/materskeskolky\/akce\/\"]}]},{\"@type\":\"BreadcrumbList\",\"@id\":\"https:\/\/alexnabytek.cz\/materskeskolky\/akce\/#breadcrumb\",\"itemListElement\":[{\"@type\":\"ListItem\",\"position\":1,\"name\":\"Home\",\"item\":\"https:\/\/alexnabytek.cz\/materskeskolky\/\"},{\"@type\":\"ListItem\",\"position\":2,\"name\":\"Akce\"}]},{\"@type\":\"WebSite\",\"@id\":\"https:\/\/alexnabytek.cz\/materskeskolky\/#website\",\"url\":\"https:\/\/alexnabytek.cz\/materskeskolky\/\",\"name\":\"N\u00c1BYTEK PRO MATE\u0158SK\u00c9 \u0160KOLKY\",\"description\":\"Alex kovov\u00fd a \u0161koln\u00ed n\u00e1bytek s.r.o\",\"potentialAction\":[{\"@type\":\"SearchAction\",\"target\":{\"@type\":\"EntryPoint\",\"urlTemplate\":\"https:\/\/alexnabytek.cz\/materskeskolky\/?s={search_term_string}\"},\"query-input\":{\"@type\":\"PropertyValueSpecification\",\"valueRequired\":true,\"valueName\":\"search_term_string\"}}],\"inLanguage\":\"en-US\"}]}<\/script>\n<!-- \/ Yoast SEO plugin. -->","yoast_head_json":{"title":"Akce - N\u00c1BYTEK PRO MATE\u0158SK\u00c9 \u0160KOLKY","robots":{"index":"index","follow":"follow","max-snippet":"max-snippet:-1","max-image-preview":"max-image-preview:large","max-video-preview":"max-video-preview:-1"},"canonical":"https:\/\/alexnabytek.cz\/materskeskolky\/akce\/","og_locale":"cs_CZ","og_type":"article","og_title":"Akce - N\u00c1BYTEK PRO MATE\u0158SK\u00c9 \u0160KOLKY","og_url":"https:\/\/alexnabytek.cz\/materskeskolky\/akce\/","og_site_name":"N\u00c1BYTEK PRO MATE\u0158SK\u00c9 \u0160KOLKY","article_modified_time":"2017-09-27T11:04:05+00:00","twitter_card":"summary_large_image","schema":{"@context":"https:\/\/schema.org","@graph":[{"@type":"WebPage","@id":"https:\/\/alexnabytek.cz\/materskeskolky\/akce\/","url":"https:\/\/alexnabytek.cz\/materskeskolky\/akce\/","name":"Akce - N\u00c1BYTEK PRO MATE\u0158SK\u00c9 \u0160KOLKY","isPartOf":{"@id":"https:\/\/alexnabytek.cz\/materskeskolky\/#website"},"datePublished":"2016-06-08T07:58:01+00:00","dateModified":"2017-09-27T11:04:05+00:00","breadcrumb":{"@id":"https:\/\/alexnabytek.cz\/materskeskolky\/akce\/#breadcrumb"},"inLanguage":"en-US","potentialAction":[{"@type":"ReadAction","target":["https:\/\/alexnabytek.cz\/materskeskolky\/akce\/"]}]},{"@type":"BreadcrumbList","@id":"https:\/\/alexnabytek.cz\/materskeskolky\/akce\/#breadcrumb","itemListElement":[{"@type":"ListItem","position":1,"name":"Home","item":"https:\/\/alexnabytek.cz\/materskeskolky\/"},{"@type":"ListItem","position":2,"name":"Akce"}]},{"@type":"WebSite","@id":"https:\/\/alexnabytek.cz\/materskeskolky\/#website","url":"https:\/\/alexnabytek.cz\/materskeskolky\/","name":"N\u00c1BYTEK PRO MATE\u0158SK\u00c9 \u0160KOLKY","description":"Alex kovov\u00fd a \u0161koln\u00ed n\u00e1bytek s.r.o","potentialAction":[{"@type":"SearchAction","target":{"@type":"EntryPoint","urlTemplate":"https:\/\/alexnabytek.cz\/materskeskolky\/?s={search_term_string}"},"query-input":{"@type":"PropertyValueSpecification","valueRequired":true,"valueName":"search_term_string"}}],"inLanguage":"en-US"}]}},"_links":{"self":[{"href":"https:\/\/alexnabytek.cz\/materskeskolky\/wp-json\/wp\/v2\/pages\/20","targetHints":{"allow":["GET"]}}],"collection":[{"href":"https:\/\/alexnabytek.cz\/materskeskolky\/wp-json\/wp\/v2\/pages"}],"about":[{"href":"https:\/\/alexnabytek.cz\/materskeskolky\/wp-json\/wp\/v2\/types\/page"}],"author":[{"embeddable":true,"href":"https:\/\/alexnabytek.cz\/materskeskolky\/wp-json\/wp\/v2\/users\/1"}],"replies":[{"embeddable":true,"href":"https:\/\/alexnabytek.cz\/materskeskolky\/wp-json\/wp\/v2\/comments?post=20"}],"version-history":[{"count":0,"href":"https:\/\/alexnabytek.cz\/materskeskolky\/wp-json\/wp\/v2\/pages\/20\/revisions"}],"wp:attachment":[{"href":"https:\/\/alexnabytek.cz\/materskeskolky\/wp-json\/wp\/v2\/media?parent=20"}],"curies":[{"name":"wp","href":"https:\/\/api.w.org\/{rel}","templated":true}]}}