{"id":31020,"date":"2016-11-15T09:52:16","date_gmt":"2016-11-15T09:52:16","guid":{"rendered":"http:\/\/szallodabutor.hu\/?page_id=31020"},"modified":"2017-09-27T09:50:10","modified_gmt":"2017-09-27T09:50:10","slug":"akcios-02","status":"publish","type":"page","link":"https:\/\/alexnabytek.cz\/materskeskolky\/akce\/akcios-02\/","title":{"rendered":"St\u016fl s tabulov\u00fdm povrchem na kreslen\u00ed"},"content":{"rendered":"","protected":false},"excerpt":{"rendered":"","protected":false},"author":1,"featured_media":31016,"parent":20,"menu_order":0,"comment_status":"closed","ping_status":"closed","template":"page-akcios-4.php","meta":{"footnotes":""},"class_list":["post-31020","page","type-page","status-publish","has-post-thumbnail","hentry"],"yoast_head":"<!-- This site is optimized with the Yoast SEO plugin v24.6 - https:\/\/yoast.com\/wordpress\/plugins\/seo\/ -->\n<title>St\u016fl s tabulov\u00fdm povrchem na kreslen\u00ed - N\u00c1BYTEK PRO MATE\u0158SK\u00c9 \u0160KOLKY<\/title>\n<meta name=\"robots\" content=\"index, follow, max-snippet:-1, max-image-preview:large, max-video-preview:-1\" \/>\n<link rel=\"canonical\" href=\"https:\/\/alexnabytek.cz\/materskeskolky\/akce\/akcios-02\/\" \/>\n<meta property=\"og:locale\" content=\"cs_CZ\" \/>\n<meta property=\"og:type\" content=\"article\" \/>\n<meta property=\"og:title\" content=\"St\u016fl s tabulov\u00fdm povrchem na kreslen\u00ed - N\u00c1BYTEK PRO MATE\u0158SK\u00c9 \u0160KOLKY\" \/>\n<meta property=\"og:url\" content=\"https:\/\/alexnabytek.cz\/materskeskolky\/akce\/akcios-02\/\" \/>\n<meta property=\"og:site_name\" content=\"N\u00c1BYTEK PRO MATE\u0158SK\u00c9 \u0160KOLKY\" \/>\n<meta property=\"article:modified_time\" content=\"2017-09-27T09:50:10+00:00\" \/>\n<meta name=\"twitter:card\" content=\"summary_large_image\" \/>\n<script type=\"application\/ld+json\" class=\"yoast-schema-graph\">{\"@context\":\"https:\/\/schema.org\",\"@graph\":[{\"@type\":\"WebPage\",\"@id\":\"https:\/\/alexnabytek.cz\/materskeskolky\/akce\/akcios-02\/\",\"url\":\"https:\/\/alexnabytek.cz\/materskeskolky\/akce\/akcios-02\/\",\"name\":\"St\u016fl s tabulov\u00fdm povrchem na kreslen\u00ed - N\u00c1BYTEK PRO MATE\u0158SK\u00c9 \u0160KOLKY\",\"isPartOf\":{\"@id\":\"https:\/\/alexnabytek.cz\/materskeskolky\/#website\"},\"primaryImageOfPage\":{\"@id\":\"https:\/\/alexnabytek.cz\/materskeskolky\/akce\/akcios-02\/#primaryimage\"},\"image\":{\"@id\":\"https:\/\/alexnabytek.cz\/materskeskolky\/akce\/akcios-02\/#primaryimage\"},\"thumbnailUrl\":\"\",\"datePublished\":\"2016-11-15T09:52:16+00:00\",\"dateModified\":\"2017-09-27T09:50:10+00:00\",\"breadcrumb\":{\"@id\":\"https:\/\/alexnabytek.cz\/materskeskolky\/akce\/akcios-02\/#breadcrumb\"},\"inLanguage\":\"en-US\",\"potentialAction\":[{\"@type\":\"ReadAction\",\"target\":[\"https:\/\/alexnabytek.cz\/materskeskolky\/akce\/akcios-02\/\"]}]},{\"@type\":\"ImageObject\",\"inLanguage\":\"en-US\",\"@id\":\"https:\/\/alexnabytek.cz\/materskeskolky\/akce\/akcios-02\/#primaryimage\",\"url\":\"\",\"contentUrl\":\"\"},{\"@type\":\"BreadcrumbList\",\"@id\":\"https:\/\/alexnabytek.cz\/materskeskolky\/akce\/akcios-02\/#breadcrumb\",\"itemListElement\":[{\"@type\":\"ListItem\",\"position\":1,\"name\":\"Home\",\"item\":\"https:\/\/alexnabytek.cz\/materskeskolky\/\"},{\"@type\":\"ListItem\",\"position\":2,\"name\":\"Akce\",\"item\":\"https:\/\/alexnabytek.cz\/materskeskolky\/akce\/\"},{\"@type\":\"ListItem\",\"position\":3,\"name\":\"St\u016fl s tabulov\u00fdm povrchem na kreslen\u00ed\"}]},{\"@type\":\"WebSite\",\"@id\":\"https:\/\/alexnabytek.cz\/materskeskolky\/#website\",\"url\":\"https:\/\/alexnabytek.cz\/materskeskolky\/\",\"name\":\"N\u00c1BYTEK PRO MATE\u0158SK\u00c9 \u0160KOLKY\",\"description\":\"Alex kovov\u00fd a \u0161koln\u00ed n\u00e1bytek s.r.o\",\"potentialAction\":[{\"@type\":\"SearchAction\",\"target\":{\"@type\":\"EntryPoint\",\"urlTemplate\":\"https:\/\/alexnabytek.cz\/materskeskolky\/?s={search_term_string}\"},\"query-input\":{\"@type\":\"PropertyValueSpecification\",\"valueRequired\":true,\"valueName\":\"search_term_string\"}}],\"inLanguage\":\"en-US\"}]}<\/script>\n<!-- \/ Yoast SEO plugin. -->","yoast_head_json":{"title":"St\u016fl s tabulov\u00fdm povrchem na kreslen\u00ed - N\u00c1BYTEK PRO MATE\u0158SK\u00c9 \u0160KOLKY","robots":{"index":"index","follow":"follow","max-snippet":"max-snippet:-1","max-image-preview":"max-image-preview:large","max-video-preview":"max-video-preview:-1"},"canonical":"https:\/\/alexnabytek.cz\/materskeskolky\/akce\/akcios-02\/","og_locale":"cs_CZ","og_type":"article","og_title":"St\u016fl s tabulov\u00fdm povrchem na kreslen\u00ed - N\u00c1BYTEK PRO MATE\u0158SK\u00c9 \u0160KOLKY","og_url":"https:\/\/alexnabytek.cz\/materskeskolky\/akce\/akcios-02\/","og_site_name":"N\u00c1BYTEK PRO MATE\u0158SK\u00c9 \u0160KOLKY","article_modified_time":"2017-09-27T09:50:10+00:00","twitter_card":"summary_large_image","schema":{"@context":"https:\/\/schema.org","@graph":[{"@type":"WebPage","@id":"https:\/\/alexnabytek.cz\/materskeskolky\/akce\/akcios-02\/","url":"https:\/\/alexnabytek.cz\/materskeskolky\/akce\/akcios-02\/","name":"St\u016fl s tabulov\u00fdm povrchem na kreslen\u00ed - N\u00c1BYTEK PRO MATE\u0158SK\u00c9 \u0160KOLKY","isPartOf":{"@id":"https:\/\/alexnabytek.cz\/materskeskolky\/#website"},"primaryImageOfPage":{"@id":"https:\/\/alexnabytek.cz\/materskeskolky\/akce\/akcios-02\/#primaryimage"},"image":{"@id":"https:\/\/alexnabytek.cz\/materskeskolky\/akce\/akcios-02\/#primaryimage"},"thumbnailUrl":"","datePublished":"2016-11-15T09:52:16+00:00","dateModified":"2017-09-27T09:50:10+00:00","breadcrumb":{"@id":"https:\/\/alexnabytek.cz\/materskeskolky\/akce\/akcios-02\/#breadcrumb"},"inLanguage":"en-US","potentialAction":[{"@type":"ReadAction","target":["https:\/\/alexnabytek.cz\/materskeskolky\/akce\/akcios-02\/"]}]},{"@type":"ImageObject","inLanguage":"en-US","@id":"https:\/\/alexnabytek.cz\/materskeskolky\/akce\/akcios-02\/#primaryimage","url":"","contentUrl":""},{"@type":"BreadcrumbList","@id":"https:\/\/alexnabytek.cz\/materskeskolky\/akce\/akcios-02\/#breadcrumb","itemListElement":[{"@type":"ListItem","position":1,"name":"Home","item":"https:\/\/alexnabytek.cz\/materskeskolky\/"},{"@type":"ListItem","position":2,"name":"Akce","item":"https:\/\/alexnabytek.cz\/materskeskolky\/akce\/"},{"@type":"ListItem","position":3,"name":"St\u016fl s tabulov\u00fdm povrchem na kreslen\u00ed"}]},{"@type":"WebSite","@id":"https:\/\/alexnabytek.cz\/materskeskolky\/#website","url":"https:\/\/alexnabytek.cz\/materskeskolky\/","name":"N\u00c1BYTEK PRO MATE\u0158SK\u00c9 \u0160KOLKY","description":"Alex kovov\u00fd a \u0161koln\u00ed n\u00e1bytek s.r.o","potentialAction":[{"@type":"SearchAction","target":{"@type":"EntryPoint","urlTemplate":"https:\/\/alexnabytek.cz\/materskeskolky\/?s={search_term_string}"},"query-input":{"@type":"PropertyValueSpecification","valueRequired":true,"valueName":"search_term_string"}}],"inLanguage":"en-US"}]}},"_links":{"self":[{"href":"https:\/\/alexnabytek.cz\/materskeskolky\/wp-json\/wp\/v2\/pages\/31020","targetHints":{"allow":["GET"]}}],"collection":[{"href":"https:\/\/alexnabytek.cz\/materskeskolky\/wp-json\/wp\/v2\/pages"}],"about":[{"href":"https:\/\/alexnabytek.cz\/materskeskolky\/wp-json\/wp\/v2\/types\/page"}],"author":[{"embeddable":true,"href":"https:\/\/alexnabytek.cz\/materskeskolky\/wp-json\/wp\/v2\/users\/1"}],"replies":[{"embeddable":true,"href":"https:\/\/alexnabytek.cz\/materskeskolky\/wp-json\/wp\/v2\/comments?post=31020"}],"version-history":[{"count":0,"href":"https:\/\/alexnabytek.cz\/materskeskolky\/wp-json\/wp\/v2\/pages\/31020\/revisions"}],"up":[{"embeddable":true,"href":"https:\/\/alexnabytek.cz\/materskeskolky\/wp-json\/wp\/v2\/pages\/20"}],"wp:featuredmedia":[{"embeddable":true,"href":"https:\/\/alexnabytek.cz\/materskeskolky\/wp-json\/"}],"wp:attachment":[{"href":"https:\/\/alexnabytek.cz\/materskeskolky\/wp-json\/wp\/v2\/media?parent=31020"}],"curies":[{"name":"wp","href":"https:\/\/api.w.org\/{rel}","templated":true}]}}