{"id":41807,"date":"2017-05-08T08:50:04","date_gmt":"2017-05-08T08:50:04","guid":{"rendered":"http:\/\/alexbutor.hu\/ovodabutor\/?page_id=41807"},"modified":"2024-09-03T15:46:59","modified_gmt":"2024-09-03T15:46:59","slug":"skrine-do-skolek-a-jesli","status":"publish","type":"page","link":"https:\/\/alexnabytek.cz\/materskeskolky\/kategorie\/skrine-do-skolek-a-jesli\/","title":{"rendered":"Sk\u0159\u00edn\u011b do \u0161kolek a&nbsp;jesl\u00ed"},"content":{"rendered":"\r\n\t<li class=\"portfolio_item isotope-item\"><div class=\"portfolio_item_holder\"><figure class=\"thumbnail thumbnail__portfolio\"><a href=\"https:\/\/alexnabytek.cz\/materskeskolky\/kategorie\/skrine-do-skolek-a-jesli\/jerry-skrine\/\" class=\"image-wrap\"><img decoding=\"async\" src=\"https:\/\/alexnabytek.cz\/materskeskolky\/wp-content\/uploads\/2024\/09\/jerry-szekreny-osszeallitas-800.jpg\" alt=\"Jerry sk\u0159\u00edn\u011b\"><\/a><\/figure><div class=\"caption caption__portfolio\"><h3><a href=\"https:\/\/alexnabytek.cz\/materskeskolky\/kategorie\/skrine-do-skolek-a-jesli\/jerry-skrine\/\">Jerry sk\u0159\u00edn\u011b<\/a><\/h3><\/div><\/div><\/li>\n\r\n\t<li class=\"portfolio_item isotope-item\"><div class=\"portfolio_item_holder\"><figure class=\"thumbnail thumbnail__portfolio\"><a href=\"https:\/\/alexnabytek.cz\/materskeskolky\/kategorie\/skrine-do-skolek-a-jesli\/skrine-pluto\/\" class=\"image-wrap\"><img decoding=\"async\" src=\"https:\/\/alexnabytek.cz\/materskeskolky\/wp-content\/uploads\/2017\/05\/Ovodabutor_kategoria_2-8-Pluto_szekrencsalad.jpg\" alt=\"Sk\u0159\u00edn\u011b Pluto\"><\/a><\/figure><div class=\"caption caption__portfolio\"><h3><a href=\"https:\/\/alexnabytek.cz\/materskeskolky\/kategorie\/skrine-do-skolek-a-jesli\/skrine-pluto\/\">Sk\u0159\u00edn\u011b Pluto<\/a><\/h3><\/div><\/div><\/li>\n\r\n\t<li class=\"portfolio_item isotope-item\"><div class=\"portfolio_item_holder\"><figure class=\"thumbnail thumbnail__portfolio\"><a href=\"https:\/\/alexnabytek.cz\/skolninabytek\/kategorie\/skolni-skrine\/klasicke-skrine\/\" class=\"image-wrap\" target=\"_blank\"><img decoding=\"async\" src=\"https:\/\/alexnabytek.cz\/materskeskolky\/wp-content\/uploads\/2017\/05\/Ovodabutor_kategoria_2-9-Klasszikus_szekrenyek.jpg\" alt=\"Klasick\u00e9 sk\u0159\u00edn\u011b\"><\/a><\/figure><div class=\"caption caption__portfolio\"><h3><a href=\"https:\/\/alexnabytek.cz\/skolninabytek\/kategorie\/skolni-skrine\/klasicke-skrine\/\" target=\"_blank\">Klasick\u00e9 sk\u0159\u00edn\u011b<\/a><\/h3><\/div><\/div><\/li>\n\r\n\t<li class=\"portfolio_item isotope-item\"><div class=\"portfolio_item_holder\"><figure class=\"thumbnail thumbnail__portfolio\"><a href=\"https:\/\/alexnabytek.cz\/skolninabytek\/kategorie\/skolni-skrine\/skrine-flex\/\" class=\"image-wrap\" target=\"_blank\"><img decoding=\"async\" src=\"https:\/\/alexnabytek.cz\/materskeskolky\/wp-content\/uploads\/2017\/05\/Ovodabutor_kategoria_2-10-Egyeb_szekrenyek.jpg\" alt=\"Dal\u0161\u00ed sk\u0159\u00edn\u011b\"><\/a><\/figure><div class=\"caption caption__portfolio\"><h3><a href=\"https:\/\/alexnabytek.cz\/skolninabytek\/kategorie\/skolni-skrine\/skrine-flex\/\" target=\"_blank\">Dal\u0161\u00ed sk\u0159\u00edn\u011b<\/a><\/h3><\/div><\/div><\/li>\n\r\n\t<li class=\"portfolio_item isotope-item\"><div class=\"portfolio_item_holder\"><figure class=\"thumbnail thumbnail__portfolio\"><a href=\"https:\/\/alexnabytek.cz\/materskeskolky\/kategorie\/skrine-do-skolek-a-jesli\/doplnky\/\" class=\"image-wrap\"><img decoding=\"async\" src=\"https:\/\/alexnabytek.cz\/materskeskolky\/wp-content\/uploads\/2017\/05\/Ovodabutor_kategoria_2-11-Szerepjatszo_berendezesek.jpg\" alt=\"Dopl\u0148ky\"><\/a><\/figure><div class=\"caption caption__portfolio\"><h3><a href=\"https:\/\/alexnabytek.cz\/materskeskolky\/kategorie\/skrine-do-skolek-a-jesli\/doplnky\/\">Dopl\u0148ky<\/a><\/h3><\/div><\/div><\/li>\n","protected":false},"excerpt":{"rendered":"","protected":false},"author":1,"featured_media":46396,"parent":19,"menu_order":0,"comment_status":"closed","ping_status":"closed","template":"page-Portfolio4Cols-alexsub.php","meta":{"footnotes":""},"class_list":["post-41807","page","type-page","status-publish","has-post-thumbnail","hentry"],"yoast_head":"<!-- This site is optimized with the Yoast SEO plugin v24.6 - https:\/\/yoast.com\/wordpress\/plugins\/seo\/ -->\n<title>Sk\u0159\u00edn\u011b do \u0161kolek a&nbsp;jesl\u00ed - N\u00c1BYTEK PRO MATE\u0158SK\u00c9 \u0160KOLKY<\/title>\n<meta name=\"robots\" content=\"index, follow, max-snippet:-1, max-image-preview:large, max-video-preview:-1\" \/>\n<link rel=\"canonical\" href=\"https:\/\/alexnabytek.cz\/materskeskolky\/kategorie\/skrine-do-skolek-a-jesli\/\" \/>\n<meta property=\"og:locale\" content=\"cs_CZ\" \/>\n<meta property=\"og:type\" content=\"article\" \/>\n<meta property=\"og:title\" content=\"Sk\u0159\u00edn\u011b do \u0161kolek a&nbsp;jesl\u00ed - N\u00c1BYTEK PRO MATE\u0158SK\u00c9 \u0160KOLKY\" \/>\n<meta property=\"og:url\" content=\"https:\/\/alexnabytek.cz\/materskeskolky\/kategorie\/skrine-do-skolek-a-jesli\/\" \/>\n<meta property=\"og:site_name\" content=\"N\u00c1BYTEK PRO MATE\u0158SK\u00c9 \u0160KOLKY\" \/>\n<meta property=\"article:modified_time\" content=\"2024-09-03T15:46:59+00:00\" \/>\n<meta property=\"og:image\" content=\"https:\/\/alexnabytek.cz\/materskeskolky\/wp-content\/uploads\/2017\/05\/Ovodai-bolcsodei_szekrenyek_csempe_518x320px.jpg\" \/>\n\t<meta property=\"og:image:width\" content=\"518\" \/>\n\t<meta property=\"og:image:height\" content=\"320\" \/>\n\t<meta property=\"og:image:type\" content=\"image\/jpeg\" \/>\n<meta name=\"twitter:card\" content=\"summary_large_image\" \/>\n<meta name=\"twitter:label1\" content=\"Est. reading time\" \/>\n\t<meta name=\"twitter:data1\" content=\"1 minute\" \/>\n<script type=\"application\/ld+json\" class=\"yoast-schema-graph\">{\"@context\":\"https:\/\/schema.org\",\"@graph\":[{\"@type\":\"WebPage\",\"@id\":\"https:\/\/alexnabytek.cz\/materskeskolky\/kategorie\/skrine-do-skolek-a-jesli\/\",\"url\":\"https:\/\/alexnabytek.cz\/materskeskolky\/kategorie\/skrine-do-skolek-a-jesli\/\",\"name\":\"Sk\u0159\u00edn\u011b do \u0161kolek a&nbsp;jesl\u00ed - N\u00c1BYTEK PRO MATE\u0158SK\u00c9 \u0160KOLKY\",\"isPartOf\":{\"@id\":\"https:\/\/alexnabytek.cz\/materskeskolky\/#website\"},\"primaryImageOfPage\":{\"@id\":\"https:\/\/alexnabytek.cz\/materskeskolky\/kategorie\/skrine-do-skolek-a-jesli\/#primaryimage\"},\"image\":{\"@id\":\"https:\/\/alexnabytek.cz\/materskeskolky\/kategorie\/skrine-do-skolek-a-jesli\/#primaryimage\"},\"thumbnailUrl\":\"https:\/\/alexnabytek.cz\/materskeskolky\/wp-content\/uploads\/2017\/05\/Ovodai-bolcsodei_szekrenyek_csempe_518x320px.jpg\",\"datePublished\":\"2017-05-08T08:50:04+00:00\",\"dateModified\":\"2024-09-03T15:46:59+00:00\",\"breadcrumb\":{\"@id\":\"https:\/\/alexnabytek.cz\/materskeskolky\/kategorie\/skrine-do-skolek-a-jesli\/#breadcrumb\"},\"inLanguage\":\"en-US\",\"potentialAction\":[{\"@type\":\"ReadAction\",\"target\":[\"https:\/\/alexnabytek.cz\/materskeskolky\/kategorie\/skrine-do-skolek-a-jesli\/\"]}]},{\"@type\":\"ImageObject\",\"inLanguage\":\"en-US\",\"@id\":\"https:\/\/alexnabytek.cz\/materskeskolky\/kategorie\/skrine-do-skolek-a-jesli\/#primaryimage\",\"url\":\"https:\/\/alexnabytek.cz\/materskeskolky\/wp-content\/uploads\/2017\/05\/Ovodai-bolcsodei_szekrenyek_csempe_518x320px.jpg\",\"contentUrl\":\"https:\/\/alexnabytek.cz\/materskeskolky\/wp-content\/uploads\/2017\/05\/Ovodai-bolcsodei_szekrenyek_csempe_518x320px.jpg\",\"width\":518,\"height\":320},{\"@type\":\"BreadcrumbList\",\"@id\":\"https:\/\/alexnabytek.cz\/materskeskolky\/kategorie\/skrine-do-skolek-a-jesli\/#breadcrumb\",\"itemListElement\":[{\"@type\":\"ListItem\",\"position\":1,\"name\":\"Home\",\"item\":\"https:\/\/alexnabytek.cz\/materskeskolky\/\"},{\"@type\":\"ListItem\",\"position\":2,\"name\":\"Produkty\",\"item\":\"https:\/\/alexnabytek.cz\/materskeskolky\/kategorie\/\"},{\"@type\":\"ListItem\",\"position\":3,\"name\":\"Sk\u0159\u00edn\u011b do \u0161kolek a&nbsp;jesl\u00ed\"}]},{\"@type\":\"WebSite\",\"@id\":\"https:\/\/alexnabytek.cz\/materskeskolky\/#website\",\"url\":\"https:\/\/alexnabytek.cz\/materskeskolky\/\",\"name\":\"N\u00c1BYTEK PRO MATE\u0158SK\u00c9 \u0160KOLKY\",\"description\":\"Alex kovov\u00fd a \u0161koln\u00ed n\u00e1bytek s.r.o\",\"potentialAction\":[{\"@type\":\"SearchAction\",\"target\":{\"@type\":\"EntryPoint\",\"urlTemplate\":\"https:\/\/alexnabytek.cz\/materskeskolky\/?s={search_term_string}\"},\"query-input\":{\"@type\":\"PropertyValueSpecification\",\"valueRequired\":true,\"valueName\":\"search_term_string\"}}],\"inLanguage\":\"en-US\"}]}<\/script>\n<!-- \/ Yoast SEO plugin. -->","yoast_head_json":{"title":"Sk\u0159\u00edn\u011b do \u0161kolek a&nbsp;jesl\u00ed - N\u00c1BYTEK PRO MATE\u0158SK\u00c9 \u0160KOLKY","robots":{"index":"index","follow":"follow","max-snippet":"max-snippet:-1","max-image-preview":"max-image-preview:large","max-video-preview":"max-video-preview:-1"},"canonical":"https:\/\/alexnabytek.cz\/materskeskolky\/kategorie\/skrine-do-skolek-a-jesli\/","og_locale":"cs_CZ","og_type":"article","og_title":"Sk\u0159\u00edn\u011b do \u0161kolek a&nbsp;jesl\u00ed - N\u00c1BYTEK PRO MATE\u0158SK\u00c9 \u0160KOLKY","og_url":"https:\/\/alexnabytek.cz\/materskeskolky\/kategorie\/skrine-do-skolek-a-jesli\/","og_site_name":"N\u00c1BYTEK PRO MATE\u0158SK\u00c9 \u0160KOLKY","article_modified_time":"2024-09-03T15:46:59+00:00","og_image":[{"width":518,"height":320,"url":"https:\/\/alexnabytek.cz\/materskeskolky\/wp-content\/uploads\/2017\/05\/Ovodai-bolcsodei_szekrenyek_csempe_518x320px.jpg","type":"image\/jpeg"}],"twitter_card":"summary_large_image","twitter_misc":{"Est. reading time":"1 minute"},"schema":{"@context":"https:\/\/schema.org","@graph":[{"@type":"WebPage","@id":"https:\/\/alexnabytek.cz\/materskeskolky\/kategorie\/skrine-do-skolek-a-jesli\/","url":"https:\/\/alexnabytek.cz\/materskeskolky\/kategorie\/skrine-do-skolek-a-jesli\/","name":"Sk\u0159\u00edn\u011b do \u0161kolek a&nbsp;jesl\u00ed - N\u00c1BYTEK PRO MATE\u0158SK\u00c9 \u0160KOLKY","isPartOf":{"@id":"https:\/\/alexnabytek.cz\/materskeskolky\/#website"},"primaryImageOfPage":{"@id":"https:\/\/alexnabytek.cz\/materskeskolky\/kategorie\/skrine-do-skolek-a-jesli\/#primaryimage"},"image":{"@id":"https:\/\/alexnabytek.cz\/materskeskolky\/kategorie\/skrine-do-skolek-a-jesli\/#primaryimage"},"thumbnailUrl":"https:\/\/alexnabytek.cz\/materskeskolky\/wp-content\/uploads\/2017\/05\/Ovodai-bolcsodei_szekrenyek_csempe_518x320px.jpg","datePublished":"2017-05-08T08:50:04+00:00","dateModified":"2024-09-03T15:46:59+00:00","breadcrumb":{"@id":"https:\/\/alexnabytek.cz\/materskeskolky\/kategorie\/skrine-do-skolek-a-jesli\/#breadcrumb"},"inLanguage":"en-US","potentialAction":[{"@type":"ReadAction","target":["https:\/\/alexnabytek.cz\/materskeskolky\/kategorie\/skrine-do-skolek-a-jesli\/"]}]},{"@type":"ImageObject","inLanguage":"en-US","@id":"https:\/\/alexnabytek.cz\/materskeskolky\/kategorie\/skrine-do-skolek-a-jesli\/#primaryimage","url":"https:\/\/alexnabytek.cz\/materskeskolky\/wp-content\/uploads\/2017\/05\/Ovodai-bolcsodei_szekrenyek_csempe_518x320px.jpg","contentUrl":"https:\/\/alexnabytek.cz\/materskeskolky\/wp-content\/uploads\/2017\/05\/Ovodai-bolcsodei_szekrenyek_csempe_518x320px.jpg","width":518,"height":320},{"@type":"BreadcrumbList","@id":"https:\/\/alexnabytek.cz\/materskeskolky\/kategorie\/skrine-do-skolek-a-jesli\/#breadcrumb","itemListElement":[{"@type":"ListItem","position":1,"name":"Home","item":"https:\/\/alexnabytek.cz\/materskeskolky\/"},{"@type":"ListItem","position":2,"name":"Produkty","item":"https:\/\/alexnabytek.cz\/materskeskolky\/kategorie\/"},{"@type":"ListItem","position":3,"name":"Sk\u0159\u00edn\u011b do \u0161kolek a&nbsp;jesl\u00ed"}]},{"@type":"WebSite","@id":"https:\/\/alexnabytek.cz\/materskeskolky\/#website","url":"https:\/\/alexnabytek.cz\/materskeskolky\/","name":"N\u00c1BYTEK PRO MATE\u0158SK\u00c9 \u0160KOLKY","description":"Alex kovov\u00fd a \u0161koln\u00ed n\u00e1bytek s.r.o","potentialAction":[{"@type":"SearchAction","target":{"@type":"EntryPoint","urlTemplate":"https:\/\/alexnabytek.cz\/materskeskolky\/?s={search_term_string}"},"query-input":{"@type":"PropertyValueSpecification","valueRequired":true,"valueName":"search_term_string"}}],"inLanguage":"en-US"}]}},"_links":{"self":[{"href":"https:\/\/alexnabytek.cz\/materskeskolky\/wp-json\/wp\/v2\/pages\/41807","targetHints":{"allow":["GET"]}}],"collection":[{"href":"https:\/\/alexnabytek.cz\/materskeskolky\/wp-json\/wp\/v2\/pages"}],"about":[{"href":"https:\/\/alexnabytek.cz\/materskeskolky\/wp-json\/wp\/v2\/types\/page"}],"author":[{"embeddable":true,"href":"https:\/\/alexnabytek.cz\/materskeskolky\/wp-json\/wp\/v2\/users\/1"}],"replies":[{"embeddable":true,"href":"https:\/\/alexnabytek.cz\/materskeskolky\/wp-json\/wp\/v2\/comments?post=41807"}],"version-history":[{"count":7,"href":"https:\/\/alexnabytek.cz\/materskeskolky\/wp-json\/wp\/v2\/pages\/41807\/revisions"}],"predecessor-version":[{"id":55530,"href":"https:\/\/alexnabytek.cz\/materskeskolky\/wp-json\/wp\/v2\/pages\/41807\/revisions\/55530"}],"up":[{"embeddable":true,"href":"https:\/\/alexnabytek.cz\/materskeskolky\/wp-json\/wp\/v2\/pages\/19"}],"wp:featuredmedia":[{"embeddable":true,"href":"https:\/\/alexnabytek.cz\/materskeskolky\/wp-json\/wp\/v2\/media\/46396"}],"wp:attachment":[{"href":"https:\/\/alexnabytek.cz\/materskeskolky\/wp-json\/wp\/v2\/media?parent=41807"}],"curies":[{"name":"wp","href":"https:\/\/api.w.org\/{rel}","templated":true}]}}