{"id":41849,"date":"2017-05-08T08:56:58","date_gmt":"2017-05-08T08:56:58","guid":{"rendered":"http:\/\/alexbutor.hu\/ovodabutor\/?page_id=41849"},"modified":"2017-09-26T06:55:57","modified_gmt":"2017-09-26T06:55:57","slug":"nastenne-vybaveni","status":"publish","type":"page","link":"https:\/\/alexnabytek.cz\/materskeskolky\/kategorie\/doplnky-a-ostatni-produkty-pro-skolky\/nastenne-vybaveni\/","title":{"rendered":"N\u00e1st\u011bnn\u00e9 vybaven\u00ed"},"content":{"rendered":"","protected":false},"excerpt":{"rendered":"","protected":false},"author":1,"featured_media":46438,"parent":41843,"menu_order":0,"comment_status":"closed","ping_status":"closed","template":"page-Portfolio4Cols-filterable.php","meta":{"footnotes":""},"class_list":["post-41849","page","type-page","status-publish","has-post-thumbnail","hentry"],"yoast_head":"<!-- This site is optimized with the Yoast SEO plugin v24.6 - https:\/\/yoast.com\/wordpress\/plugins\/seo\/ -->\n<title>N\u00e1st\u011bnn\u00e9 vybaven\u00ed - N\u00c1BYTEK PRO MATE\u0158SK\u00c9 \u0160KOLKY<\/title>\n<meta name=\"robots\" content=\"index, follow, max-snippet:-1, max-image-preview:large, max-video-preview:-1\" \/>\n<link rel=\"canonical\" href=\"https:\/\/alexnabytek.cz\/materskeskolky\/kategorie\/doplnky-a-ostatni-produkty-pro-skolky\/nastenne-vybaveni\/\" \/>\n<meta property=\"og:locale\" content=\"cs_CZ\" \/>\n<meta property=\"og:type\" content=\"article\" \/>\n<meta property=\"og:title\" content=\"N\u00e1st\u011bnn\u00e9 vybaven\u00ed - N\u00c1BYTEK PRO MATE\u0158SK\u00c9 \u0160KOLKY\" \/>\n<meta property=\"og:url\" content=\"https:\/\/alexnabytek.cz\/materskeskolky\/kategorie\/doplnky-a-ostatni-produkty-pro-skolky\/nastenne-vybaveni\/\" \/>\n<meta property=\"og:site_name\" content=\"N\u00c1BYTEK PRO MATE\u0158SK\u00c9 \u0160KOLKY\" \/>\n<meta property=\"article:modified_time\" content=\"2017-09-26T06:55:57+00:00\" \/>\n<meta property=\"og:image\" content=\"https:\/\/alexnabytek.cz\/materskeskolky\/wp-content\/uploads\/2017\/05\/Ovodabutor_kategoria_6-3-Fali_mindenes.jpg\" \/>\n\t<meta property=\"og:image:width\" content=\"800\" \/>\n\t<meta property=\"og:image:height\" content=\"560\" \/>\n\t<meta property=\"og:image:type\" content=\"image\/jpeg\" \/>\n<meta name=\"twitter:card\" content=\"summary_large_image\" \/>\n<script type=\"application\/ld+json\" class=\"yoast-schema-graph\">{\"@context\":\"https:\/\/schema.org\",\"@graph\":[{\"@type\":\"WebPage\",\"@id\":\"https:\/\/alexnabytek.cz\/materskeskolky\/kategorie\/doplnky-a-ostatni-produkty-pro-skolky\/nastenne-vybaveni\/\",\"url\":\"https:\/\/alexnabytek.cz\/materskeskolky\/kategorie\/doplnky-a-ostatni-produkty-pro-skolky\/nastenne-vybaveni\/\",\"name\":\"N\u00e1st\u011bnn\u00e9 vybaven\u00ed - N\u00c1BYTEK PRO MATE\u0158SK\u00c9 \u0160KOLKY\",\"isPartOf\":{\"@id\":\"https:\/\/alexnabytek.cz\/materskeskolky\/#website\"},\"primaryImageOfPage\":{\"@id\":\"https:\/\/alexnabytek.cz\/materskeskolky\/kategorie\/doplnky-a-ostatni-produkty-pro-skolky\/nastenne-vybaveni\/#primaryimage\"},\"image\":{\"@id\":\"https:\/\/alexnabytek.cz\/materskeskolky\/kategorie\/doplnky-a-ostatni-produkty-pro-skolky\/nastenne-vybaveni\/#primaryimage\"},\"thumbnailUrl\":\"https:\/\/alexnabytek.cz\/materskeskolky\/wp-content\/uploads\/2017\/05\/Ovodabutor_kategoria_6-3-Fali_mindenes.jpg\",\"datePublished\":\"2017-05-08T08:56:58+00:00\",\"dateModified\":\"2017-09-26T06:55:57+00:00\",\"breadcrumb\":{\"@id\":\"https:\/\/alexnabytek.cz\/materskeskolky\/kategorie\/doplnky-a-ostatni-produkty-pro-skolky\/nastenne-vybaveni\/#breadcrumb\"},\"inLanguage\":\"en-US\",\"potentialAction\":[{\"@type\":\"ReadAction\",\"target\":[\"https:\/\/alexnabytek.cz\/materskeskolky\/kategorie\/doplnky-a-ostatni-produkty-pro-skolky\/nastenne-vybaveni\/\"]}]},{\"@type\":\"ImageObject\",\"inLanguage\":\"en-US\",\"@id\":\"https:\/\/alexnabytek.cz\/materskeskolky\/kategorie\/doplnky-a-ostatni-produkty-pro-skolky\/nastenne-vybaveni\/#primaryimage\",\"url\":\"https:\/\/alexnabytek.cz\/materskeskolky\/wp-content\/uploads\/2017\/05\/Ovodabutor_kategoria_6-3-Fali_mindenes.jpg\",\"contentUrl\":\"https:\/\/alexnabytek.cz\/materskeskolky\/wp-content\/uploads\/2017\/05\/Ovodabutor_kategoria_6-3-Fali_mindenes.jpg\",\"width\":800,\"height\":560},{\"@type\":\"BreadcrumbList\",\"@id\":\"https:\/\/alexnabytek.cz\/materskeskolky\/kategorie\/doplnky-a-ostatni-produkty-pro-skolky\/nastenne-vybaveni\/#breadcrumb\",\"itemListElement\":[{\"@type\":\"ListItem\",\"position\":1,\"name\":\"Home\",\"item\":\"https:\/\/alexnabytek.cz\/materskeskolky\/\"},{\"@type\":\"ListItem\",\"position\":2,\"name\":\"Produkty\",\"item\":\"https:\/\/alexnabytek.cz\/materskeskolky\/kategorie\/\"},{\"@type\":\"ListItem\",\"position\":3,\"name\":\"Dopl\u0148ky a ostatn\u00ed produkty pro \u0161kolky\",\"item\":\"https:\/\/alexnabytek.cz\/materskeskolky\/kategorie\/doplnky-a-ostatni-produkty-pro-skolky\/\"},{\"@type\":\"ListItem\",\"position\":4,\"name\":\"N\u00e1st\u011bnn\u00e9 vybaven\u00ed\"}]},{\"@type\":\"WebSite\",\"@id\":\"https:\/\/alexnabytek.cz\/materskeskolky\/#website\",\"url\":\"https:\/\/alexnabytek.cz\/materskeskolky\/\",\"name\":\"N\u00c1BYTEK PRO MATE\u0158SK\u00c9 \u0160KOLKY\",\"description\":\"Alex kovov\u00fd a \u0161koln\u00ed n\u00e1bytek s.r.o\",\"potentialAction\":[{\"@type\":\"SearchAction\",\"target\":{\"@type\":\"EntryPoint\",\"urlTemplate\":\"https:\/\/alexnabytek.cz\/materskeskolky\/?s={search_term_string}\"},\"query-input\":{\"@type\":\"PropertyValueSpecification\",\"valueRequired\":true,\"valueName\":\"search_term_string\"}}],\"inLanguage\":\"en-US\"}]}<\/script>\n<!-- \/ Yoast SEO plugin. -->","yoast_head_json":{"title":"N\u00e1st\u011bnn\u00e9 vybaven\u00ed - N\u00c1BYTEK PRO MATE\u0158SK\u00c9 \u0160KOLKY","robots":{"index":"index","follow":"follow","max-snippet":"max-snippet:-1","max-image-preview":"max-image-preview:large","max-video-preview":"max-video-preview:-1"},"canonical":"https:\/\/alexnabytek.cz\/materskeskolky\/kategorie\/doplnky-a-ostatni-produkty-pro-skolky\/nastenne-vybaveni\/","og_locale":"cs_CZ","og_type":"article","og_title":"N\u00e1st\u011bnn\u00e9 vybaven\u00ed - N\u00c1BYTEK PRO MATE\u0158SK\u00c9 \u0160KOLKY","og_url":"https:\/\/alexnabytek.cz\/materskeskolky\/kategorie\/doplnky-a-ostatni-produkty-pro-skolky\/nastenne-vybaveni\/","og_site_name":"N\u00c1BYTEK PRO MATE\u0158SK\u00c9 \u0160KOLKY","article_modified_time":"2017-09-26T06:55:57+00:00","og_image":[{"width":800,"height":560,"url":"https:\/\/alexnabytek.cz\/materskeskolky\/wp-content\/uploads\/2017\/05\/Ovodabutor_kategoria_6-3-Fali_mindenes.jpg","type":"image\/jpeg"}],"twitter_card":"summary_large_image","schema":{"@context":"https:\/\/schema.org","@graph":[{"@type":"WebPage","@id":"https:\/\/alexnabytek.cz\/materskeskolky\/kategorie\/doplnky-a-ostatni-produkty-pro-skolky\/nastenne-vybaveni\/","url":"https:\/\/alexnabytek.cz\/materskeskolky\/kategorie\/doplnky-a-ostatni-produkty-pro-skolky\/nastenne-vybaveni\/","name":"N\u00e1st\u011bnn\u00e9 vybaven\u00ed - N\u00c1BYTEK PRO MATE\u0158SK\u00c9 \u0160KOLKY","isPartOf":{"@id":"https:\/\/alexnabytek.cz\/materskeskolky\/#website"},"primaryImageOfPage":{"@id":"https:\/\/alexnabytek.cz\/materskeskolky\/kategorie\/doplnky-a-ostatni-produkty-pro-skolky\/nastenne-vybaveni\/#primaryimage"},"image":{"@id":"https:\/\/alexnabytek.cz\/materskeskolky\/kategorie\/doplnky-a-ostatni-produkty-pro-skolky\/nastenne-vybaveni\/#primaryimage"},"thumbnailUrl":"https:\/\/alexnabytek.cz\/materskeskolky\/wp-content\/uploads\/2017\/05\/Ovodabutor_kategoria_6-3-Fali_mindenes.jpg","datePublished":"2017-05-08T08:56:58+00:00","dateModified":"2017-09-26T06:55:57+00:00","breadcrumb":{"@id":"https:\/\/alexnabytek.cz\/materskeskolky\/kategorie\/doplnky-a-ostatni-produkty-pro-skolky\/nastenne-vybaveni\/#breadcrumb"},"inLanguage":"en-US","potentialAction":[{"@type":"ReadAction","target":["https:\/\/alexnabytek.cz\/materskeskolky\/kategorie\/doplnky-a-ostatni-produkty-pro-skolky\/nastenne-vybaveni\/"]}]},{"@type":"ImageObject","inLanguage":"en-US","@id":"https:\/\/alexnabytek.cz\/materskeskolky\/kategorie\/doplnky-a-ostatni-produkty-pro-skolky\/nastenne-vybaveni\/#primaryimage","url":"https:\/\/alexnabytek.cz\/materskeskolky\/wp-content\/uploads\/2017\/05\/Ovodabutor_kategoria_6-3-Fali_mindenes.jpg","contentUrl":"https:\/\/alexnabytek.cz\/materskeskolky\/wp-content\/uploads\/2017\/05\/Ovodabutor_kategoria_6-3-Fali_mindenes.jpg","width":800,"height":560},{"@type":"BreadcrumbList","@id":"https:\/\/alexnabytek.cz\/materskeskolky\/kategorie\/doplnky-a-ostatni-produkty-pro-skolky\/nastenne-vybaveni\/#breadcrumb","itemListElement":[{"@type":"ListItem","position":1,"name":"Home","item":"https:\/\/alexnabytek.cz\/materskeskolky\/"},{"@type":"ListItem","position":2,"name":"Produkty","item":"https:\/\/alexnabytek.cz\/materskeskolky\/kategorie\/"},{"@type":"ListItem","position":3,"name":"Dopl\u0148ky a ostatn\u00ed produkty pro \u0161kolky","item":"https:\/\/alexnabytek.cz\/materskeskolky\/kategorie\/doplnky-a-ostatni-produkty-pro-skolky\/"},{"@type":"ListItem","position":4,"name":"N\u00e1st\u011bnn\u00e9 vybaven\u00ed"}]},{"@type":"WebSite","@id":"https:\/\/alexnabytek.cz\/materskeskolky\/#website","url":"https:\/\/alexnabytek.cz\/materskeskolky\/","name":"N\u00c1BYTEK PRO MATE\u0158SK\u00c9 \u0160KOLKY","description":"Alex kovov\u00fd a \u0161koln\u00ed n\u00e1bytek s.r.o","potentialAction":[{"@type":"SearchAction","target":{"@type":"EntryPoint","urlTemplate":"https:\/\/alexnabytek.cz\/materskeskolky\/?s={search_term_string}"},"query-input":{"@type":"PropertyValueSpecification","valueRequired":true,"valueName":"search_term_string"}}],"inLanguage":"en-US"}]}},"_links":{"self":[{"href":"https:\/\/alexnabytek.cz\/materskeskolky\/wp-json\/wp\/v2\/pages\/41849","targetHints":{"allow":["GET"]}}],"collection":[{"href":"https:\/\/alexnabytek.cz\/materskeskolky\/wp-json\/wp\/v2\/pages"}],"about":[{"href":"https:\/\/alexnabytek.cz\/materskeskolky\/wp-json\/wp\/v2\/types\/page"}],"author":[{"embeddable":true,"href":"https:\/\/alexnabytek.cz\/materskeskolky\/wp-json\/wp\/v2\/users\/1"}],"replies":[{"embeddable":true,"href":"https:\/\/alexnabytek.cz\/materskeskolky\/wp-json\/wp\/v2\/comments?post=41849"}],"version-history":[{"count":0,"href":"https:\/\/alexnabytek.cz\/materskeskolky\/wp-json\/wp\/v2\/pages\/41849\/revisions"}],"up":[{"embeddable":true,"href":"https:\/\/alexnabytek.cz\/materskeskolky\/wp-json\/wp\/v2\/pages\/41843"}],"wp:featuredmedia":[{"embeddable":true,"href":"https:\/\/alexnabytek.cz\/materskeskolky\/wp-json\/wp\/v2\/media\/46438"}],"wp:attachment":[{"href":"https:\/\/alexnabytek.cz\/materskeskolky\/wp-json\/wp\/v2\/media?parent=41849"}],"curies":[{"name":"wp","href":"https:\/\/api.w.org\/{rel}","templated":true}]}}