{"id":18,"date":"2016-06-08T07:58:01","date_gmt":"2016-06-08T07:58:01","guid":{"rendered":"http:\/\/szallodabutor.hu\/?page_id=11"},"modified":"2017-05-26T14:36:53","modified_gmt":"2017-05-26T14:36:53","slug":"akce","status":"publish","type":"page","link":"https:\/\/alexnabytek.cz\/mestskymobiliar\/akce\/","title":{"rendered":"Akce"},"content":{"rendered":"<div class=\"row \">\n\r\n\t<div class=\"span4 \">\r\n\t  <ul class=\"alex-fooldal-top-termek\">\r\n\t\t<li class=\"portfolio_item isotope-item\">\r\n\t\t  <div class=\"portfolio_item_holder\">\r\n\t\t\t<figure class=\"thumbnail thumbnail__portfolio\"><a href=\"https:\/\/alexnabytek.cz\/mestskymobiliar\/produkty\/produktove-rady\/valencia\/p-115-valencia-trojmistna-lavicka-bez-podrucek-valencia-trojmistna-lavicka-bez-podrucek\/\" class=\"image-wrap\" title=\"VALENCIA TROJM\u00cdSTN\u00c1 LAVI\u010cKA\"><img decoding=\"async\" src=\"https:\/\/alexnabytek.cz\/mestskymobiliar\/wp-content\/uploads\/2016\/06\/01_VALENCIA_akcio.jpg\" alt=\"VALENCIA TROJM\u00cdSTN\u00c1 LAVI\u010cKA\"><\/a><\/figure>\r\n\t\t\t<div class=\"caption caption__portfolio\">\r\n\t\t\t  <h3><a href=\"https:\/\/alexnabytek.cz\/mestskymobiliar\/produkty\/produktove-rady\/valencia\/p-115-valencia-trojmistna-lavicka-bez-podrucek-valencia-trojmistna-lavicka-bez-podrucek\/\">VALENCIA TROJM\u00cdSTN\u00c1 LAVI\u010cKA<\/a><\/h3>\r\n\t\t\t<\/div>\r\n\t\t  <\/div>\r\n\t\t<\/li>\r\n\t  <\/ul>\r\n\t  <div class=\"spacer\"><\/div><!-- .spacer (end) -->\r\n\t<\/div>\n\r\n\t<div class=\"span4 \">\r\n\t  <ul class=\"alex-fooldal-top-termek\">\r\n\t\t<li class=\"portfolio_item isotope-item\">\r\n\t\t  <div class=\"portfolio_item_holder\">\r\n\t\t\t<figure class=\"thumbnail thumbnail__portfolio\"><a href=\"https:\/\/alexnabytek.cz\/mestskymobiliar\/produkty\/sberne-nadoby-na-odpad\/szt-13-london-odpadkovy-kos-london-odpadkovy-kos\/\" class=\"image-wrap\" title=\"London odpadkov\u00fd ko\u0161\"><img decoding=\"async\" src=\"https:\/\/alexnabytek.cz\/mestskymobiliar\/wp-content\/uploads\/2016\/06\/02_LONDON_akcio.jpg\" alt=\"London odpadkov\u00fd ko\u0161\"><\/a><\/figure>\r\n\t\t\t<div class=\"caption caption__portfolio\">\r\n\t\t\t  <h3><a href=\"https:\/\/alexnabytek.cz\/mestskymobiliar\/produkty\/sberne-nadoby-na-odpad\/szt-13-london-odpadkovy-kos-london-odpadkovy-kos\/\">London odpadkov\u00fd ko\u0161<\/a><\/h3>\r\n\t\t\t<\/div>\r\n\t\t  <\/div>\r\n\t\t<\/li>\r\n\t  <\/ul>\r\n\t  <div class=\"spacer\"><\/div><!-- .spacer (end) -->\r\n\t<\/div>\n\r\n\t<div class=\"span4 \">\r\n\t  <ul class=\"alex-fooldal-top-termek\">\r\n\t\t<li class=\"portfolio_item isotope-item\">\r\n\t\t  <div class=\"portfolio_item_holder\">\r\n\t\t\t<figure class=\"thumbnail thumbnail__portfolio\"><a href=\"https:\/\/alexnabytek.cz\/mestskymobiliar\/produkty\/stojany-na-kola\/kt-2-stojan-na-kola-stojan-na-kola\/\" class=\"image-wrap\" title=\"Stojan na kola\"><img decoding=\"async\" src=\"https:\/\/alexnabytek.cz\/mestskymobiliar\/wp-content\/uploads\/2016\/06\/03_KEREKPARTAROLO_AKCIO.jpg\" alt=\"Stojan na kola\"><\/a><\/figure>\r\n\t\t\t<div class=\"caption caption__portfolio\">\r\n\t\t\t  <h3><a href=\"https:\/\/alexnabytek.cz\/mestskymobiliar\/produkty\/stojany-na-kola\/kt-2-stojan-na-kola-stojan-na-kola\/\">Stojan na kola<\/a><\/h3>\r\n\t\t\t<\/div>\r\n\t\t  <\/div>\r\n\t\t<\/li>\r\n\t  <\/ul>\r\n\t  <div class=\"spacer\"><\/div><!-- .spacer (end) -->\r\n\t<\/div>\n<\/div><!-- .row (end) -->\n","protected":false},"excerpt":{"rendered":"","protected":false},"author":3,"featured_media":0,"parent":0,"menu_order":0,"comment_status":"closed","ping_status":"closed","template":"page-fullwidth.php","meta":{"footnotes":""},"class_list":["post-18","page","type-page","status-publish","hentry"],"yoast_head":"<!-- This site is optimized with the Yoast SEO plugin v24.6 - https:\/\/yoast.com\/wordpress\/plugins\/seo\/ -->\n<title>Akce - M\u011aSTSK\u00dd MOBILI\u00c1\u0158<\/title>\n<meta name=\"robots\" content=\"index, follow, max-snippet:-1, max-image-preview:large, max-video-preview:-1\" \/>\n<link rel=\"canonical\" href=\"https:\/\/alexnabytek.cz\/mestskymobiliar\/akce\/\" \/>\n<meta property=\"og:locale\" content=\"cs_CZ\" \/>\n<meta property=\"og:type\" content=\"article\" \/>\n<meta property=\"og:title\" content=\"Akce - M\u011aSTSK\u00dd MOBILI\u00c1\u0158\" \/>\n<meta property=\"og:url\" content=\"https:\/\/alexnabytek.cz\/mestskymobiliar\/akce\/\" \/>\n<meta property=\"og:site_name\" content=\"M\u011aSTSK\u00dd MOBILI\u00c1\u0158\" \/>\n<meta property=\"article:modified_time\" content=\"2017-05-26T14:36:53+00:00\" \/>\n<meta name=\"twitter:card\" content=\"summary_large_image\" \/>\n<script type=\"application\/ld+json\" class=\"yoast-schema-graph\">{\"@context\":\"https:\/\/schema.org\",\"@graph\":[{\"@type\":\"WebPage\",\"@id\":\"https:\/\/alexnabytek.cz\/mestskymobiliar\/akce\/\",\"url\":\"https:\/\/alexnabytek.cz\/mestskymobiliar\/akce\/\",\"name\":\"Akce - M\u011aSTSK\u00dd MOBILI\u00c1\u0158\",\"isPartOf\":{\"@id\":\"https:\/\/alexnabytek.cz\/mestskymobiliar\/#website\"},\"datePublished\":\"2016-06-08T07:58:01+00:00\",\"dateModified\":\"2017-05-26T14:36:53+00:00\",\"breadcrumb\":{\"@id\":\"https:\/\/alexnabytek.cz\/mestskymobiliar\/akce\/#breadcrumb\"},\"inLanguage\":\"en-US\",\"potentialAction\":[{\"@type\":\"ReadAction\",\"target\":[\"https:\/\/alexnabytek.cz\/mestskymobiliar\/akce\/\"]}]},{\"@type\":\"BreadcrumbList\",\"@id\":\"https:\/\/alexnabytek.cz\/mestskymobiliar\/akce\/#breadcrumb\",\"itemListElement\":[{\"@type\":\"ListItem\",\"position\":1,\"name\":\"Home\",\"item\":\"https:\/\/alexnabytek.cz\/mestskymobiliar\/\"},{\"@type\":\"ListItem\",\"position\":2,\"name\":\"Akce\"}]},{\"@type\":\"WebSite\",\"@id\":\"https:\/\/alexnabytek.cz\/mestskymobiliar\/#website\",\"url\":\"https:\/\/alexnabytek.cz\/mestskymobiliar\/\",\"name\":\"M\u011aSTSK\u00dd MOBILI\u00c1\u0158\",\"description\":\"Alex kovov\u00fd a \u0161koln\u00ed n\u00e1bytek s.r.o.\",\"potentialAction\":[{\"@type\":\"SearchAction\",\"target\":{\"@type\":\"EntryPoint\",\"urlTemplate\":\"https:\/\/alexnabytek.cz\/mestskymobiliar\/?s={search_term_string}\"},\"query-input\":{\"@type\":\"PropertyValueSpecification\",\"valueRequired\":true,\"valueName\":\"search_term_string\"}}],\"inLanguage\":\"en-US\"}]}<\/script>\n<!-- \/ Yoast SEO plugin. -->","yoast_head_json":{"title":"Akce - M\u011aSTSK\u00dd MOBILI\u00c1\u0158","robots":{"index":"index","follow":"follow","max-snippet":"max-snippet:-1","max-image-preview":"max-image-preview:large","max-video-preview":"max-video-preview:-1"},"canonical":"https:\/\/alexnabytek.cz\/mestskymobiliar\/akce\/","og_locale":"cs_CZ","og_type":"article","og_title":"Akce - M\u011aSTSK\u00dd MOBILI\u00c1\u0158","og_url":"https:\/\/alexnabytek.cz\/mestskymobiliar\/akce\/","og_site_name":"M\u011aSTSK\u00dd MOBILI\u00c1\u0158","article_modified_time":"2017-05-26T14:36:53+00:00","twitter_card":"summary_large_image","schema":{"@context":"https:\/\/schema.org","@graph":[{"@type":"WebPage","@id":"https:\/\/alexnabytek.cz\/mestskymobiliar\/akce\/","url":"https:\/\/alexnabytek.cz\/mestskymobiliar\/akce\/","name":"Akce - M\u011aSTSK\u00dd MOBILI\u00c1\u0158","isPartOf":{"@id":"https:\/\/alexnabytek.cz\/mestskymobiliar\/#website"},"datePublished":"2016-06-08T07:58:01+00:00","dateModified":"2017-05-26T14:36:53+00:00","breadcrumb":{"@id":"https:\/\/alexnabytek.cz\/mestskymobiliar\/akce\/#breadcrumb"},"inLanguage":"en-US","potentialAction":[{"@type":"ReadAction","target":["https:\/\/alexnabytek.cz\/mestskymobiliar\/akce\/"]}]},{"@type":"BreadcrumbList","@id":"https:\/\/alexnabytek.cz\/mestskymobiliar\/akce\/#breadcrumb","itemListElement":[{"@type":"ListItem","position":1,"name":"Home","item":"https:\/\/alexnabytek.cz\/mestskymobiliar\/"},{"@type":"ListItem","position":2,"name":"Akce"}]},{"@type":"WebSite","@id":"https:\/\/alexnabytek.cz\/mestskymobiliar\/#website","url":"https:\/\/alexnabytek.cz\/mestskymobiliar\/","name":"M\u011aSTSK\u00dd MOBILI\u00c1\u0158","description":"Alex kovov\u00fd a \u0161koln\u00ed n\u00e1bytek s.r.o.","potentialAction":[{"@type":"SearchAction","target":{"@type":"EntryPoint","urlTemplate":"https:\/\/alexnabytek.cz\/mestskymobiliar\/?s={search_term_string}"},"query-input":{"@type":"PropertyValueSpecification","valueRequired":true,"valueName":"search_term_string"}}],"inLanguage":"en-US"}]}},"_links":{"self":[{"href":"https:\/\/alexnabytek.cz\/mestskymobiliar\/wp-json\/wp\/v2\/pages\/18","targetHints":{"allow":["GET"]}}],"collection":[{"href":"https:\/\/alexnabytek.cz\/mestskymobiliar\/wp-json\/wp\/v2\/pages"}],"about":[{"href":"https:\/\/alexnabytek.cz\/mestskymobiliar\/wp-json\/wp\/v2\/types\/page"}],"author":[{"embeddable":true,"href":"https:\/\/alexnabytek.cz\/mestskymobiliar\/wp-json\/wp\/v2\/users\/3"}],"replies":[{"embeddable":true,"href":"https:\/\/alexnabytek.cz\/mestskymobiliar\/wp-json\/wp\/v2\/comments?post=18"}],"version-history":[{"count":0,"href":"https:\/\/alexnabytek.cz\/mestskymobiliar\/wp-json\/wp\/v2\/pages\/18\/revisions"}],"wp:attachment":[{"href":"https:\/\/alexnabytek.cz\/mestskymobiliar\/wp-json\/wp\/v2\/media?parent=18"}],"curies":[{"name":"wp","href":"https:\/\/api.w.org\/{rel}","templated":true}]}}