{"id":38596,"date":"2017-03-08T19:20:22","date_gmt":"2017-03-08T19:20:22","guid":{"rendered":"http:\/\/teszt.alexbutor.hu\/utcabutor\/?page_id=38596"},"modified":"2024-03-26T15:41:08","modified_gmt":"2024-03-26T15:41:08","slug":"venkovni-a-zahradni-lavicky","status":"publish","type":"page","link":"https:\/\/alexnabytek.cz\/mestskymobiliar\/kategorie\/venkovni-a-zahradni-lavicky\/","title":{"rendered":"Venkovn\u00ed a zahradn\u00ed lavi\u010dky"},"content":{"rendered":"<li class=\"portfolio_item isotope-item\">\n<div class=\"portfolio_item_holder\">\n<figure class=\"thumbnail thumbnail__portfolio\"><a href=\"https:\/\/alexnabytek.cz\/mestskymobiliar\/kategorie\/venkovni-a-zahradni-lavicky\/dreveny-sedak\/\" class=\"image-wrap\"><img decoding=\"async\" src=\"https:\/\/alexnabytek.cz\/mestskymobiliar\/wp-content\/uploads\/2024\/03\/KAT454.jpg\" alt=\"Lavi\u010dky s d\u0159ev\u011bn\u00fdm sed\u00e1kem\"><\/a><\/figure>\n<div class=\"caption caption__portfolio\">\n<h3><a href=\"https:\/\/alexnabytek.cz\/mestskymobiliar\/kategorie\/venkovni-a-zahradni-lavicky\/dreveny-sedak\/\">Lavi\u010dky s d\u0159ev\u011bn\u00fdm sed\u00e1kem<\/a><\/h3>\n<\/div>\n<\/div>\n<\/li>\n<li class=\"portfolio_item isotope-item\">\n<div class=\"portfolio_item_holder\">\n<figure class=\"thumbnail thumbnail__portfolio\"><a href=\"https:\/\/alexnabytek.cz\/mestskymobiliar\/kategorie\/venkovni-a-zahradni-lavicky\/sedak-z-wpc\/\" class=\"image-wrap\"><img decoding=\"async\" src=\"https:\/\/alexnabytek.cz\/mestskymobiliar\/wp-content\/uploads\/2024\/03\/KAT455.jpg\" alt=\"Lavi\u010dky s WPC sed\u00e1kem\"><\/a><\/figure>\n<div class=\"caption caption__portfolio\">\n<h3><a href=\"https:\/\/alexnabytek.cz\/mestskymobiliar\/kategorie\/venkovni-a-zahradni-lavicky\/sedak-z-wpc\/\">Lavi\u010dky s WPC sed\u00e1kem<\/a><\/h3>\n<\/div>\n<\/div>\n<\/li>\n<li class=\"portfolio_item isotope-item\">\n<div class=\"portfolio_item_holder\">\n<figure class=\"thumbnail thumbnail__portfolio\"><a href=\"https:\/\/alexnabytek.cz\/mestskymobiliar\/kategorie\/venkovni-a-zahradni-lavicky\/kovovy-sedak\/\" class=\"image-wrap\"><img decoding=\"async\" src=\"https:\/\/alexnabytek.cz\/mestskymobiliar\/wp-content\/uploads\/2024\/03\/KAT456.jpg\" alt=\"Lavi\u010dky s kovov\u00fdm sed\u00e1kem\"><\/a><\/figure>\n<div class=\"caption caption__portfolio\">\n<h3><a href=\"https:\/\/alexnabytek.cz\/mestskymobiliar\/kategorie\/venkovni-a-zahradni-lavicky\/kovovy-sedak\/\">Lavi\u010dky s kovov\u00fdm sed\u00e1kem<\/a><\/h3>\n<\/div>\n<\/div>\n<\/li>\n<li class=\"portfolio_item isotope-item\">\n<div class=\"portfolio_item_holder\">\n<figure class=\"thumbnail thumbnail__portfolio\"><a href=\"https:\/\/alexnabytek.cz\/mestskymobiliar\/kategorie\/venkovni-a-zahradni-lavicky\/sedak-z-kompaktni-desky\/\" class=\"image-wrap\"><img decoding=\"async\" src=\"https:\/\/alexnabytek.cz\/mestskymobiliar\/wp-content\/uploads\/2024\/03\/Kompaktlemez_KAT488.jpg\" alt=\"Lavi\u010dky se sed\u00e1kem z kompaktn\u00ed desky\"><\/a><\/figure>\n<div class=\"caption caption__portfolio\">\n<h3><a href=\"https:\/\/alexnabytek.cz\/mestskymobiliar\/kategorie\/venkovni-a-zahradni-lavicky\/sedak-z-kompaktni-desky\/\">Lavi\u010dky se sed\u00e1kem z kompaktn\u00ed desky<\/a><\/h3>\n<\/div>\n<\/div>\n<\/li>\n","protected":false},"excerpt":{"rendered":"<p>Lavi\u010dky s d\u0159ev\u011bn\u00fdm sed\u00e1kem Lavi\u010dky s WPC sed\u00e1kem Lavi\u010dky s kovov\u00fdm sed\u00e1kem Lavi\u010dky se sed\u00e1kem z kompaktn\u00ed desky<\/p>\n","protected":false},"author":3,"featured_media":0,"parent":17,"menu_order":0,"comment_status":"closed","ping_status":"closed","template":"page-Portfolio2Cols-alexsub.php","meta":{"footnotes":""},"class_list":["post-38596","page","type-page","status-publish","hentry"],"yoast_head":"<!-- This site is optimized with the Yoast SEO plugin v24.6 - https:\/\/yoast.com\/wordpress\/plugins\/seo\/ -->\n<title>Venkovn\u00ed a zahradn\u00ed lavi\u010dky - M\u011aSTSK\u00dd MOBILI\u00c1\u0158<\/title>\n<meta name=\"robots\" content=\"index, follow, max-snippet:-1, max-image-preview:large, max-video-preview:-1\" \/>\n<link rel=\"canonical\" href=\"https:\/\/alexnabytek.cz\/mestskymobiliar\/kategorie\/venkovni-a-zahradni-lavicky\/\" \/>\n<meta property=\"og:locale\" content=\"cs_CZ\" \/>\n<meta property=\"og:type\" content=\"article\" \/>\n<meta property=\"og:title\" content=\"Venkovn\u00ed a zahradn\u00ed lavi\u010dky - M\u011aSTSK\u00dd MOBILI\u00c1\u0158\" \/>\n<meta property=\"og:description\" content=\"Lavi\u010dky s d\u0159ev\u011bn\u00fdm sed\u00e1kem Lavi\u010dky s WPC sed\u00e1kem Lavi\u010dky s kovov\u00fdm sed\u00e1kem Lavi\u010dky se sed\u00e1kem z kompaktn\u00ed desky\" \/>\n<meta property=\"og:url\" content=\"https:\/\/alexnabytek.cz\/mestskymobiliar\/kategorie\/venkovni-a-zahradni-lavicky\/\" \/>\n<meta property=\"og:site_name\" content=\"M\u011aSTSK\u00dd MOBILI\u00c1\u0158\" \/>\n<meta property=\"article:modified_time\" content=\"2024-03-26T15:41:08+00:00\" \/>\n<meta property=\"og:image\" content=\"https:\/\/alexnabytek.cz\/mestskymobiliar\/wp-content\/uploads\/2024\/03\/KAT454.jpg\" \/>\n<meta name=\"twitter:card\" content=\"summary_large_image\" \/>\n<script type=\"application\/ld+json\" class=\"yoast-schema-graph\">{\"@context\":\"https:\/\/schema.org\",\"@graph\":[{\"@type\":\"WebPage\",\"@id\":\"https:\/\/alexnabytek.cz\/mestskymobiliar\/kategorie\/venkovni-a-zahradni-lavicky\/\",\"url\":\"https:\/\/alexnabytek.cz\/mestskymobiliar\/kategorie\/venkovni-a-zahradni-lavicky\/\",\"name\":\"Venkovn\u00ed a zahradn\u00ed lavi\u010dky - M\u011aSTSK\u00dd MOBILI\u00c1\u0158\",\"isPartOf\":{\"@id\":\"https:\/\/alexnabytek.cz\/mestskymobiliar\/#website\"},\"primaryImageOfPage\":{\"@id\":\"https:\/\/alexnabytek.cz\/mestskymobiliar\/kategorie\/venkovni-a-zahradni-lavicky\/#primaryimage\"},\"image\":{\"@id\":\"https:\/\/alexnabytek.cz\/mestskymobiliar\/kategorie\/venkovni-a-zahradni-lavicky\/#primaryimage\"},\"thumbnailUrl\":\"https:\/\/alexnabytek.cz\/mestskymobiliar\/wp-content\/uploads\/2024\/03\/KAT454.jpg\",\"datePublished\":\"2017-03-08T19:20:22+00:00\",\"dateModified\":\"2024-03-26T15:41:08+00:00\",\"breadcrumb\":{\"@id\":\"https:\/\/alexnabytek.cz\/mestskymobiliar\/kategorie\/venkovni-a-zahradni-lavicky\/#breadcrumb\"},\"inLanguage\":\"en-US\",\"potentialAction\":[{\"@type\":\"ReadAction\",\"target\":[\"https:\/\/alexnabytek.cz\/mestskymobiliar\/kategorie\/venkovni-a-zahradni-lavicky\/\"]}]},{\"@type\":\"ImageObject\",\"inLanguage\":\"en-US\",\"@id\":\"https:\/\/alexnabytek.cz\/mestskymobiliar\/kategorie\/venkovni-a-zahradni-lavicky\/#primaryimage\",\"url\":\"https:\/\/alexnabytek.cz\/mestskymobiliar\/wp-content\/uploads\/2024\/03\/KAT454.jpg\",\"contentUrl\":\"https:\/\/alexnabytek.cz\/mestskymobiliar\/wp-content\/uploads\/2024\/03\/KAT454.jpg\",\"width\":800,\"height\":560},{\"@type\":\"BreadcrumbList\",\"@id\":\"https:\/\/alexnabytek.cz\/mestskymobiliar\/kategorie\/venkovni-a-zahradni-lavicky\/#breadcrumb\",\"itemListElement\":[{\"@type\":\"ListItem\",\"position\":1,\"name\":\"Home\",\"item\":\"https:\/\/alexnabytek.cz\/mestskymobiliar\/\"},{\"@type\":\"ListItem\",\"position\":2,\"name\":\"Produkty\",\"item\":\"https:\/\/alexnabytek.cz\/mestskymobiliar\/kategorie\/\"},{\"@type\":\"ListItem\",\"position\":3,\"name\":\"Venkovn\u00ed a zahradn\u00ed lavi\u010dky\"}]},{\"@type\":\"WebSite\",\"@id\":\"https:\/\/alexnabytek.cz\/mestskymobiliar\/#website\",\"url\":\"https:\/\/alexnabytek.cz\/mestskymobiliar\/\",\"name\":\"M\u011aSTSK\u00dd MOBILI\u00c1\u0158\",\"description\":\"Alex kovov\u00fd a \u0161koln\u00ed n\u00e1bytek s.r.o.\",\"potentialAction\":[{\"@type\":\"SearchAction\",\"target\":{\"@type\":\"EntryPoint\",\"urlTemplate\":\"https:\/\/alexnabytek.cz\/mestskymobiliar\/?s={search_term_string}\"},\"query-input\":{\"@type\":\"PropertyValueSpecification\",\"valueRequired\":true,\"valueName\":\"search_term_string\"}}],\"inLanguage\":\"en-US\"}]}<\/script>\n<!-- \/ Yoast SEO plugin. -->","yoast_head_json":{"title":"Venkovn\u00ed a zahradn\u00ed lavi\u010dky - M\u011aSTSK\u00dd MOBILI\u00c1\u0158","robots":{"index":"index","follow":"follow","max-snippet":"max-snippet:-1","max-image-preview":"max-image-preview:large","max-video-preview":"max-video-preview:-1"},"canonical":"https:\/\/alexnabytek.cz\/mestskymobiliar\/kategorie\/venkovni-a-zahradni-lavicky\/","og_locale":"cs_CZ","og_type":"article","og_title":"Venkovn\u00ed a zahradn\u00ed lavi\u010dky - M\u011aSTSK\u00dd MOBILI\u00c1\u0158","og_description":"Lavi\u010dky s d\u0159ev\u011bn\u00fdm sed\u00e1kem Lavi\u010dky s WPC sed\u00e1kem Lavi\u010dky s kovov\u00fdm sed\u00e1kem Lavi\u010dky se sed\u00e1kem z kompaktn\u00ed desky","og_url":"https:\/\/alexnabytek.cz\/mestskymobiliar\/kategorie\/venkovni-a-zahradni-lavicky\/","og_site_name":"M\u011aSTSK\u00dd MOBILI\u00c1\u0158","article_modified_time":"2024-03-26T15:41:08+00:00","og_image":[{"url":"https:\/\/alexnabytek.cz\/mestskymobiliar\/wp-content\/uploads\/2024\/03\/KAT454.jpg","type":"","width":"","height":""}],"twitter_card":"summary_large_image","schema":{"@context":"https:\/\/schema.org","@graph":[{"@type":"WebPage","@id":"https:\/\/alexnabytek.cz\/mestskymobiliar\/kategorie\/venkovni-a-zahradni-lavicky\/","url":"https:\/\/alexnabytek.cz\/mestskymobiliar\/kategorie\/venkovni-a-zahradni-lavicky\/","name":"Venkovn\u00ed a zahradn\u00ed lavi\u010dky - M\u011aSTSK\u00dd MOBILI\u00c1\u0158","isPartOf":{"@id":"https:\/\/alexnabytek.cz\/mestskymobiliar\/#website"},"primaryImageOfPage":{"@id":"https:\/\/alexnabytek.cz\/mestskymobiliar\/kategorie\/venkovni-a-zahradni-lavicky\/#primaryimage"},"image":{"@id":"https:\/\/alexnabytek.cz\/mestskymobiliar\/kategorie\/venkovni-a-zahradni-lavicky\/#primaryimage"},"thumbnailUrl":"https:\/\/alexnabytek.cz\/mestskymobiliar\/wp-content\/uploads\/2024\/03\/KAT454.jpg","datePublished":"2017-03-08T19:20:22+00:00","dateModified":"2024-03-26T15:41:08+00:00","breadcrumb":{"@id":"https:\/\/alexnabytek.cz\/mestskymobiliar\/kategorie\/venkovni-a-zahradni-lavicky\/#breadcrumb"},"inLanguage":"en-US","potentialAction":[{"@type":"ReadAction","target":["https:\/\/alexnabytek.cz\/mestskymobiliar\/kategorie\/venkovni-a-zahradni-lavicky\/"]}]},{"@type":"ImageObject","inLanguage":"en-US","@id":"https:\/\/alexnabytek.cz\/mestskymobiliar\/kategorie\/venkovni-a-zahradni-lavicky\/#primaryimage","url":"https:\/\/alexnabytek.cz\/mestskymobiliar\/wp-content\/uploads\/2024\/03\/KAT454.jpg","contentUrl":"https:\/\/alexnabytek.cz\/mestskymobiliar\/wp-content\/uploads\/2024\/03\/KAT454.jpg","width":800,"height":560},{"@type":"BreadcrumbList","@id":"https:\/\/alexnabytek.cz\/mestskymobiliar\/kategorie\/venkovni-a-zahradni-lavicky\/#breadcrumb","itemListElement":[{"@type":"ListItem","position":1,"name":"Home","item":"https:\/\/alexnabytek.cz\/mestskymobiliar\/"},{"@type":"ListItem","position":2,"name":"Produkty","item":"https:\/\/alexnabytek.cz\/mestskymobiliar\/kategorie\/"},{"@type":"ListItem","position":3,"name":"Venkovn\u00ed a zahradn\u00ed lavi\u010dky"}]},{"@type":"WebSite","@id":"https:\/\/alexnabytek.cz\/mestskymobiliar\/#website","url":"https:\/\/alexnabytek.cz\/mestskymobiliar\/","name":"M\u011aSTSK\u00dd MOBILI\u00c1\u0158","description":"Alex kovov\u00fd a \u0161koln\u00ed n\u00e1bytek s.r.o.","potentialAction":[{"@type":"SearchAction","target":{"@type":"EntryPoint","urlTemplate":"https:\/\/alexnabytek.cz\/mestskymobiliar\/?s={search_term_string}"},"query-input":{"@type":"PropertyValueSpecification","valueRequired":true,"valueName":"search_term_string"}}],"inLanguage":"en-US"}]}},"_links":{"self":[{"href":"https:\/\/alexnabytek.cz\/mestskymobiliar\/wp-json\/wp\/v2\/pages\/38596","targetHints":{"allow":["GET"]}}],"collection":[{"href":"https:\/\/alexnabytek.cz\/mestskymobiliar\/wp-json\/wp\/v2\/pages"}],"about":[{"href":"https:\/\/alexnabytek.cz\/mestskymobiliar\/wp-json\/wp\/v2\/types\/page"}],"author":[{"embeddable":true,"href":"https:\/\/alexnabytek.cz\/mestskymobiliar\/wp-json\/wp\/v2\/users\/3"}],"replies":[{"embeddable":true,"href":"https:\/\/alexnabytek.cz\/mestskymobiliar\/wp-json\/wp\/v2\/comments?post=38596"}],"version-history":[{"count":4,"href":"https:\/\/alexnabytek.cz\/mestskymobiliar\/wp-json\/wp\/v2\/pages\/38596\/revisions"}],"predecessor-version":[{"id":57478,"href":"https:\/\/alexnabytek.cz\/mestskymobiliar\/wp-json\/wp\/v2\/pages\/38596\/revisions\/57478"}],"up":[{"embeddable":true,"href":"https:\/\/alexnabytek.cz\/mestskymobiliar\/wp-json\/wp\/v2\/pages\/17"}],"wp:attachment":[{"href":"https:\/\/alexnabytek.cz\/mestskymobiliar\/wp-json\/wp\/v2\/media?parent=38596"}],"curies":[{"name":"wp","href":"https:\/\/api.w.org\/{rel}","templated":true}]}}