{"id":38644,"date":"2017-03-08T19:29:47","date_gmt":"2017-03-08T19:29:47","guid":{"rendered":"http:\/\/teszt.alexbutor.hu\/utcabutor\/?page_id=38644"},"modified":"2018-08-31T15:00:46","modified_gmt":"2018-08-31T15:00:46","slug":"venkovni-fitness","status":"publish","type":"page","link":"https:\/\/alexnabytek.cz\/mestskymobiliar\/kategorie\/venkovni-fitness\/","title":{"rendered":"Venkovn\u00ed fitness"},"content":{"rendered":"<li class=\"portfolio_item isotope-item\">\n<div class=\"portfolio_item_holder\">\n<figure class=\"thumbnail thumbnail__portfolio\"><a href=\"https:\/\/alexnabytek.cz\/mestskymobiliar\/kategorie\/venkovni-fitness\/fitness-vybaveni\/\" class=\"image-wrap\"><img decoding=\"async\" src=\"https:\/\/alexnabytek.cz\/mestskymobiliar\/wp-content\/uploads\/2018\/08\/07_Kulteri_fitness-01_Fitness_eszkozok-1.jpg\" alt=\"Fitness vybaven\u00ed\"><\/a><\/figure>\n<div class=\"caption caption__portfolio\">\n<h3><a href=\"https:\/\/alexnabytek.cz\/mestskymobiliar\/kategorie\/venkovni-fitness\/fitness-vybaveni\/\">Fitness vybaven\u00ed<\/a><\/h3>\n<\/div>\n<\/div>\n<\/li>\n<li class=\"portfolio_item isotope-item\">\n<div class=\"portfolio_item_holder\">\n<figure class=\"thumbnail thumbnail__portfolio\"><a href=\"https:\/\/alexnabytek.cz\/mestskymobiliar\/kategorie\/venkovni-fitness\/street-workout\/\" class=\"image-wrap\"><img decoding=\"async\" src=\"https:\/\/alexnabytek.cz\/mestskymobiliar\/wp-content\/uploads\/2018\/08\/07_Kulteri_fitness-02_Street_Workout.jpg\" alt=\"Street workout\"><\/a><\/figure>\n<div class=\"caption caption__portfolio\">\n<h3><a href=\"https:\/\/alexnabytek.cz\/mestskymobiliar\/kategorie\/venkovni-fitness\/street-workout\/\">Street workout<\/a><\/h3>\n<\/div>\n<\/div>\n<\/li>\n<li class=\"portfolio_item isotope-item\">\n<div class=\"portfolio_item_holder\">\n<figure class=\"thumbnail thumbnail__portfolio\"><a href=\"https:\/\/alexnabytek.cz\/mestskymobiliar\/kategorie\/venkovni-fitness\/bezbarierove-fitness\/\" class=\"image-wrap\"><img decoding=\"async\" src=\"https:\/\/alexnabytek.cz\/mestskymobiliar\/wp-content\/uploads\/2017\/03\/07_Kulteri_fitness-02_MKK_Fitness.jpg\" alt=\"Bezbari\u00e9rov\u00e9 fitness\"><\/a><\/figure>\n<div class=\"caption caption__portfolio\">\n<h3><a href=\"https:\/\/alexnabytek.cz\/mestskymobiliar\/kategorie\/venkovni-fitness\/bezbarierove-fitness\/\">Bezbari\u00e9rov\u00e9 fitness<\/a><\/h3>\n<\/div>\n<\/div>\n<\/li>\n","protected":false},"excerpt":{"rendered":"<p>Fitness vybaven\u00ed Street workout Bezbari\u00e9rov\u00e9 fitness<\/p>\n","protected":false},"author":3,"featured_media":0,"parent":17,"menu_order":0,"comment_status":"closed","ping_status":"closed","template":"page-Portfolio2Cols-alexsub.php","meta":{"footnotes":""},"class_list":["post-38644","page","type-page","status-publish","hentry"],"yoast_head":"<!-- This site is optimized with the Yoast SEO plugin v24.6 - https:\/\/yoast.com\/wordpress\/plugins\/seo\/ -->\n<title>Venkovn\u00ed fitness - M\u011aSTSK\u00dd MOBILI\u00c1\u0158<\/title>\n<meta name=\"robots\" content=\"index, follow, max-snippet:-1, max-image-preview:large, max-video-preview:-1\" \/>\n<link rel=\"canonical\" href=\"https:\/\/alexnabytek.cz\/mestskymobiliar\/kategorie\/venkovni-fitness\/\" \/>\n<meta property=\"og:locale\" content=\"cs_CZ\" \/>\n<meta property=\"og:type\" content=\"article\" \/>\n<meta property=\"og:title\" content=\"Venkovn\u00ed fitness - M\u011aSTSK\u00dd MOBILI\u00c1\u0158\" \/>\n<meta property=\"og:description\" content=\"Fitness vybaven\u00ed Street workout Bezbari\u00e9rov\u00e9 fitness\" \/>\n<meta property=\"og:url\" content=\"https:\/\/alexnabytek.cz\/mestskymobiliar\/kategorie\/venkovni-fitness\/\" \/>\n<meta property=\"og:site_name\" content=\"M\u011aSTSK\u00dd MOBILI\u00c1\u0158\" \/>\n<meta property=\"article:modified_time\" content=\"2018-08-31T15:00:46+00:00\" \/>\n<meta property=\"og:image\" content=\"https:\/\/alexnabytek.cz\/mestskymobiliar\/wp-content\/uploads\/2018\/08\/07_Kulteri_fitness-01_Fitness_eszkozok-1.jpg\" \/>\n<meta name=\"twitter:card\" content=\"summary_large_image\" \/>\n<script type=\"application\/ld+json\" class=\"yoast-schema-graph\">{\"@context\":\"https:\/\/schema.org\",\"@graph\":[{\"@type\":\"WebPage\",\"@id\":\"https:\/\/alexnabytek.cz\/mestskymobiliar\/kategorie\/venkovni-fitness\/\",\"url\":\"https:\/\/alexnabytek.cz\/mestskymobiliar\/kategorie\/venkovni-fitness\/\",\"name\":\"Venkovn\u00ed fitness - M\u011aSTSK\u00dd MOBILI\u00c1\u0158\",\"isPartOf\":{\"@id\":\"https:\/\/alexnabytek.cz\/mestskymobiliar\/#website\"},\"primaryImageOfPage\":{\"@id\":\"https:\/\/alexnabytek.cz\/mestskymobiliar\/kategorie\/venkovni-fitness\/#primaryimage\"},\"image\":{\"@id\":\"https:\/\/alexnabytek.cz\/mestskymobiliar\/kategorie\/venkovni-fitness\/#primaryimage\"},\"thumbnailUrl\":\"https:\/\/alexnabytek.cz\/mestskymobiliar\/wp-content\/uploads\/2018\/08\/07_Kulteri_fitness-01_Fitness_eszkozok-1.jpg\",\"datePublished\":\"2017-03-08T19:29:47+00:00\",\"dateModified\":\"2018-08-31T15:00:46+00:00\",\"breadcrumb\":{\"@id\":\"https:\/\/alexnabytek.cz\/mestskymobiliar\/kategorie\/venkovni-fitness\/#breadcrumb\"},\"inLanguage\":\"en-US\",\"potentialAction\":[{\"@type\":\"ReadAction\",\"target\":[\"https:\/\/alexnabytek.cz\/mestskymobiliar\/kategorie\/venkovni-fitness\/\"]}]},{\"@type\":\"ImageObject\",\"inLanguage\":\"en-US\",\"@id\":\"https:\/\/alexnabytek.cz\/mestskymobiliar\/kategorie\/venkovni-fitness\/#primaryimage\",\"url\":\"https:\/\/alexnabytek.cz\/mestskymobiliar\/wp-content\/uploads\/2018\/08\/07_Kulteri_fitness-01_Fitness_eszkozok-1.jpg\",\"contentUrl\":\"https:\/\/alexnabytek.cz\/mestskymobiliar\/wp-content\/uploads\/2018\/08\/07_Kulteri_fitness-01_Fitness_eszkozok-1.jpg\",\"width\":800,\"height\":560},{\"@type\":\"BreadcrumbList\",\"@id\":\"https:\/\/alexnabytek.cz\/mestskymobiliar\/kategorie\/venkovni-fitness\/#breadcrumb\",\"itemListElement\":[{\"@type\":\"ListItem\",\"position\":1,\"name\":\"Home\",\"item\":\"https:\/\/alexnabytek.cz\/mestskymobiliar\/\"},{\"@type\":\"ListItem\",\"position\":2,\"name\":\"Produkty\",\"item\":\"https:\/\/alexnabytek.cz\/mestskymobiliar\/kategorie\/\"},{\"@type\":\"ListItem\",\"position\":3,\"name\":\"Venkovn\u00ed fitness\"}]},{\"@type\":\"WebSite\",\"@id\":\"https:\/\/alexnabytek.cz\/mestskymobiliar\/#website\",\"url\":\"https:\/\/alexnabytek.cz\/mestskymobiliar\/\",\"name\":\"M\u011aSTSK\u00dd MOBILI\u00c1\u0158\",\"description\":\"Alex kovov\u00fd a \u0161koln\u00ed n\u00e1bytek s.r.o.\",\"potentialAction\":[{\"@type\":\"SearchAction\",\"target\":{\"@type\":\"EntryPoint\",\"urlTemplate\":\"https:\/\/alexnabytek.cz\/mestskymobiliar\/?s={search_term_string}\"},\"query-input\":{\"@type\":\"PropertyValueSpecification\",\"valueRequired\":true,\"valueName\":\"search_term_string\"}}],\"inLanguage\":\"en-US\"}]}<\/script>\n<!-- \/ Yoast SEO plugin. -->","yoast_head_json":{"title":"Venkovn\u00ed fitness - M\u011aSTSK\u00dd MOBILI\u00c1\u0158","robots":{"index":"index","follow":"follow","max-snippet":"max-snippet:-1","max-image-preview":"max-image-preview:large","max-video-preview":"max-video-preview:-1"},"canonical":"https:\/\/alexnabytek.cz\/mestskymobiliar\/kategorie\/venkovni-fitness\/","og_locale":"cs_CZ","og_type":"article","og_title":"Venkovn\u00ed fitness - M\u011aSTSK\u00dd MOBILI\u00c1\u0158","og_description":"Fitness vybaven\u00ed Street workout Bezbari\u00e9rov\u00e9 fitness","og_url":"https:\/\/alexnabytek.cz\/mestskymobiliar\/kategorie\/venkovni-fitness\/","og_site_name":"M\u011aSTSK\u00dd MOBILI\u00c1\u0158","article_modified_time":"2018-08-31T15:00:46+00:00","og_image":[{"url":"https:\/\/alexnabytek.cz\/mestskymobiliar\/wp-content\/uploads\/2018\/08\/07_Kulteri_fitness-01_Fitness_eszkozok-1.jpg","type":"","width":"","height":""}],"twitter_card":"summary_large_image","schema":{"@context":"https:\/\/schema.org","@graph":[{"@type":"WebPage","@id":"https:\/\/alexnabytek.cz\/mestskymobiliar\/kategorie\/venkovni-fitness\/","url":"https:\/\/alexnabytek.cz\/mestskymobiliar\/kategorie\/venkovni-fitness\/","name":"Venkovn\u00ed fitness - M\u011aSTSK\u00dd MOBILI\u00c1\u0158","isPartOf":{"@id":"https:\/\/alexnabytek.cz\/mestskymobiliar\/#website"},"primaryImageOfPage":{"@id":"https:\/\/alexnabytek.cz\/mestskymobiliar\/kategorie\/venkovni-fitness\/#primaryimage"},"image":{"@id":"https:\/\/alexnabytek.cz\/mestskymobiliar\/kategorie\/venkovni-fitness\/#primaryimage"},"thumbnailUrl":"https:\/\/alexnabytek.cz\/mestskymobiliar\/wp-content\/uploads\/2018\/08\/07_Kulteri_fitness-01_Fitness_eszkozok-1.jpg","datePublished":"2017-03-08T19:29:47+00:00","dateModified":"2018-08-31T15:00:46+00:00","breadcrumb":{"@id":"https:\/\/alexnabytek.cz\/mestskymobiliar\/kategorie\/venkovni-fitness\/#breadcrumb"},"inLanguage":"en-US","potentialAction":[{"@type":"ReadAction","target":["https:\/\/alexnabytek.cz\/mestskymobiliar\/kategorie\/venkovni-fitness\/"]}]},{"@type":"ImageObject","inLanguage":"en-US","@id":"https:\/\/alexnabytek.cz\/mestskymobiliar\/kategorie\/venkovni-fitness\/#primaryimage","url":"https:\/\/alexnabytek.cz\/mestskymobiliar\/wp-content\/uploads\/2018\/08\/07_Kulteri_fitness-01_Fitness_eszkozok-1.jpg","contentUrl":"https:\/\/alexnabytek.cz\/mestskymobiliar\/wp-content\/uploads\/2018\/08\/07_Kulteri_fitness-01_Fitness_eszkozok-1.jpg","width":800,"height":560},{"@type":"BreadcrumbList","@id":"https:\/\/alexnabytek.cz\/mestskymobiliar\/kategorie\/venkovni-fitness\/#breadcrumb","itemListElement":[{"@type":"ListItem","position":1,"name":"Home","item":"https:\/\/alexnabytek.cz\/mestskymobiliar\/"},{"@type":"ListItem","position":2,"name":"Produkty","item":"https:\/\/alexnabytek.cz\/mestskymobiliar\/kategorie\/"},{"@type":"ListItem","position":3,"name":"Venkovn\u00ed fitness"}]},{"@type":"WebSite","@id":"https:\/\/alexnabytek.cz\/mestskymobiliar\/#website","url":"https:\/\/alexnabytek.cz\/mestskymobiliar\/","name":"M\u011aSTSK\u00dd MOBILI\u00c1\u0158","description":"Alex kovov\u00fd a \u0161koln\u00ed n\u00e1bytek s.r.o.","potentialAction":[{"@type":"SearchAction","target":{"@type":"EntryPoint","urlTemplate":"https:\/\/alexnabytek.cz\/mestskymobiliar\/?s={search_term_string}"},"query-input":{"@type":"PropertyValueSpecification","valueRequired":true,"valueName":"search_term_string"}}],"inLanguage":"en-US"}]}},"_links":{"self":[{"href":"https:\/\/alexnabytek.cz\/mestskymobiliar\/wp-json\/wp\/v2\/pages\/38644","targetHints":{"allow":["GET"]}}],"collection":[{"href":"https:\/\/alexnabytek.cz\/mestskymobiliar\/wp-json\/wp\/v2\/pages"}],"about":[{"href":"https:\/\/alexnabytek.cz\/mestskymobiliar\/wp-json\/wp\/v2\/types\/page"}],"author":[{"embeddable":true,"href":"https:\/\/alexnabytek.cz\/mestskymobiliar\/wp-json\/wp\/v2\/users\/3"}],"replies":[{"embeddable":true,"href":"https:\/\/alexnabytek.cz\/mestskymobiliar\/wp-json\/wp\/v2\/comments?post=38644"}],"version-history":[{"count":2,"href":"https:\/\/alexnabytek.cz\/mestskymobiliar\/wp-json\/wp\/v2\/pages\/38644\/revisions"}],"predecessor-version":[{"id":49443,"href":"https:\/\/alexnabytek.cz\/mestskymobiliar\/wp-json\/wp\/v2\/pages\/38644\/revisions\/49443"}],"up":[{"embeddable":true,"href":"https:\/\/alexnabytek.cz\/mestskymobiliar\/wp-json\/wp\/v2\/pages\/17"}],"wp:attachment":[{"href":"https:\/\/alexnabytek.cz\/mestskymobiliar\/wp-json\/wp\/v2\/media?parent=38644"}],"curies":[{"name":"wp","href":"https:\/\/api.w.org\/{rel}","templated":true}]}}