{"id":38660,"date":"2017-03-08T19:33:06","date_gmt":"2017-03-08T19:33:06","guid":{"rendered":"http:\/\/teszt.alexbutor.hu\/utcabutor\/?page_id=38660"},"modified":"2017-05-26T15:15:17","modified_gmt":"2017-05-26T15:15:17","slug":"informacni-tabule","status":"publish","type":"page","link":"https:\/\/alexnabytek.cz\/mestskymobiliar\/kategorie\/informacni-tabule\/","title":{"rendered":"Informa\u010dn\u00ed tabule"},"content":{"rendered":"<p><!-- \n\n<li class=\"portfolio_item isotope-item\">\n\n\n<div class=\"portfolio_item_holder\">\n\n\n<figure class=\"thumbnail thumbnail__portfolio\"><a href=\"http:\/\/teszt.alexbutor.hu\/utcabutor\/kategoriak\/utcatablak\/cimer-hazszam-utcanev-tabla\/\" class=\"image-wrap\"><img decoding=\"async\" src=\"http:\/\/teszt.alexbutor.hu\/utcabutor\/wp-content\/uploads\/2017\/03\/10_Utcatablak-01_Utcatabla.jpg\" alt=\"C\u00edmer, h\u00e1zsz\u00e1m, utcan\u00e9v t\u00e1bla\"><\/a><\/figure>\n\n\n\n\n<div class=\"caption caption__portfolio\">\n\n\n<h3><a href=\"http:\/\/teszt.alexbutor.hu\/utcabutor\/kategoriak\/utcatablak\/cimer-hazszam-utcanev-tabla\/\">C\u00edmer, h\u00e1zsz\u00e1m, utcan\u00e9v t\u00e1bla<\/a><\/h3>\n\n\n<\/div>\n\n\n<\/div>\n\n\n<\/li>\n\n\n\n\n\n<li class=\"portfolio_item isotope-item\">\n\n\n<div class=\"portfolio_item_holder\">\n\n\n<figure class=\"thumbnail thumbnail__portfolio\"><a href=\"http:\/\/teszt.alexbutor.hu\/utcabutor\/kategoriak\/utcatablak\/terkepes-tabla-udvozlotabla\/\" class=\"image-wrap\"><img decoding=\"async\" src=\"http:\/\/teszt.alexbutor.hu\/utcabutor\/wp-content\/uploads\/2017\/03\/10_Utcatablak_02_Terkepes_tabla.jpg\" alt=\"T\u00e9rk\u00e9pes t\u00e1bla, \u00fcdv\u00f6zl\u0151t\u00e1bla\"><\/a><\/figure>\n\n\n\n\n<div class=\"caption caption__portfolio\">\n\n\n<h3><a href=\"http:\/\/teszt.alexbutor.hu\/utcabutor\/kategoriak\/utcatablak\/terkepes-tabla-udvozlotabla\/\">T\u00e9rk\u00e9pes t\u00e1bla, \u00fcdv\u00f6zl\u0151t\u00e1bla<\/a><\/h3>\n\n\n<\/div>\n\n\n<\/div>\n\n\n<\/li>\n\n\n\n\n\n<li class=\"portfolio_item isotope-item\">\n\n\n<div class=\"portfolio_item_holder\">\n\n\n<figure class=\"thumbnail thumbnail__portfolio\"><a href=\"http:\/\/teszt.alexbutor.hu\/utcabutor\/kategoriak\/utcatablak\/irany-jelzo-tabla-egyeb-tabla\/\" class=\"image-wrap\"><img decoding=\"async\" src=\"http:\/\/teszt.alexbutor.hu\/utcabutor\/wp-content\/uploads\/2017\/03\/10_Utcatablak_03_Iranyjelzo_tablak.jpg\" alt=\"Ir\u00e1ny jelz\u0151 t\u00e1bla, egy\u00e9b t\u00e1bla\"><\/a><\/figure>\n\n\n\n\n<div class=\"caption caption__portfolio\">\n\n\n<h3><a href=\"http:\/\/teszt.alexbutor.hu\/utcabutor\/kategoriak\/utcatablak\/irany-jelzo-tabla-egyeb-tabla\/\">Ir\u00e1ny jelz\u0151 t\u00e1bla, egy\u00e9b t\u00e1bla<\/a><\/h3>\n\n\n<\/div>\n\n\n<\/div>\n\n\n<\/li>\n\n --><\/p>\n","protected":false},"excerpt":{"rendered":"","protected":false},"author":3,"featured_media":0,"parent":17,"menu_order":0,"comment_status":"closed","ping_status":"closed","template":"page-Portfolio4Cols-filterable.php","meta":{"footnotes":""},"class_list":["post-38660","page","type-page","status-publish","hentry"],"yoast_head":"<!-- This site is optimized with the Yoast SEO plugin v24.6 - https:\/\/yoast.com\/wordpress\/plugins\/seo\/ -->\n<title>Informa\u010dn\u00ed tabule - M\u011aSTSK\u00dd MOBILI\u00c1\u0158<\/title>\n<meta name=\"robots\" content=\"index, follow, max-snippet:-1, max-image-preview:large, max-video-preview:-1\" \/>\n<link rel=\"canonical\" href=\"https:\/\/alexnabytek.cz\/mestskymobiliar\/kategorie\/informacni-tabule\/\" \/>\n<meta property=\"og:locale\" content=\"cs_CZ\" \/>\n<meta property=\"og:type\" content=\"article\" \/>\n<meta property=\"og:title\" content=\"Informa\u010dn\u00ed tabule - M\u011aSTSK\u00dd MOBILI\u00c1\u0158\" \/>\n<meta property=\"og:url\" content=\"https:\/\/alexnabytek.cz\/mestskymobiliar\/kategorie\/informacni-tabule\/\" \/>\n<meta property=\"og:site_name\" content=\"M\u011aSTSK\u00dd MOBILI\u00c1\u0158\" \/>\n<meta property=\"article:modified_time\" content=\"2017-05-26T15:15:17+00:00\" \/>\n<meta property=\"og:image\" content=\"http:\/\/teszt.alexbutor.hu\/utcabutor\/wp-content\/uploads\/2017\/03\/10_Utcatablak-01_Utcatabla.jpg\" \/>\n<meta name=\"twitter:card\" content=\"summary_large_image\" \/>\n<script type=\"application\/ld+json\" class=\"yoast-schema-graph\">{\"@context\":\"https:\/\/schema.org\",\"@graph\":[{\"@type\":\"WebPage\",\"@id\":\"https:\/\/alexnabytek.cz\/mestskymobiliar\/kategorie\/informacni-tabule\/\",\"url\":\"https:\/\/alexnabytek.cz\/mestskymobiliar\/kategorie\/informacni-tabule\/\",\"name\":\"Informa\u010dn\u00ed tabule - M\u011aSTSK\u00dd MOBILI\u00c1\u0158\",\"isPartOf\":{\"@id\":\"https:\/\/alexnabytek.cz\/mestskymobiliar\/#website\"},\"primaryImageOfPage\":{\"@id\":\"https:\/\/alexnabytek.cz\/mestskymobiliar\/kategorie\/informacni-tabule\/#primaryimage\"},\"image\":{\"@id\":\"https:\/\/alexnabytek.cz\/mestskymobiliar\/kategorie\/informacni-tabule\/#primaryimage\"},\"thumbnailUrl\":\"http:\/\/teszt.alexbutor.hu\/utcabutor\/wp-content\/uploads\/2017\/03\/10_Utcatablak-01_Utcatabla.jpg\",\"datePublished\":\"2017-03-08T19:33:06+00:00\",\"dateModified\":\"2017-05-26T15:15:17+00:00\",\"breadcrumb\":{\"@id\":\"https:\/\/alexnabytek.cz\/mestskymobiliar\/kategorie\/informacni-tabule\/#breadcrumb\"},\"inLanguage\":\"en-US\",\"potentialAction\":[{\"@type\":\"ReadAction\",\"target\":[\"https:\/\/alexnabytek.cz\/mestskymobiliar\/kategorie\/informacni-tabule\/\"]}]},{\"@type\":\"ImageObject\",\"inLanguage\":\"en-US\",\"@id\":\"https:\/\/alexnabytek.cz\/mestskymobiliar\/kategorie\/informacni-tabule\/#primaryimage\",\"url\":\"http:\/\/teszt.alexbutor.hu\/utcabutor\/wp-content\/uploads\/2017\/03\/10_Utcatablak-01_Utcatabla.jpg\",\"contentUrl\":\"http:\/\/teszt.alexbutor.hu\/utcabutor\/wp-content\/uploads\/2017\/03\/10_Utcatablak-01_Utcatabla.jpg\"},{\"@type\":\"BreadcrumbList\",\"@id\":\"https:\/\/alexnabytek.cz\/mestskymobiliar\/kategorie\/informacni-tabule\/#breadcrumb\",\"itemListElement\":[{\"@type\":\"ListItem\",\"position\":1,\"name\":\"Home\",\"item\":\"https:\/\/alexnabytek.cz\/mestskymobiliar\/\"},{\"@type\":\"ListItem\",\"position\":2,\"name\":\"Produkty\",\"item\":\"https:\/\/alexnabytek.cz\/mestskymobiliar\/kategorie\/\"},{\"@type\":\"ListItem\",\"position\":3,\"name\":\"Informa\u010dn\u00ed tabule\"}]},{\"@type\":\"WebSite\",\"@id\":\"https:\/\/alexnabytek.cz\/mestskymobiliar\/#website\",\"url\":\"https:\/\/alexnabytek.cz\/mestskymobiliar\/\",\"name\":\"M\u011aSTSK\u00dd MOBILI\u00c1\u0158\",\"description\":\"Alex kovov\u00fd a \u0161koln\u00ed n\u00e1bytek s.r.o.\",\"potentialAction\":[{\"@type\":\"SearchAction\",\"target\":{\"@type\":\"EntryPoint\",\"urlTemplate\":\"https:\/\/alexnabytek.cz\/mestskymobiliar\/?s={search_term_string}\"},\"query-input\":{\"@type\":\"PropertyValueSpecification\",\"valueRequired\":true,\"valueName\":\"search_term_string\"}}],\"inLanguage\":\"en-US\"}]}<\/script>\n<!-- \/ Yoast SEO plugin. -->","yoast_head_json":{"title":"Informa\u010dn\u00ed tabule - M\u011aSTSK\u00dd MOBILI\u00c1\u0158","robots":{"index":"index","follow":"follow","max-snippet":"max-snippet:-1","max-image-preview":"max-image-preview:large","max-video-preview":"max-video-preview:-1"},"canonical":"https:\/\/alexnabytek.cz\/mestskymobiliar\/kategorie\/informacni-tabule\/","og_locale":"cs_CZ","og_type":"article","og_title":"Informa\u010dn\u00ed tabule - M\u011aSTSK\u00dd MOBILI\u00c1\u0158","og_url":"https:\/\/alexnabytek.cz\/mestskymobiliar\/kategorie\/informacni-tabule\/","og_site_name":"M\u011aSTSK\u00dd MOBILI\u00c1\u0158","article_modified_time":"2017-05-26T15:15:17+00:00","og_image":[{"url":"http:\/\/teszt.alexbutor.hu\/utcabutor\/wp-content\/uploads\/2017\/03\/10_Utcatablak-01_Utcatabla.jpg","type":"","width":"","height":""}],"twitter_card":"summary_large_image","schema":{"@context":"https:\/\/schema.org","@graph":[{"@type":"WebPage","@id":"https:\/\/alexnabytek.cz\/mestskymobiliar\/kategorie\/informacni-tabule\/","url":"https:\/\/alexnabytek.cz\/mestskymobiliar\/kategorie\/informacni-tabule\/","name":"Informa\u010dn\u00ed tabule - M\u011aSTSK\u00dd MOBILI\u00c1\u0158","isPartOf":{"@id":"https:\/\/alexnabytek.cz\/mestskymobiliar\/#website"},"primaryImageOfPage":{"@id":"https:\/\/alexnabytek.cz\/mestskymobiliar\/kategorie\/informacni-tabule\/#primaryimage"},"image":{"@id":"https:\/\/alexnabytek.cz\/mestskymobiliar\/kategorie\/informacni-tabule\/#primaryimage"},"thumbnailUrl":"http:\/\/teszt.alexbutor.hu\/utcabutor\/wp-content\/uploads\/2017\/03\/10_Utcatablak-01_Utcatabla.jpg","datePublished":"2017-03-08T19:33:06+00:00","dateModified":"2017-05-26T15:15:17+00:00","breadcrumb":{"@id":"https:\/\/alexnabytek.cz\/mestskymobiliar\/kategorie\/informacni-tabule\/#breadcrumb"},"inLanguage":"en-US","potentialAction":[{"@type":"ReadAction","target":["https:\/\/alexnabytek.cz\/mestskymobiliar\/kategorie\/informacni-tabule\/"]}]},{"@type":"ImageObject","inLanguage":"en-US","@id":"https:\/\/alexnabytek.cz\/mestskymobiliar\/kategorie\/informacni-tabule\/#primaryimage","url":"http:\/\/teszt.alexbutor.hu\/utcabutor\/wp-content\/uploads\/2017\/03\/10_Utcatablak-01_Utcatabla.jpg","contentUrl":"http:\/\/teszt.alexbutor.hu\/utcabutor\/wp-content\/uploads\/2017\/03\/10_Utcatablak-01_Utcatabla.jpg"},{"@type":"BreadcrumbList","@id":"https:\/\/alexnabytek.cz\/mestskymobiliar\/kategorie\/informacni-tabule\/#breadcrumb","itemListElement":[{"@type":"ListItem","position":1,"name":"Home","item":"https:\/\/alexnabytek.cz\/mestskymobiliar\/"},{"@type":"ListItem","position":2,"name":"Produkty","item":"https:\/\/alexnabytek.cz\/mestskymobiliar\/kategorie\/"},{"@type":"ListItem","position":3,"name":"Informa\u010dn\u00ed tabule"}]},{"@type":"WebSite","@id":"https:\/\/alexnabytek.cz\/mestskymobiliar\/#website","url":"https:\/\/alexnabytek.cz\/mestskymobiliar\/","name":"M\u011aSTSK\u00dd MOBILI\u00c1\u0158","description":"Alex kovov\u00fd a \u0161koln\u00ed n\u00e1bytek s.r.o.","potentialAction":[{"@type":"SearchAction","target":{"@type":"EntryPoint","urlTemplate":"https:\/\/alexnabytek.cz\/mestskymobiliar\/?s={search_term_string}"},"query-input":{"@type":"PropertyValueSpecification","valueRequired":true,"valueName":"search_term_string"}}],"inLanguage":"en-US"}]}},"_links":{"self":[{"href":"https:\/\/alexnabytek.cz\/mestskymobiliar\/wp-json\/wp\/v2\/pages\/38660","targetHints":{"allow":["GET"]}}],"collection":[{"href":"https:\/\/alexnabytek.cz\/mestskymobiliar\/wp-json\/wp\/v2\/pages"}],"about":[{"href":"https:\/\/alexnabytek.cz\/mestskymobiliar\/wp-json\/wp\/v2\/types\/page"}],"author":[{"embeddable":true,"href":"https:\/\/alexnabytek.cz\/mestskymobiliar\/wp-json\/wp\/v2\/users\/3"}],"replies":[{"embeddable":true,"href":"https:\/\/alexnabytek.cz\/mestskymobiliar\/wp-json\/wp\/v2\/comments?post=38660"}],"version-history":[{"count":0,"href":"https:\/\/alexnabytek.cz\/mestskymobiliar\/wp-json\/wp\/v2\/pages\/38660\/revisions"}],"up":[{"embeddable":true,"href":"https:\/\/alexnabytek.cz\/mestskymobiliar\/wp-json\/wp\/v2\/pages\/17"}],"wp:attachment":[{"href":"https:\/\/alexnabytek.cz\/mestskymobiliar\/wp-json\/wp\/v2\/media?parent=38660"}],"curies":[{"name":"wp","href":"https:\/\/api.w.org\/{rel}","templated":true}]}}