{"id":40638,"date":"2017-03-09T12:48:14","date_gmt":"2017-03-09T12:48:14","guid":{"rendered":"http:\/\/teszt.alexbutor.hu\/utcabutor\/?page_id=40638"},"modified":"2018-08-31T15:05:24","modified_gmt":"2018-08-31T15:05:24","slug":"kompletni-sortiment","status":"publish","type":"page","link":"https:\/\/alexnabytek.cz\/mestskymobiliar\/kategorie\/kompletni-sortiment\/","title":{"rendered":"Kompletn\u00ed sortiment"},"content":{"rendered":"<li class=\"portfolio_item isotope-item\">\n<div class=\"portfolio_item_holder\">\n<figure class=\"thumbnail thumbnail__portfolio\"><a href=\"https:\/\/alexnabytek.cz\/mestskymobiliar\/kategorie\/venkovni-a-zahradni-lavicky\/\" class=\"image-wrap\"><img decoding=\"async\" src=\"https:\/\/alexnabytek.cz\/mestskymobiliar\/wp-content\/uploads\/2017\/03\/01_Utcai_es_kulteri_padok.jpg\" alt=\"Venkovn\u00ed a zahradn\u00ed lavi\u010dky\"><\/a><\/figure>\n<div class=\"caption caption__portfolio\">\n<h3><a href=\"https:\/\/alexnabytek.cz\/mestskymobiliar\/kategorie\/venkovni-a-zahradni-lavicky\/\">Venkovn\u00ed a zahradn\u00ed lavi\u010dky<\/a><\/h3>\n<\/div>\n<\/div>\n<\/li>\n<li class=\"portfolio_item isotope-item\">\n<div class=\"portfolio_item_holder\">\n<figure class=\"thumbnail thumbnail__portfolio\"><a href=\"https:\/\/alexnabytek.cz\/mestskymobiliar\/kategorie\/produktove-rady\/\" class=\"image-wrap\"><img decoding=\"async\" src=\"https:\/\/alexnabytek.cz\/mestskymobiliar\/wp-content\/uploads\/2017\/03\/02_Butorcsaladok.jpg\" alt=\"Produktov\u00e9 \u0159ady\"><\/a><\/figure>\n<div class=\"caption caption__portfolio\">\n<h3><a href=\"https:\/\/alexnabytek.cz\/mestskymobiliar\/kategorie\/produktove-rady\/\">Produktov\u00e9 \u0159ady<\/a><\/h3>\n<\/div>\n<\/div>\n<\/li>\n<li class=\"portfolio_item isotope-item\">\n<div class=\"portfolio_item_holder\">\n<figure class=\"thumbnail thumbnail__portfolio\"><a href=\"https:\/\/alexnabytek.cz\/mestskymobiliar\/kategorie\/nabytek\/\" class=\"image-wrap\"><img decoding=\"async\" src=\"https:\/\/alexnabytek.cz\/mestskymobiliar\/wp-content\/uploads\/2017\/03\/03_Butorok.jpg\" alt=\"N\u00e1bytek\"><\/a><\/figure>\n<div class=\"caption caption__portfolio\">\n<h3><a href=\"https:\/\/alexnabytek.cz\/mestskymobiliar\/kategorie\/nabytek\/\">N\u00e1bytek<\/a><\/h3>\n<\/div>\n<\/div>\n<\/li>\n<li class=\"portfolio_item isotope-item\">\n<div class=\"portfolio_item_holder\">\n<figure class=\"thumbnail thumbnail__portfolio\"><a href=\"https:\/\/alexnabytek.cz\/mestskymobiliar\/kategorie\/venkovni-a-zahradni-stoly\/\" class=\"image-wrap\"><img decoding=\"async\" src=\"https:\/\/alexnabytek.cz\/mestskymobiliar\/wp-content\/uploads\/2017\/03\/04_Utcai_es_kulteri_asztalok.jpg\" alt=\"Venkovn\u00ed a zahradn\u00ed stoly\"><\/a><\/figure>\n<div class=\"caption caption__portfolio\">\n<h3><a href=\"https:\/\/alexnabytek.cz\/mestskymobiliar\/kategorie\/venkovni-a-zahradni-stoly\/\">Venkovn\u00ed a zahradn\u00ed stoly<\/a><\/h3>\n<\/div>\n<\/div>\n<\/li>\n<li class=\"portfolio_item isotope-item\">\n<div class=\"portfolio_item_holder\">\n<figure class=\"thumbnail thumbnail__portfolio\"><a href=\"https:\/\/alexnabytek.cz\/mestskymobiliar\/kategorie\/poulicni-osvetleni\/\" class=\"image-wrap\"><img decoding=\"async\" src=\"https:\/\/alexnabytek.cz\/mestskymobiliar\/wp-content\/uploads\/2017\/03\/05_Utcai_vilagitas.jpg\" alt=\"Pouli\u010dn\u00ed osv\u011btlen\u00ed\"><\/a><\/figure>\n<div class=\"caption caption__portfolio\">\n<h3><a href=\"https:\/\/alexnabytek.cz\/mestskymobiliar\/kategorie\/poulicni-osvetleni\/\">Pouli\u010dn\u00ed osv\u011btlen\u00ed<\/a><\/h3>\n<\/div>\n<\/div>\n<\/li>\n<li class=\"portfolio_item isotope-item\">\n<div class=\"portfolio_item_holder\">\n<figure class=\"thumbnail thumbnail__portfolio\"><a href=\"https:\/\/alexnabytek.cz\/mestskymobiliar\/kategorie\/sberne-nadoby-na-odpad\/\" class=\"image-wrap\"><img decoding=\"async\" src=\"https:\/\/alexnabytek.cz\/mestskymobiliar\/wp-content\/uploads\/2017\/03\/06_Hulladekgyujtok.jpg\" alt=\"Sb\u011brn\u00e9 n\u00e1doby na odpad\"><\/a><\/figure>\n<div class=\"caption caption__portfolio\">\n<h3><a href=\"https:\/\/alexnabytek.cz\/mestskymobiliar\/kategorie\/sberne-nadoby-na-odpad\/\">Sb\u011brn\u00e9 n\u00e1doby na odpad<\/a><\/h3>\n<\/div>\n<\/div>\n<\/li>\n<li class=\"portfolio_item isotope-item\">\n<div class=\"portfolio_item_holder\">\n<figure class=\"thumbnail thumbnail__portfolio\"><a href=\"https:\/\/alexnabytek.cz\/mestskymobiliar\/kategorie\/venkovni-fitness\/\" class=\"image-wrap\"><img decoding=\"async\" src=\"https:\/\/alexnabytek.cz\/mestskymobiliar\/wp-content\/uploads\/2017\/03\/07_Kulteri_fitness.jpg\" alt=\"Venkovn\u00ed fitness\"><\/a><\/figure>\n<div class=\"caption caption__portfolio\">\n<h3><a href=\"https:\/\/alexnabytek.cz\/mestskymobiliar\/kategorie\/venkovni-fitness\/\">Venkovn\u00ed fitness<\/a><\/h3>\n<\/div>\n<\/div>\n<\/li>\n<li class=\"portfolio_item isotope-item\">\n<div class=\"portfolio_item_holder\">\n<figure class=\"thumbnail thumbnail__portfolio\"><a href=\"https:\/\/alexnabytek.cz\/mestskymobiliar\/kategorie\/pitka\/\" class=\"image-wrap\"><img decoding=\"async\" src=\"https:\/\/alexnabytek.cz\/mestskymobiliar\/wp-content\/uploads\/2017\/03\/08_Kutak.jpg\" alt=\"P\u00edtka\"><\/a><\/figure>\n<div class=\"caption caption__portfolio\">\n<h3><a href=\"https:\/\/alexnabytek.cz\/mestskymobiliar\/kategorie\/pitka\/\">P\u00edtka<\/a><\/h3>\n<\/div>\n<\/div>\n<\/li>\n<li class=\"portfolio_item isotope-item\">\n<div class=\"portfolio_item_holder\">\n<figure class=\"thumbnail thumbnail__portfolio\"><a href=\"https:\/\/alexnabytek.cz\/mestskymobiliar\/kategorie\/kvetinace\/\" class=\"image-wrap\"><img decoding=\"async\" src=\"https:\/\/alexnabytek.cz\/mestskymobiliar\/wp-content\/uploads\/2017\/03\/09_Viragladak.jpg\" alt=\"Kv\u011btin\u00e1\u010de\"><\/a><\/figure>\n<div class=\"caption caption__portfolio\">\n<h3><a href=\"https:\/\/alexnabytek.cz\/mestskymobiliar\/kategorie\/kvetinace\/\">Kv\u011btin\u00e1\u010de<\/a><\/h3>\n<\/div>\n<\/div>\n<\/li>\n<li class=\"portfolio_item isotope-item\">\n<div class=\"portfolio_item_holder\">\n<figure class=\"thumbnail thumbnail__portfolio\"><a href=\"https:\/\/alexnabytek.cz\/mestskymobiliar\/kategorie\/informacni-tabule\/\" class=\"image-wrap\"><img decoding=\"async\" src=\"https:\/\/alexnabytek.cz\/mestskymobiliar\/wp-content\/uploads\/2017\/03\/10_Utcatablak.jpg\" alt=\"Informa\u010dn\u00ed tabule\"><\/a><\/figure>\n<div class=\"caption caption__portfolio\">\n<h3><a href=\"https:\/\/alexnabytek.cz\/mestskymobiliar\/kategorie\/informacni-tabule\/\">Informa\u010dn\u00ed tabule<\/a><\/h3>\n<\/div>\n<\/div>\n<\/li>\n<li class=\"portfolio_item isotope-item\">\n<div class=\"portfolio_item_holder\">\n<figure class=\"thumbnail thumbnail__portfolio\"><a href=\"https:\/\/alexnabytek.cz\/mestskymobiliar\/kategorie\/stozary\/\" class=\"image-wrap\"><img decoding=\"async\" src=\"https:\/\/alexnabytek.cz\/mestskymobiliar\/wp-content\/uploads\/2017\/03\/11_Zaszlorudak.jpg\" alt=\"Sto\u017e\u00e1ry\"><\/a><\/figure>\n<div class=\"caption caption__portfolio\">\n<h3><a href=\"https:\/\/alexnabytek.cz\/mestskymobiliar\/kategorie\/stozary\/\">Sto\u017e\u00e1ry<\/a><\/h3>\n<\/div>\n<\/div>\n<\/li>\n<li class=\"portfolio_item isotope-item\">\n<div class=\"portfolio_item_holder\">\n<figure class=\"thumbnail thumbnail__portfolio\"><a href=\"https:\/\/alexnabytek.cz\/mestskymobiliar\/kategorie\/cekarny-a-zastavky\/\" class=\"image-wrap\"><img decoding=\"async\" src=\"https:\/\/alexnabytek.cz\/mestskymobiliar\/wp-content\/uploads\/2017\/03\/12_Utasvarok-buszmegallok.jpg\" alt=\"\u010cek\u00e1rny a zast\u00e1vky\"><\/a><\/figure>\n<div class=\"caption caption__portfolio\">\n<h3><a href=\"https:\/\/alexnabytek.cz\/mestskymobiliar\/kategorie\/cekarny-a-zastavky\/\">\u010cek\u00e1rny a zast\u00e1vky<\/a><\/h3>\n<\/div>\n<\/div>\n<\/li>\n<li class=\"portfolio_item isotope-item\">\n<div class=\"portfolio_item_holder\">\n<figure class=\"thumbnail thumbnail__portfolio\"><a href=\"https:\/\/alexnabytek.cz\/mestskymobiliar\/kategorie\/stojany-na-kola\/\" class=\"image-wrap\"><img decoding=\"async\" src=\"https:\/\/alexnabytek.cz\/mestskymobiliar\/wp-content\/uploads\/2017\/03\/13_Kerekpartarolok.jpg\" alt=\"Stojany na kola\"><\/a><\/figure>\n<div class=\"caption caption__portfolio\">\n<h3><a href=\"https:\/\/alexnabytek.cz\/mestskymobiliar\/kategorie\/stojany-na-kola\/\">Stojany na kola<\/a><\/h3>\n<\/div>\n<\/div>\n<\/li>\n<li class=\"portfolio_item isotope-item\">\n<div class=\"portfolio_item_holder\">\n<figure class=\"thumbnail thumbnail__portfolio\"><a href=\"https:\/\/alexnabytek.cz\/mestskymobiliar\/kategorie\/ochranne-mrize-stromu\/\" class=\"image-wrap\"><img decoding=\"async\" src=\"https:\/\/alexnabytek.cz\/mestskymobiliar\/wp-content\/uploads\/2017\/03\/14_Faveremracs.jpg\" alt=\"Ochrann\u00e9 m\u0159\u00ed\u017ee strom\u016f\"><\/a><\/figure>\n<div class=\"caption caption__portfolio\">\n<h3><a href=\"https:\/\/alexnabytek.cz\/mestskymobiliar\/kategorie\/ochranne-mrize-stromu\/\">Ochrann\u00e9 m\u0159\u00ed\u017ee strom\u016f<\/a><\/h3>\n<\/div>\n<\/div>\n<\/li>\n<li class=\"portfolio_item isotope-item\">\n<div class=\"portfolio_item_holder\">\n<figure class=\"thumbnail thumbnail__portfolio\"><a href=\"https:\/\/alexnabytek.cz\/mestskymobiliar\/kategorie\/delici-steny-pollery\/\" class=\"image-wrap\"><img decoding=\"async\" src=\"https:\/\/alexnabytek.cz\/mestskymobiliar\/wp-content\/uploads\/2017\/03\/15_Terelvalasztok.jpg\" alt=\"D\u011bl\u00edc\u00ed st\u011bny, pollery\"><\/a><\/figure>\n<div class=\"caption caption__portfolio\">\n<h3><a href=\"https:\/\/alexnabytek.cz\/mestskymobiliar\/kategorie\/delici-steny-pollery\/\">D\u011bl\u00edc\u00ed st\u011bny, pollery<\/a><\/h3>\n<\/div>\n<\/div>\n<\/li>\n<li class=\"portfolio_item isotope-item\">\n<div class=\"portfolio_item_holder\">\n<figure class=\"thumbnail thumbnail__portfolio\"><a href=\"https:\/\/alexnabytek.cz\/mestskymobiliar\/kategorie\/verejne-toalety\/\" class=\"image-wrap\"><img decoding=\"async\" src=\"https:\/\/alexnabytek.cz\/mestskymobiliar\/wp-content\/uploads\/2017\/03\/16_Nyilvanos_WC.jpg\" alt=\"Ve\u0159ejn\u00e9 toalety\"><\/a><\/figure>\n<div class=\"caption caption__portfolio\">\n<h3><a href=\"https:\/\/alexnabytek.cz\/mestskymobiliar\/kategorie\/verejne-toalety\/\">Ve\u0159ejn\u00e9 toalety<\/a><\/h3>\n<\/div>\n<\/div>\n<\/li>\n<li class=\"portfolio_item isotope-item\">\n<div class=\"portfolio_item_holder\">\n<figure class=\"thumbnail thumbnail__portfolio\"><a href=\"https:\/\/alexnabytek.cz\/mestskymobiliar\/kategorie\/venkovni-kose-pro-pejskare\/\" class=\"image-wrap\"><img decoding=\"async\" src=\"https:\/\/alexnabytek.cz\/mestskymobiliar\/wp-content\/uploads\/2017\/03\/17_Kulteri_kutyatoalett.jpg\" alt=\"Venkovn\u00ed ko\u0161e pro pejska\u0159e\"><\/a><\/figure>\n<div class=\"caption caption__portfolio\">\n<h3><a href=\"https:\/\/alexnabytek.cz\/mestskymobiliar\/kategorie\/venkovni-kose-pro-pejskare\/\">Venkovn\u00ed ko\u0161e pro pejska\u0159e<\/a><\/h3>\n<\/div>\n<\/div>\n<\/li>\n<li class=\"portfolio_item isotope-item\">\n<div class=\"portfolio_item_holder\">\n<figure class=\"thumbnail thumbnail__portfolio\"><a href=\"https:\/\/alexnabytek.cz\/mestskymobiliar\/kategorie\/kolektory-na-trideny-odpad\/\" class=\"image-wrap\"><img decoding=\"async\" src=\"https:\/\/alexnabytek.cz\/mestskymobiliar\/wp-content\/uploads\/2017\/03\/18_Szelektiv_gyujtok.jpg\" alt=\"Kolektory na t\u0159\u00edd\u011bn\u00fd odpad\"><\/a><\/figure>\n<div class=\"caption caption__portfolio\">\n<h3><a href=\"https:\/\/alexnabytek.cz\/mestskymobiliar\/kategorie\/kolektory-na-trideny-odpad\/\">Kolektory na t\u0159\u00edd\u011bn\u00fd odpad<\/a><\/h3>\n<\/div>\n<\/div>\n<\/li>\n<li class=\"portfolio_item isotope-item\">\n<div class=\"portfolio_item_holder\">\n<figure class=\"thumbnail thumbnail__portfolio\"><a href=\"https:\/\/alexnabytek.cz\/materskeskolky\/kategorie\/zahradni-hriste\/\" class=\"image-wrap\" target=\"_blank\"><img decoding=\"async\" src=\"https:\/\/alexnabytek.cz\/mestskymobiliar\/wp-content\/uploads\/2017\/03\/19_Jatszoteri_jatekok.jpg\" alt=\"Venkovn\u00ed h\u0159i\u0161t\u011b\"><\/a><\/figure>\n<div class=\"caption caption__portfolio\">\n<h3><a href=\"https:\/\/alexnabytek.cz\/materskeskolky\/kategorie\/zahradni-hriste\/\" target=\"_blank\">Venkovn\u00ed h\u0159i\u0161t\u011b<\/a><\/h3>\n<\/div>\n<\/div>\n<\/li>\n<li class=\"portfolio_item isotope-item\">\n<div class=\"portfolio_item_holder\">\n<figure class=\"thumbnail thumbnail__portfolio\"><a href=\"https:\/\/alexnabytek.cz\/mestskymobiliar\/kategorie\/kovany-mestsky-mobiliar\/\" class=\"image-wrap\"><img decoding=\"async\" src=\"https:\/\/alexnabytek.cz\/mestskymobiliar\/wp-content\/uploads\/2017\/03\/20_Ontott_kulteri_butorok.jpg\" alt=\"Kovan\u00fd m\u011bstsk\u00fd mobili\u00e1\u0159\"><\/a><\/figure>\n<div class=\"caption caption__portfolio\">\n<h3><a href=\"https:\/\/alexnabytek.cz\/mestskymobiliar\/kategorie\/kovany-mestsky-mobiliar\/\">Kovan\u00fd m\u011bstsk\u00fd mobili\u00e1\u0159<\/a><\/h3>\n<\/div>\n<\/div>\n<\/li>\n<li class=\"portfolio_item isotope-item\">\n<div class=\"portfolio_item_holder\">\n<figure class=\"thumbnail thumbnail__portfolio\"><a href=\"https:\/\/alexnabytek.cz\/mestskymobiliar\/kategorie\/venkovni-hudebni-nastroje\/\" class=\"image-wrap\"><img decoding=\"async\" src=\"https:\/\/alexnabytek.cz\/mestskymobiliar\/wp-content\/uploads\/2017\/03\/21_Kulteri_zene_eszkozok.jpg\" alt=\"Venkovn\u00ed hudebn\u00ed n\u00e1stroje\"><\/a><\/figure>\n<div class=\"caption caption__portfolio\">\n<h3><a href=\"https:\/\/alexnabytek.cz\/mestskymobiliar\/kategorie\/venkovni-hudebni-nastroje\/\">Venkovn\u00ed hudebn\u00ed n\u00e1stroje<\/a><\/h3>\n<\/div>\n<\/div>\n<\/li>\n","protected":false},"excerpt":{"rendered":"<p>Venkovn\u00ed a zahradn\u00ed lavi\u010dky Produktov\u00e9 \u0159ady N\u00e1bytek Venkovn\u00ed a zahradn\u00ed stoly Pouli\u010dn\u00ed osv\u011btlen\u00ed Sb\u011brn\u00e9 n\u00e1doby na odpad Venkovn\u00ed fitness P\u00edtka Kv\u011btin\u00e1\u010de Informa\u010dn\u00ed tabule Sto\u017e\u00e1ry \u010cek\u00e1rny a zast\u00e1vky Stojany na kola Ochrann\u00e9 m\u0159\u00ed\u017ee strom\u016f D\u011bl\u00edc\u00ed st\u011bny, pollery Ve\u0159ejn\u00e9 toalety Venkovn\u00ed ko\u0161e pro pejska\u0159e Kolektory na t\u0159\u00edd\u011bn\u00fd odpad Venkovn\u00ed h\u0159i\u0161t\u011b Kovan\u00fd m\u011bstsk\u00fd mobili\u00e1\u0159 Venkovn\u00ed hudebn\u00ed n\u00e1stroje<\/p>\n","protected":false},"author":3,"featured_media":0,"parent":17,"menu_order":0,"comment_status":"closed","ping_status":"closed","template":"page-Portfolio4Cols-alexsub.php","meta":{"footnotes":""},"class_list":["post-40638","page","type-page","status-publish","hentry"],"yoast_head":"<!-- This site is optimized with the Yoast SEO plugin v24.6 - https:\/\/yoast.com\/wordpress\/plugins\/seo\/ -->\n<title>Kompletn\u00ed sortiment - M\u011aSTSK\u00dd MOBILI\u00c1\u0158<\/title>\n<meta name=\"robots\" content=\"index, follow, max-snippet:-1, max-image-preview:large, max-video-preview:-1\" \/>\n<link rel=\"canonical\" href=\"https:\/\/alexnabytek.cz\/mestskymobiliar\/kategorie\/kompletni-sortiment\/\" \/>\n<meta property=\"og:locale\" content=\"cs_CZ\" \/>\n<meta property=\"og:type\" content=\"article\" \/>\n<meta property=\"og:title\" content=\"Kompletn\u00ed sortiment - M\u011aSTSK\u00dd MOBILI\u00c1\u0158\" \/>\n<meta property=\"og:description\" content=\"Venkovn\u00ed a zahradn\u00ed lavi\u010dky Produktov\u00e9 \u0159ady N\u00e1bytek Venkovn\u00ed a zahradn\u00ed stoly Pouli\u010dn\u00ed osv\u011btlen\u00ed Sb\u011brn\u00e9 n\u00e1doby na odpad Venkovn\u00ed fitness P\u00edtka Kv\u011btin\u00e1\u010de Informa\u010dn\u00ed tabule Sto\u017e\u00e1ry \u010cek\u00e1rny a zast\u00e1vky Stojany na kola Ochrann\u00e9 m\u0159\u00ed\u017ee strom\u016f D\u011bl\u00edc\u00ed st\u011bny, pollery Ve\u0159ejn\u00e9 toalety Venkovn\u00ed ko\u0161e pro pejska\u0159e Kolektory na t\u0159\u00edd\u011bn\u00fd odpad Venkovn\u00ed h\u0159i\u0161t\u011b Kovan\u00fd m\u011bstsk\u00fd mobili\u00e1\u0159 Venkovn\u00ed hudebn\u00ed n\u00e1stroje\" \/>\n<meta property=\"og:url\" content=\"https:\/\/alexnabytek.cz\/mestskymobiliar\/kategorie\/kompletni-sortiment\/\" \/>\n<meta property=\"og:site_name\" content=\"M\u011aSTSK\u00dd MOBILI\u00c1\u0158\" \/>\n<meta property=\"article:modified_time\" content=\"2018-08-31T15:05:24+00:00\" \/>\n<meta property=\"og:image\" content=\"https:\/\/alexnabytek.cz\/mestskymobiliar\/wp-content\/uploads\/2017\/03\/01_Utcai_es_kulteri_padok.jpg\" \/>\n<meta name=\"twitter:card\" content=\"summary_large_image\" \/>\n<script type=\"application\/ld+json\" class=\"yoast-schema-graph\">{\"@context\":\"https:\/\/schema.org\",\"@graph\":[{\"@type\":\"WebPage\",\"@id\":\"https:\/\/alexnabytek.cz\/mestskymobiliar\/kategorie\/kompletni-sortiment\/\",\"url\":\"https:\/\/alexnabytek.cz\/mestskymobiliar\/kategorie\/kompletni-sortiment\/\",\"name\":\"Kompletn\u00ed sortiment - M\u011aSTSK\u00dd MOBILI\u00c1\u0158\",\"isPartOf\":{\"@id\":\"https:\/\/alexnabytek.cz\/mestskymobiliar\/#website\"},\"primaryImageOfPage\":{\"@id\":\"https:\/\/alexnabytek.cz\/mestskymobiliar\/kategorie\/kompletni-sortiment\/#primaryimage\"},\"image\":{\"@id\":\"https:\/\/alexnabytek.cz\/mestskymobiliar\/kategorie\/kompletni-sortiment\/#primaryimage\"},\"thumbnailUrl\":\"https:\/\/alexnabytek.cz\/mestskymobiliar\/wp-content\/uploads\/2017\/03\/01_Utcai_es_kulteri_padok.jpg\",\"datePublished\":\"2017-03-09T12:48:14+00:00\",\"dateModified\":\"2018-08-31T15:05:24+00:00\",\"breadcrumb\":{\"@id\":\"https:\/\/alexnabytek.cz\/mestskymobiliar\/kategorie\/kompletni-sortiment\/#breadcrumb\"},\"inLanguage\":\"en-US\",\"potentialAction\":[{\"@type\":\"ReadAction\",\"target\":[\"https:\/\/alexnabytek.cz\/mestskymobiliar\/kategorie\/kompletni-sortiment\/\"]}]},{\"@type\":\"ImageObject\",\"inLanguage\":\"en-US\",\"@id\":\"https:\/\/alexnabytek.cz\/mestskymobiliar\/kategorie\/kompletni-sortiment\/#primaryimage\",\"url\":\"https:\/\/alexnabytek.cz\/mestskymobiliar\/wp-content\/uploads\/2017\/03\/01_Utcai_es_kulteri_padok.jpg\",\"contentUrl\":\"https:\/\/alexnabytek.cz\/mestskymobiliar\/wp-content\/uploads\/2017\/03\/01_Utcai_es_kulteri_padok.jpg\",\"width\":800,\"height\":560},{\"@type\":\"BreadcrumbList\",\"@id\":\"https:\/\/alexnabytek.cz\/mestskymobiliar\/kategorie\/kompletni-sortiment\/#breadcrumb\",\"itemListElement\":[{\"@type\":\"ListItem\",\"position\":1,\"name\":\"Home\",\"item\":\"https:\/\/alexnabytek.cz\/mestskymobiliar\/\"},{\"@type\":\"ListItem\",\"position\":2,\"name\":\"Produkty\",\"item\":\"https:\/\/alexnabytek.cz\/mestskymobiliar\/kategorie\/\"},{\"@type\":\"ListItem\",\"position\":3,\"name\":\"Kompletn\u00ed sortiment\"}]},{\"@type\":\"WebSite\",\"@id\":\"https:\/\/alexnabytek.cz\/mestskymobiliar\/#website\",\"url\":\"https:\/\/alexnabytek.cz\/mestskymobiliar\/\",\"name\":\"M\u011aSTSK\u00dd MOBILI\u00c1\u0158\",\"description\":\"Alex kovov\u00fd a \u0161koln\u00ed n\u00e1bytek s.r.o.\",\"potentialAction\":[{\"@type\":\"SearchAction\",\"target\":{\"@type\":\"EntryPoint\",\"urlTemplate\":\"https:\/\/alexnabytek.cz\/mestskymobiliar\/?s={search_term_string}\"},\"query-input\":{\"@type\":\"PropertyValueSpecification\",\"valueRequired\":true,\"valueName\":\"search_term_string\"}}],\"inLanguage\":\"en-US\"}]}<\/script>\n<!-- \/ Yoast SEO plugin. -->","yoast_head_json":{"title":"Kompletn\u00ed sortiment - M\u011aSTSK\u00dd MOBILI\u00c1\u0158","robots":{"index":"index","follow":"follow","max-snippet":"max-snippet:-1","max-image-preview":"max-image-preview:large","max-video-preview":"max-video-preview:-1"},"canonical":"https:\/\/alexnabytek.cz\/mestskymobiliar\/kategorie\/kompletni-sortiment\/","og_locale":"cs_CZ","og_type":"article","og_title":"Kompletn\u00ed sortiment - M\u011aSTSK\u00dd MOBILI\u00c1\u0158","og_description":"Venkovn\u00ed a zahradn\u00ed lavi\u010dky Produktov\u00e9 \u0159ady N\u00e1bytek Venkovn\u00ed a zahradn\u00ed stoly Pouli\u010dn\u00ed osv\u011btlen\u00ed Sb\u011brn\u00e9 n\u00e1doby na odpad Venkovn\u00ed fitness P\u00edtka Kv\u011btin\u00e1\u010de Informa\u010dn\u00ed tabule Sto\u017e\u00e1ry \u010cek\u00e1rny a zast\u00e1vky Stojany na kola Ochrann\u00e9 m\u0159\u00ed\u017ee strom\u016f D\u011bl\u00edc\u00ed st\u011bny, pollery Ve\u0159ejn\u00e9 toalety Venkovn\u00ed ko\u0161e pro pejska\u0159e Kolektory na t\u0159\u00edd\u011bn\u00fd odpad Venkovn\u00ed h\u0159i\u0161t\u011b Kovan\u00fd m\u011bstsk\u00fd mobili\u00e1\u0159 Venkovn\u00ed hudebn\u00ed n\u00e1stroje","og_url":"https:\/\/alexnabytek.cz\/mestskymobiliar\/kategorie\/kompletni-sortiment\/","og_site_name":"M\u011aSTSK\u00dd MOBILI\u00c1\u0158","article_modified_time":"2018-08-31T15:05:24+00:00","og_image":[{"url":"https:\/\/alexnabytek.cz\/mestskymobiliar\/wp-content\/uploads\/2017\/03\/01_Utcai_es_kulteri_padok.jpg","type":"","width":"","height":""}],"twitter_card":"summary_large_image","schema":{"@context":"https:\/\/schema.org","@graph":[{"@type":"WebPage","@id":"https:\/\/alexnabytek.cz\/mestskymobiliar\/kategorie\/kompletni-sortiment\/","url":"https:\/\/alexnabytek.cz\/mestskymobiliar\/kategorie\/kompletni-sortiment\/","name":"Kompletn\u00ed sortiment - M\u011aSTSK\u00dd MOBILI\u00c1\u0158","isPartOf":{"@id":"https:\/\/alexnabytek.cz\/mestskymobiliar\/#website"},"primaryImageOfPage":{"@id":"https:\/\/alexnabytek.cz\/mestskymobiliar\/kategorie\/kompletni-sortiment\/#primaryimage"},"image":{"@id":"https:\/\/alexnabytek.cz\/mestskymobiliar\/kategorie\/kompletni-sortiment\/#primaryimage"},"thumbnailUrl":"https:\/\/alexnabytek.cz\/mestskymobiliar\/wp-content\/uploads\/2017\/03\/01_Utcai_es_kulteri_padok.jpg","datePublished":"2017-03-09T12:48:14+00:00","dateModified":"2018-08-31T15:05:24+00:00","breadcrumb":{"@id":"https:\/\/alexnabytek.cz\/mestskymobiliar\/kategorie\/kompletni-sortiment\/#breadcrumb"},"inLanguage":"en-US","potentialAction":[{"@type":"ReadAction","target":["https:\/\/alexnabytek.cz\/mestskymobiliar\/kategorie\/kompletni-sortiment\/"]}]},{"@type":"ImageObject","inLanguage":"en-US","@id":"https:\/\/alexnabytek.cz\/mestskymobiliar\/kategorie\/kompletni-sortiment\/#primaryimage","url":"https:\/\/alexnabytek.cz\/mestskymobiliar\/wp-content\/uploads\/2017\/03\/01_Utcai_es_kulteri_padok.jpg","contentUrl":"https:\/\/alexnabytek.cz\/mestskymobiliar\/wp-content\/uploads\/2017\/03\/01_Utcai_es_kulteri_padok.jpg","width":800,"height":560},{"@type":"BreadcrumbList","@id":"https:\/\/alexnabytek.cz\/mestskymobiliar\/kategorie\/kompletni-sortiment\/#breadcrumb","itemListElement":[{"@type":"ListItem","position":1,"name":"Home","item":"https:\/\/alexnabytek.cz\/mestskymobiliar\/"},{"@type":"ListItem","position":2,"name":"Produkty","item":"https:\/\/alexnabytek.cz\/mestskymobiliar\/kategorie\/"},{"@type":"ListItem","position":3,"name":"Kompletn\u00ed sortiment"}]},{"@type":"WebSite","@id":"https:\/\/alexnabytek.cz\/mestskymobiliar\/#website","url":"https:\/\/alexnabytek.cz\/mestskymobiliar\/","name":"M\u011aSTSK\u00dd MOBILI\u00c1\u0158","description":"Alex kovov\u00fd a \u0161koln\u00ed n\u00e1bytek s.r.o.","potentialAction":[{"@type":"SearchAction","target":{"@type":"EntryPoint","urlTemplate":"https:\/\/alexnabytek.cz\/mestskymobiliar\/?s={search_term_string}"},"query-input":{"@type":"PropertyValueSpecification","valueRequired":true,"valueName":"search_term_string"}}],"inLanguage":"en-US"}]}},"_links":{"self":[{"href":"https:\/\/alexnabytek.cz\/mestskymobiliar\/wp-json\/wp\/v2\/pages\/40638","targetHints":{"allow":["GET"]}}],"collection":[{"href":"https:\/\/alexnabytek.cz\/mestskymobiliar\/wp-json\/wp\/v2\/pages"}],"about":[{"href":"https:\/\/alexnabytek.cz\/mestskymobiliar\/wp-json\/wp\/v2\/types\/page"}],"author":[{"embeddable":true,"href":"https:\/\/alexnabytek.cz\/mestskymobiliar\/wp-json\/wp\/v2\/users\/3"}],"replies":[{"embeddable":true,"href":"https:\/\/alexnabytek.cz\/mestskymobiliar\/wp-json\/wp\/v2\/comments?post=40638"}],"version-history":[{"count":1,"href":"https:\/\/alexnabytek.cz\/mestskymobiliar\/wp-json\/wp\/v2\/pages\/40638\/revisions"}],"predecessor-version":[{"id":49445,"href":"https:\/\/alexnabytek.cz\/mestskymobiliar\/wp-json\/wp\/v2\/pages\/40638\/revisions\/49445"}],"up":[{"embeddable":true,"href":"https:\/\/alexnabytek.cz\/mestskymobiliar\/wp-json\/wp\/v2\/pages\/17"}],"wp:attachment":[{"href":"https:\/\/alexnabytek.cz\/mestskymobiliar\/wp-json\/wp\/v2\/media?parent=40638"}],"curies":[{"name":"wp","href":"https:\/\/api.w.org\/{rel}","templated":true}]}}