{"id":49437,"date":"2018-08-31T14:58:52","date_gmt":"2018-08-31T14:58:52","guid":{"rendered":"http:\/\/alexnabytek.cz\/mestskymobiliar\/?page_id=49437"},"modified":"2018-08-31T15:00:15","modified_gmt":"2018-08-31T15:00:15","slug":"street-workout","status":"publish","type":"page","link":"https:\/\/alexnabytek.cz\/mestskymobiliar\/kategorie\/venkovni-fitness\/street-workout\/","title":{"rendered":"Street workout"},"content":{"rendered":"","protected":false},"excerpt":{"rendered":"","protected":false},"author":3,"featured_media":49439,"parent":38644,"menu_order":0,"comment_status":"closed","ping_status":"closed","template":"page-Portfolio4Cols-filterable.php","meta":{"footnotes":""},"class_list":["post-49437","page","type-page","status-publish","has-post-thumbnail","hentry"],"yoast_head":"<!-- This site is optimized with the Yoast SEO plugin v24.6 - https:\/\/yoast.com\/wordpress\/plugins\/seo\/ -->\n<title>Street workout - M\u011aSTSK\u00dd MOBILI\u00c1\u0158<\/title>\n<meta name=\"robots\" content=\"index, follow, max-snippet:-1, max-image-preview:large, max-video-preview:-1\" \/>\n<link rel=\"canonical\" href=\"https:\/\/alexnabytek.cz\/mestskymobiliar\/kategorie\/venkovni-fitness\/street-workout\/\" \/>\n<meta property=\"og:locale\" content=\"cs_CZ\" \/>\n<meta property=\"og:type\" content=\"article\" \/>\n<meta property=\"og:title\" content=\"Street workout - M\u011aSTSK\u00dd MOBILI\u00c1\u0158\" \/>\n<meta property=\"og:url\" content=\"https:\/\/alexnabytek.cz\/mestskymobiliar\/kategorie\/venkovni-fitness\/street-workout\/\" \/>\n<meta property=\"og:site_name\" content=\"M\u011aSTSK\u00dd MOBILI\u00c1\u0158\" \/>\n<meta property=\"article:modified_time\" content=\"2018-08-31T15:00:15+00:00\" \/>\n<meta property=\"og:image\" content=\"https:\/\/alexnabytek.cz\/mestskymobiliar\/wp-content\/uploads\/2018\/08\/07_Kulteri_fitness-02_Street_Workout.jpg\" \/>\n\t<meta property=\"og:image:width\" content=\"800\" \/>\n\t<meta property=\"og:image:height\" content=\"560\" \/>\n\t<meta property=\"og:image:type\" content=\"image\/jpeg\" \/>\n<meta name=\"twitter:card\" content=\"summary_large_image\" \/>\n<script type=\"application\/ld+json\" class=\"yoast-schema-graph\">{\"@context\":\"https:\/\/schema.org\",\"@graph\":[{\"@type\":\"WebPage\",\"@id\":\"https:\/\/alexnabytek.cz\/mestskymobiliar\/kategorie\/venkovni-fitness\/street-workout\/\",\"url\":\"https:\/\/alexnabytek.cz\/mestskymobiliar\/kategorie\/venkovni-fitness\/street-workout\/\",\"name\":\"Street workout - M\u011aSTSK\u00dd MOBILI\u00c1\u0158\",\"isPartOf\":{\"@id\":\"https:\/\/alexnabytek.cz\/mestskymobiliar\/#website\"},\"primaryImageOfPage\":{\"@id\":\"https:\/\/alexnabytek.cz\/mestskymobiliar\/kategorie\/venkovni-fitness\/street-workout\/#primaryimage\"},\"image\":{\"@id\":\"https:\/\/alexnabytek.cz\/mestskymobiliar\/kategorie\/venkovni-fitness\/street-workout\/#primaryimage\"},\"thumbnailUrl\":\"https:\/\/alexnabytek.cz\/mestskymobiliar\/wp-content\/uploads\/2018\/08\/07_Kulteri_fitness-02_Street_Workout.jpg\",\"datePublished\":\"2018-08-31T14:58:52+00:00\",\"dateModified\":\"2018-08-31T15:00:15+00:00\",\"breadcrumb\":{\"@id\":\"https:\/\/alexnabytek.cz\/mestskymobiliar\/kategorie\/venkovni-fitness\/street-workout\/#breadcrumb\"},\"inLanguage\":\"en-US\",\"potentialAction\":[{\"@type\":\"ReadAction\",\"target\":[\"https:\/\/alexnabytek.cz\/mestskymobiliar\/kategorie\/venkovni-fitness\/street-workout\/\"]}]},{\"@type\":\"ImageObject\",\"inLanguage\":\"en-US\",\"@id\":\"https:\/\/alexnabytek.cz\/mestskymobiliar\/kategorie\/venkovni-fitness\/street-workout\/#primaryimage\",\"url\":\"https:\/\/alexnabytek.cz\/mestskymobiliar\/wp-content\/uploads\/2018\/08\/07_Kulteri_fitness-02_Street_Workout.jpg\",\"contentUrl\":\"https:\/\/alexnabytek.cz\/mestskymobiliar\/wp-content\/uploads\/2018\/08\/07_Kulteri_fitness-02_Street_Workout.jpg\",\"width\":800,\"height\":560},{\"@type\":\"BreadcrumbList\",\"@id\":\"https:\/\/alexnabytek.cz\/mestskymobiliar\/kategorie\/venkovni-fitness\/street-workout\/#breadcrumb\",\"itemListElement\":[{\"@type\":\"ListItem\",\"position\":1,\"name\":\"Home\",\"item\":\"https:\/\/alexnabytek.cz\/mestskymobiliar\/\"},{\"@type\":\"ListItem\",\"position\":2,\"name\":\"Produkty\",\"item\":\"https:\/\/alexnabytek.cz\/mestskymobiliar\/kategorie\/\"},{\"@type\":\"ListItem\",\"position\":3,\"name\":\"Venkovn\u00ed fitness\",\"item\":\"https:\/\/alexnabytek.cz\/mestskymobiliar\/kategorie\/venkovni-fitness\/\"},{\"@type\":\"ListItem\",\"position\":4,\"name\":\"Street workout\"}]},{\"@type\":\"WebSite\",\"@id\":\"https:\/\/alexnabytek.cz\/mestskymobiliar\/#website\",\"url\":\"https:\/\/alexnabytek.cz\/mestskymobiliar\/\",\"name\":\"M\u011aSTSK\u00dd MOBILI\u00c1\u0158\",\"description\":\"Alex kovov\u00fd a \u0161koln\u00ed n\u00e1bytek s.r.o.\",\"potentialAction\":[{\"@type\":\"SearchAction\",\"target\":{\"@type\":\"EntryPoint\",\"urlTemplate\":\"https:\/\/alexnabytek.cz\/mestskymobiliar\/?s={search_term_string}\"},\"query-input\":{\"@type\":\"PropertyValueSpecification\",\"valueRequired\":true,\"valueName\":\"search_term_string\"}}],\"inLanguage\":\"en-US\"}]}<\/script>\n<!-- \/ Yoast SEO plugin. -->","yoast_head_json":{"title":"Street workout - M\u011aSTSK\u00dd MOBILI\u00c1\u0158","robots":{"index":"index","follow":"follow","max-snippet":"max-snippet:-1","max-image-preview":"max-image-preview:large","max-video-preview":"max-video-preview:-1"},"canonical":"https:\/\/alexnabytek.cz\/mestskymobiliar\/kategorie\/venkovni-fitness\/street-workout\/","og_locale":"cs_CZ","og_type":"article","og_title":"Street workout - M\u011aSTSK\u00dd MOBILI\u00c1\u0158","og_url":"https:\/\/alexnabytek.cz\/mestskymobiliar\/kategorie\/venkovni-fitness\/street-workout\/","og_site_name":"M\u011aSTSK\u00dd MOBILI\u00c1\u0158","article_modified_time":"2018-08-31T15:00:15+00:00","og_image":[{"width":800,"height":560,"url":"https:\/\/alexnabytek.cz\/mestskymobiliar\/wp-content\/uploads\/2018\/08\/07_Kulteri_fitness-02_Street_Workout.jpg","type":"image\/jpeg"}],"twitter_card":"summary_large_image","schema":{"@context":"https:\/\/schema.org","@graph":[{"@type":"WebPage","@id":"https:\/\/alexnabytek.cz\/mestskymobiliar\/kategorie\/venkovni-fitness\/street-workout\/","url":"https:\/\/alexnabytek.cz\/mestskymobiliar\/kategorie\/venkovni-fitness\/street-workout\/","name":"Street workout - M\u011aSTSK\u00dd MOBILI\u00c1\u0158","isPartOf":{"@id":"https:\/\/alexnabytek.cz\/mestskymobiliar\/#website"},"primaryImageOfPage":{"@id":"https:\/\/alexnabytek.cz\/mestskymobiliar\/kategorie\/venkovni-fitness\/street-workout\/#primaryimage"},"image":{"@id":"https:\/\/alexnabytek.cz\/mestskymobiliar\/kategorie\/venkovni-fitness\/street-workout\/#primaryimage"},"thumbnailUrl":"https:\/\/alexnabytek.cz\/mestskymobiliar\/wp-content\/uploads\/2018\/08\/07_Kulteri_fitness-02_Street_Workout.jpg","datePublished":"2018-08-31T14:58:52+00:00","dateModified":"2018-08-31T15:00:15+00:00","breadcrumb":{"@id":"https:\/\/alexnabytek.cz\/mestskymobiliar\/kategorie\/venkovni-fitness\/street-workout\/#breadcrumb"},"inLanguage":"en-US","potentialAction":[{"@type":"ReadAction","target":["https:\/\/alexnabytek.cz\/mestskymobiliar\/kategorie\/venkovni-fitness\/street-workout\/"]}]},{"@type":"ImageObject","inLanguage":"en-US","@id":"https:\/\/alexnabytek.cz\/mestskymobiliar\/kategorie\/venkovni-fitness\/street-workout\/#primaryimage","url":"https:\/\/alexnabytek.cz\/mestskymobiliar\/wp-content\/uploads\/2018\/08\/07_Kulteri_fitness-02_Street_Workout.jpg","contentUrl":"https:\/\/alexnabytek.cz\/mestskymobiliar\/wp-content\/uploads\/2018\/08\/07_Kulteri_fitness-02_Street_Workout.jpg","width":800,"height":560},{"@type":"BreadcrumbList","@id":"https:\/\/alexnabytek.cz\/mestskymobiliar\/kategorie\/venkovni-fitness\/street-workout\/#breadcrumb","itemListElement":[{"@type":"ListItem","position":1,"name":"Home","item":"https:\/\/alexnabytek.cz\/mestskymobiliar\/"},{"@type":"ListItem","position":2,"name":"Produkty","item":"https:\/\/alexnabytek.cz\/mestskymobiliar\/kategorie\/"},{"@type":"ListItem","position":3,"name":"Venkovn\u00ed fitness","item":"https:\/\/alexnabytek.cz\/mestskymobiliar\/kategorie\/venkovni-fitness\/"},{"@type":"ListItem","position":4,"name":"Street workout"}]},{"@type":"WebSite","@id":"https:\/\/alexnabytek.cz\/mestskymobiliar\/#website","url":"https:\/\/alexnabytek.cz\/mestskymobiliar\/","name":"M\u011aSTSK\u00dd MOBILI\u00c1\u0158","description":"Alex kovov\u00fd a \u0161koln\u00ed n\u00e1bytek s.r.o.","potentialAction":[{"@type":"SearchAction","target":{"@type":"EntryPoint","urlTemplate":"https:\/\/alexnabytek.cz\/mestskymobiliar\/?s={search_term_string}"},"query-input":{"@type":"PropertyValueSpecification","valueRequired":true,"valueName":"search_term_string"}}],"inLanguage":"en-US"}]}},"_links":{"self":[{"href":"https:\/\/alexnabytek.cz\/mestskymobiliar\/wp-json\/wp\/v2\/pages\/49437","targetHints":{"allow":["GET"]}}],"collection":[{"href":"https:\/\/alexnabytek.cz\/mestskymobiliar\/wp-json\/wp\/v2\/pages"}],"about":[{"href":"https:\/\/alexnabytek.cz\/mestskymobiliar\/wp-json\/wp\/v2\/types\/page"}],"author":[{"embeddable":true,"href":"https:\/\/alexnabytek.cz\/mestskymobiliar\/wp-json\/wp\/v2\/users\/3"}],"replies":[{"embeddable":true,"href":"https:\/\/alexnabytek.cz\/mestskymobiliar\/wp-json\/wp\/v2\/comments?post=49437"}],"version-history":[{"count":1,"href":"https:\/\/alexnabytek.cz\/mestskymobiliar\/wp-json\/wp\/v2\/pages\/49437\/revisions"}],"predecessor-version":[{"id":49440,"href":"https:\/\/alexnabytek.cz\/mestskymobiliar\/wp-json\/wp\/v2\/pages\/49437\/revisions\/49440"}],"up":[{"embeddable":true,"href":"https:\/\/alexnabytek.cz\/mestskymobiliar\/wp-json\/wp\/v2\/pages\/38644"}],"wp:featuredmedia":[{"embeddable":true,"href":"https:\/\/alexnabytek.cz\/mestskymobiliar\/wp-json\/wp\/v2\/media\/49439"}],"wp:attachment":[{"href":"https:\/\/alexnabytek.cz\/mestskymobiliar\/wp-json\/wp\/v2\/media?parent=49437"}],"curies":[{"name":"wp","href":"https:\/\/api.w.org\/{rel}","templated":true}]}}