{"id":52490,"date":"2022-02-10T13:33:44","date_gmt":"2022-02-10T13:33:44","guid":{"rendered":"http:\/\/alexnabytek.cz\/mestskymobiliar\/?page_id=52490"},"modified":"2022-02-10T13:33:44","modified_gmt":"2022-02-10T13:33:44","slug":"kose-na-trideny-odpad","status":"publish","type":"page","link":"https:\/\/alexnabytek.cz\/mestskymobiliar\/kategorie\/sberne-nadoby-na-odpad\/kose-na-trideny-odpad\/","title":{"rendered":"ko\u0161e na t\u0159\u00edd\u011bn\u00fd odpad"},"content":{"rendered":"","protected":false},"excerpt":{"rendered":"","protected":false},"author":3,"featured_media":52488,"parent":38642,"menu_order":0,"comment_status":"closed","ping_status":"closed","template":"page-Portfolio4Cols-filterable.php","meta":{"footnotes":""},"class_list":["post-52490","page","type-page","status-publish","has-post-thumbnail","hentry"],"yoast_head":"<!-- This site is optimized with the Yoast SEO plugin v24.6 - https:\/\/yoast.com\/wordpress\/plugins\/seo\/ -->\n<title>ko\u0161e na t\u0159\u00edd\u011bn\u00fd odpad - M\u011aSTSK\u00dd MOBILI\u00c1\u0158<\/title>\n<meta name=\"robots\" content=\"index, follow, max-snippet:-1, max-image-preview:large, max-video-preview:-1\" \/>\n<link rel=\"canonical\" href=\"https:\/\/alexnabytek.cz\/mestskymobiliar\/kategorie\/sberne-nadoby-na-odpad\/kose-na-trideny-odpad\/\" \/>\n<meta property=\"og:locale\" content=\"cs_CZ\" \/>\n<meta property=\"og:type\" content=\"article\" \/>\n<meta property=\"og:title\" content=\"ko\u0161e na t\u0159\u00edd\u011bn\u00fd odpad - M\u011aSTSK\u00dd MOBILI\u00c1\u0158\" \/>\n<meta property=\"og:url\" content=\"https:\/\/alexnabytek.cz\/mestskymobiliar\/kategorie\/sberne-nadoby-na-odpad\/kose-na-trideny-odpad\/\" \/>\n<meta property=\"og:site_name\" content=\"M\u011aSTSK\u00dd MOBILI\u00c1\u0158\" \/>\n<meta property=\"og:image\" content=\"https:\/\/alexnabytek.cz\/mestskymobiliar\/wp-content\/uploads\/2022\/02\/szelektiv.jpg\" \/>\n\t<meta property=\"og:image:width\" content=\"800\" \/>\n\t<meta property=\"og:image:height\" content=\"560\" \/>\n\t<meta property=\"og:image:type\" content=\"image\/jpeg\" \/>\n<meta name=\"twitter:card\" content=\"summary_large_image\" \/>\n<script type=\"application\/ld+json\" class=\"yoast-schema-graph\">{\"@context\":\"https:\/\/schema.org\",\"@graph\":[{\"@type\":\"WebPage\",\"@id\":\"https:\/\/alexnabytek.cz\/mestskymobiliar\/kategorie\/sberne-nadoby-na-odpad\/kose-na-trideny-odpad\/\",\"url\":\"https:\/\/alexnabytek.cz\/mestskymobiliar\/kategorie\/sberne-nadoby-na-odpad\/kose-na-trideny-odpad\/\",\"name\":\"ko\u0161e na t\u0159\u00edd\u011bn\u00fd odpad - M\u011aSTSK\u00dd MOBILI\u00c1\u0158\",\"isPartOf\":{\"@id\":\"https:\/\/alexnabytek.cz\/mestskymobiliar\/#website\"},\"primaryImageOfPage\":{\"@id\":\"https:\/\/alexnabytek.cz\/mestskymobiliar\/kategorie\/sberne-nadoby-na-odpad\/kose-na-trideny-odpad\/#primaryimage\"},\"image\":{\"@id\":\"https:\/\/alexnabytek.cz\/mestskymobiliar\/kategorie\/sberne-nadoby-na-odpad\/kose-na-trideny-odpad\/#primaryimage\"},\"thumbnailUrl\":\"https:\/\/alexnabytek.cz\/mestskymobiliar\/wp-content\/uploads\/2022\/02\/szelektiv.jpg\",\"datePublished\":\"2022-02-10T13:33:44+00:00\",\"breadcrumb\":{\"@id\":\"https:\/\/alexnabytek.cz\/mestskymobiliar\/kategorie\/sberne-nadoby-na-odpad\/kose-na-trideny-odpad\/#breadcrumb\"},\"inLanguage\":\"en-US\",\"potentialAction\":[{\"@type\":\"ReadAction\",\"target\":[\"https:\/\/alexnabytek.cz\/mestskymobiliar\/kategorie\/sberne-nadoby-na-odpad\/kose-na-trideny-odpad\/\"]}]},{\"@type\":\"ImageObject\",\"inLanguage\":\"en-US\",\"@id\":\"https:\/\/alexnabytek.cz\/mestskymobiliar\/kategorie\/sberne-nadoby-na-odpad\/kose-na-trideny-odpad\/#primaryimage\",\"url\":\"https:\/\/alexnabytek.cz\/mestskymobiliar\/wp-content\/uploads\/2022\/02\/szelektiv.jpg\",\"contentUrl\":\"https:\/\/alexnabytek.cz\/mestskymobiliar\/wp-content\/uploads\/2022\/02\/szelektiv.jpg\",\"width\":800,\"height\":560},{\"@type\":\"BreadcrumbList\",\"@id\":\"https:\/\/alexnabytek.cz\/mestskymobiliar\/kategorie\/sberne-nadoby-na-odpad\/kose-na-trideny-odpad\/#breadcrumb\",\"itemListElement\":[{\"@type\":\"ListItem\",\"position\":1,\"name\":\"Home\",\"item\":\"https:\/\/alexnabytek.cz\/mestskymobiliar\/\"},{\"@type\":\"ListItem\",\"position\":2,\"name\":\"Produkty\",\"item\":\"https:\/\/alexnabytek.cz\/mestskymobiliar\/kategorie\/\"},{\"@type\":\"ListItem\",\"position\":3,\"name\":\"Sb\u011brn\u00e9 n\u00e1doby na odpad\",\"item\":\"https:\/\/alexnabytek.cz\/mestskymobiliar\/kategorie\/sberne-nadoby-na-odpad\/\"},{\"@type\":\"ListItem\",\"position\":4,\"name\":\"ko\u0161e na t\u0159\u00edd\u011bn\u00fd odpad\"}]},{\"@type\":\"WebSite\",\"@id\":\"https:\/\/alexnabytek.cz\/mestskymobiliar\/#website\",\"url\":\"https:\/\/alexnabytek.cz\/mestskymobiliar\/\",\"name\":\"M\u011aSTSK\u00dd MOBILI\u00c1\u0158\",\"description\":\"Alex kovov\u00fd a \u0161koln\u00ed n\u00e1bytek s.r.o.\",\"potentialAction\":[{\"@type\":\"SearchAction\",\"target\":{\"@type\":\"EntryPoint\",\"urlTemplate\":\"https:\/\/alexnabytek.cz\/mestskymobiliar\/?s={search_term_string}\"},\"query-input\":{\"@type\":\"PropertyValueSpecification\",\"valueRequired\":true,\"valueName\":\"search_term_string\"}}],\"inLanguage\":\"en-US\"}]}<\/script>\n<!-- \/ Yoast SEO plugin. -->","yoast_head_json":{"title":"ko\u0161e na t\u0159\u00edd\u011bn\u00fd odpad - M\u011aSTSK\u00dd MOBILI\u00c1\u0158","robots":{"index":"index","follow":"follow","max-snippet":"max-snippet:-1","max-image-preview":"max-image-preview:large","max-video-preview":"max-video-preview:-1"},"canonical":"https:\/\/alexnabytek.cz\/mestskymobiliar\/kategorie\/sberne-nadoby-na-odpad\/kose-na-trideny-odpad\/","og_locale":"cs_CZ","og_type":"article","og_title":"ko\u0161e na t\u0159\u00edd\u011bn\u00fd odpad - M\u011aSTSK\u00dd MOBILI\u00c1\u0158","og_url":"https:\/\/alexnabytek.cz\/mestskymobiliar\/kategorie\/sberne-nadoby-na-odpad\/kose-na-trideny-odpad\/","og_site_name":"M\u011aSTSK\u00dd MOBILI\u00c1\u0158","og_image":[{"width":800,"height":560,"url":"https:\/\/alexnabytek.cz\/mestskymobiliar\/wp-content\/uploads\/2022\/02\/szelektiv.jpg","type":"image\/jpeg"}],"twitter_card":"summary_large_image","schema":{"@context":"https:\/\/schema.org","@graph":[{"@type":"WebPage","@id":"https:\/\/alexnabytek.cz\/mestskymobiliar\/kategorie\/sberne-nadoby-na-odpad\/kose-na-trideny-odpad\/","url":"https:\/\/alexnabytek.cz\/mestskymobiliar\/kategorie\/sberne-nadoby-na-odpad\/kose-na-trideny-odpad\/","name":"ko\u0161e na t\u0159\u00edd\u011bn\u00fd odpad - M\u011aSTSK\u00dd MOBILI\u00c1\u0158","isPartOf":{"@id":"https:\/\/alexnabytek.cz\/mestskymobiliar\/#website"},"primaryImageOfPage":{"@id":"https:\/\/alexnabytek.cz\/mestskymobiliar\/kategorie\/sberne-nadoby-na-odpad\/kose-na-trideny-odpad\/#primaryimage"},"image":{"@id":"https:\/\/alexnabytek.cz\/mestskymobiliar\/kategorie\/sberne-nadoby-na-odpad\/kose-na-trideny-odpad\/#primaryimage"},"thumbnailUrl":"https:\/\/alexnabytek.cz\/mestskymobiliar\/wp-content\/uploads\/2022\/02\/szelektiv.jpg","datePublished":"2022-02-10T13:33:44+00:00","breadcrumb":{"@id":"https:\/\/alexnabytek.cz\/mestskymobiliar\/kategorie\/sberne-nadoby-na-odpad\/kose-na-trideny-odpad\/#breadcrumb"},"inLanguage":"en-US","potentialAction":[{"@type":"ReadAction","target":["https:\/\/alexnabytek.cz\/mestskymobiliar\/kategorie\/sberne-nadoby-na-odpad\/kose-na-trideny-odpad\/"]}]},{"@type":"ImageObject","inLanguage":"en-US","@id":"https:\/\/alexnabytek.cz\/mestskymobiliar\/kategorie\/sberne-nadoby-na-odpad\/kose-na-trideny-odpad\/#primaryimage","url":"https:\/\/alexnabytek.cz\/mestskymobiliar\/wp-content\/uploads\/2022\/02\/szelektiv.jpg","contentUrl":"https:\/\/alexnabytek.cz\/mestskymobiliar\/wp-content\/uploads\/2022\/02\/szelektiv.jpg","width":800,"height":560},{"@type":"BreadcrumbList","@id":"https:\/\/alexnabytek.cz\/mestskymobiliar\/kategorie\/sberne-nadoby-na-odpad\/kose-na-trideny-odpad\/#breadcrumb","itemListElement":[{"@type":"ListItem","position":1,"name":"Home","item":"https:\/\/alexnabytek.cz\/mestskymobiliar\/"},{"@type":"ListItem","position":2,"name":"Produkty","item":"https:\/\/alexnabytek.cz\/mestskymobiliar\/kategorie\/"},{"@type":"ListItem","position":3,"name":"Sb\u011brn\u00e9 n\u00e1doby na odpad","item":"https:\/\/alexnabytek.cz\/mestskymobiliar\/kategorie\/sberne-nadoby-na-odpad\/"},{"@type":"ListItem","position":4,"name":"ko\u0161e na t\u0159\u00edd\u011bn\u00fd odpad"}]},{"@type":"WebSite","@id":"https:\/\/alexnabytek.cz\/mestskymobiliar\/#website","url":"https:\/\/alexnabytek.cz\/mestskymobiliar\/","name":"M\u011aSTSK\u00dd MOBILI\u00c1\u0158","description":"Alex kovov\u00fd a \u0161koln\u00ed n\u00e1bytek s.r.o.","potentialAction":[{"@type":"SearchAction","target":{"@type":"EntryPoint","urlTemplate":"https:\/\/alexnabytek.cz\/mestskymobiliar\/?s={search_term_string}"},"query-input":{"@type":"PropertyValueSpecification","valueRequired":true,"valueName":"search_term_string"}}],"inLanguage":"en-US"}]}},"_links":{"self":[{"href":"https:\/\/alexnabytek.cz\/mestskymobiliar\/wp-json\/wp\/v2\/pages\/52490","targetHints":{"allow":["GET"]}}],"collection":[{"href":"https:\/\/alexnabytek.cz\/mestskymobiliar\/wp-json\/wp\/v2\/pages"}],"about":[{"href":"https:\/\/alexnabytek.cz\/mestskymobiliar\/wp-json\/wp\/v2\/types\/page"}],"author":[{"embeddable":true,"href":"https:\/\/alexnabytek.cz\/mestskymobiliar\/wp-json\/wp\/v2\/users\/3"}],"replies":[{"embeddable":true,"href":"https:\/\/alexnabytek.cz\/mestskymobiliar\/wp-json\/wp\/v2\/comments?post=52490"}],"version-history":[{"count":1,"href":"https:\/\/alexnabytek.cz\/mestskymobiliar\/wp-json\/wp\/v2\/pages\/52490\/revisions"}],"predecessor-version":[{"id":52491,"href":"https:\/\/alexnabytek.cz\/mestskymobiliar\/wp-json\/wp\/v2\/pages\/52490\/revisions\/52491"}],"up":[{"embeddable":true,"href":"https:\/\/alexnabytek.cz\/mestskymobiliar\/wp-json\/wp\/v2\/pages\/38642"}],"wp:featuredmedia":[{"embeddable":true,"href":"https:\/\/alexnabytek.cz\/mestskymobiliar\/wp-json\/wp\/v2\/media\/52488"}],"wp:attachment":[{"href":"https:\/\/alexnabytek.cz\/mestskymobiliar\/wp-json\/wp\/v2\/media?parent=52490"}],"curies":[{"name":"wp","href":"https:\/\/api.w.org\/{rel}","templated":true}]}}