{"id":56642,"date":"2023-11-04T08:10:56","date_gmt":"2023-11-04T08:10:56","guid":{"rendered":"http:\/\/alexnabytek.cz\/mestskymobiliar\/?page_id=56642"},"modified":"2023-11-04T08:10:56","modified_gmt":"2023-11-04T08:10:56","slug":"vsechny-nase-katalogy","status":"publish","type":"page","link":"https:\/\/alexnabytek.cz\/mestskymobiliar\/katalogy\/vsechny-nase-katalogy\/","title":{"rendered":"V\u0161echny na\u0161e katalogy"},"content":{"rendered":"<div class=\"row \"><div class=\"span12 \"><strong>Pokud si chcete prohl\u00e9dnout n\u00e1\u0161 katalog, klikn\u011bte na p\u0159\u00edslu\u0161n\u00fd obr\u00e1zek.<\/strong><\/div><\/div><!-- .row (end) -->\n<div class=\"row \">\n<div class=\"span6 \"><a href=\"https:\/\/alexnabytek.cz\/hotel-gastronabytek\/katalogy\/horeca-katalog-2020\/\" target=\"_blank\" rel=\"noopener\"><img loading=\"lazy\" decoding=\"async\" src=\"https:\/\/alexnabytek.cz\/hotel-gastronabytek\/wp-content\/uploads\/2021\/01\/Horeca_katalogus_mockupCSEH_2020.png\" alt=\"\" width=\"1200\" height=\"754\" class=\"alignnone size-full wp-image-61480\" \/><\/a><\/p>\n<h3>HORECA Katalog<\/h3>\n<p><a href=\"https:\/\/alexnabytek.cz\/hotel-gastronabytek\/wp-content\/uploads\/2021\/01\/ALEX_HORECA_2020_CZ.pdf\" target=\"_blank\" rel=\"noopener noreferrer\"><\/p>\n<p>PDF sta\u017een\u00ed<\/p>\n<p><\/a><\/div>\n<div class=\"span6 \"><a href=\"https:\/\/alexnabytek.cz\/satninabytek\/katalogy\/satni-kancelarsky\/\" target=\"_blank\" rel=\"noopener\"><img loading=\"lazy\" decoding=\"async\" class=\"aligncenter size-full\" src=\"https:\/\/alexnabytek.cz\/satninabytek\/wp-content\/uploads\/2023\/09\/cseh_katalog_latvany.png\" alt=\"\u0160atn\u00ed & kancel\u00e1\u0159sk\u00fd KATALOG\" width=\"600\" height=\"377\" \/><\/a><\/p>\n<h3>\u0160atn\u00ed & kancel\u00e1\u0159sk\u00fd KATALOG<\/h3>\n<p><a href=\"https:\/\/alexnabytek.cz\/satninabytek\/wp-content\/uploads\/2023\/09\/Satni-a-kancelarsky-katalog-CZ-2023.pdf\" target=\"_blank\" rel=\"noopener noreferrer\">PDF sta\u017een\u00ed<\/a><br \/><\/div>\n<\/div><!-- .row (end) -->\n<div class=\"row \">\n<div class=\"span6 \"><a href=\"https:\/\/alexnabytek.cz\/kancelarskynabytek\/katalogy\/katalog-kancelarskeho-nabytku-2\/\" target=\"_blank\" rel=\"noopener\"><img loading=\"lazy\" decoding=\"async\" class=\"alignnone size-large wp-image-51076\" src=\"https:\/\/alexnabytek.cz\/kancelarskynabytek\/wp-content\/uploads\/2023\/03\/Mockup_IrodamailingCSEH.png\" alt=\"\" width=\"604\" height=\"379\"><\/a><\/p>\n<h3>KATALOG KANCEL\u00c1\u0158SK\u00c9HO N\u00c1BYTKU<\/h3>\n<p><a href=\"https:\/\/alexnabytek.cz\/kancelarskynabytek\/wp-content\/uploads\/2023\/03\/ALEX-Kancelarsky-nabytek.pdf\" target=\"_blank\" rel=\"noopener\">PDF ke sta\u017een\u00ed<\/a><br \/><\/div>\n<div class=\"span6 \"><a href=\"https:\/\/alexnabytek.cz\/skolninabytek\/katalogy\/skolni-nabytek\/\" target=\"_blank\" rel=\"noopener\"><img decoding=\"async\" src=\"https:\/\/alexnabytek.cz\/skolninabytek\/wp-content\/uploads\/2023\/06\/Mockup_iskolakat_WEB.png\" alt=\"\" class=\"alignnone size-large\" \/><\/a><\/p>\n<div class=\"clearfix\"><\/div>\n<h3>\u0160KOLN\u00cd N\u00c1BYTEK<\/h3>\n<p><a href=\"https:\/\/alexnabytek.cz\/skolninabytek\/wp-content\/uploads\/2023\/06\/ALEX-nabytek-Skolni-katalog.pdf\" rel=\"noopener noreferrer\" target=\"_blank\">PDF sta\u017een\u00ed<\/a><br \/><\/div>\n<\/div><!-- .row (end) -->\n<div class=\"row \">\n<div class=\"span6 \"><a href=\"https:\/\/alexnabytek.cz\/materskeskolky\/katalogy\/katalog-pro-materske-skolky\/\" target=\"_blank\" rel=\"noopener\"><img loading=\"lazy\" decoding=\"async\" src=\"https:\/\/alexnabytek.cz\/materskeskolky\/wp-content\/uploads\/2020\/06\/2020CSEHovodab_mockup-1024x643.png\" alt=\"\" width=\"604\" height=\"379\" class=\"alignnone size-large wp-image-52206\" \/><\/a><\/p>\n<h3>Katalog pro mate\u0159sk\u00e9 \u0161kolky<\/h3>\n<p><a href=\"https:\/\/alexnabytek.cz\/materskeskolky\/wp-content\/uploads\/2020\/06\/2020_OvodabKatalogCSEH_BELIVEK.pdf\" target=\"_blank\" rel=\"noopener noreferrer\"><\/p>\n<p>PDF sta\u017een\u00ed<\/p>\n<p><\/a><br \/><\/div>\n<div class=\"span6 \"><a href=\"https:\/\/alexnabytek.cz\/mestskymobiliar\/komplexni-reseni-exterieru\/\" target=\"_blank\" rel=\"noopener\"><img loading=\"lazy\" decoding=\"async\" class=\"aligncenter size-full\" src=\"https:\/\/alexnabytek.cz\/mestskymobiliar\/wp-content\/uploads\/2023\/03\/Mailing_mockup_cseh2023.png\" alt=\"Komplexn\u00ed \u0159e\u0161en\u00ed EXTERI\u00c9R\u016e\" width=\"600\" height=\"377\" \/><\/a><\/p>\n<h3>Komplexn\u00ed \u0159e\u0161en\u00ed EXTERI\u00c9R\u016e<\/h3>\n<p><a href=\"https:\/\/alexnabytek.cz\/mestskymobiliar\/wp-content\/uploads\/2023\/03\/Mestsky-mobiliar-Alex-naabytek.pdf\" target=\"_blank\" rel=\"noopener\"><\/p>\n<p>PDF sta\u017een\u00ed<\/p>\n<p><\/a><br \/><\/div>\n<\/div><!-- .row (end) -->\n","protected":false},"excerpt":{"rendered":"","protected":false},"author":3,"featured_media":0,"parent":19,"menu_order":0,"comment_status":"closed","ping_status":"closed","template":"page-fullwidth.php","meta":{"footnotes":""},"class_list":["post-56642","page","type-page","status-publish","hentry"],"yoast_head":"<!-- This site is optimized with the Yoast SEO plugin v24.6 - https:\/\/yoast.com\/wordpress\/plugins\/seo\/ -->\n<title>V\u0161echny na\u0161e katalogy - M\u011aSTSK\u00dd MOBILI\u00c1\u0158<\/title>\n<meta name=\"robots\" content=\"index, follow, max-snippet:-1, max-image-preview:large, max-video-preview:-1\" \/>\n<link rel=\"canonical\" href=\"https:\/\/alexnabytek.cz\/mestskymobiliar\/katalogy\/vsechny-nase-katalogy\/\" \/>\n<meta property=\"og:locale\" content=\"cs_CZ\" \/>\n<meta property=\"og:type\" content=\"article\" \/>\n<meta property=\"og:title\" content=\"V\u0161echny na\u0161e katalogy - M\u011aSTSK\u00dd MOBILI\u00c1\u0158\" \/>\n<meta property=\"og:url\" content=\"https:\/\/alexnabytek.cz\/mestskymobiliar\/katalogy\/vsechny-nase-katalogy\/\" \/>\n<meta property=\"og:site_name\" content=\"M\u011aSTSK\u00dd MOBILI\u00c1\u0158\" \/>\n<meta property=\"og:image\" content=\"https:\/\/alexnabytek.cz\/hotel-gastronabytek\/wp-content\/uploads\/2021\/01\/Horeca_katalogus_mockupCSEH_2020.png\" \/>\n<meta name=\"twitter:card\" content=\"summary_large_image\" \/>\n<script type=\"application\/ld+json\" class=\"yoast-schema-graph\">{\"@context\":\"https:\/\/schema.org\",\"@graph\":[{\"@type\":\"WebPage\",\"@id\":\"https:\/\/alexnabytek.cz\/mestskymobiliar\/katalogy\/vsechny-nase-katalogy\/\",\"url\":\"https:\/\/alexnabytek.cz\/mestskymobiliar\/katalogy\/vsechny-nase-katalogy\/\",\"name\":\"V\u0161echny na\u0161e katalogy - M\u011aSTSK\u00dd MOBILI\u00c1\u0158\",\"isPartOf\":{\"@id\":\"https:\/\/alexnabytek.cz\/mestskymobiliar\/#website\"},\"primaryImageOfPage\":{\"@id\":\"https:\/\/alexnabytek.cz\/mestskymobiliar\/katalogy\/vsechny-nase-katalogy\/#primaryimage\"},\"image\":{\"@id\":\"https:\/\/alexnabytek.cz\/mestskymobiliar\/katalogy\/vsechny-nase-katalogy\/#primaryimage\"},\"thumbnailUrl\":\"https:\/\/alexnabytek.cz\/hotel-gastronabytek\/wp-content\/uploads\/2021\/01\/Horeca_katalogus_mockupCSEH_2020.png\",\"datePublished\":\"2023-11-04T08:10:56+00:00\",\"breadcrumb\":{\"@id\":\"https:\/\/alexnabytek.cz\/mestskymobiliar\/katalogy\/vsechny-nase-katalogy\/#breadcrumb\"},\"inLanguage\":\"en-US\",\"potentialAction\":[{\"@type\":\"ReadAction\",\"target\":[\"https:\/\/alexnabytek.cz\/mestskymobiliar\/katalogy\/vsechny-nase-katalogy\/\"]}]},{\"@type\":\"ImageObject\",\"inLanguage\":\"en-US\",\"@id\":\"https:\/\/alexnabytek.cz\/mestskymobiliar\/katalogy\/vsechny-nase-katalogy\/#primaryimage\",\"url\":\"https:\/\/alexnabytek.cz\/hotel-gastronabytek\/wp-content\/uploads\/2021\/01\/Horeca_katalogus_mockupCSEH_2020.png\",\"contentUrl\":\"https:\/\/alexnabytek.cz\/hotel-gastronabytek\/wp-content\/uploads\/2021\/01\/Horeca_katalogus_mockupCSEH_2020.png\"},{\"@type\":\"BreadcrumbList\",\"@id\":\"https:\/\/alexnabytek.cz\/mestskymobiliar\/katalogy\/vsechny-nase-katalogy\/#breadcrumb\",\"itemListElement\":[{\"@type\":\"ListItem\",\"position\":1,\"name\":\"Home\",\"item\":\"https:\/\/alexnabytek.cz\/mestskymobiliar\/\"},{\"@type\":\"ListItem\",\"position\":2,\"name\":\"Katalogy\",\"item\":\"https:\/\/alexnabytek.cz\/mestskymobiliar\/katalogy\/\"},{\"@type\":\"ListItem\",\"position\":3,\"name\":\"V\u0161echny na\u0161e katalogy\"}]},{\"@type\":\"WebSite\",\"@id\":\"https:\/\/alexnabytek.cz\/mestskymobiliar\/#website\",\"url\":\"https:\/\/alexnabytek.cz\/mestskymobiliar\/\",\"name\":\"M\u011aSTSK\u00dd MOBILI\u00c1\u0158\",\"description\":\"Alex kovov\u00fd a \u0161koln\u00ed n\u00e1bytek s.r.o.\",\"potentialAction\":[{\"@type\":\"SearchAction\",\"target\":{\"@type\":\"EntryPoint\",\"urlTemplate\":\"https:\/\/alexnabytek.cz\/mestskymobiliar\/?s={search_term_string}\"},\"query-input\":{\"@type\":\"PropertyValueSpecification\",\"valueRequired\":true,\"valueName\":\"search_term_string\"}}],\"inLanguage\":\"en-US\"}]}<\/script>\n<!-- \/ Yoast SEO plugin. -->","yoast_head_json":{"title":"V\u0161echny na\u0161e katalogy - M\u011aSTSK\u00dd MOBILI\u00c1\u0158","robots":{"index":"index","follow":"follow","max-snippet":"max-snippet:-1","max-image-preview":"max-image-preview:large","max-video-preview":"max-video-preview:-1"},"canonical":"https:\/\/alexnabytek.cz\/mestskymobiliar\/katalogy\/vsechny-nase-katalogy\/","og_locale":"cs_CZ","og_type":"article","og_title":"V\u0161echny na\u0161e katalogy - M\u011aSTSK\u00dd MOBILI\u00c1\u0158","og_url":"https:\/\/alexnabytek.cz\/mestskymobiliar\/katalogy\/vsechny-nase-katalogy\/","og_site_name":"M\u011aSTSK\u00dd MOBILI\u00c1\u0158","og_image":[{"url":"https:\/\/alexnabytek.cz\/hotel-gastronabytek\/wp-content\/uploads\/2021\/01\/Horeca_katalogus_mockupCSEH_2020.png","type":"","width":"","height":""}],"twitter_card":"summary_large_image","schema":{"@context":"https:\/\/schema.org","@graph":[{"@type":"WebPage","@id":"https:\/\/alexnabytek.cz\/mestskymobiliar\/katalogy\/vsechny-nase-katalogy\/","url":"https:\/\/alexnabytek.cz\/mestskymobiliar\/katalogy\/vsechny-nase-katalogy\/","name":"V\u0161echny na\u0161e katalogy - M\u011aSTSK\u00dd MOBILI\u00c1\u0158","isPartOf":{"@id":"https:\/\/alexnabytek.cz\/mestskymobiliar\/#website"},"primaryImageOfPage":{"@id":"https:\/\/alexnabytek.cz\/mestskymobiliar\/katalogy\/vsechny-nase-katalogy\/#primaryimage"},"image":{"@id":"https:\/\/alexnabytek.cz\/mestskymobiliar\/katalogy\/vsechny-nase-katalogy\/#primaryimage"},"thumbnailUrl":"https:\/\/alexnabytek.cz\/hotel-gastronabytek\/wp-content\/uploads\/2021\/01\/Horeca_katalogus_mockupCSEH_2020.png","datePublished":"2023-11-04T08:10:56+00:00","breadcrumb":{"@id":"https:\/\/alexnabytek.cz\/mestskymobiliar\/katalogy\/vsechny-nase-katalogy\/#breadcrumb"},"inLanguage":"en-US","potentialAction":[{"@type":"ReadAction","target":["https:\/\/alexnabytek.cz\/mestskymobiliar\/katalogy\/vsechny-nase-katalogy\/"]}]},{"@type":"ImageObject","inLanguage":"en-US","@id":"https:\/\/alexnabytek.cz\/mestskymobiliar\/katalogy\/vsechny-nase-katalogy\/#primaryimage","url":"https:\/\/alexnabytek.cz\/hotel-gastronabytek\/wp-content\/uploads\/2021\/01\/Horeca_katalogus_mockupCSEH_2020.png","contentUrl":"https:\/\/alexnabytek.cz\/hotel-gastronabytek\/wp-content\/uploads\/2021\/01\/Horeca_katalogus_mockupCSEH_2020.png"},{"@type":"BreadcrumbList","@id":"https:\/\/alexnabytek.cz\/mestskymobiliar\/katalogy\/vsechny-nase-katalogy\/#breadcrumb","itemListElement":[{"@type":"ListItem","position":1,"name":"Home","item":"https:\/\/alexnabytek.cz\/mestskymobiliar\/"},{"@type":"ListItem","position":2,"name":"Katalogy","item":"https:\/\/alexnabytek.cz\/mestskymobiliar\/katalogy\/"},{"@type":"ListItem","position":3,"name":"V\u0161echny na\u0161e katalogy"}]},{"@type":"WebSite","@id":"https:\/\/alexnabytek.cz\/mestskymobiliar\/#website","url":"https:\/\/alexnabytek.cz\/mestskymobiliar\/","name":"M\u011aSTSK\u00dd MOBILI\u00c1\u0158","description":"Alex kovov\u00fd a \u0161koln\u00ed n\u00e1bytek s.r.o.","potentialAction":[{"@type":"SearchAction","target":{"@type":"EntryPoint","urlTemplate":"https:\/\/alexnabytek.cz\/mestskymobiliar\/?s={search_term_string}"},"query-input":{"@type":"PropertyValueSpecification","valueRequired":true,"valueName":"search_term_string"}}],"inLanguage":"en-US"}]}},"_links":{"self":[{"href":"https:\/\/alexnabytek.cz\/mestskymobiliar\/wp-json\/wp\/v2\/pages\/56642","targetHints":{"allow":["GET"]}}],"collection":[{"href":"https:\/\/alexnabytek.cz\/mestskymobiliar\/wp-json\/wp\/v2\/pages"}],"about":[{"href":"https:\/\/alexnabytek.cz\/mestskymobiliar\/wp-json\/wp\/v2\/types\/page"}],"author":[{"embeddable":true,"href":"https:\/\/alexnabytek.cz\/mestskymobiliar\/wp-json\/wp\/v2\/users\/3"}],"replies":[{"embeddable":true,"href":"https:\/\/alexnabytek.cz\/mestskymobiliar\/wp-json\/wp\/v2\/comments?post=56642"}],"version-history":[{"count":1,"href":"https:\/\/alexnabytek.cz\/mestskymobiliar\/wp-json\/wp\/v2\/pages\/56642\/revisions"}],"predecessor-version":[{"id":56643,"href":"https:\/\/alexnabytek.cz\/mestskymobiliar\/wp-json\/wp\/v2\/pages\/56642\/revisions\/56643"}],"up":[{"embeddable":true,"href":"https:\/\/alexnabytek.cz\/mestskymobiliar\/wp-json\/wp\/v2\/pages\/19"}],"wp:attachment":[{"href":"https:\/\/alexnabytek.cz\/mestskymobiliar\/wp-json\/wp\/v2\/media?parent=56642"}],"curies":[{"name":"wp","href":"https:\/\/api.w.org\/{rel}","templated":true}]}}