{"id":57471,"date":"2024-03-19T09:50:22","date_gmt":"2024-03-19T09:50:22","guid":{"rendered":"http:\/\/alexnabytek.cz\/mestskymobiliar\/?page_id=57471"},"modified":"2024-03-19T09:50:22","modified_gmt":"2024-03-19T09:50:22","slug":"novinky","status":"publish","type":"page","link":"https:\/\/alexnabytek.cz\/mestskymobiliar\/novinky\/","title":{"rendered":"NOVINKY"},"content":{"rendered":"","protected":false},"excerpt":{"rendered":"","protected":false},"author":3,"featured_media":0,"parent":0,"menu_order":0,"comment_status":"closed","ping_status":"closed","template":"page-ujdonsag-lista.php","meta":{"footnotes":""},"class_list":["post-57471","page","type-page","status-publish","hentry"],"yoast_head":"<!-- This site is optimized with the Yoast SEO plugin v24.6 - https:\/\/yoast.com\/wordpress\/plugins\/seo\/ -->\n<title>NOVINKY - M\u011aSTSK\u00dd MOBILI\u00c1\u0158<\/title>\n<meta name=\"robots\" content=\"index, follow, max-snippet:-1, max-image-preview:large, max-video-preview:-1\" \/>\n<link rel=\"canonical\" href=\"https:\/\/alexnabytek.cz\/mestskymobiliar\/novinky\/\" \/>\n<meta property=\"og:locale\" content=\"cs_CZ\" \/>\n<meta property=\"og:type\" content=\"article\" \/>\n<meta property=\"og:title\" content=\"NOVINKY - M\u011aSTSK\u00dd MOBILI\u00c1\u0158\" \/>\n<meta property=\"og:url\" content=\"https:\/\/alexnabytek.cz\/mestskymobiliar\/novinky\/\" \/>\n<meta property=\"og:site_name\" content=\"M\u011aSTSK\u00dd MOBILI\u00c1\u0158\" \/>\n<meta name=\"twitter:card\" content=\"summary_large_image\" \/>\n<script type=\"application\/ld+json\" class=\"yoast-schema-graph\">{\"@context\":\"https:\/\/schema.org\",\"@graph\":[{\"@type\":\"WebPage\",\"@id\":\"https:\/\/alexnabytek.cz\/mestskymobiliar\/novinky\/\",\"url\":\"https:\/\/alexnabytek.cz\/mestskymobiliar\/novinky\/\",\"name\":\"NOVINKY - M\u011aSTSK\u00dd MOBILI\u00c1\u0158\",\"isPartOf\":{\"@id\":\"https:\/\/alexnabytek.cz\/mestskymobiliar\/#website\"},\"datePublished\":\"2024-03-19T09:50:22+00:00\",\"breadcrumb\":{\"@id\":\"https:\/\/alexnabytek.cz\/mestskymobiliar\/novinky\/#breadcrumb\"},\"inLanguage\":\"en-US\",\"potentialAction\":[{\"@type\":\"ReadAction\",\"target\":[\"https:\/\/alexnabytek.cz\/mestskymobiliar\/novinky\/\"]}]},{\"@type\":\"BreadcrumbList\",\"@id\":\"https:\/\/alexnabytek.cz\/mestskymobiliar\/novinky\/#breadcrumb\",\"itemListElement\":[{\"@type\":\"ListItem\",\"position\":1,\"name\":\"Home\",\"item\":\"https:\/\/alexnabytek.cz\/mestskymobiliar\/\"},{\"@type\":\"ListItem\",\"position\":2,\"name\":\"NOVINKY\"}]},{\"@type\":\"WebSite\",\"@id\":\"https:\/\/alexnabytek.cz\/mestskymobiliar\/#website\",\"url\":\"https:\/\/alexnabytek.cz\/mestskymobiliar\/\",\"name\":\"M\u011aSTSK\u00dd MOBILI\u00c1\u0158\",\"description\":\"Alex kovov\u00fd a \u0161koln\u00ed n\u00e1bytek s.r.o.\",\"potentialAction\":[{\"@type\":\"SearchAction\",\"target\":{\"@type\":\"EntryPoint\",\"urlTemplate\":\"https:\/\/alexnabytek.cz\/mestskymobiliar\/?s={search_term_string}\"},\"query-input\":{\"@type\":\"PropertyValueSpecification\",\"valueRequired\":true,\"valueName\":\"search_term_string\"}}],\"inLanguage\":\"en-US\"}]}<\/script>\n<!-- \/ Yoast SEO plugin. -->","yoast_head_json":{"title":"NOVINKY - M\u011aSTSK\u00dd MOBILI\u00c1\u0158","robots":{"index":"index","follow":"follow","max-snippet":"max-snippet:-1","max-image-preview":"max-image-preview:large","max-video-preview":"max-video-preview:-1"},"canonical":"https:\/\/alexnabytek.cz\/mestskymobiliar\/novinky\/","og_locale":"cs_CZ","og_type":"article","og_title":"NOVINKY - M\u011aSTSK\u00dd MOBILI\u00c1\u0158","og_url":"https:\/\/alexnabytek.cz\/mestskymobiliar\/novinky\/","og_site_name":"M\u011aSTSK\u00dd MOBILI\u00c1\u0158","twitter_card":"summary_large_image","schema":{"@context":"https:\/\/schema.org","@graph":[{"@type":"WebPage","@id":"https:\/\/alexnabytek.cz\/mestskymobiliar\/novinky\/","url":"https:\/\/alexnabytek.cz\/mestskymobiliar\/novinky\/","name":"NOVINKY - M\u011aSTSK\u00dd MOBILI\u00c1\u0158","isPartOf":{"@id":"https:\/\/alexnabytek.cz\/mestskymobiliar\/#website"},"datePublished":"2024-03-19T09:50:22+00:00","breadcrumb":{"@id":"https:\/\/alexnabytek.cz\/mestskymobiliar\/novinky\/#breadcrumb"},"inLanguage":"en-US","potentialAction":[{"@type":"ReadAction","target":["https:\/\/alexnabytek.cz\/mestskymobiliar\/novinky\/"]}]},{"@type":"BreadcrumbList","@id":"https:\/\/alexnabytek.cz\/mestskymobiliar\/novinky\/#breadcrumb","itemListElement":[{"@type":"ListItem","position":1,"name":"Home","item":"https:\/\/alexnabytek.cz\/mestskymobiliar\/"},{"@type":"ListItem","position":2,"name":"NOVINKY"}]},{"@type":"WebSite","@id":"https:\/\/alexnabytek.cz\/mestskymobiliar\/#website","url":"https:\/\/alexnabytek.cz\/mestskymobiliar\/","name":"M\u011aSTSK\u00dd MOBILI\u00c1\u0158","description":"Alex kovov\u00fd a \u0161koln\u00ed n\u00e1bytek s.r.o.","potentialAction":[{"@type":"SearchAction","target":{"@type":"EntryPoint","urlTemplate":"https:\/\/alexnabytek.cz\/mestskymobiliar\/?s={search_term_string}"},"query-input":{"@type":"PropertyValueSpecification","valueRequired":true,"valueName":"search_term_string"}}],"inLanguage":"en-US"}]}},"_links":{"self":[{"href":"https:\/\/alexnabytek.cz\/mestskymobiliar\/wp-json\/wp\/v2\/pages\/57471","targetHints":{"allow":["GET"]}}],"collection":[{"href":"https:\/\/alexnabytek.cz\/mestskymobiliar\/wp-json\/wp\/v2\/pages"}],"about":[{"href":"https:\/\/alexnabytek.cz\/mestskymobiliar\/wp-json\/wp\/v2\/types\/page"}],"author":[{"embeddable":true,"href":"https:\/\/alexnabytek.cz\/mestskymobiliar\/wp-json\/wp\/v2\/users\/3"}],"replies":[{"embeddable":true,"href":"https:\/\/alexnabytek.cz\/mestskymobiliar\/wp-json\/wp\/v2\/comments?post=57471"}],"version-history":[{"count":1,"href":"https:\/\/alexnabytek.cz\/mestskymobiliar\/wp-json\/wp\/v2\/pages\/57471\/revisions"}],"predecessor-version":[{"id":57472,"href":"https:\/\/alexnabytek.cz\/mestskymobiliar\/wp-json\/wp\/v2\/pages\/57471\/revisions\/57472"}],"wp:attachment":[{"href":"https:\/\/alexnabytek.cz\/mestskymobiliar\/wp-json\/wp\/v2\/media?parent=57471"}],"curies":[{"name":"wp","href":"https:\/\/api.w.org\/{rel}","templated":true}]}}