{"id":13,"date":"2016-06-08T07:58:17","date_gmt":"2016-06-08T07:58:17","guid":{"rendered":"http:\/\/szallodabutor.hu\/?page_id=13"},"modified":"2025-06-14T04:23:42","modified_gmt":"2025-06-14T04:23:42","slug":"katalogy","status":"publish","type":"page","link":"https:\/\/alexnabytek.cz\/satninabytek\/katalogy\/","title":{"rendered":"Katalogy"},"content":{"rendered":"<div class=\"row \"><div class=\"span12 \"><strong>Pokud si chcete prohl\u00e9dnout n\u00e1\u0161 katalog, klikn\u011bte na p\u0159\u00edslu\u0161n\u00fd obr\u00e1zek.<\/strong><\/div><\/div><!-- .row (end) -->\n<div class=\"row \">\n<div class=\"span6 \"><a href=\"https:\/\/alexnabytek.cz\/satninabytek\/katalogy\/satni-katalog-2025\/\"><img loading=\"lazy\" decoding=\"async\" class=\"aligncenter size-full\" src=\"https:\/\/alexnabytek.cz\/satninabytek\/wp-content\/uploads\/2025\/06\/Mockup-Lockers-2025.png\" alt=\"\u0160atn\u00ed katalog 2025\" width=\"600\" height=\"377\" \/><\/a><\/p>\n<h3>\u0160atn\u00ed katalog 2025<\/h3>\n<p><a href=\"https:\/\/alexnabytek.cz\/satninabytek\/wp-content\/uploads\/2025\/06\/Satni-katalog-maly-2025.pdf\" target=\"_blank\" rel=\"noopener noreferrer\">PDF sta\u017een\u00ed<\/a><br \/><\/div>\n<div class=\"span6 \"><a href=\"https:\/\/alexnabytek.cz\/satninabytek\/katalogy\/satni-kancelarsky\/\"><img loading=\"lazy\" decoding=\"async\" class=\"aligncenter size-full\" src=\"https:\/\/alexnabytek.cz\/satninabytek\/wp-content\/uploads\/2023\/09\/cseh_katalog_latvany.png\" alt=\"\u0160atn\u00ed & kancel\u00e1\u0159sk\u00fd KATALOG\" width=\"600\" height=\"377\" \/><\/a><\/p>\n<h3>\u0160atn\u00ed & kancel\u00e1\u0159sk\u00fd KATALOG<\/h3>\n<p><a href=\"https:\/\/alexnabytek.cz\/satninabytek\/wp-content\/uploads\/2023\/09\/Satni-a-kancelarsky-katalog-CZ-2023.pdf\" target=\"_blank\" rel=\"noopener noreferrer\">PDF sta\u017een\u00ed<\/a><br \/><\/div>\n<\/div><!-- .row (end) --><div class=\"row \">\n<div class=\"span6 \"><a href=\"https:\/\/alexnabytek.cz\/satninabytek\/wp-content\/uploads\/2022\/08\/Satni-nabytek-mailing-2022-podzim.pdf\" target=\"_blank\" rel=\"noopener\"><img loading=\"lazy\" decoding=\"async\" class=\"alignnone size-full wp-image-49855\" src=\"https:\/\/alexnabytek.cz\/satninabytek\/wp-content\/uploads\/2022\/08\/oltozomailingCSEH_mockup_print2022.png\" alt=\"\" width=\"1200\" height=\"754\" \/><\/a><\/p>\n<h3>\u0160atn\u00ed n\u00e1bytek mailing<\/h3>\n<p><a href=\"https:\/\/alexnabytek.cz\/satninabytek\/wp-content\/uploads\/2022\/08\/Satni-nabytek-mailing-2022-podzim.pdf\" target=\"_blank\" rel=\"noopener noreferrer\">PDF sta\u017een\u00ed<\/a><br \/><\/div>\n<div class=\"span6 \"><a href=\"https:\/\/alexnabytek.cz\/satninabytek\/katalogy\/satni-nabytek-pro-nejlepsi-tymy\/\"><img loading=\"lazy\" decoding=\"async\" class=\"alignnone size-full wp-image-49855\" src=\"https:\/\/alexnabytek.cz\/satninabytek\/wp-content\/uploads\/2020\/06\/Mailing_OltozoCSEH_mockup2020.png\" alt=\"\" width=\"1200\" height=\"754\" srcset=\"https:\/\/alexnabytek.cz\/satninabytek\/wp-content\/uploads\/2020\/06\/Mailing_OltozoCSEH_mockup2020.png 1200w, https:\/\/alexnabytek.cz\/satninabytek\/wp-content\/uploads\/2020\/06\/Mailing_OltozoCSEH_mockup2020-300x189.png 300w, https:\/\/alexnabytek.cz\/satninabytek\/wp-content\/uploads\/2020\/06\/Mailing_OltozoCSEH_mockup2020-1024x643.png 1024w, https:\/\/alexnabytek.cz\/satninabytek\/wp-content\/uploads\/2020\/06\/Mailing_OltozoCSEH_mockup2020-768x483.png 768w, https:\/\/alexnabytek.cz\/satninabytek\/wp-content\/uploads\/2020\/06\/Mailing_OltozoCSEH_mockup2020-398x250.png 398w, https:\/\/alexnabytek.cz\/satninabytek\/wp-content\/uploads\/2020\/06\/Mailing_OltozoCSEH_mockup2020-796x500.png 796w\" sizes=\"auto, (max-width: 1200px) 100vw, 1200px\" \/><\/a><\/p>\n<h3>\u0160atn\u00ed n\u00e1bytek pro nejlep\u0161\u00ed t\u00fdmy<\/h3>\n<p><a href=\"https:\/\/alexnabytek.cz\/satninabytek\/wp-content\/uploads\/2020\/06\/CZ_\u0160atny_Mailing_2020_06.pdf\" target=\"_blank\" rel=\"noopener noreferrer\">PDF sta\u017een\u00ed<\/a><br \/><\/div>\n<\/div><!-- .row (end) -->\n<div class=\"row \">\n<div class=\"span6 \"><a href=\"https:\/\/alexnabytek.cz\/satninabytek\/katalogy\/satni-nabytek-pro-vsechny\/\"><img loading=\"lazy\" decoding=\"async\" class=\"aligncenter size-full\" src=\"https:\/\/alexnabytek.cz\/satninabytek\/wp-content\/uploads\/2019\/11\/MOCKUPprint2019OLTOZO_CSEH.png\" alt=\"\u0160atn\u00ed n\u00e1bytek pro v\u0161echny\" width=\"600\" height=\"377\" \/><\/a><\/p>\n<h3>\u0160atn\u00ed n\u00e1bytek pro v\u0161echny<\/h3>\n<p><a href=\"https:\/\/alexnabytek.cz\/satninabytek\/wp-content\/uploads\/2019\/11\/CZ_ALEX_-\u0160atny_mailing-2019.pdf\" target=\"_blank\" rel=\"noopener noreferrer\">PDF sta\u017een\u00ed<\/a><\/p><\/div>\n<\/div><!-- .row (end) -->\n<div class=\"spacer\"><\/div><!-- .spacer (end) -->\n","protected":false},"excerpt":{"rendered":"","protected":false},"author":3,"featured_media":0,"parent":0,"menu_order":0,"comment_status":"closed","ping_status":"closed","template":"page-fullwidth.php","meta":{"footnotes":""},"class_list":["post-13","page","type-page","status-publish","hentry"],"yoast_head":"<!-- This site is optimized with the Yoast SEO plugin v24.6 - https:\/\/yoast.com\/wordpress\/plugins\/seo\/ -->\n<title>Katalogy - \u0160ATN\u00cd N\u00c1BYTEK<\/title>\n<meta name=\"robots\" content=\"index, follow, max-snippet:-1, max-image-preview:large, max-video-preview:-1\" \/>\n<link rel=\"canonical\" href=\"https:\/\/alexnabytek.cz\/satninabytek\/katalogy\/\" \/>\n<meta property=\"og:locale\" content=\"cs_CZ\" \/>\n<meta property=\"og:type\" content=\"article\" \/>\n<meta property=\"og:title\" content=\"Katalogy - \u0160ATN\u00cd N\u00c1BYTEK\" \/>\n<meta property=\"og:url\" content=\"https:\/\/alexnabytek.cz\/satninabytek\/katalogy\/\" \/>\n<meta property=\"og:site_name\" content=\"\u0160ATN\u00cd N\u00c1BYTEK\" \/>\n<meta property=\"article:modified_time\" content=\"2025-06-14T04:23:42+00:00\" \/>\n<meta property=\"og:image\" content=\"https:\/\/alexnabytek.cz\/satninabytek\/wp-content\/uploads\/2025\/06\/Mockup-Lockers-2025.png\" \/>\n<meta name=\"twitter:card\" content=\"summary_large_image\" \/>\n<meta name=\"twitter:label1\" content=\"Est. reading time\" \/>\n\t<meta name=\"twitter:data1\" content=\"2 minutes\" \/>\n<script type=\"application\/ld+json\" class=\"yoast-schema-graph\">{\"@context\":\"https:\/\/schema.org\",\"@graph\":[{\"@type\":\"WebPage\",\"@id\":\"https:\/\/alexnabytek.cz\/satninabytek\/katalogy\/\",\"url\":\"https:\/\/alexnabytek.cz\/satninabytek\/katalogy\/\",\"name\":\"Katalogy - \u0160ATN\u00cd N\u00c1BYTEK\",\"isPartOf\":{\"@id\":\"https:\/\/alexnabytek.cz\/satninabytek\/#website\"},\"primaryImageOfPage\":{\"@id\":\"https:\/\/alexnabytek.cz\/satninabytek\/katalogy\/#primaryimage\"},\"image\":{\"@id\":\"https:\/\/alexnabytek.cz\/satninabytek\/katalogy\/#primaryimage\"},\"thumbnailUrl\":\"https:\/\/alexnabytek.cz\/satninabytek\/wp-content\/uploads\/2025\/06\/Mockup-Lockers-2025.png\",\"datePublished\":\"2016-06-08T07:58:17+00:00\",\"dateModified\":\"2025-06-14T04:23:42+00:00\",\"breadcrumb\":{\"@id\":\"https:\/\/alexnabytek.cz\/satninabytek\/katalogy\/#breadcrumb\"},\"inLanguage\":\"en-US\",\"potentialAction\":[{\"@type\":\"ReadAction\",\"target\":[\"https:\/\/alexnabytek.cz\/satninabytek\/katalogy\/\"]}]},{\"@type\":\"ImageObject\",\"inLanguage\":\"en-US\",\"@id\":\"https:\/\/alexnabytek.cz\/satninabytek\/katalogy\/#primaryimage\",\"url\":\"https:\/\/alexnabytek.cz\/satninabytek\/wp-content\/uploads\/2025\/06\/Mockup-Lockers-2025.png\",\"contentUrl\":\"https:\/\/alexnabytek.cz\/satninabytek\/wp-content\/uploads\/2025\/06\/Mockup-Lockers-2025.png\",\"width\":1080,\"height\":756},{\"@type\":\"BreadcrumbList\",\"@id\":\"https:\/\/alexnabytek.cz\/satninabytek\/katalogy\/#breadcrumb\",\"itemListElement\":[{\"@type\":\"ListItem\",\"position\":1,\"name\":\"Home\",\"item\":\"https:\/\/alexnabytek.cz\/satninabytek\/\"},{\"@type\":\"ListItem\",\"position\":2,\"name\":\"Katalogy\"}]},{\"@type\":\"WebSite\",\"@id\":\"https:\/\/alexnabytek.cz\/satninabytek\/#website\",\"url\":\"https:\/\/alexnabytek.cz\/satninabytek\/\",\"name\":\"\u0160ATN\u00cd N\u00c1BYTEK\",\"description\":\"Alex kovov\u00fd a \u0161koln\u00ed n\u00e1bytek s.r.o.\",\"potentialAction\":[{\"@type\":\"SearchAction\",\"target\":{\"@type\":\"EntryPoint\",\"urlTemplate\":\"https:\/\/alexnabytek.cz\/satninabytek\/?s={search_term_string}\"},\"query-input\":{\"@type\":\"PropertyValueSpecification\",\"valueRequired\":true,\"valueName\":\"search_term_string\"}}],\"inLanguage\":\"en-US\"}]}<\/script>\n<!-- \/ Yoast SEO plugin. -->","yoast_head_json":{"title":"Katalogy - \u0160ATN\u00cd N\u00c1BYTEK","robots":{"index":"index","follow":"follow","max-snippet":"max-snippet:-1","max-image-preview":"max-image-preview:large","max-video-preview":"max-video-preview:-1"},"canonical":"https:\/\/alexnabytek.cz\/satninabytek\/katalogy\/","og_locale":"cs_CZ","og_type":"article","og_title":"Katalogy - \u0160ATN\u00cd N\u00c1BYTEK","og_url":"https:\/\/alexnabytek.cz\/satninabytek\/katalogy\/","og_site_name":"\u0160ATN\u00cd N\u00c1BYTEK","article_modified_time":"2025-06-14T04:23:42+00:00","og_image":[{"url":"https:\/\/alexnabytek.cz\/satninabytek\/wp-content\/uploads\/2025\/06\/Mockup-Lockers-2025.png","type":"","width":"","height":""}],"twitter_card":"summary_large_image","twitter_misc":{"Est. reading time":"2 minutes"},"schema":{"@context":"https:\/\/schema.org","@graph":[{"@type":"WebPage","@id":"https:\/\/alexnabytek.cz\/satninabytek\/katalogy\/","url":"https:\/\/alexnabytek.cz\/satninabytek\/katalogy\/","name":"Katalogy - \u0160ATN\u00cd N\u00c1BYTEK","isPartOf":{"@id":"https:\/\/alexnabytek.cz\/satninabytek\/#website"},"primaryImageOfPage":{"@id":"https:\/\/alexnabytek.cz\/satninabytek\/katalogy\/#primaryimage"},"image":{"@id":"https:\/\/alexnabytek.cz\/satninabytek\/katalogy\/#primaryimage"},"thumbnailUrl":"https:\/\/alexnabytek.cz\/satninabytek\/wp-content\/uploads\/2025\/06\/Mockup-Lockers-2025.png","datePublished":"2016-06-08T07:58:17+00:00","dateModified":"2025-06-14T04:23:42+00:00","breadcrumb":{"@id":"https:\/\/alexnabytek.cz\/satninabytek\/katalogy\/#breadcrumb"},"inLanguage":"en-US","potentialAction":[{"@type":"ReadAction","target":["https:\/\/alexnabytek.cz\/satninabytek\/katalogy\/"]}]},{"@type":"ImageObject","inLanguage":"en-US","@id":"https:\/\/alexnabytek.cz\/satninabytek\/katalogy\/#primaryimage","url":"https:\/\/alexnabytek.cz\/satninabytek\/wp-content\/uploads\/2025\/06\/Mockup-Lockers-2025.png","contentUrl":"https:\/\/alexnabytek.cz\/satninabytek\/wp-content\/uploads\/2025\/06\/Mockup-Lockers-2025.png","width":1080,"height":756},{"@type":"BreadcrumbList","@id":"https:\/\/alexnabytek.cz\/satninabytek\/katalogy\/#breadcrumb","itemListElement":[{"@type":"ListItem","position":1,"name":"Home","item":"https:\/\/alexnabytek.cz\/satninabytek\/"},{"@type":"ListItem","position":2,"name":"Katalogy"}]},{"@type":"WebSite","@id":"https:\/\/alexnabytek.cz\/satninabytek\/#website","url":"https:\/\/alexnabytek.cz\/satninabytek\/","name":"\u0160ATN\u00cd N\u00c1BYTEK","description":"Alex kovov\u00fd a \u0161koln\u00ed n\u00e1bytek s.r.o.","potentialAction":[{"@type":"SearchAction","target":{"@type":"EntryPoint","urlTemplate":"https:\/\/alexnabytek.cz\/satninabytek\/?s={search_term_string}"},"query-input":{"@type":"PropertyValueSpecification","valueRequired":true,"valueName":"search_term_string"}}],"inLanguage":"en-US"}]}},"_links":{"self":[{"href":"https:\/\/alexnabytek.cz\/satninabytek\/wp-json\/wp\/v2\/pages\/13","targetHints":{"allow":["GET"]}}],"collection":[{"href":"https:\/\/alexnabytek.cz\/satninabytek\/wp-json\/wp\/v2\/pages"}],"about":[{"href":"https:\/\/alexnabytek.cz\/satninabytek\/wp-json\/wp\/v2\/types\/page"}],"author":[{"embeddable":true,"href":"https:\/\/alexnabytek.cz\/satninabytek\/wp-json\/wp\/v2\/users\/3"}],"replies":[{"embeddable":true,"href":"https:\/\/alexnabytek.cz\/satninabytek\/wp-json\/wp\/v2\/comments?post=13"}],"version-history":[{"count":16,"href":"https:\/\/alexnabytek.cz\/satninabytek\/wp-json\/wp\/v2\/pages\/13\/revisions"}],"predecessor-version":[{"id":64622,"href":"https:\/\/alexnabytek.cz\/satninabytek\/wp-json\/wp\/v2\/pages\/13\/revisions\/64622"}],"wp:attachment":[{"href":"https:\/\/alexnabytek.cz\/satninabytek\/wp-json\/wp\/v2\/media?parent=13"}],"curies":[{"name":"wp","href":"https:\/\/api.w.org\/{rel}","templated":true}]}}