{"id":1876,"date":"2016-06-30T15:54:32","date_gmt":"2016-06-30T15:54:32","guid":{"rendered":"http:\/\/szallodabutor.hu\/?page_id=1876"},"modified":"2017-04-25T06:54:42","modified_gmt":"2017-04-25T06:54:42","slug":"certifikaty","status":"publish","type":"page","link":"https:\/\/alexnabytek.cz\/satninabytek\/certifikaty\/","title":{"rendered":"Certifik\u00e1ty"},"content":{"rendered":"<div class=\"row \">\n<div class=\"span12 \"><p>Na\u0161e spole\u010dnost klade velk\u00fd d\u016fraz na kvalitu, kter\u00e1 je pln\u011b v souladu s po\u017eadavky z\u00e1kazn\u00edk\u016f. Tomu se tak\u00e9 p\u0159izp\u016fsobuje cel\u00fd syst\u00e9m v\u00fdroby a \u0159\u00edzen\u00ed kvality, stejn\u011b jako spr\u00e1va obchodn\u00edch slu\u017eeb. Cel\u00fd syst\u00e9m je v souladu s normami ISO 9001 a byl v roce 2003 certifikov\u00e1n E-COM Cert. V roce 2015 byl integrov\u00e1n i syst\u00e9m MSZ 28001 a byly zohledn\u011bny po\u017eadavky normy ISO 14001. D\u00edky tomu byl zv\u00fd\u0161en d\u016fraz na ochranu \u017eivotn\u00edho prost\u0159ed\u00ed a bezpe\u010dnost a zdrav\u00ed na pracovi\u0161ti. <\/p>\n<div class=\"spacer\"><\/div><!-- .spacer (end) --><\/div>\n<div class=\"span2 \"><img loading=\"lazy\" decoding=\"async\" src=\"https:\/\/alexnabytek.cz\/satninabytek\/wp-content\/uploads\/2016\/06\/Alex_ecom_cert_logo_FINAL_100K-300x286.png\" width=\"300\" height=\"286\" class=\"aligncenter size-medium\" \/><div class=\"spacer\"><\/div><!-- .spacer (end) --><\/div>\n<\/div><!-- .row (end) -->\n","protected":false},"excerpt":{"rendered":"","protected":false},"author":3,"featured_media":0,"parent":0,"menu_order":0,"comment_status":"closed","ping_status":"closed","template":"page-fullwidth.php","meta":{"footnotes":""},"class_list":["post-1876","page","type-page","status-publish","hentry"],"yoast_head":"<!-- This site is optimized with the Yoast SEO plugin v24.6 - https:\/\/yoast.com\/wordpress\/plugins\/seo\/ -->\n<title>Certifik\u00e1ty - \u0160ATN\u00cd N\u00c1BYTEK<\/title>\n<meta name=\"robots\" content=\"index, follow, max-snippet:-1, max-image-preview:large, max-video-preview:-1\" \/>\n<link rel=\"canonical\" href=\"https:\/\/alexnabytek.cz\/satninabytek\/certifikaty\/\" \/>\n<meta property=\"og:locale\" content=\"cs_CZ\" \/>\n<meta property=\"og:type\" content=\"article\" \/>\n<meta property=\"og:title\" content=\"Certifik\u00e1ty - \u0160ATN\u00cd N\u00c1BYTEK\" \/>\n<meta property=\"og:url\" content=\"https:\/\/alexnabytek.cz\/satninabytek\/certifikaty\/\" \/>\n<meta property=\"og:site_name\" content=\"\u0160ATN\u00cd N\u00c1BYTEK\" \/>\n<meta property=\"article:modified_time\" content=\"2017-04-25T06:54:42+00:00\" \/>\n<meta property=\"og:image\" content=\"https:\/\/alexnabytek.cz\/satninabytek\/wp-content\/uploads\/2016\/06\/Alex_ecom_cert_logo_FINAL_100K-300x286.png\" \/>\n<meta name=\"twitter:card\" content=\"summary_large_image\" \/>\n<meta name=\"twitter:label1\" content=\"Est. reading time\" \/>\n\t<meta name=\"twitter:data1\" content=\"1 minute\" \/>\n<script type=\"application\/ld+json\" class=\"yoast-schema-graph\">{\"@context\":\"https:\/\/schema.org\",\"@graph\":[{\"@type\":\"WebPage\",\"@id\":\"https:\/\/alexnabytek.cz\/satninabytek\/certifikaty\/\",\"url\":\"https:\/\/alexnabytek.cz\/satninabytek\/certifikaty\/\",\"name\":\"Certifik\u00e1ty - \u0160ATN\u00cd N\u00c1BYTEK\",\"isPartOf\":{\"@id\":\"https:\/\/alexnabytek.cz\/satninabytek\/#website\"},\"primaryImageOfPage\":{\"@id\":\"https:\/\/alexnabytek.cz\/satninabytek\/certifikaty\/#primaryimage\"},\"image\":{\"@id\":\"https:\/\/alexnabytek.cz\/satninabytek\/certifikaty\/#primaryimage\"},\"thumbnailUrl\":\"https:\/\/alexnabytek.cz\/satninabytek\/wp-content\/uploads\/2016\/06\/Alex_ecom_cert_logo_FINAL_100K-300x286.png\",\"datePublished\":\"2016-06-30T15:54:32+00:00\",\"dateModified\":\"2017-04-25T06:54:42+00:00\",\"breadcrumb\":{\"@id\":\"https:\/\/alexnabytek.cz\/satninabytek\/certifikaty\/#breadcrumb\"},\"inLanguage\":\"en-US\",\"potentialAction\":[{\"@type\":\"ReadAction\",\"target\":[\"https:\/\/alexnabytek.cz\/satninabytek\/certifikaty\/\"]}]},{\"@type\":\"ImageObject\",\"inLanguage\":\"en-US\",\"@id\":\"https:\/\/alexnabytek.cz\/satninabytek\/certifikaty\/#primaryimage\",\"url\":\"https:\/\/alexnabytek.cz\/satninabytek\/wp-content\/uploads\/2016\/06\/Alex_ecom_cert_logo_FINAL_100K-300x286.png\",\"contentUrl\":\"https:\/\/alexnabytek.cz\/satninabytek\/wp-content\/uploads\/2016\/06\/Alex_ecom_cert_logo_FINAL_100K-300x286.png\"},{\"@type\":\"BreadcrumbList\",\"@id\":\"https:\/\/alexnabytek.cz\/satninabytek\/certifikaty\/#breadcrumb\",\"itemListElement\":[{\"@type\":\"ListItem\",\"position\":1,\"name\":\"Home\",\"item\":\"https:\/\/alexnabytek.cz\/satninabytek\/\"},{\"@type\":\"ListItem\",\"position\":2,\"name\":\"Certifik\u00e1ty\"}]},{\"@type\":\"WebSite\",\"@id\":\"https:\/\/alexnabytek.cz\/satninabytek\/#website\",\"url\":\"https:\/\/alexnabytek.cz\/satninabytek\/\",\"name\":\"\u0160ATN\u00cd N\u00c1BYTEK\",\"description\":\"Alex kovov\u00fd a \u0161koln\u00ed n\u00e1bytek s.r.o.\",\"potentialAction\":[{\"@type\":\"SearchAction\",\"target\":{\"@type\":\"EntryPoint\",\"urlTemplate\":\"https:\/\/alexnabytek.cz\/satninabytek\/?s={search_term_string}\"},\"query-input\":{\"@type\":\"PropertyValueSpecification\",\"valueRequired\":true,\"valueName\":\"search_term_string\"}}],\"inLanguage\":\"en-US\"}]}<\/script>\n<!-- \/ Yoast SEO plugin. -->","yoast_head_json":{"title":"Certifik\u00e1ty - \u0160ATN\u00cd N\u00c1BYTEK","robots":{"index":"index","follow":"follow","max-snippet":"max-snippet:-1","max-image-preview":"max-image-preview:large","max-video-preview":"max-video-preview:-1"},"canonical":"https:\/\/alexnabytek.cz\/satninabytek\/certifikaty\/","og_locale":"cs_CZ","og_type":"article","og_title":"Certifik\u00e1ty - \u0160ATN\u00cd N\u00c1BYTEK","og_url":"https:\/\/alexnabytek.cz\/satninabytek\/certifikaty\/","og_site_name":"\u0160ATN\u00cd N\u00c1BYTEK","article_modified_time":"2017-04-25T06:54:42+00:00","og_image":[{"url":"https:\/\/alexnabytek.cz\/satninabytek\/wp-content\/uploads\/2016\/06\/Alex_ecom_cert_logo_FINAL_100K-300x286.png","type":"","width":"","height":""}],"twitter_card":"summary_large_image","twitter_misc":{"Est. reading time":"1 minute"},"schema":{"@context":"https:\/\/schema.org","@graph":[{"@type":"WebPage","@id":"https:\/\/alexnabytek.cz\/satninabytek\/certifikaty\/","url":"https:\/\/alexnabytek.cz\/satninabytek\/certifikaty\/","name":"Certifik\u00e1ty - \u0160ATN\u00cd N\u00c1BYTEK","isPartOf":{"@id":"https:\/\/alexnabytek.cz\/satninabytek\/#website"},"primaryImageOfPage":{"@id":"https:\/\/alexnabytek.cz\/satninabytek\/certifikaty\/#primaryimage"},"image":{"@id":"https:\/\/alexnabytek.cz\/satninabytek\/certifikaty\/#primaryimage"},"thumbnailUrl":"https:\/\/alexnabytek.cz\/satninabytek\/wp-content\/uploads\/2016\/06\/Alex_ecom_cert_logo_FINAL_100K-300x286.png","datePublished":"2016-06-30T15:54:32+00:00","dateModified":"2017-04-25T06:54:42+00:00","breadcrumb":{"@id":"https:\/\/alexnabytek.cz\/satninabytek\/certifikaty\/#breadcrumb"},"inLanguage":"en-US","potentialAction":[{"@type":"ReadAction","target":["https:\/\/alexnabytek.cz\/satninabytek\/certifikaty\/"]}]},{"@type":"ImageObject","inLanguage":"en-US","@id":"https:\/\/alexnabytek.cz\/satninabytek\/certifikaty\/#primaryimage","url":"https:\/\/alexnabytek.cz\/satninabytek\/wp-content\/uploads\/2016\/06\/Alex_ecom_cert_logo_FINAL_100K-300x286.png","contentUrl":"https:\/\/alexnabytek.cz\/satninabytek\/wp-content\/uploads\/2016\/06\/Alex_ecom_cert_logo_FINAL_100K-300x286.png"},{"@type":"BreadcrumbList","@id":"https:\/\/alexnabytek.cz\/satninabytek\/certifikaty\/#breadcrumb","itemListElement":[{"@type":"ListItem","position":1,"name":"Home","item":"https:\/\/alexnabytek.cz\/satninabytek\/"},{"@type":"ListItem","position":2,"name":"Certifik\u00e1ty"}]},{"@type":"WebSite","@id":"https:\/\/alexnabytek.cz\/satninabytek\/#website","url":"https:\/\/alexnabytek.cz\/satninabytek\/","name":"\u0160ATN\u00cd N\u00c1BYTEK","description":"Alex kovov\u00fd a \u0161koln\u00ed n\u00e1bytek s.r.o.","potentialAction":[{"@type":"SearchAction","target":{"@type":"EntryPoint","urlTemplate":"https:\/\/alexnabytek.cz\/satninabytek\/?s={search_term_string}"},"query-input":{"@type":"PropertyValueSpecification","valueRequired":true,"valueName":"search_term_string"}}],"inLanguage":"en-US"}]}},"_links":{"self":[{"href":"https:\/\/alexnabytek.cz\/satninabytek\/wp-json\/wp\/v2\/pages\/1876","targetHints":{"allow":["GET"]}}],"collection":[{"href":"https:\/\/alexnabytek.cz\/satninabytek\/wp-json\/wp\/v2\/pages"}],"about":[{"href":"https:\/\/alexnabytek.cz\/satninabytek\/wp-json\/wp\/v2\/types\/page"}],"author":[{"embeddable":true,"href":"https:\/\/alexnabytek.cz\/satninabytek\/wp-json\/wp\/v2\/users\/3"}],"replies":[{"embeddable":true,"href":"https:\/\/alexnabytek.cz\/satninabytek\/wp-json\/wp\/v2\/comments?post=1876"}],"version-history":[{"count":0,"href":"https:\/\/alexnabytek.cz\/satninabytek\/wp-json\/wp\/v2\/pages\/1876\/revisions"}],"wp:attachment":[{"href":"https:\/\/alexnabytek.cz\/satninabytek\/wp-json\/wp\/v2\/media?parent=1876"}],"curies":[{"name":"wp","href":"https:\/\/api.w.org\/{rel}","templated":true}]}}