{"id":31338,"date":"2016-11-30T13:56:20","date_gmt":"2016-11-30T13:56:20","guid":{"rendered":"http:\/\/oltozobutor.hu\/?page_id=31338"},"modified":"2025-01-18T16:04:42","modified_gmt":"2025-01-18T16:04:42","slug":"satni-skrine-z-ltd","status":"publish","type":"page","link":"https:\/\/alexnabytek.cz\/satninabytek\/kategorie\/satni-skrine\/satni-skrine-z-ltd\/","title":{"rendered":"\u0160atn\u00ed sk\u0159\u00edn\u011b z LTD"},"content":{"rendered":"<div class=\"butorlaposkat\">\n<div class=\"vonalasc\u00edmh\">\n<h3 class=\"vonalasc\u00edm\"><span>Kategorie<\/span><\/h3>\n<\/div>\n<li class=\"portfolio_item isotope-item\">\n<div class=\"portfolio_item_holder\">\n<figure class=\"thumbnail thumbnail__portfolio\"><a href=\"https:\/\/alexnabytek.cz\/satninabytek\/kategorie\/satni-skrine\/satni-skrine-z-ltd\/skrinky-s-vysokymi-dvirky\/\" class=\"image-wrap\"><img decoding=\"async\" src=\"https:\/\/alexnabytek.cz\/satninabytek\/wp-content\/uploads\/2025\/01\/hosszuajtos.png\" alt=\"Sk\u0159\u00ed\u0148ky s vysok\u00fdmi dv\u00ed\u0159ky\"><\/a><\/figure>\n<div class=\"caption caption__portfolio\">\n<h3><a href=\"https:\/\/alexnabytek.cz\/satninabytek\/kategorie\/satni-skrine\/satni-skrine-z-ltd\/skrinky-s-vysokymi-dvirky\/\">Sk\u0159\u00ed\u0148ky s vysok\u00fdmi dv\u00ed\u0159ky<\/a><\/h3>\n<\/div>\n<\/div>\n<\/li>\n<li class=\"portfolio_item isotope-item\">\n<div class=\"portfolio_item_holder\">\n<figure class=\"thumbnail thumbnail__portfolio\"><a href=\"https:\/\/alexnabytek.cz\/satninabytek\/kategorie\/satni-skrine\/satni-skrine-z-ltd\/delene-satni-skrinky\/\" class=\"image-wrap\"><img decoding=\"async\" src=\"https:\/\/alexnabytek.cz\/satninabytek\/wp-content\/uploads\/2025\/01\/rovidajtos.png\" alt=\"D\u011blen\u00e9 \u0161atn\u00ed sk\u0159\u00ed\u0148ky\"><\/a><\/figure>\n<div class=\"caption caption__portfolio\">\n<h3><a href=\"https:\/\/alexnabytek.cz\/satninabytek\/kategorie\/satni-skrine\/satni-skrine-z-ltd\/delene-satni-skrinky\/\">D\u011blen\u00e9 \u0161atn\u00ed sk\u0159\u00ed\u0148ky<\/a><\/h3>\n<\/div>\n<\/div>\n<\/li>\n<li class=\"portfolio_item isotope-item\">\n<div class=\"portfolio_item_holder\">\n<figure class=\"thumbnail thumbnail__portfolio\"><a href=\"https:\/\/alexnabytek.cz\/satninabytek\/kategorie\/satni-skrine\/satni-skrine-z-ltd\/satni-skrinky-s-z-dvirky\/\" class=\"image-wrap\"><img decoding=\"async\" src=\"https:\/\/alexnabytek.cz\/satninabytek\/wp-content\/uploads\/2025\/01\/z_ajtos.png\" alt=\"\u0160atn\u00ed sk\u0159\u00ed\u0148ky s Z-dv\u00ed\u0159ky\"><\/a><\/figure>\n<div class=\"caption caption__portfolio\">\n<h3><a href=\"https:\/\/alexnabytek.cz\/satninabytek\/kategorie\/satni-skrine\/satni-skrine-z-ltd\/satni-skrinky-s-z-dvirky\/\">\u0160atn\u00ed sk\u0159\u00ed\u0148ky s Z-dv\u00ed\u0159ky<\/a><\/h3>\n<\/div>\n<\/div>\n<\/li>\n<li class=\"portfolio_item isotope-item\">\n<div class=\"portfolio_item_holder\">\n<figure class=\"thumbnail thumbnail__portfolio\"><a href=\"https:\/\/alexnabytek.cz\/satninabytek\/kategorie\/satni-skrine\/satni-skrine-z-ltd\/satni-skrinky-s-lavickami\/\" class=\"image-wrap\"><img decoding=\"async\" src=\"https:\/\/alexnabytek.cz\/satninabytek\/wp-content\/uploads\/2025\/01\/sportpados.png\" alt=\"\u0160atn\u00ed sk\u0159\u00ed\u0148ky s lavi\u010dkami\"><\/a><\/figure>\n<div class=\"caption caption__portfolio\">\n<h3><a href=\"https:\/\/alexnabytek.cz\/satninabytek\/kategorie\/satni-skrine\/satni-skrine-z-ltd\/satni-skrinky-s-lavickami\/\">\u0160atn\u00ed sk\u0159\u00ed\u0148ky s lavi\u010dkami<\/a><\/h3>\n<\/div>\n<\/div>\n<\/li>\n<li class=\"portfolio_item isotope-item\">\n<div class=\"portfolio_item_holder\">\n<figure class=\"thumbnail thumbnail__portfolio\"><a href=\"https:\/\/alexnabytek.cz\/satninabytek\/kategorie\/satni-skrine\/satni-skrine-z-ltd\/satni-skrinky-s-prepazkou\/\" class=\"image-wrap\"><img decoding=\"async\" src=\"https:\/\/alexnabytek.cz\/satninabytek\/wp-content\/uploads\/2025\/01\/valaszfalas.png\" alt=\"\u0160atn\u00ed sk\u0159\u00ed\u0148ky s p\u0159ep\u00e1\u017ekou\"><\/a><\/figure>\n<div class=\"caption caption__portfolio\">\n<h3><a href=\"https:\/\/alexnabytek.cz\/satninabytek\/kategorie\/satni-skrine\/satni-skrine-z-ltd\/satni-skrinky-s-prepazkou\/\">\u0160atn\u00ed sk\u0159\u00ed\u0148ky s p\u0159ep\u00e1\u017ekou<\/a><\/h3>\n<\/div>\n<\/div>\n<\/li>\n<li class=\"portfolio_item isotope-item\">\n<div class=\"portfolio_item_holder\">\n<figure class=\"thumbnail thumbnail__portfolio\"><a href=\"https:\/\/alexnabytek.cz\/satninabytek\/kategorie\/satni-skrine\/satni-skrine-z-ltd\/sportovni-satni-skrinky\/\" class=\"image-wrap\"><img decoding=\"async\" src=\"https:\/\/alexnabytek.cz\/satninabytek\/wp-content\/uploads\/2025\/01\/sportnew.png\" alt=\"Sportovn\u00ed \u0161atn\u00ed sk\u0159\u00ed\u0148ky\"><\/a><\/figure>\n<div class=\"caption caption__portfolio\">\n<h3><a href=\"https:\/\/alexnabytek.cz\/satninabytek\/kategorie\/satni-skrine\/satni-skrine-z-ltd\/sportovni-satni-skrinky\/\">Sportovn\u00ed \u0161atn\u00ed sk\u0159\u00ed\u0148ky<\/a><\/h3>\n<\/div>\n<\/div>\n<\/li>\n<li class=\"portfolio_item isotope-item\">\n<div class=\"portfolio_item_holder\">\n<figure class=\"thumbnail thumbnail__portfolio\"><a href=\"https:\/\/alexnabytek.cz\/satninabytek\/kategorie\/satni-skrine\/satni-skrine-z-ltd\/satni-skrinky-s-botnikem\/\" class=\"image-wrap\"><img decoding=\"async\" src=\"https:\/\/alexnabytek.cz\/satninabytek\/wp-content\/uploads\/2025\/01\/cipotarolos.png\" alt=\"\u0160atn\u00ed sk\u0159\u00ed\u0148ky s botn\u00edkem\"><\/a><\/figure>\n<div class=\"caption caption__portfolio\">\n<h3><a href=\"https:\/\/alexnabytek.cz\/satninabytek\/kategorie\/satni-skrine\/satni-skrine-z-ltd\/satni-skrinky-s-botnikem\/\">\u0160atn\u00ed sk\u0159\u00ed\u0148ky s botn\u00edkem<\/a><\/h3>\n<\/div>\n<\/div>\n<\/li>\n<\/div>\n","protected":false},"excerpt":{"rendered":"<p>Kategorie Sk\u0159\u00ed\u0148ky s vysok\u00fdmi dv\u00ed\u0159ky D\u011blen\u00e9 \u0161atn\u00ed sk\u0159\u00ed\u0148ky \u0160atn\u00ed sk\u0159\u00ed\u0148ky s Z-dv\u00ed\u0159ky \u0160atn\u00ed sk\u0159\u00ed\u0148ky s lavi\u010dkami \u0160atn\u00ed sk\u0159\u00ed\u0148ky s p\u0159ep\u00e1\u017ekou Sportovn\u00ed \u0161atn\u00ed sk\u0159\u00ed\u0148ky \u0160atn\u00ed sk\u0159\u00ed\u0148ky s botn\u00edkem<\/p>\n","protected":false},"author":3,"featured_media":0,"parent":69,"menu_order":0,"comment_status":"closed","ping_status":"closed","template":"page-uj-alexsub.php","meta":{"footnotes":""},"class_list":["post-31338","page","type-page","status-publish","hentry"],"yoast_head":"<!-- This site is optimized with the Yoast SEO plugin v24.6 - https:\/\/yoast.com\/wordpress\/plugins\/seo\/ -->\n<title>\u0160atn\u00ed sk\u0159\u00edn\u011b z LTD - \u0160ATN\u00cd N\u00c1BYTEK<\/title>\n<meta name=\"robots\" content=\"index, follow, max-snippet:-1, max-image-preview:large, max-video-preview:-1\" \/>\n<link rel=\"canonical\" href=\"https:\/\/alexnabytek.cz\/satninabytek\/kategorie\/satni-skrine\/satni-skrine-z-ltd\/\" \/>\n<meta property=\"og:locale\" content=\"cs_CZ\" \/>\n<meta property=\"og:type\" content=\"article\" \/>\n<meta property=\"og:title\" content=\"\u0160atn\u00ed sk\u0159\u00edn\u011b z LTD - \u0160ATN\u00cd N\u00c1BYTEK\" \/>\n<meta property=\"og:description\" content=\"Kategorie Sk\u0159\u00ed\u0148ky s vysok\u00fdmi dv\u00ed\u0159ky D\u011blen\u00e9 \u0161atn\u00ed sk\u0159\u00ed\u0148ky \u0160atn\u00ed sk\u0159\u00ed\u0148ky s Z-dv\u00ed\u0159ky \u0160atn\u00ed sk\u0159\u00ed\u0148ky s lavi\u010dkami \u0160atn\u00ed sk\u0159\u00ed\u0148ky s p\u0159ep\u00e1\u017ekou Sportovn\u00ed \u0161atn\u00ed sk\u0159\u00ed\u0148ky \u0160atn\u00ed sk\u0159\u00ed\u0148ky s botn\u00edkem\" \/>\n<meta property=\"og:url\" content=\"https:\/\/alexnabytek.cz\/satninabytek\/kategorie\/satni-skrine\/satni-skrine-z-ltd\/\" \/>\n<meta property=\"og:site_name\" content=\"\u0160ATN\u00cd N\u00c1BYTEK\" \/>\n<meta property=\"article:modified_time\" content=\"2025-01-18T16:04:42+00:00\" \/>\n<meta property=\"og:image\" content=\"https:\/\/alexnabytek.cz\/satninabytek\/wp-content\/uploads\/2025\/01\/hosszuajtos.png\" \/>\n<meta name=\"twitter:card\" content=\"summary_large_image\" \/>\n<script type=\"application\/ld+json\" class=\"yoast-schema-graph\">{\"@context\":\"https:\/\/schema.org\",\"@graph\":[{\"@type\":\"WebPage\",\"@id\":\"https:\/\/alexnabytek.cz\/satninabytek\/kategorie\/satni-skrine\/satni-skrine-z-ltd\/\",\"url\":\"https:\/\/alexnabytek.cz\/satninabytek\/kategorie\/satni-skrine\/satni-skrine-z-ltd\/\",\"name\":\"\u0160atn\u00ed sk\u0159\u00edn\u011b z LTD - \u0160ATN\u00cd N\u00c1BYTEK\",\"isPartOf\":{\"@id\":\"https:\/\/alexnabytek.cz\/satninabytek\/#website\"},\"primaryImageOfPage\":{\"@id\":\"https:\/\/alexnabytek.cz\/satninabytek\/kategorie\/satni-skrine\/satni-skrine-z-ltd\/#primaryimage\"},\"image\":{\"@id\":\"https:\/\/alexnabytek.cz\/satninabytek\/kategorie\/satni-skrine\/satni-skrine-z-ltd\/#primaryimage\"},\"thumbnailUrl\":\"https:\/\/alexnabytek.cz\/satninabytek\/wp-content\/uploads\/2025\/01\/hosszuajtos.png\",\"datePublished\":\"2016-11-30T13:56:20+00:00\",\"dateModified\":\"2025-01-18T16:04:42+00:00\",\"breadcrumb\":{\"@id\":\"https:\/\/alexnabytek.cz\/satninabytek\/kategorie\/satni-skrine\/satni-skrine-z-ltd\/#breadcrumb\"},\"inLanguage\":\"en-US\",\"potentialAction\":[{\"@type\":\"ReadAction\",\"target\":[\"https:\/\/alexnabytek.cz\/satninabytek\/kategorie\/satni-skrine\/satni-skrine-z-ltd\/\"]}]},{\"@type\":\"ImageObject\",\"inLanguage\":\"en-US\",\"@id\":\"https:\/\/alexnabytek.cz\/satninabytek\/kategorie\/satni-skrine\/satni-skrine-z-ltd\/#primaryimage\",\"url\":\"https:\/\/alexnabytek.cz\/satninabytek\/wp-content\/uploads\/2025\/01\/hosszuajtos.png\",\"contentUrl\":\"https:\/\/alexnabytek.cz\/satninabytek\/wp-content\/uploads\/2025\/01\/hosszuajtos.png\",\"width\":1600,\"height\":1131},{\"@type\":\"BreadcrumbList\",\"@id\":\"https:\/\/alexnabytek.cz\/satninabytek\/kategorie\/satni-skrine\/satni-skrine-z-ltd\/#breadcrumb\",\"itemListElement\":[{\"@type\":\"ListItem\",\"position\":1,\"name\":\"Home\",\"item\":\"https:\/\/alexnabytek.cz\/satninabytek\/\"},{\"@type\":\"ListItem\",\"position\":2,\"name\":\"Produkty\",\"item\":\"https:\/\/alexnabytek.cz\/satninabytek\/kategorie\/\"},{\"@type\":\"ListItem\",\"position\":3,\"name\":\"\u0160atn\u00ed sk\u0159\u00edn\u011b\",\"item\":\"https:\/\/alexnabytek.cz\/satninabytek\/kategorie\/satni-skrine\/\"},{\"@type\":\"ListItem\",\"position\":4,\"name\":\"\u0160atn\u00ed sk\u0159\u00edn\u011b z LTD\"}]},{\"@type\":\"WebSite\",\"@id\":\"https:\/\/alexnabytek.cz\/satninabytek\/#website\",\"url\":\"https:\/\/alexnabytek.cz\/satninabytek\/\",\"name\":\"\u0160ATN\u00cd N\u00c1BYTEK\",\"description\":\"Alex kovov\u00fd a \u0161koln\u00ed n\u00e1bytek s.r.o.\",\"potentialAction\":[{\"@type\":\"SearchAction\",\"target\":{\"@type\":\"EntryPoint\",\"urlTemplate\":\"https:\/\/alexnabytek.cz\/satninabytek\/?s={search_term_string}\"},\"query-input\":{\"@type\":\"PropertyValueSpecification\",\"valueRequired\":true,\"valueName\":\"search_term_string\"}}],\"inLanguage\":\"en-US\"}]}<\/script>\n<!-- \/ Yoast SEO plugin. -->","yoast_head_json":{"title":"\u0160atn\u00ed sk\u0159\u00edn\u011b z LTD - \u0160ATN\u00cd N\u00c1BYTEK","robots":{"index":"index","follow":"follow","max-snippet":"max-snippet:-1","max-image-preview":"max-image-preview:large","max-video-preview":"max-video-preview:-1"},"canonical":"https:\/\/alexnabytek.cz\/satninabytek\/kategorie\/satni-skrine\/satni-skrine-z-ltd\/","og_locale":"cs_CZ","og_type":"article","og_title":"\u0160atn\u00ed sk\u0159\u00edn\u011b z LTD - \u0160ATN\u00cd N\u00c1BYTEK","og_description":"Kategorie Sk\u0159\u00ed\u0148ky s vysok\u00fdmi dv\u00ed\u0159ky D\u011blen\u00e9 \u0161atn\u00ed sk\u0159\u00ed\u0148ky \u0160atn\u00ed sk\u0159\u00ed\u0148ky s Z-dv\u00ed\u0159ky \u0160atn\u00ed sk\u0159\u00ed\u0148ky s lavi\u010dkami \u0160atn\u00ed sk\u0159\u00ed\u0148ky s p\u0159ep\u00e1\u017ekou Sportovn\u00ed \u0161atn\u00ed sk\u0159\u00ed\u0148ky \u0160atn\u00ed sk\u0159\u00ed\u0148ky s botn\u00edkem","og_url":"https:\/\/alexnabytek.cz\/satninabytek\/kategorie\/satni-skrine\/satni-skrine-z-ltd\/","og_site_name":"\u0160ATN\u00cd N\u00c1BYTEK","article_modified_time":"2025-01-18T16:04:42+00:00","og_image":[{"url":"https:\/\/alexnabytek.cz\/satninabytek\/wp-content\/uploads\/2025\/01\/hosszuajtos.png","type":"","width":"","height":""}],"twitter_card":"summary_large_image","schema":{"@context":"https:\/\/schema.org","@graph":[{"@type":"WebPage","@id":"https:\/\/alexnabytek.cz\/satninabytek\/kategorie\/satni-skrine\/satni-skrine-z-ltd\/","url":"https:\/\/alexnabytek.cz\/satninabytek\/kategorie\/satni-skrine\/satni-skrine-z-ltd\/","name":"\u0160atn\u00ed sk\u0159\u00edn\u011b z LTD - \u0160ATN\u00cd N\u00c1BYTEK","isPartOf":{"@id":"https:\/\/alexnabytek.cz\/satninabytek\/#website"},"primaryImageOfPage":{"@id":"https:\/\/alexnabytek.cz\/satninabytek\/kategorie\/satni-skrine\/satni-skrine-z-ltd\/#primaryimage"},"image":{"@id":"https:\/\/alexnabytek.cz\/satninabytek\/kategorie\/satni-skrine\/satni-skrine-z-ltd\/#primaryimage"},"thumbnailUrl":"https:\/\/alexnabytek.cz\/satninabytek\/wp-content\/uploads\/2025\/01\/hosszuajtos.png","datePublished":"2016-11-30T13:56:20+00:00","dateModified":"2025-01-18T16:04:42+00:00","breadcrumb":{"@id":"https:\/\/alexnabytek.cz\/satninabytek\/kategorie\/satni-skrine\/satni-skrine-z-ltd\/#breadcrumb"},"inLanguage":"en-US","potentialAction":[{"@type":"ReadAction","target":["https:\/\/alexnabytek.cz\/satninabytek\/kategorie\/satni-skrine\/satni-skrine-z-ltd\/"]}]},{"@type":"ImageObject","inLanguage":"en-US","@id":"https:\/\/alexnabytek.cz\/satninabytek\/kategorie\/satni-skrine\/satni-skrine-z-ltd\/#primaryimage","url":"https:\/\/alexnabytek.cz\/satninabytek\/wp-content\/uploads\/2025\/01\/hosszuajtos.png","contentUrl":"https:\/\/alexnabytek.cz\/satninabytek\/wp-content\/uploads\/2025\/01\/hosszuajtos.png","width":1600,"height":1131},{"@type":"BreadcrumbList","@id":"https:\/\/alexnabytek.cz\/satninabytek\/kategorie\/satni-skrine\/satni-skrine-z-ltd\/#breadcrumb","itemListElement":[{"@type":"ListItem","position":1,"name":"Home","item":"https:\/\/alexnabytek.cz\/satninabytek\/"},{"@type":"ListItem","position":2,"name":"Produkty","item":"https:\/\/alexnabytek.cz\/satninabytek\/kategorie\/"},{"@type":"ListItem","position":3,"name":"\u0160atn\u00ed sk\u0159\u00edn\u011b","item":"https:\/\/alexnabytek.cz\/satninabytek\/kategorie\/satni-skrine\/"},{"@type":"ListItem","position":4,"name":"\u0160atn\u00ed sk\u0159\u00edn\u011b z LTD"}]},{"@type":"WebSite","@id":"https:\/\/alexnabytek.cz\/satninabytek\/#website","url":"https:\/\/alexnabytek.cz\/satninabytek\/","name":"\u0160ATN\u00cd N\u00c1BYTEK","description":"Alex kovov\u00fd a \u0161koln\u00ed n\u00e1bytek s.r.o.","potentialAction":[{"@type":"SearchAction","target":{"@type":"EntryPoint","urlTemplate":"https:\/\/alexnabytek.cz\/satninabytek\/?s={search_term_string}"},"query-input":{"@type":"PropertyValueSpecification","valueRequired":true,"valueName":"search_term_string"}}],"inLanguage":"en-US"}]}},"_links":{"self":[{"href":"https:\/\/alexnabytek.cz\/satninabytek\/wp-json\/wp\/v2\/pages\/31338","targetHints":{"allow":["GET"]}}],"collection":[{"href":"https:\/\/alexnabytek.cz\/satninabytek\/wp-json\/wp\/v2\/pages"}],"about":[{"href":"https:\/\/alexnabytek.cz\/satninabytek\/wp-json\/wp\/v2\/types\/page"}],"author":[{"embeddable":true,"href":"https:\/\/alexnabytek.cz\/satninabytek\/wp-json\/wp\/v2\/users\/3"}],"replies":[{"embeddable":true,"href":"https:\/\/alexnabytek.cz\/satninabytek\/wp-json\/wp\/v2\/comments?post=31338"}],"version-history":[{"count":5,"href":"https:\/\/alexnabytek.cz\/satninabytek\/wp-json\/wp\/v2\/pages\/31338\/revisions"}],"predecessor-version":[{"id":62936,"href":"https:\/\/alexnabytek.cz\/satninabytek\/wp-json\/wp\/v2\/pages\/31338\/revisions\/62936"}],"up":[{"embeddable":true,"href":"https:\/\/alexnabytek.cz\/satninabytek\/wp-json\/wp\/v2\/pages\/69"}],"wp:attachment":[{"href":"https:\/\/alexnabytek.cz\/satninabytek\/wp-json\/wp\/v2\/media?parent=31338"}],"curies":[{"name":"wp","href":"https:\/\/api.w.org\/{rel}","templated":true}]}}