{"id":31354,"date":"2016-11-30T13:59:34","date_gmt":"2016-11-30T13:59:34","guid":{"rendered":"http:\/\/oltozobutor.hu\/?page_id=31354"},"modified":"2017-04-24T17:05:19","modified_gmt":"2017-04-24T17:05:19","slug":"delene-satni-skrinky","status":"publish","type":"page","link":"https:\/\/alexnabytek.cz\/satninabytek\/kategorie\/satni-skrine\/kovove-satni-skrine\/delene-satni-skrinky\/","title":{"rendered":"D\u011blen\u00e9 \u0161atn\u00ed sk\u0159\u00ed\u0148ky"},"content":{"rendered":"","protected":false},"excerpt":{"rendered":"","protected":false},"author":3,"featured_media":0,"parent":31350,"menu_order":0,"comment_status":"closed","ping_status":"closed","template":"page-Portfolio4Cols-filterable.php","meta":{"footnotes":""},"class_list":["post-31354","page","type-page","status-publish","hentry"],"yoast_head":"<!-- This site is optimized with the Yoast SEO plugin v24.6 - https:\/\/yoast.com\/wordpress\/plugins\/seo\/ -->\n<title>D\u011blen\u00e9 \u0161atn\u00ed sk\u0159\u00ed\u0148ky - \u0160ATN\u00cd N\u00c1BYTEK<\/title>\n<meta name=\"robots\" content=\"index, follow, max-snippet:-1, max-image-preview:large, max-video-preview:-1\" \/>\n<link rel=\"canonical\" href=\"https:\/\/alexnabytek.cz\/satninabytek\/kategorie\/satni-skrine\/kovove-satni-skrine\/delene-satni-skrinky\/\" \/>\n<meta property=\"og:locale\" content=\"cs_CZ\" \/>\n<meta property=\"og:type\" content=\"article\" \/>\n<meta property=\"og:title\" content=\"D\u011blen\u00e9 \u0161atn\u00ed sk\u0159\u00ed\u0148ky - \u0160ATN\u00cd N\u00c1BYTEK\" \/>\n<meta property=\"og:url\" content=\"https:\/\/alexnabytek.cz\/satninabytek\/kategorie\/satni-skrine\/kovove-satni-skrine\/delene-satni-skrinky\/\" \/>\n<meta property=\"og:site_name\" content=\"\u0160ATN\u00cd N\u00c1BYTEK\" \/>\n<meta property=\"article:modified_time\" content=\"2017-04-24T17:05:19+00:00\" \/>\n<meta name=\"twitter:card\" content=\"summary_large_image\" \/>\n<script type=\"application\/ld+json\" class=\"yoast-schema-graph\">{\"@context\":\"https:\/\/schema.org\",\"@graph\":[{\"@type\":\"WebPage\",\"@id\":\"https:\/\/alexnabytek.cz\/satninabytek\/kategorie\/satni-skrine\/kovove-satni-skrine\/delene-satni-skrinky\/\",\"url\":\"https:\/\/alexnabytek.cz\/satninabytek\/kategorie\/satni-skrine\/kovove-satni-skrine\/delene-satni-skrinky\/\",\"name\":\"D\u011blen\u00e9 \u0161atn\u00ed sk\u0159\u00ed\u0148ky - \u0160ATN\u00cd N\u00c1BYTEK\",\"isPartOf\":{\"@id\":\"https:\/\/alexnabytek.cz\/satninabytek\/#website\"},\"datePublished\":\"2016-11-30T13:59:34+00:00\",\"dateModified\":\"2017-04-24T17:05:19+00:00\",\"breadcrumb\":{\"@id\":\"https:\/\/alexnabytek.cz\/satninabytek\/kategorie\/satni-skrine\/kovove-satni-skrine\/delene-satni-skrinky\/#breadcrumb\"},\"inLanguage\":\"en-US\",\"potentialAction\":[{\"@type\":\"ReadAction\",\"target\":[\"https:\/\/alexnabytek.cz\/satninabytek\/kategorie\/satni-skrine\/kovove-satni-skrine\/delene-satni-skrinky\/\"]}]},{\"@type\":\"BreadcrumbList\",\"@id\":\"https:\/\/alexnabytek.cz\/satninabytek\/kategorie\/satni-skrine\/kovove-satni-skrine\/delene-satni-skrinky\/#breadcrumb\",\"itemListElement\":[{\"@type\":\"ListItem\",\"position\":1,\"name\":\"Home\",\"item\":\"https:\/\/alexnabytek.cz\/satninabytek\/\"},{\"@type\":\"ListItem\",\"position\":2,\"name\":\"Produkty\",\"item\":\"https:\/\/alexnabytek.cz\/satninabytek\/kategorie\/\"},{\"@type\":\"ListItem\",\"position\":3,\"name\":\"\u0160atn\u00ed sk\u0159\u00edn\u011b\",\"item\":\"https:\/\/alexnabytek.cz\/satninabytek\/kategorie\/satni-skrine\/\"},{\"@type\":\"ListItem\",\"position\":4,\"name\":\"Kovov\u00e9 \u0161atn\u00ed sk\u0159\u00edn\u011b\",\"item\":\"https:\/\/alexnabytek.cz\/satninabytek\/kategorie\/satni-skrine\/kovove-satni-skrine\/\"},{\"@type\":\"ListItem\",\"position\":5,\"name\":\"D\u011blen\u00e9 \u0161atn\u00ed sk\u0159\u00ed\u0148ky\"}]},{\"@type\":\"WebSite\",\"@id\":\"https:\/\/alexnabytek.cz\/satninabytek\/#website\",\"url\":\"https:\/\/alexnabytek.cz\/satninabytek\/\",\"name\":\"\u0160ATN\u00cd N\u00c1BYTEK\",\"description\":\"Alex kovov\u00fd a \u0161koln\u00ed n\u00e1bytek s.r.o.\",\"potentialAction\":[{\"@type\":\"SearchAction\",\"target\":{\"@type\":\"EntryPoint\",\"urlTemplate\":\"https:\/\/alexnabytek.cz\/satninabytek\/?s={search_term_string}\"},\"query-input\":{\"@type\":\"PropertyValueSpecification\",\"valueRequired\":true,\"valueName\":\"search_term_string\"}}],\"inLanguage\":\"en-US\"}]}<\/script>\n<!-- \/ Yoast SEO plugin. -->","yoast_head_json":{"title":"D\u011blen\u00e9 \u0161atn\u00ed sk\u0159\u00ed\u0148ky - \u0160ATN\u00cd N\u00c1BYTEK","robots":{"index":"index","follow":"follow","max-snippet":"max-snippet:-1","max-image-preview":"max-image-preview:large","max-video-preview":"max-video-preview:-1"},"canonical":"https:\/\/alexnabytek.cz\/satninabytek\/kategorie\/satni-skrine\/kovove-satni-skrine\/delene-satni-skrinky\/","og_locale":"cs_CZ","og_type":"article","og_title":"D\u011blen\u00e9 \u0161atn\u00ed sk\u0159\u00ed\u0148ky - \u0160ATN\u00cd N\u00c1BYTEK","og_url":"https:\/\/alexnabytek.cz\/satninabytek\/kategorie\/satni-skrine\/kovove-satni-skrine\/delene-satni-skrinky\/","og_site_name":"\u0160ATN\u00cd N\u00c1BYTEK","article_modified_time":"2017-04-24T17:05:19+00:00","twitter_card":"summary_large_image","schema":{"@context":"https:\/\/schema.org","@graph":[{"@type":"WebPage","@id":"https:\/\/alexnabytek.cz\/satninabytek\/kategorie\/satni-skrine\/kovove-satni-skrine\/delene-satni-skrinky\/","url":"https:\/\/alexnabytek.cz\/satninabytek\/kategorie\/satni-skrine\/kovove-satni-skrine\/delene-satni-skrinky\/","name":"D\u011blen\u00e9 \u0161atn\u00ed sk\u0159\u00ed\u0148ky - \u0160ATN\u00cd N\u00c1BYTEK","isPartOf":{"@id":"https:\/\/alexnabytek.cz\/satninabytek\/#website"},"datePublished":"2016-11-30T13:59:34+00:00","dateModified":"2017-04-24T17:05:19+00:00","breadcrumb":{"@id":"https:\/\/alexnabytek.cz\/satninabytek\/kategorie\/satni-skrine\/kovove-satni-skrine\/delene-satni-skrinky\/#breadcrumb"},"inLanguage":"en-US","potentialAction":[{"@type":"ReadAction","target":["https:\/\/alexnabytek.cz\/satninabytek\/kategorie\/satni-skrine\/kovove-satni-skrine\/delene-satni-skrinky\/"]}]},{"@type":"BreadcrumbList","@id":"https:\/\/alexnabytek.cz\/satninabytek\/kategorie\/satni-skrine\/kovove-satni-skrine\/delene-satni-skrinky\/#breadcrumb","itemListElement":[{"@type":"ListItem","position":1,"name":"Home","item":"https:\/\/alexnabytek.cz\/satninabytek\/"},{"@type":"ListItem","position":2,"name":"Produkty","item":"https:\/\/alexnabytek.cz\/satninabytek\/kategorie\/"},{"@type":"ListItem","position":3,"name":"\u0160atn\u00ed sk\u0159\u00edn\u011b","item":"https:\/\/alexnabytek.cz\/satninabytek\/kategorie\/satni-skrine\/"},{"@type":"ListItem","position":4,"name":"Kovov\u00e9 \u0161atn\u00ed sk\u0159\u00edn\u011b","item":"https:\/\/alexnabytek.cz\/satninabytek\/kategorie\/satni-skrine\/kovove-satni-skrine\/"},{"@type":"ListItem","position":5,"name":"D\u011blen\u00e9 \u0161atn\u00ed sk\u0159\u00ed\u0148ky"}]},{"@type":"WebSite","@id":"https:\/\/alexnabytek.cz\/satninabytek\/#website","url":"https:\/\/alexnabytek.cz\/satninabytek\/","name":"\u0160ATN\u00cd N\u00c1BYTEK","description":"Alex kovov\u00fd a \u0161koln\u00ed n\u00e1bytek s.r.o.","potentialAction":[{"@type":"SearchAction","target":{"@type":"EntryPoint","urlTemplate":"https:\/\/alexnabytek.cz\/satninabytek\/?s={search_term_string}"},"query-input":{"@type":"PropertyValueSpecification","valueRequired":true,"valueName":"search_term_string"}}],"inLanguage":"en-US"}]}},"_links":{"self":[{"href":"https:\/\/alexnabytek.cz\/satninabytek\/wp-json\/wp\/v2\/pages\/31354","targetHints":{"allow":["GET"]}}],"collection":[{"href":"https:\/\/alexnabytek.cz\/satninabytek\/wp-json\/wp\/v2\/pages"}],"about":[{"href":"https:\/\/alexnabytek.cz\/satninabytek\/wp-json\/wp\/v2\/types\/page"}],"author":[{"embeddable":true,"href":"https:\/\/alexnabytek.cz\/satninabytek\/wp-json\/wp\/v2\/users\/3"}],"replies":[{"embeddable":true,"href":"https:\/\/alexnabytek.cz\/satninabytek\/wp-json\/wp\/v2\/comments?post=31354"}],"version-history":[{"count":0,"href":"https:\/\/alexnabytek.cz\/satninabytek\/wp-json\/wp\/v2\/pages\/31354\/revisions"}],"up":[{"embeddable":true,"href":"https:\/\/alexnabytek.cz\/satninabytek\/wp-json\/wp\/v2\/pages\/31350"}],"wp:attachment":[{"href":"https:\/\/alexnabytek.cz\/satninabytek\/wp-json\/wp\/v2\/media?parent=31354"}],"curies":[{"name":"wp","href":"https:\/\/api.w.org\/{rel}","templated":true}]}}