{"id":31372,"date":"2016-11-30T14:02:58","date_gmt":"2016-11-30T14:02:58","guid":{"rendered":"http:\/\/oltozobutor.hu\/?page_id=31372"},"modified":"2025-01-18T16:31:29","modified_gmt":"2025-01-18T16:31:29","slug":"satni-lavicky","status":"publish","type":"page","link":"https:\/\/alexnabytek.cz\/satninabytek\/kategorie\/satni-lavicky\/","title":{"rendered":"\u0160atn\u00ed lavi\u010dky"},"content":{"rendered":"<div class=\"butorlaposkat\">\n<div class=\"vonalasc\u00edmh\">\n<h3 class=\"vonalasc\u00edm\"><span>Kategorie<\/span><\/h3>\n<\/div>\n<li class=\"portfolio_item isotope-item\">\n<div class=\"portfolio_item_holder\">\n<figure class=\"thumbnail thumbnail__portfolio\"><a href=\"https:\/\/alexnabytek.cz\/satninabytek\/kategorie\/satni-lavicky\/satni-lavicky-fitt\/\" class=\"image-wrap\"><img decoding=\"async\" src=\"https:\/\/alexnabytek.cz\/satninabytek\/wp-content\/uploads\/2025\/01\/fitt_fa_oltozopad.jpg\" alt=\"\u0160atn\u00ed lavi\u010dky FITT\"><\/a><\/figure>\n<div class=\"caption caption__portfolio\">\n<h3><a href=\"https:\/\/alexnabytek.cz\/satninabytek\/kategorie\/satni-lavicky\/satni-lavicky-fitt\/\">\u0160atn\u00ed lavi\u010dky FITT<\/a><\/h3>\n<\/div>\n<\/div>\n<\/li>\n\r\n\t<li class=\"portfolio_item isotope-item\"><div class=\"portfolio_item_holder\"><figure class=\"thumbnail thumbnail__portfolio\"><a href=\"https:\/\/alexnabytek.cz\/satninabytek\/kategorie\/satni-lavicky\/satni-lavicky-kraft\/\" class=\"image-wrap\"><img decoding=\"async\" src=\"https:\/\/alexnabytek.cz\/satninabytek\/wp-content\/uploads\/2025\/01\/kraft.jpg\" alt=\"\u0160atn\u00ed lavi\u010dky KRAFT\"><\/a><\/figure><div class=\"caption caption__portfolio\"><h3><a href=\"https:\/\/alexnabytek.cz\/satninabytek\/kategorie\/satni-lavicky\/satni-lavicky-kraft\/\">\u0160atn\u00ed lavi\u010dky KRAFT (4)<\/a><\/h3><\/div><\/div><\/li>\n\r\n\t<li class=\"portfolio_item isotope-item\"><div class=\"portfolio_item_holder\"><figure class=\"thumbnail thumbnail__portfolio\"><a href=\"https:\/\/alexnabytek.cz\/satninabytek\/kategorie\/spolecenske-prostory\/lounge-nabytek\/domino\/\" class=\"image-wrap\"><img decoding=\"async\" src=\"https:\/\/alexnabytek.cz\/satninabytek\/wp-content\/uploads\/2025\/01\/domino.jpg\" alt=\"Domino\"><\/a><\/figure><div class=\"caption caption__portfolio\"><h3><a href=\"https:\/\/alexnabytek.cz\/satninabytek\/kategorie\/spolecenske-prostory\/lounge-nabytek\/domino\/\">Domino (14)<\/a><\/h3><\/div><\/div><\/li>\n\r\n\t<li class=\"portfolio_item isotope-item\"><div class=\"portfolio_item_holder\"><figure class=\"thumbnail thumbnail__portfolio\"><a href=\"https:\/\/alexnabytek.cz\/hotel-gastronabytek\/kategorie\/nabytek-do-restauraci\/lounge-nabytek\/vital\/\" class=\"image-wrap\" target=\"_blank\"><img decoding=\"async\" src=\"https:\/\/alexnabytek.cz\/satninabytek\/wp-content\/uploads\/2025\/01\/vital.jpg\" alt=\"\u0160atn\u00ed lavi\u010dky Vital\"><\/a><\/figure><div class=\"caption caption__portfolio\"><h3><a href=\"https:\/\/alexnabytek.cz\/hotel-gastronabytek\/kategorie\/nabytek-do-restauraci\/lounge-nabytek\/vital\/\" target=\"_blank\">\u0160atn\u00ed lavi\u010dky Vital<\/a><\/h3><\/div><\/div><\/li>\n\r\n\t<li class=\"portfolio_item isotope-item\"><div class=\"portfolio_item_holder\"><figure class=\"thumbnail thumbnail__portfolio\"><a href=\"https:\/\/alexnabytek.cz\/satninabytek\/kategorie\/spolecenske-prostory\/lounge-nabytek\/relaxacni-prvky\/\" class=\"image-wrap\"><img decoding=\"async\" src=\"https:\/\/alexnabytek.cz\/satninabytek\/wp-content\/uploads\/2025\/01\/pihenoelemek.jpg\" alt=\"Relaxa\u010dn\u00ed prvky\"><\/a><\/figure><div class=\"caption caption__portfolio\"><h3><a href=\"https:\/\/alexnabytek.cz\/satninabytek\/kategorie\/spolecenske-prostory\/lounge-nabytek\/relaxacni-prvky\/\">Relaxa\u010dn\u00ed prvky (16)<\/a><\/h3><\/div><\/div><\/li>\n\r\n\t<li class=\"portfolio_item isotope-item\"><div class=\"portfolio_item_holder\"><figure class=\"thumbnail thumbnail__portfolio\"><a href=\"https:\/\/alexnabytek.cz\/satninabytek\/kategorie\/spolecenske-prostory\/lounge-nabytek\/ps-boxy\/\" class=\"image-wrap\"><img decoding=\"async\" src=\"https:\/\/alexnabytek.cz\/satninabytek\/wp-content\/uploads\/2025\/01\/ps_boksz.jpg\" alt=\"PS-BOXY\"><\/a><\/figure><div class=\"caption caption__portfolio\"><h3><a href=\"https:\/\/alexnabytek.cz\/satninabytek\/kategorie\/spolecenske-prostory\/lounge-nabytek\/ps-boxy\/\">PS-BOXY (10)<\/a><\/h3><\/div><\/div><\/li>\n\r\n\t<li class=\"portfolio_item isotope-item\"><div class=\"portfolio_item_holder\"><figure class=\"thumbnail thumbnail__portfolio\"><a href=\"https:\/\/alexnabytek.cz\/satninabytek\/kategorie\/spolecenske-prostory\/lounge-nabytek\/klass\/\" class=\"image-wrap\"><img decoding=\"async\" src=\"https:\/\/alexnabytek.cz\/satninabytek\/wp-content\/uploads\/2025\/01\/klass.jpg\" alt=\"Klass\"><\/a><\/figure><div class=\"caption caption__portfolio\"><h3><a href=\"https:\/\/alexnabytek.cz\/satninabytek\/kategorie\/spolecenske-prostory\/lounge-nabytek\/klass\/\">Klass (9)<\/a><\/h3><\/div><\/div><\/li>\n\r\n\t<li class=\"portfolio_item isotope-item\"><div class=\"portfolio_item_holder\"><figure class=\"thumbnail thumbnail__portfolio\"><a href=\"https:\/\/alexnabytek.cz\/satninabytek\/kategorie\/spolecenske-prostory\/lounge-nabytek\/atlanta\/\" class=\"image-wrap\"><img decoding=\"async\" src=\"https:\/\/alexnabytek.cz\/satninabytek\/wp-content\/uploads\/2025\/01\/atlanta.jpg\" alt=\"Atlanta\"><\/a><\/figure><div class=\"caption caption__portfolio\"><h3><a href=\"https:\/\/alexnabytek.cz\/satninabytek\/kategorie\/spolecenske-prostory\/lounge-nabytek\/atlanta\/\">Atlanta (12)<\/a><\/h3><\/div><\/div><\/li>\n<\/div>\n","protected":false},"excerpt":{"rendered":"<p>Kategorie \u0160atn\u00ed lavi\u010dky FITT<\/p>\n","protected":false},"author":3,"featured_media":0,"parent":11,"menu_order":0,"comment_status":"closed","ping_status":"closed","template":"page-uj-alexsub.php","meta":{"footnotes":""},"class_list":["post-31372","page","type-page","status-publish","hentry"],"yoast_head":"<!-- This site is optimized with the Yoast SEO plugin v24.6 - https:\/\/yoast.com\/wordpress\/plugins\/seo\/ -->\n<title>\u0160atn\u00ed lavi\u010dky - \u0160ATN\u00cd N\u00c1BYTEK<\/title>\n<meta name=\"robots\" content=\"index, follow, max-snippet:-1, max-image-preview:large, max-video-preview:-1\" \/>\n<link rel=\"canonical\" href=\"https:\/\/alexnabytek.cz\/satninabytek\/kategorie\/satni-lavicky\/\" \/>\n<meta property=\"og:locale\" content=\"cs_CZ\" \/>\n<meta property=\"og:type\" content=\"article\" \/>\n<meta property=\"og:title\" content=\"\u0160atn\u00ed lavi\u010dky - \u0160ATN\u00cd N\u00c1BYTEK\" \/>\n<meta property=\"og:description\" content=\"Kategorie \u0160atn\u00ed lavi\u010dky FITT\" \/>\n<meta property=\"og:url\" content=\"https:\/\/alexnabytek.cz\/satninabytek\/kategorie\/satni-lavicky\/\" \/>\n<meta property=\"og:site_name\" content=\"\u0160ATN\u00cd N\u00c1BYTEK\" \/>\n<meta property=\"article:modified_time\" content=\"2025-01-18T16:31:29+00:00\" \/>\n<meta property=\"og:image\" content=\"https:\/\/alexnabytek.cz\/satninabytek\/wp-content\/uploads\/2025\/01\/fitt_fa_oltozopad.jpg\" \/>\n<meta name=\"twitter:card\" content=\"summary_large_image\" \/>\n<meta name=\"twitter:label1\" content=\"Est. reading time\" \/>\n\t<meta name=\"twitter:data1\" content=\"1 minute\" \/>\n<script type=\"application\/ld+json\" class=\"yoast-schema-graph\">{\"@context\":\"https:\/\/schema.org\",\"@graph\":[{\"@type\":\"WebPage\",\"@id\":\"https:\/\/alexnabytek.cz\/satninabytek\/kategorie\/satni-lavicky\/\",\"url\":\"https:\/\/alexnabytek.cz\/satninabytek\/kategorie\/satni-lavicky\/\",\"name\":\"\u0160atn\u00ed lavi\u010dky - \u0160ATN\u00cd N\u00c1BYTEK\",\"isPartOf\":{\"@id\":\"https:\/\/alexnabytek.cz\/satninabytek\/#website\"},\"primaryImageOfPage\":{\"@id\":\"https:\/\/alexnabytek.cz\/satninabytek\/kategorie\/satni-lavicky\/#primaryimage\"},\"image\":{\"@id\":\"https:\/\/alexnabytek.cz\/satninabytek\/kategorie\/satni-lavicky\/#primaryimage\"},\"thumbnailUrl\":\"https:\/\/alexnabytek.cz\/satninabytek\/wp-content\/uploads\/2025\/01\/fitt_fa_oltozopad.jpg\",\"datePublished\":\"2016-11-30T14:02:58+00:00\",\"dateModified\":\"2025-01-18T16:31:29+00:00\",\"breadcrumb\":{\"@id\":\"https:\/\/alexnabytek.cz\/satninabytek\/kategorie\/satni-lavicky\/#breadcrumb\"},\"inLanguage\":\"en-US\",\"potentialAction\":[{\"@type\":\"ReadAction\",\"target\":[\"https:\/\/alexnabytek.cz\/satninabytek\/kategorie\/satni-lavicky\/\"]}]},{\"@type\":\"ImageObject\",\"inLanguage\":\"en-US\",\"@id\":\"https:\/\/alexnabytek.cz\/satninabytek\/kategorie\/satni-lavicky\/#primaryimage\",\"url\":\"https:\/\/alexnabytek.cz\/satninabytek\/wp-content\/uploads\/2025\/01\/fitt_fa_oltozopad.jpg\",\"contentUrl\":\"https:\/\/alexnabytek.cz\/satninabytek\/wp-content\/uploads\/2025\/01\/fitt_fa_oltozopad.jpg\",\"width\":800,\"height\":560},{\"@type\":\"BreadcrumbList\",\"@id\":\"https:\/\/alexnabytek.cz\/satninabytek\/kategorie\/satni-lavicky\/#breadcrumb\",\"itemListElement\":[{\"@type\":\"ListItem\",\"position\":1,\"name\":\"Home\",\"item\":\"https:\/\/alexnabytek.cz\/satninabytek\/\"},{\"@type\":\"ListItem\",\"position\":2,\"name\":\"Produkty\",\"item\":\"https:\/\/alexnabytek.cz\/satninabytek\/kategorie\/\"},{\"@type\":\"ListItem\",\"position\":3,\"name\":\"\u0160atn\u00ed lavi\u010dky\"}]},{\"@type\":\"WebSite\",\"@id\":\"https:\/\/alexnabytek.cz\/satninabytek\/#website\",\"url\":\"https:\/\/alexnabytek.cz\/satninabytek\/\",\"name\":\"\u0160ATN\u00cd N\u00c1BYTEK\",\"description\":\"Alex kovov\u00fd a \u0161koln\u00ed n\u00e1bytek s.r.o.\",\"potentialAction\":[{\"@type\":\"SearchAction\",\"target\":{\"@type\":\"EntryPoint\",\"urlTemplate\":\"https:\/\/alexnabytek.cz\/satninabytek\/?s={search_term_string}\"},\"query-input\":{\"@type\":\"PropertyValueSpecification\",\"valueRequired\":true,\"valueName\":\"search_term_string\"}}],\"inLanguage\":\"en-US\"}]}<\/script>\n<!-- \/ Yoast SEO plugin. -->","yoast_head_json":{"title":"\u0160atn\u00ed lavi\u010dky - \u0160ATN\u00cd N\u00c1BYTEK","robots":{"index":"index","follow":"follow","max-snippet":"max-snippet:-1","max-image-preview":"max-image-preview:large","max-video-preview":"max-video-preview:-1"},"canonical":"https:\/\/alexnabytek.cz\/satninabytek\/kategorie\/satni-lavicky\/","og_locale":"cs_CZ","og_type":"article","og_title":"\u0160atn\u00ed lavi\u010dky - \u0160ATN\u00cd N\u00c1BYTEK","og_description":"Kategorie \u0160atn\u00ed lavi\u010dky FITT","og_url":"https:\/\/alexnabytek.cz\/satninabytek\/kategorie\/satni-lavicky\/","og_site_name":"\u0160ATN\u00cd N\u00c1BYTEK","article_modified_time":"2025-01-18T16:31:29+00:00","og_image":[{"url":"https:\/\/alexnabytek.cz\/satninabytek\/wp-content\/uploads\/2025\/01\/fitt_fa_oltozopad.jpg","type":"","width":"","height":""}],"twitter_card":"summary_large_image","twitter_misc":{"Est. reading time":"1 minute"},"schema":{"@context":"https:\/\/schema.org","@graph":[{"@type":"WebPage","@id":"https:\/\/alexnabytek.cz\/satninabytek\/kategorie\/satni-lavicky\/","url":"https:\/\/alexnabytek.cz\/satninabytek\/kategorie\/satni-lavicky\/","name":"\u0160atn\u00ed lavi\u010dky - \u0160ATN\u00cd N\u00c1BYTEK","isPartOf":{"@id":"https:\/\/alexnabytek.cz\/satninabytek\/#website"},"primaryImageOfPage":{"@id":"https:\/\/alexnabytek.cz\/satninabytek\/kategorie\/satni-lavicky\/#primaryimage"},"image":{"@id":"https:\/\/alexnabytek.cz\/satninabytek\/kategorie\/satni-lavicky\/#primaryimage"},"thumbnailUrl":"https:\/\/alexnabytek.cz\/satninabytek\/wp-content\/uploads\/2025\/01\/fitt_fa_oltozopad.jpg","datePublished":"2016-11-30T14:02:58+00:00","dateModified":"2025-01-18T16:31:29+00:00","breadcrumb":{"@id":"https:\/\/alexnabytek.cz\/satninabytek\/kategorie\/satni-lavicky\/#breadcrumb"},"inLanguage":"en-US","potentialAction":[{"@type":"ReadAction","target":["https:\/\/alexnabytek.cz\/satninabytek\/kategorie\/satni-lavicky\/"]}]},{"@type":"ImageObject","inLanguage":"en-US","@id":"https:\/\/alexnabytek.cz\/satninabytek\/kategorie\/satni-lavicky\/#primaryimage","url":"https:\/\/alexnabytek.cz\/satninabytek\/wp-content\/uploads\/2025\/01\/fitt_fa_oltozopad.jpg","contentUrl":"https:\/\/alexnabytek.cz\/satninabytek\/wp-content\/uploads\/2025\/01\/fitt_fa_oltozopad.jpg","width":800,"height":560},{"@type":"BreadcrumbList","@id":"https:\/\/alexnabytek.cz\/satninabytek\/kategorie\/satni-lavicky\/#breadcrumb","itemListElement":[{"@type":"ListItem","position":1,"name":"Home","item":"https:\/\/alexnabytek.cz\/satninabytek\/"},{"@type":"ListItem","position":2,"name":"Produkty","item":"https:\/\/alexnabytek.cz\/satninabytek\/kategorie\/"},{"@type":"ListItem","position":3,"name":"\u0160atn\u00ed lavi\u010dky"}]},{"@type":"WebSite","@id":"https:\/\/alexnabytek.cz\/satninabytek\/#website","url":"https:\/\/alexnabytek.cz\/satninabytek\/","name":"\u0160ATN\u00cd N\u00c1BYTEK","description":"Alex kovov\u00fd a \u0161koln\u00ed n\u00e1bytek s.r.o.","potentialAction":[{"@type":"SearchAction","target":{"@type":"EntryPoint","urlTemplate":"https:\/\/alexnabytek.cz\/satninabytek\/?s={search_term_string}"},"query-input":{"@type":"PropertyValueSpecification","valueRequired":true,"valueName":"search_term_string"}}],"inLanguage":"en-US"}]}},"_links":{"self":[{"href":"https:\/\/alexnabytek.cz\/satninabytek\/wp-json\/wp\/v2\/pages\/31372","targetHints":{"allow":["GET"]}}],"collection":[{"href":"https:\/\/alexnabytek.cz\/satninabytek\/wp-json\/wp\/v2\/pages"}],"about":[{"href":"https:\/\/alexnabytek.cz\/satninabytek\/wp-json\/wp\/v2\/types\/page"}],"author":[{"embeddable":true,"href":"https:\/\/alexnabytek.cz\/satninabytek\/wp-json\/wp\/v2\/users\/3"}],"replies":[{"embeddable":true,"href":"https:\/\/alexnabytek.cz\/satninabytek\/wp-json\/wp\/v2\/comments?post=31372"}],"version-history":[{"count":5,"href":"https:\/\/alexnabytek.cz\/satninabytek\/wp-json\/wp\/v2\/pages\/31372\/revisions"}],"predecessor-version":[{"id":62972,"href":"https:\/\/alexnabytek.cz\/satninabytek\/wp-json\/wp\/v2\/pages\/31372\/revisions\/62972"}],"up":[{"embeddable":true,"href":"https:\/\/alexnabytek.cz\/satninabytek\/wp-json\/wp\/v2\/pages\/11"}],"wp:attachment":[{"href":"https:\/\/alexnabytek.cz\/satninabytek\/wp-json\/wp\/v2\/media?parent=31372"}],"curies":[{"name":"wp","href":"https:\/\/api.w.org\/{rel}","templated":true}]}}