{"id":31378,"date":"2016-11-30T14:03:54","date_gmt":"2016-11-30T14:03:54","guid":{"rendered":"http:\/\/oltozobutor.hu\/?page_id=31378"},"modified":"2025-01-18T17:14:32","modified_gmt":"2025-01-18T17:14:32","slug":"prumyslove-vybaveni","status":"publish","type":"page","link":"https:\/\/alexnabytek.cz\/satninabytek\/kategorie\/prumyslove-vybaveni\/","title":{"rendered":"Pr\u016fmyslov\u00e9 vybaven\u00ed"},"content":{"rendered":"<div class=\"butorlaposkat\">\n<li class=\"portfolio_item isotope-item\">\n<div class=\"portfolio_item_holder\">\n<figure class=\"thumbnail thumbnail__portfolio\"><a href=\"https:\/\/alexnabytek.cz\/satninabytek\/kategorie\/prumyslove-vybaveni\/pracovni-stoly\/\" class=\"image-wrap\"><img decoding=\"async\" src=\"https:\/\/alexnabytek.cz\/satninabytek\/wp-content\/uploads\/2025\/01\/muhely_asztal_pad.jpg\" alt=\"Pracovn\u00ed stoly\"><\/a><\/figure>\n<div class=\"caption caption__portfolio\">\n<h3><a href=\"https:\/\/alexnabytek.cz\/satninabytek\/kategorie\/prumyslove-vybaveni\/pracovni-stoly\/\">Pracovn\u00ed stoly<\/a><\/h3>\n<\/div>\n<\/div>\n<\/li>\n<li class=\"portfolio_item isotope-item\">\n<div class=\"portfolio_item_holder\">\n<figure class=\"thumbnail thumbnail__portfolio\"><a href=\"https:\/\/alexnabytek.cz\/satninabytek\/kategorie\/prumyslove-vybaveni\/pracovni-zidle\/\" class=\"image-wrap\"><img decoding=\"async\" src=\"https:\/\/alexnabytek.cz\/satninabytek\/wp-content\/uploads\/2025\/01\/muhely_labor_szek.jpg\" alt=\"Pracovn\u00ed \u017eidle\"><\/a><\/figure>\n<div class=\"caption caption__portfolio\">\n<h3><a href=\"https:\/\/alexnabytek.cz\/satninabytek\/kategorie\/prumyslove-vybaveni\/pracovni-zidle\/\">Pracovn\u00ed \u017eidle<\/a><\/h3>\n<\/div>\n<\/div>\n<\/li>\n<li class=\"portfolio_item isotope-item\">\n<div class=\"portfolio_item_holder\">\n<figure class=\"thumbnail thumbnail__portfolio\"><a href=\"https:\/\/alexnabytek.cz\/satninabytek\/kategorie\/prumyslove-vybaveni\/zasuvkove-kontejnery\/\" class=\"image-wrap\"><img decoding=\"async\" src=\"https:\/\/alexnabytek.cz\/satninabytek\/wp-content\/uploads\/2025\/01\/fiokos_kontener.jpg\" alt=\"Z\u00e1suvkov\u00e9 kontejnery\"><\/a><\/figure>\n<div class=\"caption caption__portfolio\">\n<h3><a href=\"https:\/\/alexnabytek.cz\/satninabytek\/kategorie\/prumyslove-vybaveni\/zasuvkove-kontejnery\/\">Z\u00e1suvkov\u00e9 kontejnery<\/a><\/h3>\n<\/div>\n<\/div>\n<\/li>\n<li class=\"portfolio_item isotope-item\">\n<div class=\"portfolio_item_holder\">\n<figure class=\"thumbnail thumbnail__portfolio\"><a href=\"https:\/\/alexnabytek.cz\/satninabytek\/kategorie\/prumyslove-vybaveni\/nastrojove-skrine\/\" class=\"image-wrap\"><img decoding=\"async\" src=\"https:\/\/alexnabytek.cz\/satninabytek\/wp-content\/uploads\/2025\/01\/szerszamtarolo.jpg\" alt=\"N\u00e1strojov\u00e9 sk\u0159\u00edn\u011b\"><\/a><\/figure>\n<div class=\"caption caption__portfolio\">\n<h3><a href=\"https:\/\/alexnabytek.cz\/satninabytek\/kategorie\/prumyslove-vybaveni\/nastrojove-skrine\/\">N\u00e1strojov\u00e9 sk\u0159\u00edn\u011b<\/a><\/h3>\n<\/div>\n<\/div>\n<\/li>\n\r\n\t<li class=\"portfolio_item isotope-item\"><div class=\"portfolio_item_holder\"><figure class=\"thumbnail thumbnail__portfolio\"><a href=\"https:\/\/alexnabytek.cz\/skolninabytek\/kategorie\/nabytek-odbornych-uceben-knihoven\/nabytek-odbornych-uceben\/laboratorni-energeticke-bloky\/\" class=\"image-wrap\" target=\"_blank\"><img decoding=\"async\" src=\"https:\/\/alexnabytek.cz\/satninabytek\/wp-content\/uploads\/2025\/01\/vegyszertarolo.jpg\" alt=\"Sk\u0159\u00edn\u011b na chemik\u00e1lie\"><\/a><\/figure><div class=\"caption caption__portfolio\"><h3><a href=\"https:\/\/alexnabytek.cz\/skolninabytek\/kategorie\/nabytek-odbornych-uceben-knihoven\/nabytek-odbornych-uceben\/laboratorni-energeticke-bloky\/\" target=\"_blank\">Sk\u0159\u00edn\u011b na chemik\u00e1lie<\/a><\/h3><\/div><\/div><\/li>\n\r\n\t<li class=\"portfolio_item isotope-item\"><div class=\"portfolio_item_holder\"><figure class=\"thumbnail thumbnail__portfolio\"><a href=\"https:\/\/alexnabytek.cz\/satninabytek\/kategorie\/prumyslove-vybaveni\/nabytek-do-ordinace\/\" class=\"image-wrap\"><img decoding=\"async\" src=\"https:\/\/alexnabytek.cz\/satninabytek\/wp-content\/uploads\/2025\/01\/vizsgalo_agy1600_1120.png\" alt=\"N\u00e1bytek do ordinace\"><\/a><\/figure><div class=\"caption caption__portfolio\"><h3><a href=\"https:\/\/alexnabytek.cz\/satninabytek\/kategorie\/prumyslove-vybaveni\/nabytek-do-ordinace\/\">N\u00e1bytek do ordinace (9)<\/a><\/h3><\/div><\/div><\/li>\n<\/div>\n","protected":false},"excerpt":{"rendered":"<p>Pracovn\u00ed stoly Pracovn\u00ed \u017eidle Z\u00e1suvkov\u00e9 kontejnery N\u00e1strojov\u00e9 sk\u0159\u00edn\u011b<\/p>\n","protected":false},"author":3,"featured_media":0,"parent":11,"menu_order":0,"comment_status":"closed","ping_status":"closed","template":"page-uj-alexsub.php","meta":{"footnotes":""},"class_list":["post-31378","page","type-page","status-publish","hentry"],"yoast_head":"<!-- This site is optimized with the Yoast SEO plugin v24.6 - https:\/\/yoast.com\/wordpress\/plugins\/seo\/ -->\n<title>Pr\u016fmyslov\u00e9 vybaven\u00ed - \u0160ATN\u00cd N\u00c1BYTEK<\/title>\n<meta name=\"robots\" content=\"index, follow, max-snippet:-1, max-image-preview:large, max-video-preview:-1\" \/>\n<link rel=\"canonical\" href=\"https:\/\/alexnabytek.cz\/satninabytek\/kategorie\/prumyslove-vybaveni\/\" \/>\n<meta property=\"og:locale\" content=\"cs_CZ\" \/>\n<meta property=\"og:type\" content=\"article\" \/>\n<meta property=\"og:title\" content=\"Pr\u016fmyslov\u00e9 vybaven\u00ed - \u0160ATN\u00cd N\u00c1BYTEK\" \/>\n<meta property=\"og:description\" content=\"Pracovn\u00ed stoly Pracovn\u00ed \u017eidle Z\u00e1suvkov\u00e9 kontejnery N\u00e1strojov\u00e9 sk\u0159\u00edn\u011b\" \/>\n<meta property=\"og:url\" content=\"https:\/\/alexnabytek.cz\/satninabytek\/kategorie\/prumyslove-vybaveni\/\" \/>\n<meta property=\"og:site_name\" content=\"\u0160ATN\u00cd N\u00c1BYTEK\" \/>\n<meta property=\"article:modified_time\" content=\"2025-01-18T17:14:32+00:00\" \/>\n<meta property=\"og:image\" content=\"https:\/\/alexnabytek.cz\/satninabytek\/wp-content\/uploads\/2025\/01\/muhely_asztal_pad.jpg\" \/>\n<meta name=\"twitter:card\" content=\"summary_large_image\" \/>\n<script type=\"application\/ld+json\" class=\"yoast-schema-graph\">{\"@context\":\"https:\/\/schema.org\",\"@graph\":[{\"@type\":\"WebPage\",\"@id\":\"https:\/\/alexnabytek.cz\/satninabytek\/kategorie\/prumyslove-vybaveni\/\",\"url\":\"https:\/\/alexnabytek.cz\/satninabytek\/kategorie\/prumyslove-vybaveni\/\",\"name\":\"Pr\u016fmyslov\u00e9 vybaven\u00ed - \u0160ATN\u00cd N\u00c1BYTEK\",\"isPartOf\":{\"@id\":\"https:\/\/alexnabytek.cz\/satninabytek\/#website\"},\"primaryImageOfPage\":{\"@id\":\"https:\/\/alexnabytek.cz\/satninabytek\/kategorie\/prumyslove-vybaveni\/#primaryimage\"},\"image\":{\"@id\":\"https:\/\/alexnabytek.cz\/satninabytek\/kategorie\/prumyslove-vybaveni\/#primaryimage\"},\"thumbnailUrl\":\"https:\/\/alexnabytek.cz\/satninabytek\/wp-content\/uploads\/2025\/01\/muhely_asztal_pad.jpg\",\"datePublished\":\"2016-11-30T14:03:54+00:00\",\"dateModified\":\"2025-01-18T17:14:32+00:00\",\"breadcrumb\":{\"@id\":\"https:\/\/alexnabytek.cz\/satninabytek\/kategorie\/prumyslove-vybaveni\/#breadcrumb\"},\"inLanguage\":\"en-US\",\"potentialAction\":[{\"@type\":\"ReadAction\",\"target\":[\"https:\/\/alexnabytek.cz\/satninabytek\/kategorie\/prumyslove-vybaveni\/\"]}]},{\"@type\":\"ImageObject\",\"inLanguage\":\"en-US\",\"@id\":\"https:\/\/alexnabytek.cz\/satninabytek\/kategorie\/prumyslove-vybaveni\/#primaryimage\",\"url\":\"https:\/\/alexnabytek.cz\/satninabytek\/wp-content\/uploads\/2025\/01\/muhely_asztal_pad.jpg\",\"contentUrl\":\"https:\/\/alexnabytek.cz\/satninabytek\/wp-content\/uploads\/2025\/01\/muhely_asztal_pad.jpg\",\"width\":800,\"height\":560},{\"@type\":\"BreadcrumbList\",\"@id\":\"https:\/\/alexnabytek.cz\/satninabytek\/kategorie\/prumyslove-vybaveni\/#breadcrumb\",\"itemListElement\":[{\"@type\":\"ListItem\",\"position\":1,\"name\":\"Home\",\"item\":\"https:\/\/alexnabytek.cz\/satninabytek\/\"},{\"@type\":\"ListItem\",\"position\":2,\"name\":\"Produkty\",\"item\":\"https:\/\/alexnabytek.cz\/satninabytek\/kategorie\/\"},{\"@type\":\"ListItem\",\"position\":3,\"name\":\"Pr\u016fmyslov\u00e9 vybaven\u00ed\"}]},{\"@type\":\"WebSite\",\"@id\":\"https:\/\/alexnabytek.cz\/satninabytek\/#website\",\"url\":\"https:\/\/alexnabytek.cz\/satninabytek\/\",\"name\":\"\u0160ATN\u00cd N\u00c1BYTEK\",\"description\":\"Alex kovov\u00fd a \u0161koln\u00ed n\u00e1bytek s.r.o.\",\"potentialAction\":[{\"@type\":\"SearchAction\",\"target\":{\"@type\":\"EntryPoint\",\"urlTemplate\":\"https:\/\/alexnabytek.cz\/satninabytek\/?s={search_term_string}\"},\"query-input\":{\"@type\":\"PropertyValueSpecification\",\"valueRequired\":true,\"valueName\":\"search_term_string\"}}],\"inLanguage\":\"en-US\"}]}<\/script>\n<!-- \/ Yoast SEO plugin. -->","yoast_head_json":{"title":"Pr\u016fmyslov\u00e9 vybaven\u00ed - \u0160ATN\u00cd N\u00c1BYTEK","robots":{"index":"index","follow":"follow","max-snippet":"max-snippet:-1","max-image-preview":"max-image-preview:large","max-video-preview":"max-video-preview:-1"},"canonical":"https:\/\/alexnabytek.cz\/satninabytek\/kategorie\/prumyslove-vybaveni\/","og_locale":"cs_CZ","og_type":"article","og_title":"Pr\u016fmyslov\u00e9 vybaven\u00ed - \u0160ATN\u00cd N\u00c1BYTEK","og_description":"Pracovn\u00ed stoly Pracovn\u00ed \u017eidle Z\u00e1suvkov\u00e9 kontejnery N\u00e1strojov\u00e9 sk\u0159\u00edn\u011b","og_url":"https:\/\/alexnabytek.cz\/satninabytek\/kategorie\/prumyslove-vybaveni\/","og_site_name":"\u0160ATN\u00cd N\u00c1BYTEK","article_modified_time":"2025-01-18T17:14:32+00:00","og_image":[{"url":"https:\/\/alexnabytek.cz\/satninabytek\/wp-content\/uploads\/2025\/01\/muhely_asztal_pad.jpg","type":"","width":"","height":""}],"twitter_card":"summary_large_image","schema":{"@context":"https:\/\/schema.org","@graph":[{"@type":"WebPage","@id":"https:\/\/alexnabytek.cz\/satninabytek\/kategorie\/prumyslove-vybaveni\/","url":"https:\/\/alexnabytek.cz\/satninabytek\/kategorie\/prumyslove-vybaveni\/","name":"Pr\u016fmyslov\u00e9 vybaven\u00ed - \u0160ATN\u00cd N\u00c1BYTEK","isPartOf":{"@id":"https:\/\/alexnabytek.cz\/satninabytek\/#website"},"primaryImageOfPage":{"@id":"https:\/\/alexnabytek.cz\/satninabytek\/kategorie\/prumyslove-vybaveni\/#primaryimage"},"image":{"@id":"https:\/\/alexnabytek.cz\/satninabytek\/kategorie\/prumyslove-vybaveni\/#primaryimage"},"thumbnailUrl":"https:\/\/alexnabytek.cz\/satninabytek\/wp-content\/uploads\/2025\/01\/muhely_asztal_pad.jpg","datePublished":"2016-11-30T14:03:54+00:00","dateModified":"2025-01-18T17:14:32+00:00","breadcrumb":{"@id":"https:\/\/alexnabytek.cz\/satninabytek\/kategorie\/prumyslove-vybaveni\/#breadcrumb"},"inLanguage":"en-US","potentialAction":[{"@type":"ReadAction","target":["https:\/\/alexnabytek.cz\/satninabytek\/kategorie\/prumyslove-vybaveni\/"]}]},{"@type":"ImageObject","inLanguage":"en-US","@id":"https:\/\/alexnabytek.cz\/satninabytek\/kategorie\/prumyslove-vybaveni\/#primaryimage","url":"https:\/\/alexnabytek.cz\/satninabytek\/wp-content\/uploads\/2025\/01\/muhely_asztal_pad.jpg","contentUrl":"https:\/\/alexnabytek.cz\/satninabytek\/wp-content\/uploads\/2025\/01\/muhely_asztal_pad.jpg","width":800,"height":560},{"@type":"BreadcrumbList","@id":"https:\/\/alexnabytek.cz\/satninabytek\/kategorie\/prumyslove-vybaveni\/#breadcrumb","itemListElement":[{"@type":"ListItem","position":1,"name":"Home","item":"https:\/\/alexnabytek.cz\/satninabytek\/"},{"@type":"ListItem","position":2,"name":"Produkty","item":"https:\/\/alexnabytek.cz\/satninabytek\/kategorie\/"},{"@type":"ListItem","position":3,"name":"Pr\u016fmyslov\u00e9 vybaven\u00ed"}]},{"@type":"WebSite","@id":"https:\/\/alexnabytek.cz\/satninabytek\/#website","url":"https:\/\/alexnabytek.cz\/satninabytek\/","name":"\u0160ATN\u00cd N\u00c1BYTEK","description":"Alex kovov\u00fd a \u0161koln\u00ed n\u00e1bytek s.r.o.","potentialAction":[{"@type":"SearchAction","target":{"@type":"EntryPoint","urlTemplate":"https:\/\/alexnabytek.cz\/satninabytek\/?s={search_term_string}"},"query-input":{"@type":"PropertyValueSpecification","valueRequired":true,"valueName":"search_term_string"}}],"inLanguage":"en-US"}]}},"_links":{"self":[{"href":"https:\/\/alexnabytek.cz\/satninabytek\/wp-json\/wp\/v2\/pages\/31378","targetHints":{"allow":["GET"]}}],"collection":[{"href":"https:\/\/alexnabytek.cz\/satninabytek\/wp-json\/wp\/v2\/pages"}],"about":[{"href":"https:\/\/alexnabytek.cz\/satninabytek\/wp-json\/wp\/v2\/types\/page"}],"author":[{"embeddable":true,"href":"https:\/\/alexnabytek.cz\/satninabytek\/wp-json\/wp\/v2\/users\/3"}],"replies":[{"embeddable":true,"href":"https:\/\/alexnabytek.cz\/satninabytek\/wp-json\/wp\/v2\/comments?post=31378"}],"version-history":[{"count":4,"href":"https:\/\/alexnabytek.cz\/satninabytek\/wp-json\/wp\/v2\/pages\/31378\/revisions"}],"predecessor-version":[{"id":63524,"href":"https:\/\/alexnabytek.cz\/satninabytek\/wp-json\/wp\/v2\/pages\/31378\/revisions\/63524"}],"up":[{"embeddable":true,"href":"https:\/\/alexnabytek.cz\/satninabytek\/wp-json\/wp\/v2\/pages\/11"}],"wp:attachment":[{"href":"https:\/\/alexnabytek.cz\/satninabytek\/wp-json\/wp\/v2\/media?parent=31378"}],"curies":[{"name":"wp","href":"https:\/\/api.w.org\/{rel}","templated":true}]}}