{"id":31386,"date":"2016-11-30T14:05:20","date_gmt":"2016-11-30T14:05:20","guid":{"rendered":"http:\/\/oltozobutor.hu\/?page_id=31386"},"modified":"2017-04-24T17:09:07","modified_gmt":"2017-04-24T17:09:07","slug":"nastrojove-skrine","status":"publish","type":"page","link":"https:\/\/alexnabytek.cz\/satninabytek\/kategorie\/prumyslove-vybaveni\/nastrojove-skrine\/","title":{"rendered":"N\u00e1strojov\u00e9 sk\u0159\u00edn\u011b"},"content":{"rendered":"","protected":false},"excerpt":{"rendered":"","protected":false},"author":3,"featured_media":0,"parent":31378,"menu_order":0,"comment_status":"closed","ping_status":"closed","template":"page-Portfolio4Cols-filterable.php","meta":{"footnotes":""},"class_list":["post-31386","page","type-page","status-publish","hentry"],"yoast_head":"<!-- This site is optimized with the Yoast SEO plugin v24.6 - https:\/\/yoast.com\/wordpress\/plugins\/seo\/ -->\n<title>N\u00e1strojov\u00e9 sk\u0159\u00edn\u011b - \u0160ATN\u00cd N\u00c1BYTEK<\/title>\n<meta name=\"robots\" content=\"index, follow, max-snippet:-1, max-image-preview:large, max-video-preview:-1\" \/>\n<link rel=\"canonical\" href=\"https:\/\/alexnabytek.cz\/satninabytek\/kategorie\/prumyslove-vybaveni\/nastrojove-skrine\/\" \/>\n<meta property=\"og:locale\" content=\"cs_CZ\" \/>\n<meta property=\"og:type\" content=\"article\" \/>\n<meta property=\"og:title\" content=\"N\u00e1strojov\u00e9 sk\u0159\u00edn\u011b - \u0160ATN\u00cd N\u00c1BYTEK\" \/>\n<meta property=\"og:url\" content=\"https:\/\/alexnabytek.cz\/satninabytek\/kategorie\/prumyslove-vybaveni\/nastrojove-skrine\/\" \/>\n<meta property=\"og:site_name\" content=\"\u0160ATN\u00cd N\u00c1BYTEK\" \/>\n<meta property=\"article:modified_time\" content=\"2017-04-24T17:09:07+00:00\" \/>\n<meta name=\"twitter:card\" content=\"summary_large_image\" \/>\n<script type=\"application\/ld+json\" class=\"yoast-schema-graph\">{\"@context\":\"https:\/\/schema.org\",\"@graph\":[{\"@type\":\"WebPage\",\"@id\":\"https:\/\/alexnabytek.cz\/satninabytek\/kategorie\/prumyslove-vybaveni\/nastrojove-skrine\/\",\"url\":\"https:\/\/alexnabytek.cz\/satninabytek\/kategorie\/prumyslove-vybaveni\/nastrojove-skrine\/\",\"name\":\"N\u00e1strojov\u00e9 sk\u0159\u00edn\u011b - \u0160ATN\u00cd N\u00c1BYTEK\",\"isPartOf\":{\"@id\":\"https:\/\/alexnabytek.cz\/satninabytek\/#website\"},\"datePublished\":\"2016-11-30T14:05:20+00:00\",\"dateModified\":\"2017-04-24T17:09:07+00:00\",\"breadcrumb\":{\"@id\":\"https:\/\/alexnabytek.cz\/satninabytek\/kategorie\/prumyslove-vybaveni\/nastrojove-skrine\/#breadcrumb\"},\"inLanguage\":\"en-US\",\"potentialAction\":[{\"@type\":\"ReadAction\",\"target\":[\"https:\/\/alexnabytek.cz\/satninabytek\/kategorie\/prumyslove-vybaveni\/nastrojove-skrine\/\"]}]},{\"@type\":\"BreadcrumbList\",\"@id\":\"https:\/\/alexnabytek.cz\/satninabytek\/kategorie\/prumyslove-vybaveni\/nastrojove-skrine\/#breadcrumb\",\"itemListElement\":[{\"@type\":\"ListItem\",\"position\":1,\"name\":\"Home\",\"item\":\"https:\/\/alexnabytek.cz\/satninabytek\/\"},{\"@type\":\"ListItem\",\"position\":2,\"name\":\"Produkty\",\"item\":\"https:\/\/alexnabytek.cz\/satninabytek\/kategorie\/\"},{\"@type\":\"ListItem\",\"position\":3,\"name\":\"Pr\u016fmyslov\u00e9 vybaven\u00ed\",\"item\":\"https:\/\/alexnabytek.cz\/satninabytek\/kategorie\/prumyslove-vybaveni\/\"},{\"@type\":\"ListItem\",\"position\":4,\"name\":\"N\u00e1strojov\u00e9 sk\u0159\u00edn\u011b\"}]},{\"@type\":\"WebSite\",\"@id\":\"https:\/\/alexnabytek.cz\/satninabytek\/#website\",\"url\":\"https:\/\/alexnabytek.cz\/satninabytek\/\",\"name\":\"\u0160ATN\u00cd N\u00c1BYTEK\",\"description\":\"Alex kovov\u00fd a \u0161koln\u00ed n\u00e1bytek s.r.o.\",\"potentialAction\":[{\"@type\":\"SearchAction\",\"target\":{\"@type\":\"EntryPoint\",\"urlTemplate\":\"https:\/\/alexnabytek.cz\/satninabytek\/?s={search_term_string}\"},\"query-input\":{\"@type\":\"PropertyValueSpecification\",\"valueRequired\":true,\"valueName\":\"search_term_string\"}}],\"inLanguage\":\"en-US\"}]}<\/script>\n<!-- \/ Yoast SEO plugin. -->","yoast_head_json":{"title":"N\u00e1strojov\u00e9 sk\u0159\u00edn\u011b - \u0160ATN\u00cd N\u00c1BYTEK","robots":{"index":"index","follow":"follow","max-snippet":"max-snippet:-1","max-image-preview":"max-image-preview:large","max-video-preview":"max-video-preview:-1"},"canonical":"https:\/\/alexnabytek.cz\/satninabytek\/kategorie\/prumyslove-vybaveni\/nastrojove-skrine\/","og_locale":"cs_CZ","og_type":"article","og_title":"N\u00e1strojov\u00e9 sk\u0159\u00edn\u011b - \u0160ATN\u00cd N\u00c1BYTEK","og_url":"https:\/\/alexnabytek.cz\/satninabytek\/kategorie\/prumyslove-vybaveni\/nastrojove-skrine\/","og_site_name":"\u0160ATN\u00cd N\u00c1BYTEK","article_modified_time":"2017-04-24T17:09:07+00:00","twitter_card":"summary_large_image","schema":{"@context":"https:\/\/schema.org","@graph":[{"@type":"WebPage","@id":"https:\/\/alexnabytek.cz\/satninabytek\/kategorie\/prumyslove-vybaveni\/nastrojove-skrine\/","url":"https:\/\/alexnabytek.cz\/satninabytek\/kategorie\/prumyslove-vybaveni\/nastrojove-skrine\/","name":"N\u00e1strojov\u00e9 sk\u0159\u00edn\u011b - \u0160ATN\u00cd N\u00c1BYTEK","isPartOf":{"@id":"https:\/\/alexnabytek.cz\/satninabytek\/#website"},"datePublished":"2016-11-30T14:05:20+00:00","dateModified":"2017-04-24T17:09:07+00:00","breadcrumb":{"@id":"https:\/\/alexnabytek.cz\/satninabytek\/kategorie\/prumyslove-vybaveni\/nastrojove-skrine\/#breadcrumb"},"inLanguage":"en-US","potentialAction":[{"@type":"ReadAction","target":["https:\/\/alexnabytek.cz\/satninabytek\/kategorie\/prumyslove-vybaveni\/nastrojove-skrine\/"]}]},{"@type":"BreadcrumbList","@id":"https:\/\/alexnabytek.cz\/satninabytek\/kategorie\/prumyslove-vybaveni\/nastrojove-skrine\/#breadcrumb","itemListElement":[{"@type":"ListItem","position":1,"name":"Home","item":"https:\/\/alexnabytek.cz\/satninabytek\/"},{"@type":"ListItem","position":2,"name":"Produkty","item":"https:\/\/alexnabytek.cz\/satninabytek\/kategorie\/"},{"@type":"ListItem","position":3,"name":"Pr\u016fmyslov\u00e9 vybaven\u00ed","item":"https:\/\/alexnabytek.cz\/satninabytek\/kategorie\/prumyslove-vybaveni\/"},{"@type":"ListItem","position":4,"name":"N\u00e1strojov\u00e9 sk\u0159\u00edn\u011b"}]},{"@type":"WebSite","@id":"https:\/\/alexnabytek.cz\/satninabytek\/#website","url":"https:\/\/alexnabytek.cz\/satninabytek\/","name":"\u0160ATN\u00cd N\u00c1BYTEK","description":"Alex kovov\u00fd a \u0161koln\u00ed n\u00e1bytek s.r.o.","potentialAction":[{"@type":"SearchAction","target":{"@type":"EntryPoint","urlTemplate":"https:\/\/alexnabytek.cz\/satninabytek\/?s={search_term_string}"},"query-input":{"@type":"PropertyValueSpecification","valueRequired":true,"valueName":"search_term_string"}}],"inLanguage":"en-US"}]}},"_links":{"self":[{"href":"https:\/\/alexnabytek.cz\/satninabytek\/wp-json\/wp\/v2\/pages\/31386","targetHints":{"allow":["GET"]}}],"collection":[{"href":"https:\/\/alexnabytek.cz\/satninabytek\/wp-json\/wp\/v2\/pages"}],"about":[{"href":"https:\/\/alexnabytek.cz\/satninabytek\/wp-json\/wp\/v2\/types\/page"}],"author":[{"embeddable":true,"href":"https:\/\/alexnabytek.cz\/satninabytek\/wp-json\/wp\/v2\/users\/3"}],"replies":[{"embeddable":true,"href":"https:\/\/alexnabytek.cz\/satninabytek\/wp-json\/wp\/v2\/comments?post=31386"}],"version-history":[{"count":0,"href":"https:\/\/alexnabytek.cz\/satninabytek\/wp-json\/wp\/v2\/pages\/31386\/revisions"}],"up":[{"embeddable":true,"href":"https:\/\/alexnabytek.cz\/satninabytek\/wp-json\/wp\/v2\/pages\/31378"}],"wp:attachment":[{"href":"https:\/\/alexnabytek.cz\/satninabytek\/wp-json\/wp\/v2\/media?parent=31386"}],"curies":[{"name":"wp","href":"https:\/\/api.w.org\/{rel}","templated":true}]}}