{"id":31433,"date":"2016-11-30T15:05:27","date_gmt":"2016-11-30T15:05:27","guid":{"rendered":"http:\/\/oltozobutor.hu\/?page_id=31433"},"modified":"2025-01-18T16:16:51","modified_gmt":"2025-01-18T16:16:51","slug":"skrinky-na-cennosti","status":"publish","type":"page","link":"https:\/\/alexnabytek.cz\/satninabytek\/kategorie\/skrinky-na-cennosti\/","title":{"rendered":"Sk\u0159\u00ed\u0148ky na cennosti"},"content":{"rendered":"<div class=\"butorlaposkat\">\n<div class=\"vonalasc\u00edmh\">\n<h3 class=\"vonalasc\u00edm\"><span>Kategorie<\/span><\/h3>\n<\/div>\n\r\n\t<li class=\"portfolio_item isotope-item\"><div class=\"portfolio_item_holder\"><figure class=\"thumbnail thumbnail__portfolio\"><a href=\"https:\/\/alexnabytek.cz\/satninabytek\/kategorie\/skrinky-na-cennosti\/cube-locker\/\" class=\"image-wrap\"><img decoding=\"async\" src=\"https:\/\/alexnabytek.cz\/satninabytek\/wp-content\/uploads\/2025\/01\/katkep_cube-locker.png\" alt=\"Cube Locker\"><\/a><\/figure><div class=\"caption caption__portfolio\"><h3><a href=\"https:\/\/alexnabytek.cz\/satninabytek\/kategorie\/skrinky-na-cennosti\/cube-locker\/\">Cube Locker (43)<\/a><\/h3><\/div><\/div><\/li>\n<li class=\"portfolio_item isotope-item\">\n<div class=\"portfolio_item_holder\">\n<figure class=\"thumbnail thumbnail__portfolio\"><a href=\"https:\/\/alexnabytek.cz\/satninabytek\/kategorie\/skrinky-na-cennosti\/skrinky-z-ltd\/\" class=\"image-wrap\"><img decoding=\"async\" src=\"https:\/\/alexnabytek.cz\/satninabytek\/wp-content\/uploads\/2025\/01\/butorlapertekmegorzo.jpg\" alt=\"Sk\u0159\u00ed\u0148ky z LTD\"><\/a><\/figure>\n<div class=\"caption caption__portfolio\">\n<h3><a href=\"https:\/\/alexnabytek.cz\/satninabytek\/kategorie\/skrinky-na-cennosti\/skrinky-z-ltd\/\">Sk\u0159\u00ed\u0148ky z LTD<\/a><\/h3>\n<\/div>\n<\/div>\n<\/li>\n<li class=\"portfolio_item isotope-item\">\n<div class=\"portfolio_item_holder\">\n<figure class=\"thumbnail thumbnail__portfolio\"><a href=\"https:\/\/alexnabytek.cz\/satninabytek\/kategorie\/skrinky-na-cennosti\/kovove-skrinky\/\" class=\"image-wrap\"><img decoding=\"async\" src=\"https:\/\/alexnabytek.cz\/satninabytek\/wp-content\/uploads\/2025\/01\/femertekmegorzo.jpg\" alt=\"Kovov\u00e9 sk\u0159\u00ed\u0148ky\"><\/a><\/figure>\n<div class=\"caption caption__portfolio\">\n<h3><a href=\"https:\/\/alexnabytek.cz\/satninabytek\/kategorie\/skrinky-na-cennosti\/kovove-skrinky\/\">Kovov\u00e9 sk\u0159\u00ed\u0148ky<\/a><\/h3>\n<\/div>\n<\/div>\n<\/li>\n\r\n\t<li class=\"portfolio_item isotope-item\"><div class=\"portfolio_item_holder\"><figure class=\"thumbnail thumbnail__portfolio\"><a href=\"https:\/\/alexnabytek.cz\/satninabytek\/kategorie\/skrinky-na-cennosti\/skrinky-na-klice\/\" class=\"image-wrap\"><img decoding=\"async\" src=\"https:\/\/alexnabytek.cz\/satninabytek\/wp-content\/uploads\/2025\/01\/KAT-kulcstarolo.jpg\" alt=\"Sk\u0159\u00ed\u0148ky na kl\u00ed\u010de\"><\/a><\/figure><div class=\"caption caption__portfolio\"><h3><a href=\"https:\/\/alexnabytek.cz\/satninabytek\/kategorie\/skrinky-na-cennosti\/skrinky-na-klice\/\">Sk\u0159\u00ed\u0148ky na kl\u00ed\u010de (2)<\/a><\/h3><\/div><\/div><\/li>\n\r\n\t<li class=\"portfolio_item isotope-item\"><div class=\"portfolio_item_holder\"><figure class=\"thumbnail thumbnail__portfolio\"><a href=\"https:\/\/alexnabytek.cz\/satninabytek\/kategorie\/skrinky-na-cennosti\/skrine-na-dokumenty\/\" class=\"image-wrap\"><img decoding=\"async\" src=\"https:\/\/alexnabytek.cz\/satninabytek\/wp-content\/uploads\/2025\/01\/KAT-irattarolo.jpg\" alt=\"Sk\u0159\u00edn\u011b na dokumenty\"><\/a><\/figure><div class=\"caption caption__portfolio\"><h3><a href=\"https:\/\/alexnabytek.cz\/satninabytek\/kategorie\/skrinky-na-cennosti\/skrine-na-dokumenty\/\">Sk\u0159\u00edn\u011b na dokumenty (2)<\/a><\/h3><\/div><\/div><\/li><\/div>\n","protected":false},"excerpt":{"rendered":"<p>Kategorie Sk\u0159\u00ed\u0148ky z LTD Kovov\u00e9 sk\u0159\u00ed\u0148ky<\/p>\n","protected":false},"author":3,"featured_media":0,"parent":11,"menu_order":0,"comment_status":"closed","ping_status":"closed","template":"page-uj-alexsub.php","meta":{"footnotes":""},"class_list":["post-31433","page","type-page","status-publish","hentry"],"yoast_head":"<!-- This site is optimized with the Yoast SEO plugin v24.6 - https:\/\/yoast.com\/wordpress\/plugins\/seo\/ -->\n<title>Sk\u0159\u00ed\u0148ky na cennosti - \u0160ATN\u00cd N\u00c1BYTEK<\/title>\n<meta name=\"robots\" content=\"index, follow, max-snippet:-1, max-image-preview:large, max-video-preview:-1\" \/>\n<link rel=\"canonical\" href=\"https:\/\/alexnabytek.cz\/satninabytek\/kategorie\/skrinky-na-cennosti\/\" \/>\n<meta property=\"og:locale\" content=\"cs_CZ\" \/>\n<meta property=\"og:type\" content=\"article\" \/>\n<meta property=\"og:title\" content=\"Sk\u0159\u00ed\u0148ky na cennosti - \u0160ATN\u00cd N\u00c1BYTEK\" \/>\n<meta property=\"og:description\" content=\"Kategorie Sk\u0159\u00ed\u0148ky z LTD Kovov\u00e9 sk\u0159\u00ed\u0148ky\" \/>\n<meta property=\"og:url\" content=\"https:\/\/alexnabytek.cz\/satninabytek\/kategorie\/skrinky-na-cennosti\/\" \/>\n<meta property=\"og:site_name\" content=\"\u0160ATN\u00cd N\u00c1BYTEK\" \/>\n<meta property=\"article:modified_time\" content=\"2025-01-18T16:16:51+00:00\" \/>\n<meta property=\"og:image\" content=\"https:\/\/alexnabytek.cz\/satninabytek\/wp-content\/uploads\/2025\/01\/butorlapertekmegorzo.jpg\" \/>\n<meta name=\"twitter:card\" content=\"summary_large_image\" \/>\n<script type=\"application\/ld+json\" class=\"yoast-schema-graph\">{\"@context\":\"https:\/\/schema.org\",\"@graph\":[{\"@type\":\"WebPage\",\"@id\":\"https:\/\/alexnabytek.cz\/satninabytek\/kategorie\/skrinky-na-cennosti\/\",\"url\":\"https:\/\/alexnabytek.cz\/satninabytek\/kategorie\/skrinky-na-cennosti\/\",\"name\":\"Sk\u0159\u00ed\u0148ky na cennosti - \u0160ATN\u00cd N\u00c1BYTEK\",\"isPartOf\":{\"@id\":\"https:\/\/alexnabytek.cz\/satninabytek\/#website\"},\"primaryImageOfPage\":{\"@id\":\"https:\/\/alexnabytek.cz\/satninabytek\/kategorie\/skrinky-na-cennosti\/#primaryimage\"},\"image\":{\"@id\":\"https:\/\/alexnabytek.cz\/satninabytek\/kategorie\/skrinky-na-cennosti\/#primaryimage\"},\"thumbnailUrl\":\"https:\/\/alexnabytek.cz\/satninabytek\/wp-content\/uploads\/2025\/01\/butorlapertekmegorzo.jpg\",\"datePublished\":\"2016-11-30T15:05:27+00:00\",\"dateModified\":\"2025-01-18T16:16:51+00:00\",\"breadcrumb\":{\"@id\":\"https:\/\/alexnabytek.cz\/satninabytek\/kategorie\/skrinky-na-cennosti\/#breadcrumb\"},\"inLanguage\":\"en-US\",\"potentialAction\":[{\"@type\":\"ReadAction\",\"target\":[\"https:\/\/alexnabytek.cz\/satninabytek\/kategorie\/skrinky-na-cennosti\/\"]}]},{\"@type\":\"ImageObject\",\"inLanguage\":\"en-US\",\"@id\":\"https:\/\/alexnabytek.cz\/satninabytek\/kategorie\/skrinky-na-cennosti\/#primaryimage\",\"url\":\"https:\/\/alexnabytek.cz\/satninabytek\/wp-content\/uploads\/2025\/01\/butorlapertekmegorzo.jpg\",\"contentUrl\":\"https:\/\/alexnabytek.cz\/satninabytek\/wp-content\/uploads\/2025\/01\/butorlapertekmegorzo.jpg\",\"width\":800,\"height\":560},{\"@type\":\"BreadcrumbList\",\"@id\":\"https:\/\/alexnabytek.cz\/satninabytek\/kategorie\/skrinky-na-cennosti\/#breadcrumb\",\"itemListElement\":[{\"@type\":\"ListItem\",\"position\":1,\"name\":\"Home\",\"item\":\"https:\/\/alexnabytek.cz\/satninabytek\/\"},{\"@type\":\"ListItem\",\"position\":2,\"name\":\"Produkty\",\"item\":\"https:\/\/alexnabytek.cz\/satninabytek\/kategorie\/\"},{\"@type\":\"ListItem\",\"position\":3,\"name\":\"Sk\u0159\u00ed\u0148ky na cennosti\"}]},{\"@type\":\"WebSite\",\"@id\":\"https:\/\/alexnabytek.cz\/satninabytek\/#website\",\"url\":\"https:\/\/alexnabytek.cz\/satninabytek\/\",\"name\":\"\u0160ATN\u00cd N\u00c1BYTEK\",\"description\":\"Alex kovov\u00fd a \u0161koln\u00ed n\u00e1bytek s.r.o.\",\"potentialAction\":[{\"@type\":\"SearchAction\",\"target\":{\"@type\":\"EntryPoint\",\"urlTemplate\":\"https:\/\/alexnabytek.cz\/satninabytek\/?s={search_term_string}\"},\"query-input\":{\"@type\":\"PropertyValueSpecification\",\"valueRequired\":true,\"valueName\":\"search_term_string\"}}],\"inLanguage\":\"en-US\"}]}<\/script>\n<!-- \/ Yoast SEO plugin. -->","yoast_head_json":{"title":"Sk\u0159\u00ed\u0148ky na cennosti - \u0160ATN\u00cd N\u00c1BYTEK","robots":{"index":"index","follow":"follow","max-snippet":"max-snippet:-1","max-image-preview":"max-image-preview:large","max-video-preview":"max-video-preview:-1"},"canonical":"https:\/\/alexnabytek.cz\/satninabytek\/kategorie\/skrinky-na-cennosti\/","og_locale":"cs_CZ","og_type":"article","og_title":"Sk\u0159\u00ed\u0148ky na cennosti - \u0160ATN\u00cd N\u00c1BYTEK","og_description":"Kategorie Sk\u0159\u00ed\u0148ky z LTD Kovov\u00e9 sk\u0159\u00ed\u0148ky","og_url":"https:\/\/alexnabytek.cz\/satninabytek\/kategorie\/skrinky-na-cennosti\/","og_site_name":"\u0160ATN\u00cd N\u00c1BYTEK","article_modified_time":"2025-01-18T16:16:51+00:00","og_image":[{"url":"https:\/\/alexnabytek.cz\/satninabytek\/wp-content\/uploads\/2025\/01\/butorlapertekmegorzo.jpg","type":"","width":"","height":""}],"twitter_card":"summary_large_image","schema":{"@context":"https:\/\/schema.org","@graph":[{"@type":"WebPage","@id":"https:\/\/alexnabytek.cz\/satninabytek\/kategorie\/skrinky-na-cennosti\/","url":"https:\/\/alexnabytek.cz\/satninabytek\/kategorie\/skrinky-na-cennosti\/","name":"Sk\u0159\u00ed\u0148ky na cennosti - \u0160ATN\u00cd N\u00c1BYTEK","isPartOf":{"@id":"https:\/\/alexnabytek.cz\/satninabytek\/#website"},"primaryImageOfPage":{"@id":"https:\/\/alexnabytek.cz\/satninabytek\/kategorie\/skrinky-na-cennosti\/#primaryimage"},"image":{"@id":"https:\/\/alexnabytek.cz\/satninabytek\/kategorie\/skrinky-na-cennosti\/#primaryimage"},"thumbnailUrl":"https:\/\/alexnabytek.cz\/satninabytek\/wp-content\/uploads\/2025\/01\/butorlapertekmegorzo.jpg","datePublished":"2016-11-30T15:05:27+00:00","dateModified":"2025-01-18T16:16:51+00:00","breadcrumb":{"@id":"https:\/\/alexnabytek.cz\/satninabytek\/kategorie\/skrinky-na-cennosti\/#breadcrumb"},"inLanguage":"en-US","potentialAction":[{"@type":"ReadAction","target":["https:\/\/alexnabytek.cz\/satninabytek\/kategorie\/skrinky-na-cennosti\/"]}]},{"@type":"ImageObject","inLanguage":"en-US","@id":"https:\/\/alexnabytek.cz\/satninabytek\/kategorie\/skrinky-na-cennosti\/#primaryimage","url":"https:\/\/alexnabytek.cz\/satninabytek\/wp-content\/uploads\/2025\/01\/butorlapertekmegorzo.jpg","contentUrl":"https:\/\/alexnabytek.cz\/satninabytek\/wp-content\/uploads\/2025\/01\/butorlapertekmegorzo.jpg","width":800,"height":560},{"@type":"BreadcrumbList","@id":"https:\/\/alexnabytek.cz\/satninabytek\/kategorie\/skrinky-na-cennosti\/#breadcrumb","itemListElement":[{"@type":"ListItem","position":1,"name":"Home","item":"https:\/\/alexnabytek.cz\/satninabytek\/"},{"@type":"ListItem","position":2,"name":"Produkty","item":"https:\/\/alexnabytek.cz\/satninabytek\/kategorie\/"},{"@type":"ListItem","position":3,"name":"Sk\u0159\u00ed\u0148ky na cennosti"}]},{"@type":"WebSite","@id":"https:\/\/alexnabytek.cz\/satninabytek\/#website","url":"https:\/\/alexnabytek.cz\/satninabytek\/","name":"\u0160ATN\u00cd N\u00c1BYTEK","description":"Alex kovov\u00fd a \u0161koln\u00ed n\u00e1bytek s.r.o.","potentialAction":[{"@type":"SearchAction","target":{"@type":"EntryPoint","urlTemplate":"https:\/\/alexnabytek.cz\/satninabytek\/?s={search_term_string}"},"query-input":{"@type":"PropertyValueSpecification","valueRequired":true,"valueName":"search_term_string"}}],"inLanguage":"en-US"}]}},"_links":{"self":[{"href":"https:\/\/alexnabytek.cz\/satninabytek\/wp-json\/wp\/v2\/pages\/31433","targetHints":{"allow":["GET"]}}],"collection":[{"href":"https:\/\/alexnabytek.cz\/satninabytek\/wp-json\/wp\/v2\/pages"}],"about":[{"href":"https:\/\/alexnabytek.cz\/satninabytek\/wp-json\/wp\/v2\/types\/page"}],"author":[{"embeddable":true,"href":"https:\/\/alexnabytek.cz\/satninabytek\/wp-json\/wp\/v2\/users\/3"}],"replies":[{"embeddable":true,"href":"https:\/\/alexnabytek.cz\/satninabytek\/wp-json\/wp\/v2\/comments?post=31433"}],"version-history":[{"count":4,"href":"https:\/\/alexnabytek.cz\/satninabytek\/wp-json\/wp\/v2\/pages\/31433\/revisions"}],"predecessor-version":[{"id":62954,"href":"https:\/\/alexnabytek.cz\/satninabytek\/wp-json\/wp\/v2\/pages\/31433\/revisions\/62954"}],"up":[{"embeddable":true,"href":"https:\/\/alexnabytek.cz\/satninabytek\/wp-json\/wp\/v2\/pages\/11"}],"wp:attachment":[{"href":"https:\/\/alexnabytek.cz\/satninabytek\/wp-json\/wp\/v2\/media?parent=31433"}],"curies":[{"name":"wp","href":"https:\/\/api.w.org\/{rel}","templated":true}]}}