{"id":47867,"date":"2019-11-06T09:30:00","date_gmt":"2019-11-06T09:30:00","guid":{"rendered":"http:\/\/alexnabytek.cz\/satninabytek\/?page_id=47867"},"modified":"2019-11-06T09:30:00","modified_gmt":"2019-11-06T09:30:00","slug":"s-drevenym-sedakem","status":"publish","type":"page","link":"https:\/\/alexnabytek.cz\/satninabytek\/kategorie\/satni-lavicky\/satni-lavicky-fitt\/s-drevenym-sedakem\/","title":{"rendered":"S d\u0159ev\u011bn\u00fdm sed\u00e1kem"},"content":{"rendered":"","protected":false},"excerpt":{"rendered":"","protected":false},"author":3,"featured_media":47868,"parent":31374,"menu_order":0,"comment_status":"closed","ping_status":"closed","template":"page-Portfolio4Cols-filterable.php","meta":{"footnotes":""},"class_list":["post-47867","page","type-page","status-publish","has-post-thumbnail","hentry"],"yoast_head":"<!-- This site is optimized with the Yoast SEO plugin v24.6 - https:\/\/yoast.com\/wordpress\/plugins\/seo\/ -->\n<title>S d\u0159ev\u011bn\u00fdm sed\u00e1kem - \u0160ATN\u00cd N\u00c1BYTEK<\/title>\n<meta name=\"robots\" content=\"index, follow, max-snippet:-1, max-image-preview:large, max-video-preview:-1\" \/>\n<link rel=\"canonical\" href=\"https:\/\/alexnabytek.cz\/satninabytek\/kategorie\/satni-lavicky\/satni-lavicky-fitt\/s-drevenym-sedakem\/\" \/>\n<meta property=\"og:locale\" content=\"cs_CZ\" \/>\n<meta property=\"og:type\" content=\"article\" \/>\n<meta property=\"og:title\" content=\"S d\u0159ev\u011bn\u00fdm sed\u00e1kem - \u0160ATN\u00cd N\u00c1BYTEK\" \/>\n<meta property=\"og:url\" content=\"https:\/\/alexnabytek.cz\/satninabytek\/kategorie\/satni-lavicky\/satni-lavicky-fitt\/s-drevenym-sedakem\/\" \/>\n<meta property=\"og:site_name\" content=\"\u0160ATN\u00cd N\u00c1BYTEK\" \/>\n<meta property=\"og:image\" content=\"https:\/\/alexnabytek.cz\/satninabytek\/wp-content\/uploads\/2019\/11\/FITTfaleces.jpg\" \/>\n\t<meta property=\"og:image:width\" content=\"800\" \/>\n\t<meta property=\"og:image:height\" content=\"560\" \/>\n\t<meta property=\"og:image:type\" content=\"image\/jpeg\" \/>\n<meta name=\"twitter:card\" content=\"summary_large_image\" \/>\n<script type=\"application\/ld+json\" class=\"yoast-schema-graph\">{\"@context\":\"https:\/\/schema.org\",\"@graph\":[{\"@type\":\"WebPage\",\"@id\":\"https:\/\/alexnabytek.cz\/satninabytek\/kategorie\/satni-lavicky\/satni-lavicky-fitt\/s-drevenym-sedakem\/\",\"url\":\"https:\/\/alexnabytek.cz\/satninabytek\/kategorie\/satni-lavicky\/satni-lavicky-fitt\/s-drevenym-sedakem\/\",\"name\":\"S d\u0159ev\u011bn\u00fdm sed\u00e1kem - \u0160ATN\u00cd N\u00c1BYTEK\",\"isPartOf\":{\"@id\":\"https:\/\/alexnabytek.cz\/satninabytek\/#website\"},\"primaryImageOfPage\":{\"@id\":\"https:\/\/alexnabytek.cz\/satninabytek\/kategorie\/satni-lavicky\/satni-lavicky-fitt\/s-drevenym-sedakem\/#primaryimage\"},\"image\":{\"@id\":\"https:\/\/alexnabytek.cz\/satninabytek\/kategorie\/satni-lavicky\/satni-lavicky-fitt\/s-drevenym-sedakem\/#primaryimage\"},\"thumbnailUrl\":\"https:\/\/alexnabytek.cz\/satninabytek\/wp-content\/uploads\/2019\/11\/FITTfaleces.jpg\",\"datePublished\":\"2019-11-06T09:30:00+00:00\",\"breadcrumb\":{\"@id\":\"https:\/\/alexnabytek.cz\/satninabytek\/kategorie\/satni-lavicky\/satni-lavicky-fitt\/s-drevenym-sedakem\/#breadcrumb\"},\"inLanguage\":\"en-US\",\"potentialAction\":[{\"@type\":\"ReadAction\",\"target\":[\"https:\/\/alexnabytek.cz\/satninabytek\/kategorie\/satni-lavicky\/satni-lavicky-fitt\/s-drevenym-sedakem\/\"]}]},{\"@type\":\"ImageObject\",\"inLanguage\":\"en-US\",\"@id\":\"https:\/\/alexnabytek.cz\/satninabytek\/kategorie\/satni-lavicky\/satni-lavicky-fitt\/s-drevenym-sedakem\/#primaryimage\",\"url\":\"https:\/\/alexnabytek.cz\/satninabytek\/wp-content\/uploads\/2019\/11\/FITTfaleces.jpg\",\"contentUrl\":\"https:\/\/alexnabytek.cz\/satninabytek\/wp-content\/uploads\/2019\/11\/FITTfaleces.jpg\",\"width\":800,\"height\":560},{\"@type\":\"BreadcrumbList\",\"@id\":\"https:\/\/alexnabytek.cz\/satninabytek\/kategorie\/satni-lavicky\/satni-lavicky-fitt\/s-drevenym-sedakem\/#breadcrumb\",\"itemListElement\":[{\"@type\":\"ListItem\",\"position\":1,\"name\":\"Home\",\"item\":\"https:\/\/alexnabytek.cz\/satninabytek\/\"},{\"@type\":\"ListItem\",\"position\":2,\"name\":\"Produkty\",\"item\":\"https:\/\/alexnabytek.cz\/satninabytek\/kategorie\/\"},{\"@type\":\"ListItem\",\"position\":3,\"name\":\"\u0160atn\u00ed lavi\u010dky\",\"item\":\"https:\/\/alexnabytek.cz\/satninabytek\/kategorie\/satni-lavicky\/\"},{\"@type\":\"ListItem\",\"position\":4,\"name\":\"\u0160atn\u00ed lavi\u010dky FITT\",\"item\":\"https:\/\/alexnabytek.cz\/satninabytek\/kategorie\/satni-lavicky\/satni-lavicky-fitt\/\"},{\"@type\":\"ListItem\",\"position\":5,\"name\":\"S d\u0159ev\u011bn\u00fdm sed\u00e1kem\"}]},{\"@type\":\"WebSite\",\"@id\":\"https:\/\/alexnabytek.cz\/satninabytek\/#website\",\"url\":\"https:\/\/alexnabytek.cz\/satninabytek\/\",\"name\":\"\u0160ATN\u00cd N\u00c1BYTEK\",\"description\":\"Alex kovov\u00fd a \u0161koln\u00ed n\u00e1bytek s.r.o.\",\"potentialAction\":[{\"@type\":\"SearchAction\",\"target\":{\"@type\":\"EntryPoint\",\"urlTemplate\":\"https:\/\/alexnabytek.cz\/satninabytek\/?s={search_term_string}\"},\"query-input\":{\"@type\":\"PropertyValueSpecification\",\"valueRequired\":true,\"valueName\":\"search_term_string\"}}],\"inLanguage\":\"en-US\"}]}<\/script>\n<!-- \/ Yoast SEO plugin. -->","yoast_head_json":{"title":"S d\u0159ev\u011bn\u00fdm sed\u00e1kem - \u0160ATN\u00cd N\u00c1BYTEK","robots":{"index":"index","follow":"follow","max-snippet":"max-snippet:-1","max-image-preview":"max-image-preview:large","max-video-preview":"max-video-preview:-1"},"canonical":"https:\/\/alexnabytek.cz\/satninabytek\/kategorie\/satni-lavicky\/satni-lavicky-fitt\/s-drevenym-sedakem\/","og_locale":"cs_CZ","og_type":"article","og_title":"S d\u0159ev\u011bn\u00fdm sed\u00e1kem - \u0160ATN\u00cd N\u00c1BYTEK","og_url":"https:\/\/alexnabytek.cz\/satninabytek\/kategorie\/satni-lavicky\/satni-lavicky-fitt\/s-drevenym-sedakem\/","og_site_name":"\u0160ATN\u00cd N\u00c1BYTEK","og_image":[{"width":800,"height":560,"url":"https:\/\/alexnabytek.cz\/satninabytek\/wp-content\/uploads\/2019\/11\/FITTfaleces.jpg","type":"image\/jpeg"}],"twitter_card":"summary_large_image","schema":{"@context":"https:\/\/schema.org","@graph":[{"@type":"WebPage","@id":"https:\/\/alexnabytek.cz\/satninabytek\/kategorie\/satni-lavicky\/satni-lavicky-fitt\/s-drevenym-sedakem\/","url":"https:\/\/alexnabytek.cz\/satninabytek\/kategorie\/satni-lavicky\/satni-lavicky-fitt\/s-drevenym-sedakem\/","name":"S d\u0159ev\u011bn\u00fdm sed\u00e1kem - \u0160ATN\u00cd N\u00c1BYTEK","isPartOf":{"@id":"https:\/\/alexnabytek.cz\/satninabytek\/#website"},"primaryImageOfPage":{"@id":"https:\/\/alexnabytek.cz\/satninabytek\/kategorie\/satni-lavicky\/satni-lavicky-fitt\/s-drevenym-sedakem\/#primaryimage"},"image":{"@id":"https:\/\/alexnabytek.cz\/satninabytek\/kategorie\/satni-lavicky\/satni-lavicky-fitt\/s-drevenym-sedakem\/#primaryimage"},"thumbnailUrl":"https:\/\/alexnabytek.cz\/satninabytek\/wp-content\/uploads\/2019\/11\/FITTfaleces.jpg","datePublished":"2019-11-06T09:30:00+00:00","breadcrumb":{"@id":"https:\/\/alexnabytek.cz\/satninabytek\/kategorie\/satni-lavicky\/satni-lavicky-fitt\/s-drevenym-sedakem\/#breadcrumb"},"inLanguage":"en-US","potentialAction":[{"@type":"ReadAction","target":["https:\/\/alexnabytek.cz\/satninabytek\/kategorie\/satni-lavicky\/satni-lavicky-fitt\/s-drevenym-sedakem\/"]}]},{"@type":"ImageObject","inLanguage":"en-US","@id":"https:\/\/alexnabytek.cz\/satninabytek\/kategorie\/satni-lavicky\/satni-lavicky-fitt\/s-drevenym-sedakem\/#primaryimage","url":"https:\/\/alexnabytek.cz\/satninabytek\/wp-content\/uploads\/2019\/11\/FITTfaleces.jpg","contentUrl":"https:\/\/alexnabytek.cz\/satninabytek\/wp-content\/uploads\/2019\/11\/FITTfaleces.jpg","width":800,"height":560},{"@type":"BreadcrumbList","@id":"https:\/\/alexnabytek.cz\/satninabytek\/kategorie\/satni-lavicky\/satni-lavicky-fitt\/s-drevenym-sedakem\/#breadcrumb","itemListElement":[{"@type":"ListItem","position":1,"name":"Home","item":"https:\/\/alexnabytek.cz\/satninabytek\/"},{"@type":"ListItem","position":2,"name":"Produkty","item":"https:\/\/alexnabytek.cz\/satninabytek\/kategorie\/"},{"@type":"ListItem","position":3,"name":"\u0160atn\u00ed lavi\u010dky","item":"https:\/\/alexnabytek.cz\/satninabytek\/kategorie\/satni-lavicky\/"},{"@type":"ListItem","position":4,"name":"\u0160atn\u00ed lavi\u010dky FITT","item":"https:\/\/alexnabytek.cz\/satninabytek\/kategorie\/satni-lavicky\/satni-lavicky-fitt\/"},{"@type":"ListItem","position":5,"name":"S d\u0159ev\u011bn\u00fdm sed\u00e1kem"}]},{"@type":"WebSite","@id":"https:\/\/alexnabytek.cz\/satninabytek\/#website","url":"https:\/\/alexnabytek.cz\/satninabytek\/","name":"\u0160ATN\u00cd N\u00c1BYTEK","description":"Alex kovov\u00fd a \u0161koln\u00ed n\u00e1bytek s.r.o.","potentialAction":[{"@type":"SearchAction","target":{"@type":"EntryPoint","urlTemplate":"https:\/\/alexnabytek.cz\/satninabytek\/?s={search_term_string}"},"query-input":{"@type":"PropertyValueSpecification","valueRequired":true,"valueName":"search_term_string"}}],"inLanguage":"en-US"}]}},"_links":{"self":[{"href":"https:\/\/alexnabytek.cz\/satninabytek\/wp-json\/wp\/v2\/pages\/47867","targetHints":{"allow":["GET"]}}],"collection":[{"href":"https:\/\/alexnabytek.cz\/satninabytek\/wp-json\/wp\/v2\/pages"}],"about":[{"href":"https:\/\/alexnabytek.cz\/satninabytek\/wp-json\/wp\/v2\/types\/page"}],"author":[{"embeddable":true,"href":"https:\/\/alexnabytek.cz\/satninabytek\/wp-json\/wp\/v2\/users\/3"}],"replies":[{"embeddable":true,"href":"https:\/\/alexnabytek.cz\/satninabytek\/wp-json\/wp\/v2\/comments?post=47867"}],"version-history":[{"count":1,"href":"https:\/\/alexnabytek.cz\/satninabytek\/wp-json\/wp\/v2\/pages\/47867\/revisions"}],"predecessor-version":[{"id":47870,"href":"https:\/\/alexnabytek.cz\/satninabytek\/wp-json\/wp\/v2\/pages\/47867\/revisions\/47870"}],"up":[{"embeddable":true,"href":"https:\/\/alexnabytek.cz\/satninabytek\/wp-json\/wp\/v2\/pages\/31374"}],"wp:featuredmedia":[{"embeddable":true,"href":"https:\/\/alexnabytek.cz\/satninabytek\/wp-json\/wp\/v2\/media\/47868"}],"wp:attachment":[{"href":"https:\/\/alexnabytek.cz\/satninabytek\/wp-json\/wp\/v2\/media?parent=47867"}],"curies":[{"name":"wp","href":"https:\/\/api.w.org\/{rel}","templated":true}]}}