{"id":63525,"date":"2025-01-18T17:18:11","date_gmt":"2025-01-18T17:18:11","guid":{"rendered":"http:\/\/alexnabytek.cz\/satninabytek\/?page_id=63525"},"modified":"2025-01-18T17:18:11","modified_gmt":"2025-01-18T17:18:11","slug":"lavicovy-system","status":"publish","type":"page","link":"https:\/\/alexnabytek.cz\/satninabytek\/kategorie\/spolecenske-prostory\/jidelni-nabytek\/lavicovy-system\/","title":{"rendered":"Lavicov\u00fd syst\u00e9m"},"content":{"rendered":"","protected":false},"excerpt":{"rendered":"","protected":false},"author":3,"featured_media":63526,"parent":51283,"menu_order":0,"comment_status":"closed","ping_status":"closed","template":"page-Portfolio4Cols-filterable.php","meta":{"footnotes":""},"class_list":["post-63525","page","type-page","status-publish","has-post-thumbnail","hentry"],"yoast_head":"<!-- This site is optimized with the Yoast SEO plugin v24.6 - https:\/\/yoast.com\/wordpress\/plugins\/seo\/ -->\n<title>Lavicov\u00fd syst\u00e9m - \u0160ATN\u00cd N\u00c1BYTEK<\/title>\n<meta name=\"robots\" content=\"index, follow, max-snippet:-1, max-image-preview:large, max-video-preview:-1\" \/>\n<link rel=\"canonical\" href=\"https:\/\/alexnabytek.cz\/satninabytek\/kategorie\/spolecenske-prostory\/jidelni-nabytek\/lavicovy-system\/\" \/>\n<meta property=\"og:locale\" content=\"cs_CZ\" \/>\n<meta property=\"og:type\" content=\"article\" \/>\n<meta property=\"og:title\" content=\"Lavicov\u00fd syst\u00e9m - \u0160ATN\u00cd N\u00c1BYTEK\" \/>\n<meta property=\"og:url\" content=\"https:\/\/alexnabytek.cz\/satninabytek\/kategorie\/spolecenske-prostory\/jidelni-nabytek\/lavicovy-system\/\" \/>\n<meta property=\"og:site_name\" content=\"\u0160ATN\u00cd N\u00c1BYTEK\" \/>\n<meta property=\"og:image\" content=\"https:\/\/alexnabytek.cz\/satninabytek\/wp-content\/uploads\/2025\/01\/KAT-padrenszer.jpg\" \/>\n\t<meta property=\"og:image:width\" content=\"800\" \/>\n\t<meta property=\"og:image:height\" content=\"560\" \/>\n\t<meta property=\"og:image:type\" content=\"image\/jpeg\" \/>\n<meta name=\"twitter:card\" content=\"summary_large_image\" \/>\n<script type=\"application\/ld+json\" class=\"yoast-schema-graph\">{\"@context\":\"https:\/\/schema.org\",\"@graph\":[{\"@type\":\"WebPage\",\"@id\":\"https:\/\/alexnabytek.cz\/satninabytek\/kategorie\/spolecenske-prostory\/jidelni-nabytek\/lavicovy-system\/\",\"url\":\"https:\/\/alexnabytek.cz\/satninabytek\/kategorie\/spolecenske-prostory\/jidelni-nabytek\/lavicovy-system\/\",\"name\":\"Lavicov\u00fd syst\u00e9m - \u0160ATN\u00cd N\u00c1BYTEK\",\"isPartOf\":{\"@id\":\"https:\/\/alexnabytek.cz\/satninabytek\/#website\"},\"primaryImageOfPage\":{\"@id\":\"https:\/\/alexnabytek.cz\/satninabytek\/kategorie\/spolecenske-prostory\/jidelni-nabytek\/lavicovy-system\/#primaryimage\"},\"image\":{\"@id\":\"https:\/\/alexnabytek.cz\/satninabytek\/kategorie\/spolecenske-prostory\/jidelni-nabytek\/lavicovy-system\/#primaryimage\"},\"thumbnailUrl\":\"https:\/\/alexnabytek.cz\/satninabytek\/wp-content\/uploads\/2025\/01\/KAT-padrenszer.jpg\",\"datePublished\":\"2025-01-18T17:18:11+00:00\",\"breadcrumb\":{\"@id\":\"https:\/\/alexnabytek.cz\/satninabytek\/kategorie\/spolecenske-prostory\/jidelni-nabytek\/lavicovy-system\/#breadcrumb\"},\"inLanguage\":\"en-US\",\"potentialAction\":[{\"@type\":\"ReadAction\",\"target\":[\"https:\/\/alexnabytek.cz\/satninabytek\/kategorie\/spolecenske-prostory\/jidelni-nabytek\/lavicovy-system\/\"]}]},{\"@type\":\"ImageObject\",\"inLanguage\":\"en-US\",\"@id\":\"https:\/\/alexnabytek.cz\/satninabytek\/kategorie\/spolecenske-prostory\/jidelni-nabytek\/lavicovy-system\/#primaryimage\",\"url\":\"https:\/\/alexnabytek.cz\/satninabytek\/wp-content\/uploads\/2025\/01\/KAT-padrenszer.jpg\",\"contentUrl\":\"https:\/\/alexnabytek.cz\/satninabytek\/wp-content\/uploads\/2025\/01\/KAT-padrenszer.jpg\",\"width\":800,\"height\":560},{\"@type\":\"BreadcrumbList\",\"@id\":\"https:\/\/alexnabytek.cz\/satninabytek\/kategorie\/spolecenske-prostory\/jidelni-nabytek\/lavicovy-system\/#breadcrumb\",\"itemListElement\":[{\"@type\":\"ListItem\",\"position\":1,\"name\":\"Home\",\"item\":\"https:\/\/alexnabytek.cz\/satninabytek\/\"},{\"@type\":\"ListItem\",\"position\":2,\"name\":\"Produkty\",\"item\":\"https:\/\/alexnabytek.cz\/satninabytek\/kategorie\/\"},{\"@type\":\"ListItem\",\"position\":3,\"name\":\"Spole\u010densk\u00e9 prostory\",\"item\":\"https:\/\/alexnabytek.cz\/satninabytek\/kategorie\/spolecenske-prostory\/\"},{\"@type\":\"ListItem\",\"position\":4,\"name\":\"J\u00eddeln\u00ed n\u00e1bytek\",\"item\":\"https:\/\/alexnabytek.cz\/satninabytek\/kategorie\/spolecenske-prostory\/jidelni-nabytek\/\"},{\"@type\":\"ListItem\",\"position\":5,\"name\":\"Lavicov\u00fd syst\u00e9m\"}]},{\"@type\":\"WebSite\",\"@id\":\"https:\/\/alexnabytek.cz\/satninabytek\/#website\",\"url\":\"https:\/\/alexnabytek.cz\/satninabytek\/\",\"name\":\"\u0160ATN\u00cd N\u00c1BYTEK\",\"description\":\"Alex kovov\u00fd a \u0161koln\u00ed n\u00e1bytek s.r.o.\",\"potentialAction\":[{\"@type\":\"SearchAction\",\"target\":{\"@type\":\"EntryPoint\",\"urlTemplate\":\"https:\/\/alexnabytek.cz\/satninabytek\/?s={search_term_string}\"},\"query-input\":{\"@type\":\"PropertyValueSpecification\",\"valueRequired\":true,\"valueName\":\"search_term_string\"}}],\"inLanguage\":\"en-US\"}]}<\/script>\n<!-- \/ Yoast SEO plugin. -->","yoast_head_json":{"title":"Lavicov\u00fd syst\u00e9m - \u0160ATN\u00cd N\u00c1BYTEK","robots":{"index":"index","follow":"follow","max-snippet":"max-snippet:-1","max-image-preview":"max-image-preview:large","max-video-preview":"max-video-preview:-1"},"canonical":"https:\/\/alexnabytek.cz\/satninabytek\/kategorie\/spolecenske-prostory\/jidelni-nabytek\/lavicovy-system\/","og_locale":"cs_CZ","og_type":"article","og_title":"Lavicov\u00fd syst\u00e9m - \u0160ATN\u00cd N\u00c1BYTEK","og_url":"https:\/\/alexnabytek.cz\/satninabytek\/kategorie\/spolecenske-prostory\/jidelni-nabytek\/lavicovy-system\/","og_site_name":"\u0160ATN\u00cd N\u00c1BYTEK","og_image":[{"width":800,"height":560,"url":"https:\/\/alexnabytek.cz\/satninabytek\/wp-content\/uploads\/2025\/01\/KAT-padrenszer.jpg","type":"image\/jpeg"}],"twitter_card":"summary_large_image","schema":{"@context":"https:\/\/schema.org","@graph":[{"@type":"WebPage","@id":"https:\/\/alexnabytek.cz\/satninabytek\/kategorie\/spolecenske-prostory\/jidelni-nabytek\/lavicovy-system\/","url":"https:\/\/alexnabytek.cz\/satninabytek\/kategorie\/spolecenske-prostory\/jidelni-nabytek\/lavicovy-system\/","name":"Lavicov\u00fd syst\u00e9m - \u0160ATN\u00cd N\u00c1BYTEK","isPartOf":{"@id":"https:\/\/alexnabytek.cz\/satninabytek\/#website"},"primaryImageOfPage":{"@id":"https:\/\/alexnabytek.cz\/satninabytek\/kategorie\/spolecenske-prostory\/jidelni-nabytek\/lavicovy-system\/#primaryimage"},"image":{"@id":"https:\/\/alexnabytek.cz\/satninabytek\/kategorie\/spolecenske-prostory\/jidelni-nabytek\/lavicovy-system\/#primaryimage"},"thumbnailUrl":"https:\/\/alexnabytek.cz\/satninabytek\/wp-content\/uploads\/2025\/01\/KAT-padrenszer.jpg","datePublished":"2025-01-18T17:18:11+00:00","breadcrumb":{"@id":"https:\/\/alexnabytek.cz\/satninabytek\/kategorie\/spolecenske-prostory\/jidelni-nabytek\/lavicovy-system\/#breadcrumb"},"inLanguage":"en-US","potentialAction":[{"@type":"ReadAction","target":["https:\/\/alexnabytek.cz\/satninabytek\/kategorie\/spolecenske-prostory\/jidelni-nabytek\/lavicovy-system\/"]}]},{"@type":"ImageObject","inLanguage":"en-US","@id":"https:\/\/alexnabytek.cz\/satninabytek\/kategorie\/spolecenske-prostory\/jidelni-nabytek\/lavicovy-system\/#primaryimage","url":"https:\/\/alexnabytek.cz\/satninabytek\/wp-content\/uploads\/2025\/01\/KAT-padrenszer.jpg","contentUrl":"https:\/\/alexnabytek.cz\/satninabytek\/wp-content\/uploads\/2025\/01\/KAT-padrenszer.jpg","width":800,"height":560},{"@type":"BreadcrumbList","@id":"https:\/\/alexnabytek.cz\/satninabytek\/kategorie\/spolecenske-prostory\/jidelni-nabytek\/lavicovy-system\/#breadcrumb","itemListElement":[{"@type":"ListItem","position":1,"name":"Home","item":"https:\/\/alexnabytek.cz\/satninabytek\/"},{"@type":"ListItem","position":2,"name":"Produkty","item":"https:\/\/alexnabytek.cz\/satninabytek\/kategorie\/"},{"@type":"ListItem","position":3,"name":"Spole\u010densk\u00e9 prostory","item":"https:\/\/alexnabytek.cz\/satninabytek\/kategorie\/spolecenske-prostory\/"},{"@type":"ListItem","position":4,"name":"J\u00eddeln\u00ed n\u00e1bytek","item":"https:\/\/alexnabytek.cz\/satninabytek\/kategorie\/spolecenske-prostory\/jidelni-nabytek\/"},{"@type":"ListItem","position":5,"name":"Lavicov\u00fd syst\u00e9m"}]},{"@type":"WebSite","@id":"https:\/\/alexnabytek.cz\/satninabytek\/#website","url":"https:\/\/alexnabytek.cz\/satninabytek\/","name":"\u0160ATN\u00cd N\u00c1BYTEK","description":"Alex kovov\u00fd a \u0161koln\u00ed n\u00e1bytek s.r.o.","potentialAction":[{"@type":"SearchAction","target":{"@type":"EntryPoint","urlTemplate":"https:\/\/alexnabytek.cz\/satninabytek\/?s={search_term_string}"},"query-input":{"@type":"PropertyValueSpecification","valueRequired":true,"valueName":"search_term_string"}}],"inLanguage":"en-US"}]}},"_links":{"self":[{"href":"https:\/\/alexnabytek.cz\/satninabytek\/wp-json\/wp\/v2\/pages\/63525","targetHints":{"allow":["GET"]}}],"collection":[{"href":"https:\/\/alexnabytek.cz\/satninabytek\/wp-json\/wp\/v2\/pages"}],"about":[{"href":"https:\/\/alexnabytek.cz\/satninabytek\/wp-json\/wp\/v2\/types\/page"}],"author":[{"embeddable":true,"href":"https:\/\/alexnabytek.cz\/satninabytek\/wp-json\/wp\/v2\/users\/3"}],"replies":[{"embeddable":true,"href":"https:\/\/alexnabytek.cz\/satninabytek\/wp-json\/wp\/v2\/comments?post=63525"}],"version-history":[{"count":1,"href":"https:\/\/alexnabytek.cz\/satninabytek\/wp-json\/wp\/v2\/pages\/63525\/revisions"}],"predecessor-version":[{"id":63527,"href":"https:\/\/alexnabytek.cz\/satninabytek\/wp-json\/wp\/v2\/pages\/63525\/revisions\/63527"}],"up":[{"embeddable":true,"href":"https:\/\/alexnabytek.cz\/satninabytek\/wp-json\/wp\/v2\/pages\/51283"}],"wp:featuredmedia":[{"embeddable":true,"href":"https:\/\/alexnabytek.cz\/satninabytek\/wp-json\/wp\/v2\/media\/63526"}],"wp:attachment":[{"href":"https:\/\/alexnabytek.cz\/satninabytek\/wp-json\/wp\/v2\/media?parent=63525"}],"curies":[{"name":"wp","href":"https:\/\/api.w.org\/{rel}","templated":true}]}}