{"id":46558,"date":"2017-09-04T11:19:32","date_gmt":"2017-09-04T11:19:32","guid":{"rendered":"http:\/\/alexnabytek.cz\/skolninabytek\/?page_id=46558"},"modified":"2020-06-26T09:05:50","modified_gmt":"2020-06-26T09:05:50","slug":"skolni-tabule","status":"publish","type":"page","link":"https:\/\/alexnabytek.cz\/skolninabytek\/kategorie\/skolni-tabule\/","title":{"rendered":"\u0160koln\u00ed tabule"},"content":{"rendered":"\r\n\t<li class=\"portfolio_item isotope-item\"><div class=\"portfolio_item_holder\"><figure class=\"thumbnail thumbnail__portfolio\"><a href=\"https:\/\/alexnabytek.cz\/skolninabytek\/kategorie\/skolni-tabule\/klasicke-nastenne-tabule\/\" class=\"image-wrap\"><img decoding=\"async\" src=\"https:\/\/alexnabytek.cz\/skolninabytek\/wp-content\/uploads\/2017\/09\/Iskolabutor_05_01_Classic_falitabla.jpg\" alt=\"Klasick\u00e9 n\u00e1st\u011bnn\u00e9 tabule\"><\/a><\/figure><div class=\"caption caption__portfolio\"><h3><a href=\"https:\/\/alexnabytek.cz\/skolninabytek\/kategorie\/skolni-tabule\/klasicke-nastenne-tabule\/\">Klasick\u00e9 n\u00e1st\u011bnn\u00e9 tabule<\/a><\/h3><\/div><\/div><\/li>\n\r\n\t<li class=\"portfolio_item isotope-item\"><div class=\"portfolio_item_holder\"><figure class=\"thumbnail thumbnail__portfolio\"><a href=\"https:\/\/alexnabytek.cz\/skolninabytek\/kategorie\/skolni-tabule\/vario-nastenne-tabule\/\" class=\"image-wrap\"><img decoding=\"async\" src=\"https:\/\/alexnabytek.cz\/skolninabytek\/wp-content\/uploads\/2017\/09\/Iskolabutor_05_02_Vario_falitabla.jpg\" alt=\"Vario n\u00e1st\u011bnn\u00e9 tabule\"><\/a><\/figure><div class=\"caption caption__portfolio\"><h3><a href=\"https:\/\/alexnabytek.cz\/skolninabytek\/kategorie\/skolni-tabule\/vario-nastenne-tabule\/\">Vario n\u00e1st\u011bnn\u00e9 tabule<\/a><\/h3><\/div><\/div><\/li>\n\r\n\t<li class=\"portfolio_item isotope-item\"><div class=\"portfolio_item_holder\"><figure class=\"thumbnail thumbnail__portfolio\"><a href=\"https:\/\/alexnabytek.cz\/skolninabytek\/kategorie\/skolni-tabule\/vario-tabule-se-svislym-posunem\/\" class=\"image-wrap\"><img decoding=\"async\" src=\"https:\/\/alexnabytek.cz\/skolninabytek\/wp-content\/uploads\/2017\/09\/Iskolabutor_05_03_Vario_fuggolegesen_mozgathato_falitabla.jpg\" alt=\"Vario tabule se svisl\u00fdm posunem\"><\/a><\/figure><div class=\"caption caption__portfolio\"><h3><a href=\"https:\/\/alexnabytek.cz\/skolninabytek\/kategorie\/skolni-tabule\/vario-tabule-se-svislym-posunem\/\">Vario tabule se svisl\u00fdm posunem<\/a><\/h3><\/div><\/div><\/li>\n\r\n\t<li class=\"portfolio_item isotope-item\"><div class=\"portfolio_item_holder\"><figure class=\"thumbnail thumbnail__portfolio\"><a href=\"https:\/\/alexnabytek.cz\/skolninabytek\/kategorie\/skolni-tabule\/tabulove-stojany\/\" class=\"image-wrap\"><img decoding=\"async\" src=\"https:\/\/alexnabytek.cz\/skolninabytek\/wp-content\/uploads\/2017\/09\/Iskolabutor_05_04_Tablaallvanyok.jpg\" alt=\"Tabulov\u00e9 stojany\"><\/a><\/figure><div class=\"caption caption__portfolio\"><h3><a href=\"https:\/\/alexnabytek.cz\/skolninabytek\/kategorie\/skolni-tabule\/tabulove-stojany\/\">Tabulov\u00e9 stojany<\/a><\/h3><\/div><\/div><\/li>\n\r\n\t<li class=\"portfolio_item isotope-item\"><div class=\"portfolio_item_holder\"><figure class=\"thumbnail thumbnail__portfolio\"><a href=\"https:\/\/alexnabytek.cz\/skolninabytek\/kategorie\/skolni-tabule\/nezavisle-a-protivazne-sloupove-tabule\/\" class=\"image-wrap\"><img decoding=\"async\" src=\"https:\/\/alexnabytek.cz\/skolninabytek\/wp-content\/uploads\/2017\/09\/Iskolabutor_05_06_Fuggetlen_es_ellenmozgo_oszlopallvanyos_tabla.jpg\" alt=\"Nez\u00e1visl\u00e9 a protiv\u00e1\u017en\u00e9 sloupov\u00e9 tabule\"><\/a><\/figure><div class=\"caption caption__portfolio\"><h3><a href=\"https:\/\/alexnabytek.cz\/skolninabytek\/kategorie\/skolni-tabule\/nezavisle-a-protivazne-sloupove-tabule\/\">Nez\u00e1visl\u00e9 a protiv\u00e1\u017en\u00e9 sloupov\u00e9 tabule<\/a><\/h3><\/div><\/div><\/li>\n\r\n\t<li class=\"portfolio_item isotope-item\"><div class=\"portfolio_item_holder\"><figure class=\"thumbnail thumbnail__portfolio\"><a href=\"https:\/\/alexnabytek.cz\/skolninabytek\/kategorie\/skolni-tabule\/vario-volne-pohyblive-sloupove-tabule\/\" class=\"image-wrap\"><img decoding=\"async\" src=\"https:\/\/alexnabytek.cz\/skolninabytek\/wp-content\/uploads\/2017\/09\/Iskolabutor_05_07_Vario_szabadon_mozgathato_oszlopallvanyos_tabla.jpg\" alt=\"Vario voln\u011b pohybliv\u00e9 sloupov\u00e9 tabule\"><\/a><\/figure><div class=\"caption caption__portfolio\"><h3><a href=\"https:\/\/alexnabytek.cz\/skolninabytek\/kategorie\/skolni-tabule\/vario-volne-pohyblive-sloupove-tabule\/\">Vario voln\u011b pohybliv\u00e9 sloupov\u00e9 tabule<\/a><\/h3><\/div><\/div><\/li>\n\r\n\t<li class=\"portfolio_item isotope-item\"><div class=\"portfolio_item_holder\"><figure class=\"thumbnail thumbnail__portfolio\"><a href=\"https:\/\/alexnabytek.cz\/skolninabytek\/kategorie\/skolni-tabule\/nastenky\/\" class=\"image-wrap\"><img decoding=\"async\" src=\"https:\/\/alexnabytek.cz\/skolninabytek\/wp-content\/uploads\/2017\/09\/Iskolabutor_05_09_Uzenofal.jpg\" alt=\"N\u00e1st\u011bnka\"><\/a><\/figure><div class=\"caption caption__portfolio\"><h3><a href=\"https:\/\/alexnabytek.cz\/skolninabytek\/kategorie\/skolni-tabule\/nastenky\/\">N\u00e1st\u011bnka<\/a><\/h3><\/div><\/div><\/li>\n\r\n\t<li class=\"portfolio_item isotope-item\"><div class=\"portfolio_item_holder\"><figure class=\"thumbnail thumbnail__portfolio\"><a href=\"https:\/\/alexnabytek.cz\/skolninabytek\/kategorie\/skolni-tabule\/prislusenstvi-k-tabulim\/\" class=\"image-wrap\"><img decoding=\"async\" src=\"https:\/\/alexnabytek.cz\/skolninabytek\/wp-content\/uploads\/2017\/09\/Iskolabutor_05_10_Tablaeszkozok.jpg\" alt=\"P\u0159\u00edslu\u0161enstv\u00ed k tabul\u00edm\"><\/a><\/figure><div class=\"caption caption__portfolio\"><h3><a href=\"https:\/\/alexnabytek.cz\/skolninabytek\/kategorie\/skolni-tabule\/prislusenstvi-k-tabulim\/\">P\u0159\u00edslu\u0161enstv\u00ed k tabul\u00edm<\/a><\/h3><\/div><\/div><\/li>\n\r\n\t<li class=\"portfolio_item isotope-item\"><div class=\"portfolio_item_holder\"><figure class=\"thumbnail thumbnail__portfolio\"><a href=\"https:\/\/alexnabytek.cz\/skolninabytek\/kategorie\/skolni-tabule\/modularni-system-tabuli\/\" class=\"image-wrap\"><img decoding=\"async\" src=\"https:\/\/alexnabytek.cz\/skolninabytek\/wp-content\/uploads\/2017\/09\/Iskolabutor_05_11_Modularis_falrendszer.jpg\" alt=\"Modul\u00e1rn\u00ed syst\u00e9m tabul\u00ed\"><\/a><\/figure><div class=\"caption caption__portfolio\"><h3><a href=\"https:\/\/alexnabytek.cz\/skolninabytek\/kategorie\/skolni-tabule\/modularni-system-tabuli\/\">Modul\u00e1rn\u00ed syst\u00e9m tabul\u00ed<\/a><\/h3><\/div><\/div><\/li>\n","protected":false},"excerpt":{"rendered":"","protected":false},"author":3,"featured_media":0,"parent":19,"menu_order":0,"comment_status":"closed","ping_status":"closed","template":"page-Portfolio4Cols-alexsub.php","meta":{"footnotes":""},"class_list":["post-46558","page","type-page","status-publish","hentry"],"yoast_head":"<!-- This site is optimized with the Yoast SEO plugin v24.6 - https:\/\/yoast.com\/wordpress\/plugins\/seo\/ -->\n<title>\u0160koln\u00ed tabule - \u0160KOLN\u00cd N\u00c1BYTEK<\/title>\n<meta name=\"robots\" content=\"index, follow, max-snippet:-1, max-image-preview:large, max-video-preview:-1\" \/>\n<link rel=\"canonical\" href=\"https:\/\/alexnabytek.cz\/skolninabytek\/kategorie\/skolni-tabule\/\" \/>\n<meta property=\"og:locale\" content=\"cs_CZ\" \/>\n<meta property=\"og:type\" content=\"article\" \/>\n<meta property=\"og:title\" content=\"\u0160koln\u00ed tabule - \u0160KOLN\u00cd N\u00c1BYTEK\" \/>\n<meta property=\"og:url\" content=\"https:\/\/alexnabytek.cz\/skolninabytek\/kategorie\/skolni-tabule\/\" \/>\n<meta property=\"og:site_name\" content=\"\u0160KOLN\u00cd N\u00c1BYTEK\" \/>\n<meta property=\"article:modified_time\" content=\"2020-06-26T09:05:50+00:00\" \/>\n<meta name=\"twitter:card\" content=\"summary_large_image\" \/>\n<meta name=\"twitter:label1\" content=\"Est. reading time\" \/>\n\t<meta name=\"twitter:data1\" content=\"1 minute\" \/>\n<script type=\"application\/ld+json\" class=\"yoast-schema-graph\">{\"@context\":\"https:\/\/schema.org\",\"@graph\":[{\"@type\":\"WebPage\",\"@id\":\"https:\/\/alexnabytek.cz\/skolninabytek\/kategorie\/skolni-tabule\/\",\"url\":\"https:\/\/alexnabytek.cz\/skolninabytek\/kategorie\/skolni-tabule\/\",\"name\":\"\u0160koln\u00ed tabule - \u0160KOLN\u00cd N\u00c1BYTEK\",\"isPartOf\":{\"@id\":\"https:\/\/alexnabytek.cz\/skolninabytek\/#website\"},\"datePublished\":\"2017-09-04T11:19:32+00:00\",\"dateModified\":\"2020-06-26T09:05:50+00:00\",\"breadcrumb\":{\"@id\":\"https:\/\/alexnabytek.cz\/skolninabytek\/kategorie\/skolni-tabule\/#breadcrumb\"},\"inLanguage\":\"en-US\",\"potentialAction\":[{\"@type\":\"ReadAction\",\"target\":[\"https:\/\/alexnabytek.cz\/skolninabytek\/kategorie\/skolni-tabule\/\"]}]},{\"@type\":\"BreadcrumbList\",\"@id\":\"https:\/\/alexnabytek.cz\/skolninabytek\/kategorie\/skolni-tabule\/#breadcrumb\",\"itemListElement\":[{\"@type\":\"ListItem\",\"position\":1,\"name\":\"Home\",\"item\":\"https:\/\/alexnabytek.cz\/skolninabytek\/\"},{\"@type\":\"ListItem\",\"position\":2,\"name\":\"Produkty\",\"item\":\"https:\/\/alexnabytek.cz\/skolninabytek\/kategorie\/\"},{\"@type\":\"ListItem\",\"position\":3,\"name\":\"\u0160koln\u00ed tabule\"}]},{\"@type\":\"WebSite\",\"@id\":\"https:\/\/alexnabytek.cz\/skolninabytek\/#website\",\"url\":\"https:\/\/alexnabytek.cz\/skolninabytek\/\",\"name\":\"\u0160KOLN\u00cd N\u00c1BYTEK\",\"description\":\"Alex kovov\u00fd a \u0161koln\u00ed n\u00e1bytek s.r.o\",\"potentialAction\":[{\"@type\":\"SearchAction\",\"target\":{\"@type\":\"EntryPoint\",\"urlTemplate\":\"https:\/\/alexnabytek.cz\/skolninabytek\/?s={search_term_string}\"},\"query-input\":{\"@type\":\"PropertyValueSpecification\",\"valueRequired\":true,\"valueName\":\"search_term_string\"}}],\"inLanguage\":\"en-US\"}]}<\/script>\n<!-- \/ Yoast SEO plugin. -->","yoast_head_json":{"title":"\u0160koln\u00ed tabule - \u0160KOLN\u00cd N\u00c1BYTEK","robots":{"index":"index","follow":"follow","max-snippet":"max-snippet:-1","max-image-preview":"max-image-preview:large","max-video-preview":"max-video-preview:-1"},"canonical":"https:\/\/alexnabytek.cz\/skolninabytek\/kategorie\/skolni-tabule\/","og_locale":"cs_CZ","og_type":"article","og_title":"\u0160koln\u00ed tabule - \u0160KOLN\u00cd N\u00c1BYTEK","og_url":"https:\/\/alexnabytek.cz\/skolninabytek\/kategorie\/skolni-tabule\/","og_site_name":"\u0160KOLN\u00cd N\u00c1BYTEK","article_modified_time":"2020-06-26T09:05:50+00:00","twitter_card":"summary_large_image","twitter_misc":{"Est. reading time":"1 minute"},"schema":{"@context":"https:\/\/schema.org","@graph":[{"@type":"WebPage","@id":"https:\/\/alexnabytek.cz\/skolninabytek\/kategorie\/skolni-tabule\/","url":"https:\/\/alexnabytek.cz\/skolninabytek\/kategorie\/skolni-tabule\/","name":"\u0160koln\u00ed tabule - \u0160KOLN\u00cd N\u00c1BYTEK","isPartOf":{"@id":"https:\/\/alexnabytek.cz\/skolninabytek\/#website"},"datePublished":"2017-09-04T11:19:32+00:00","dateModified":"2020-06-26T09:05:50+00:00","breadcrumb":{"@id":"https:\/\/alexnabytek.cz\/skolninabytek\/kategorie\/skolni-tabule\/#breadcrumb"},"inLanguage":"en-US","potentialAction":[{"@type":"ReadAction","target":["https:\/\/alexnabytek.cz\/skolninabytek\/kategorie\/skolni-tabule\/"]}]},{"@type":"BreadcrumbList","@id":"https:\/\/alexnabytek.cz\/skolninabytek\/kategorie\/skolni-tabule\/#breadcrumb","itemListElement":[{"@type":"ListItem","position":1,"name":"Home","item":"https:\/\/alexnabytek.cz\/skolninabytek\/"},{"@type":"ListItem","position":2,"name":"Produkty","item":"https:\/\/alexnabytek.cz\/skolninabytek\/kategorie\/"},{"@type":"ListItem","position":3,"name":"\u0160koln\u00ed tabule"}]},{"@type":"WebSite","@id":"https:\/\/alexnabytek.cz\/skolninabytek\/#website","url":"https:\/\/alexnabytek.cz\/skolninabytek\/","name":"\u0160KOLN\u00cd N\u00c1BYTEK","description":"Alex kovov\u00fd a \u0161koln\u00ed n\u00e1bytek s.r.o","potentialAction":[{"@type":"SearchAction","target":{"@type":"EntryPoint","urlTemplate":"https:\/\/alexnabytek.cz\/skolninabytek\/?s={search_term_string}"},"query-input":{"@type":"PropertyValueSpecification","valueRequired":true,"valueName":"search_term_string"}}],"inLanguage":"en-US"}]}},"_links":{"self":[{"href":"https:\/\/alexnabytek.cz\/skolninabytek\/wp-json\/wp\/v2\/pages\/46558","targetHints":{"allow":["GET"]}}],"collection":[{"href":"https:\/\/alexnabytek.cz\/skolninabytek\/wp-json\/wp\/v2\/pages"}],"about":[{"href":"https:\/\/alexnabytek.cz\/skolninabytek\/wp-json\/wp\/v2\/types\/page"}],"author":[{"embeddable":true,"href":"https:\/\/alexnabytek.cz\/skolninabytek\/wp-json\/wp\/v2\/users\/3"}],"replies":[{"embeddable":true,"href":"https:\/\/alexnabytek.cz\/skolninabytek\/wp-json\/wp\/v2\/comments?post=46558"}],"version-history":[{"count":4,"href":"https:\/\/alexnabytek.cz\/skolninabytek\/wp-json\/wp\/v2\/pages\/46558\/revisions"}],"predecessor-version":[{"id":55621,"href":"https:\/\/alexnabytek.cz\/skolninabytek\/wp-json\/wp\/v2\/pages\/46558\/revisions\/55621"}],"up":[{"embeddable":true,"href":"https:\/\/alexnabytek.cz\/skolninabytek\/wp-json\/wp\/v2\/pages\/19"}],"wp:attachment":[{"href":"https:\/\/alexnabytek.cz\/skolninabytek\/wp-json\/wp\/v2\/media?parent=46558"}],"curies":[{"name":"wp","href":"https:\/\/api.w.org\/{rel}","templated":true}]}}