{"id":46624,"date":"2017-09-04T11:38:07","date_gmt":"2017-09-04T11:38:07","guid":{"rendered":"http:\/\/alexnabytek.cz\/skolninabytek\/?page_id=46624"},"modified":"2017-10-12T11:18:39","modified_gmt":"2017-10-12T11:18:39","slug":"nezavisle-a-protivazne-sloupove-tabule","status":"publish","type":"page","link":"https:\/\/alexnabytek.cz\/skolninabytek\/kategorie\/skolni-tabule\/nezavisle-a-protivazne-sloupove-tabule\/","title":{"rendered":"Nez\u00e1visl\u00e9 a protiv\u00e1\u017en\u00e9 sloupov\u00e9 tabule"},"content":{"rendered":"","protected":false},"excerpt":{"rendered":"","protected":false},"author":3,"featured_media":46576,"parent":46558,"menu_order":0,"comment_status":"closed","ping_status":"closed","template":"page-Portfolio4Cols-filterable.php","meta":{"footnotes":""},"class_list":["post-46624","page","type-page","status-publish","has-post-thumbnail","hentry"],"yoast_head":"<!-- This site is optimized with the Yoast SEO plugin v24.6 - https:\/\/yoast.com\/wordpress\/plugins\/seo\/ -->\n<title>Nez\u00e1visl\u00e9 a protiv\u00e1\u017en\u00e9 sloupov\u00e9 tabule - \u0160KOLN\u00cd N\u00c1BYTEK<\/title>\n<meta name=\"robots\" content=\"index, follow, max-snippet:-1, max-image-preview:large, max-video-preview:-1\" \/>\n<link rel=\"canonical\" href=\"https:\/\/alexnabytek.cz\/skolninabytek\/kategorie\/skolni-tabule\/nezavisle-a-protivazne-sloupove-tabule\/\" \/>\n<meta property=\"og:locale\" content=\"cs_CZ\" \/>\n<meta property=\"og:type\" content=\"article\" \/>\n<meta property=\"og:title\" content=\"Nez\u00e1visl\u00e9 a protiv\u00e1\u017en\u00e9 sloupov\u00e9 tabule - \u0160KOLN\u00cd N\u00c1BYTEK\" \/>\n<meta property=\"og:url\" content=\"https:\/\/alexnabytek.cz\/skolninabytek\/kategorie\/skolni-tabule\/nezavisle-a-protivazne-sloupove-tabule\/\" \/>\n<meta property=\"og:site_name\" content=\"\u0160KOLN\u00cd N\u00c1BYTEK\" \/>\n<meta property=\"article:modified_time\" content=\"2017-10-12T11:18:39+00:00\" \/>\n<meta property=\"og:image\" content=\"https:\/\/alexnabytek.cz\/skolninabytek\/wp-content\/uploads\/2017\/09\/Iskolabutor_05_06_Fuggetlen_es_ellenmozgo_oszlopallvanyos_tabla.jpg\" \/>\n\t<meta property=\"og:image:width\" content=\"800\" \/>\n\t<meta property=\"og:image:height\" content=\"560\" \/>\n\t<meta property=\"og:image:type\" content=\"image\/jpeg\" \/>\n<meta name=\"twitter:card\" content=\"summary_large_image\" \/>\n<script type=\"application\/ld+json\" class=\"yoast-schema-graph\">{\"@context\":\"https:\/\/schema.org\",\"@graph\":[{\"@type\":\"WebPage\",\"@id\":\"https:\/\/alexnabytek.cz\/skolninabytek\/kategorie\/skolni-tabule\/nezavisle-a-protivazne-sloupove-tabule\/\",\"url\":\"https:\/\/alexnabytek.cz\/skolninabytek\/kategorie\/skolni-tabule\/nezavisle-a-protivazne-sloupove-tabule\/\",\"name\":\"Nez\u00e1visl\u00e9 a protiv\u00e1\u017en\u00e9 sloupov\u00e9 tabule - \u0160KOLN\u00cd N\u00c1BYTEK\",\"isPartOf\":{\"@id\":\"https:\/\/alexnabytek.cz\/skolninabytek\/#website\"},\"primaryImageOfPage\":{\"@id\":\"https:\/\/alexnabytek.cz\/skolninabytek\/kategorie\/skolni-tabule\/nezavisle-a-protivazne-sloupove-tabule\/#primaryimage\"},\"image\":{\"@id\":\"https:\/\/alexnabytek.cz\/skolninabytek\/kategorie\/skolni-tabule\/nezavisle-a-protivazne-sloupove-tabule\/#primaryimage\"},\"thumbnailUrl\":\"https:\/\/alexnabytek.cz\/skolninabytek\/wp-content\/uploads\/2017\/09\/Iskolabutor_05_06_Fuggetlen_es_ellenmozgo_oszlopallvanyos_tabla.jpg\",\"datePublished\":\"2017-09-04T11:38:07+00:00\",\"dateModified\":\"2017-10-12T11:18:39+00:00\",\"breadcrumb\":{\"@id\":\"https:\/\/alexnabytek.cz\/skolninabytek\/kategorie\/skolni-tabule\/nezavisle-a-protivazne-sloupove-tabule\/#breadcrumb\"},\"inLanguage\":\"en-US\",\"potentialAction\":[{\"@type\":\"ReadAction\",\"target\":[\"https:\/\/alexnabytek.cz\/skolninabytek\/kategorie\/skolni-tabule\/nezavisle-a-protivazne-sloupove-tabule\/\"]}]},{\"@type\":\"ImageObject\",\"inLanguage\":\"en-US\",\"@id\":\"https:\/\/alexnabytek.cz\/skolninabytek\/kategorie\/skolni-tabule\/nezavisle-a-protivazne-sloupove-tabule\/#primaryimage\",\"url\":\"https:\/\/alexnabytek.cz\/skolninabytek\/wp-content\/uploads\/2017\/09\/Iskolabutor_05_06_Fuggetlen_es_ellenmozgo_oszlopallvanyos_tabla.jpg\",\"contentUrl\":\"https:\/\/alexnabytek.cz\/skolninabytek\/wp-content\/uploads\/2017\/09\/Iskolabutor_05_06_Fuggetlen_es_ellenmozgo_oszlopallvanyos_tabla.jpg\",\"width\":800,\"height\":560},{\"@type\":\"BreadcrumbList\",\"@id\":\"https:\/\/alexnabytek.cz\/skolninabytek\/kategorie\/skolni-tabule\/nezavisle-a-protivazne-sloupove-tabule\/#breadcrumb\",\"itemListElement\":[{\"@type\":\"ListItem\",\"position\":1,\"name\":\"Home\",\"item\":\"https:\/\/alexnabytek.cz\/skolninabytek\/\"},{\"@type\":\"ListItem\",\"position\":2,\"name\":\"Produkty\",\"item\":\"https:\/\/alexnabytek.cz\/skolninabytek\/kategorie\/\"},{\"@type\":\"ListItem\",\"position\":3,\"name\":\"\u0160koln\u00ed tabule\",\"item\":\"https:\/\/alexnabytek.cz\/skolninabytek\/kategorie\/skolni-tabule\/\"},{\"@type\":\"ListItem\",\"position\":4,\"name\":\"Nez\u00e1visl\u00e9 a protiv\u00e1\u017en\u00e9 sloupov\u00e9 tabule\"}]},{\"@type\":\"WebSite\",\"@id\":\"https:\/\/alexnabytek.cz\/skolninabytek\/#website\",\"url\":\"https:\/\/alexnabytek.cz\/skolninabytek\/\",\"name\":\"\u0160KOLN\u00cd N\u00c1BYTEK\",\"description\":\"Alex kovov\u00fd a \u0161koln\u00ed n\u00e1bytek s.r.o\",\"potentialAction\":[{\"@type\":\"SearchAction\",\"target\":{\"@type\":\"EntryPoint\",\"urlTemplate\":\"https:\/\/alexnabytek.cz\/skolninabytek\/?s={search_term_string}\"},\"query-input\":{\"@type\":\"PropertyValueSpecification\",\"valueRequired\":true,\"valueName\":\"search_term_string\"}}],\"inLanguage\":\"en-US\"}]}<\/script>\n<!-- \/ Yoast SEO plugin. -->","yoast_head_json":{"title":"Nez\u00e1visl\u00e9 a protiv\u00e1\u017en\u00e9 sloupov\u00e9 tabule - \u0160KOLN\u00cd N\u00c1BYTEK","robots":{"index":"index","follow":"follow","max-snippet":"max-snippet:-1","max-image-preview":"max-image-preview:large","max-video-preview":"max-video-preview:-1"},"canonical":"https:\/\/alexnabytek.cz\/skolninabytek\/kategorie\/skolni-tabule\/nezavisle-a-protivazne-sloupove-tabule\/","og_locale":"cs_CZ","og_type":"article","og_title":"Nez\u00e1visl\u00e9 a protiv\u00e1\u017en\u00e9 sloupov\u00e9 tabule - \u0160KOLN\u00cd N\u00c1BYTEK","og_url":"https:\/\/alexnabytek.cz\/skolninabytek\/kategorie\/skolni-tabule\/nezavisle-a-protivazne-sloupove-tabule\/","og_site_name":"\u0160KOLN\u00cd N\u00c1BYTEK","article_modified_time":"2017-10-12T11:18:39+00:00","og_image":[{"width":800,"height":560,"url":"https:\/\/alexnabytek.cz\/skolninabytek\/wp-content\/uploads\/2017\/09\/Iskolabutor_05_06_Fuggetlen_es_ellenmozgo_oszlopallvanyos_tabla.jpg","type":"image\/jpeg"}],"twitter_card":"summary_large_image","schema":{"@context":"https:\/\/schema.org","@graph":[{"@type":"WebPage","@id":"https:\/\/alexnabytek.cz\/skolninabytek\/kategorie\/skolni-tabule\/nezavisle-a-protivazne-sloupove-tabule\/","url":"https:\/\/alexnabytek.cz\/skolninabytek\/kategorie\/skolni-tabule\/nezavisle-a-protivazne-sloupove-tabule\/","name":"Nez\u00e1visl\u00e9 a protiv\u00e1\u017en\u00e9 sloupov\u00e9 tabule - \u0160KOLN\u00cd N\u00c1BYTEK","isPartOf":{"@id":"https:\/\/alexnabytek.cz\/skolninabytek\/#website"},"primaryImageOfPage":{"@id":"https:\/\/alexnabytek.cz\/skolninabytek\/kategorie\/skolni-tabule\/nezavisle-a-protivazne-sloupove-tabule\/#primaryimage"},"image":{"@id":"https:\/\/alexnabytek.cz\/skolninabytek\/kategorie\/skolni-tabule\/nezavisle-a-protivazne-sloupove-tabule\/#primaryimage"},"thumbnailUrl":"https:\/\/alexnabytek.cz\/skolninabytek\/wp-content\/uploads\/2017\/09\/Iskolabutor_05_06_Fuggetlen_es_ellenmozgo_oszlopallvanyos_tabla.jpg","datePublished":"2017-09-04T11:38:07+00:00","dateModified":"2017-10-12T11:18:39+00:00","breadcrumb":{"@id":"https:\/\/alexnabytek.cz\/skolninabytek\/kategorie\/skolni-tabule\/nezavisle-a-protivazne-sloupove-tabule\/#breadcrumb"},"inLanguage":"en-US","potentialAction":[{"@type":"ReadAction","target":["https:\/\/alexnabytek.cz\/skolninabytek\/kategorie\/skolni-tabule\/nezavisle-a-protivazne-sloupove-tabule\/"]}]},{"@type":"ImageObject","inLanguage":"en-US","@id":"https:\/\/alexnabytek.cz\/skolninabytek\/kategorie\/skolni-tabule\/nezavisle-a-protivazne-sloupove-tabule\/#primaryimage","url":"https:\/\/alexnabytek.cz\/skolninabytek\/wp-content\/uploads\/2017\/09\/Iskolabutor_05_06_Fuggetlen_es_ellenmozgo_oszlopallvanyos_tabla.jpg","contentUrl":"https:\/\/alexnabytek.cz\/skolninabytek\/wp-content\/uploads\/2017\/09\/Iskolabutor_05_06_Fuggetlen_es_ellenmozgo_oszlopallvanyos_tabla.jpg","width":800,"height":560},{"@type":"BreadcrumbList","@id":"https:\/\/alexnabytek.cz\/skolninabytek\/kategorie\/skolni-tabule\/nezavisle-a-protivazne-sloupove-tabule\/#breadcrumb","itemListElement":[{"@type":"ListItem","position":1,"name":"Home","item":"https:\/\/alexnabytek.cz\/skolninabytek\/"},{"@type":"ListItem","position":2,"name":"Produkty","item":"https:\/\/alexnabytek.cz\/skolninabytek\/kategorie\/"},{"@type":"ListItem","position":3,"name":"\u0160koln\u00ed tabule","item":"https:\/\/alexnabytek.cz\/skolninabytek\/kategorie\/skolni-tabule\/"},{"@type":"ListItem","position":4,"name":"Nez\u00e1visl\u00e9 a protiv\u00e1\u017en\u00e9 sloupov\u00e9 tabule"}]},{"@type":"WebSite","@id":"https:\/\/alexnabytek.cz\/skolninabytek\/#website","url":"https:\/\/alexnabytek.cz\/skolninabytek\/","name":"\u0160KOLN\u00cd N\u00c1BYTEK","description":"Alex kovov\u00fd a \u0161koln\u00ed n\u00e1bytek s.r.o","potentialAction":[{"@type":"SearchAction","target":{"@type":"EntryPoint","urlTemplate":"https:\/\/alexnabytek.cz\/skolninabytek\/?s={search_term_string}"},"query-input":{"@type":"PropertyValueSpecification","valueRequired":true,"valueName":"search_term_string"}}],"inLanguage":"en-US"}]}},"_links":{"self":[{"href":"https:\/\/alexnabytek.cz\/skolninabytek\/wp-json\/wp\/v2\/pages\/46624","targetHints":{"allow":["GET"]}}],"collection":[{"href":"https:\/\/alexnabytek.cz\/skolninabytek\/wp-json\/wp\/v2\/pages"}],"about":[{"href":"https:\/\/alexnabytek.cz\/skolninabytek\/wp-json\/wp\/v2\/types\/page"}],"author":[{"embeddable":true,"href":"https:\/\/alexnabytek.cz\/skolninabytek\/wp-json\/wp\/v2\/users\/3"}],"replies":[{"embeddable":true,"href":"https:\/\/alexnabytek.cz\/skolninabytek\/wp-json\/wp\/v2\/comments?post=46624"}],"version-history":[{"count":1,"href":"https:\/\/alexnabytek.cz\/skolninabytek\/wp-json\/wp\/v2\/pages\/46624\/revisions"}],"predecessor-version":[{"id":51091,"href":"https:\/\/alexnabytek.cz\/skolninabytek\/wp-json\/wp\/v2\/pages\/46624\/revisions\/51091"}],"up":[{"embeddable":true,"href":"https:\/\/alexnabytek.cz\/skolninabytek\/wp-json\/wp\/v2\/pages\/46558"}],"wp:featuredmedia":[{"embeddable":true,"href":"https:\/\/alexnabytek.cz\/skolninabytek\/wp-json\/wp\/v2\/media\/46576"}],"wp:attachment":[{"href":"https:\/\/alexnabytek.cz\/skolninabytek\/wp-json\/wp\/v2\/media?parent=46624"}],"curies":[{"name":"wp","href":"https:\/\/api.w.org\/{rel}","templated":true}]}}