{"id":46711,"date":"2017-09-04T12:08:00","date_gmt":"2017-09-04T12:08:00","guid":{"rendered":"http:\/\/alexnabytek.cz\/skolninabytek\/?page_id=46711"},"modified":"2017-09-04T12:15:43","modified_gmt":"2017-09-04T12:15:43","slug":"zdravotnicky-nabytek-na-osetrovnu","status":"publish","type":"page","link":"https:\/\/alexnabytek.cz\/skolninabytek\/kategorie\/nabytek-odbornych-uceben-knihoven\/zdravotnicky-nabytek-na-osetrovnu\/","title":{"rendered":"Zdravotnick\u00fd n\u00e1bytek (na o\u0161et\u0159ovnu)"},"content":{"rendered":"\r\n\t<li class=\"portfolio_item isotope-item\"><div class=\"portfolio_item_holder\"><figure class=\"thumbnail thumbnail__portfolio\"><a href=\"https:\/\/alexnabytek.cz\/skolninabytek\/kategorie\/nabytek-odbornych-uceben-knihoven\/zdravotnicky-nabytek-na-osetrovnu\/zidle\/\" class=\"image-wrap\"><img decoding=\"async\" src=\"https:\/\/alexnabytek.cz\/skolninabytek\/wp-content\/uploads\/2017\/09\/Iskolabutor_11_Egeszsegugyi_butor-01_Szekek.jpg\" alt=\"\u017didle\"><\/a><\/figure><div class=\"caption caption__portfolio\"><h3><a href=\"https:\/\/alexnabytek.cz\/skolninabytek\/kategorie\/nabytek-odbornych-uceben-knihoven\/zdravotnicky-nabytek-na-osetrovnu\/zidle\/\">\u017didle<\/a><\/h3><\/div><\/div><\/li>\n\r\n\t<li class=\"portfolio_item isotope-item\"><div class=\"portfolio_item_holder\"><figure class=\"thumbnail thumbnail__portfolio\"><a href=\"https:\/\/alexnabytek.cz\/skolninabytek\/kategorie\/nabytek-odbornych-uceben-knihoven\/zdravotnicky-nabytek-na-osetrovnu\/osetrovny\/\" class=\"image-wrap\"><img decoding=\"async\" src=\"https:\/\/alexnabytek.cz\/skolninabytek\/wp-content\/uploads\/2017\/09\/Iskolabutor_11_Egeszsegugyi_butor-02_Orvosi_szekek.jpg\" alt=\"O\u0161et\u0159ovny\"><\/a><\/figure><div class=\"caption caption__portfolio\"><h3><a href=\"https:\/\/alexnabytek.cz\/skolninabytek\/kategorie\/nabytek-odbornych-uceben-knihoven\/zdravotnicky-nabytek-na-osetrovnu\/osetrovny\/\">O\u0161et\u0159ovny<\/a><\/h3><\/div><\/div><\/li>\n\r\n\t<li class=\"portfolio_item isotope-item\"><div class=\"portfolio_item_holder\"><figure class=\"thumbnail thumbnail__portfolio\"><a href=\"https:\/\/alexnabytek.cz\/skolninabytek\/kategorie\/nabytek-odbornych-uceben-knihoven\/zdravotnicky-nabytek-na-osetrovnu\/zidle-pro-osetrovatelelekare\/\" class=\"image-wrap\"><img decoding=\"async\" src=\"https:\/\/alexnabytek.cz\/skolninabytek\/wp-content\/uploads\/2017\/09\/Iskolabutor_11_Egeszsegugyi_butor-03_Asszisztensi_szekek.jpg\" alt=\"\u017didle pro o\u0161et\u0159ovatele\/l\u00e9ka\u0159e\"><\/a><\/figure><div class=\"caption caption__portfolio\"><h3><a href=\"https:\/\/alexnabytek.cz\/skolninabytek\/kategorie\/nabytek-odbornych-uceben-knihoven\/zdravotnicky-nabytek-na-osetrovnu\/zidle-pro-osetrovatelelekare\/\">\u017didle pro o\u0161et\u0159ovatele\/l\u00e9ka\u0159e<\/a><\/h3><\/div><\/div><\/li>\n\r\n\t<li class=\"portfolio_item isotope-item\"><div class=\"portfolio_item_holder\"><figure class=\"thumbnail thumbnail__portfolio\"><a href=\"https:\/\/alexnabytek.cz\/skolninabytek\/kategorie\/nabytek-odbornych-uceben-knihoven\/zdravotnicky-nabytek-na-osetrovnu\/zidle-do-cekaren\/\" class=\"image-wrap\"><img decoding=\"async\" src=\"https:\/\/alexnabytek.cz\/skolninabytek\/wp-content\/uploads\/2017\/09\/Iskolabutor_11_Egeszsegugyi_butor-04_Varotermi_szekek.jpg\" alt=\"\u017didle do \u010dek\u00e1ren\"><\/a><\/figure><div class=\"caption caption__portfolio\"><h3><a href=\"https:\/\/alexnabytek.cz\/skolninabytek\/kategorie\/nabytek-odbornych-uceben-knihoven\/zdravotnicky-nabytek-na-osetrovnu\/zidle-do-cekaren\/\">\u017didle do \u010dek\u00e1ren<\/a><\/h3><\/div><\/div><\/li>\n\r\n\t<li class=\"portfolio_item isotope-item\"><div class=\"portfolio_item_holder\"><figure class=\"thumbnail thumbnail__portfolio\"><a href=\"https:\/\/alexnabytek.cz\/skolninabytek\/kategorie\/nabytek-odbornych-uceben-knihoven\/zdravotnicky-nabytek-na-osetrovnu\/stoly\/\" class=\"image-wrap\"><img decoding=\"async\" src=\"https:\/\/alexnabytek.cz\/skolninabytek\/wp-content\/uploads\/2017\/09\/Iskolabutor_11_Egeszsegugyi_butor-05_Asztalok.jpg\" alt=\"Stoly\"><\/a><\/figure><div class=\"caption caption__portfolio\"><h3><a href=\"https:\/\/alexnabytek.cz\/skolninabytek\/kategorie\/nabytek-odbornych-uceben-knihoven\/zdravotnicky-nabytek-na-osetrovnu\/stoly\/\">Stoly<\/a><\/h3><\/div><\/div><\/li>\n\r\n\t<li class=\"portfolio_item isotope-item\"><div class=\"portfolio_item_holder\"><figure class=\"thumbnail thumbnail__portfolio\"><a href=\"https:\/\/alexnabytek.cz\/skolninabytek\/kategorie\/nabytek-odbornych-uceben-knihoven\/zdravotnicky-nabytek-na-osetrovnu\/lekarske-stoly\/\" class=\"image-wrap\"><img decoding=\"async\" src=\"https:\/\/alexnabytek.cz\/skolninabytek\/wp-content\/uploads\/2017\/09\/Iskolabutor_11_Egeszsegugyi_butor-06_Orvosi_asztalok.jpg\" alt=\"L\u00e9ka\u0159sk\u00e9 stoly\"><\/a><\/figure><div class=\"caption caption__portfolio\"><h3><a href=\"https:\/\/alexnabytek.cz\/skolninabytek\/kategorie\/nabytek-odbornych-uceben-knihoven\/zdravotnicky-nabytek-na-osetrovnu\/lekarske-stoly\/\">L\u00e9ka\u0159sk\u00e9 stoly<\/a><\/h3><\/div><\/div><\/li>\n\r\n\t<li class=\"portfolio_item isotope-item\"><div class=\"portfolio_item_holder\"><figure class=\"thumbnail thumbnail__portfolio\"><a href=\"https:\/\/alexnabytek.cz\/skolninabytek\/kategorie\/nabytek-odbornych-uceben-knihoven\/zdravotnicky-nabytek-na-osetrovnu\/pomocne-pridavne-stoly\/\" class=\"image-wrap\"><img decoding=\"async\" src=\"https:\/\/alexnabytek.cz\/skolninabytek\/wp-content\/uploads\/2017\/09\/Iskolabutor_11_Egeszsegugyi_butor-07_Asszisztensi_asztalok.jpg\" alt=\"Pomocn\u00e9, p\u0159\u00eddavn\u00e9 stoly\"><\/a><\/figure><div class=\"caption caption__portfolio\"><h3><a href=\"https:\/\/alexnabytek.cz\/skolninabytek\/kategorie\/nabytek-odbornych-uceben-knihoven\/zdravotnicky-nabytek-na-osetrovnu\/pomocne-pridavne-stoly\/\">Pomocn\u00e9, p\u0159\u00eddavn\u00e9 stoly<\/a><\/h3><\/div><\/div><\/li>\n\r\n\t<li class=\"portfolio_item isotope-item\"><div class=\"portfolio_item_holder\"><figure class=\"thumbnail thumbnail__portfolio\"><a href=\"https:\/\/alexnabytek.cz\/skolninabytek\/kategorie\/nabytek-odbornych-uceben-knihoven\/zdravotnicky-nabytek-na-osetrovnu\/skrine\/\" class=\"image-wrap\"><img decoding=\"async\" src=\"https:\/\/alexnabytek.cz\/skolninabytek\/wp-content\/uploads\/2017\/09\/Iskolabutor_11_Egeszsegugyi_butor-08_Szekrenyek.jpg\" alt=\"Sk\u0159\u00edn\u011b\"><\/a><\/figure><div class=\"caption caption__portfolio\"><h3><a href=\"https:\/\/alexnabytek.cz\/skolninabytek\/kategorie\/nabytek-odbornych-uceben-knihoven\/zdravotnicky-nabytek-na-osetrovnu\/skrine\/\">Sk\u0159\u00edn\u011b<\/a><\/h3><\/div><\/div><\/li>\n\r\n\t<li class=\"portfolio_item isotope-item\"><div class=\"portfolio_item_holder\"><figure class=\"thumbnail thumbnail__portfolio\"><a href=\"https:\/\/alexnabytek.cz\/skolninabytek\/kategorie\/nabytek-odbornych-uceben-knihoven\/zdravotnicky-nabytek-na-osetrovnu\/doplnky\/\" class=\"image-wrap\"><img decoding=\"async\" src=\"https:\/\/alexnabytek.cz\/skolninabytek\/wp-content\/uploads\/2017\/09\/Iskolabutor_11_Egeszsegugyi_butor-09_Kiegeszitok.jpg\" alt=\"Dopl\u0148ky\"><\/a><\/figure><div class=\"caption caption__portfolio\"><h3><a href=\"https:\/\/alexnabytek.cz\/skolninabytek\/kategorie\/nabytek-odbornych-uceben-knihoven\/zdravotnicky-nabytek-na-osetrovnu\/doplnky\/\">Dopl\u0148ky<\/a><\/h3><\/div><\/div><\/li>\n","protected":false},"excerpt":{"rendered":"","protected":false},"author":3,"featured_media":46654,"parent":46637,"menu_order":0,"comment_status":"closed","ping_status":"closed","template":"page-Portfolio2Cols-alexsub.php","meta":{"footnotes":""},"class_list":["post-46711","page","type-page","status-publish","has-post-thumbnail","hentry"],"yoast_head":"<!-- This site is optimized with the Yoast SEO plugin v24.6 - https:\/\/yoast.com\/wordpress\/plugins\/seo\/ -->\n<title>Zdravotnick\u00fd n\u00e1bytek (na o\u0161et\u0159ovnu) - \u0160KOLN\u00cd N\u00c1BYTEK<\/title>\n<meta name=\"robots\" content=\"index, follow, max-snippet:-1, max-image-preview:large, max-video-preview:-1\" \/>\n<link rel=\"canonical\" href=\"https:\/\/alexnabytek.cz\/skolninabytek\/kategorie\/nabytek-odbornych-uceben-knihoven\/zdravotnicky-nabytek-na-osetrovnu\/\" \/>\n<meta property=\"og:locale\" content=\"cs_CZ\" \/>\n<meta property=\"og:type\" content=\"article\" \/>\n<meta property=\"og:title\" content=\"Zdravotnick\u00fd n\u00e1bytek (na o\u0161et\u0159ovnu) - \u0160KOLN\u00cd N\u00c1BYTEK\" \/>\n<meta property=\"og:url\" content=\"https:\/\/alexnabytek.cz\/skolninabytek\/kategorie\/nabytek-odbornych-uceben-knihoven\/zdravotnicky-nabytek-na-osetrovnu\/\" \/>\n<meta property=\"og:site_name\" content=\"\u0160KOLN\u00cd N\u00c1BYTEK\" \/>\n<meta property=\"article:modified_time\" content=\"2017-09-04T12:15:43+00:00\" \/>\n<meta property=\"og:image\" content=\"https:\/\/alexnabytek.cz\/skolninabytek\/wp-content\/uploads\/2017\/09\/Iskolabutor_11_Egeszsegugyi_butor-00.jpg\" \/>\n\t<meta property=\"og:image:width\" content=\"800\" \/>\n\t<meta property=\"og:image:height\" content=\"560\" \/>\n\t<meta property=\"og:image:type\" content=\"image\/jpeg\" \/>\n<meta name=\"twitter:card\" content=\"summary_large_image\" \/>\n<meta name=\"twitter:label1\" content=\"Est. reading time\" \/>\n\t<meta name=\"twitter:data1\" content=\"1 minute\" \/>\n<script type=\"application\/ld+json\" class=\"yoast-schema-graph\">{\"@context\":\"https:\/\/schema.org\",\"@graph\":[{\"@type\":\"WebPage\",\"@id\":\"https:\/\/alexnabytek.cz\/skolninabytek\/kategorie\/nabytek-odbornych-uceben-knihoven\/zdravotnicky-nabytek-na-osetrovnu\/\",\"url\":\"https:\/\/alexnabytek.cz\/skolninabytek\/kategorie\/nabytek-odbornych-uceben-knihoven\/zdravotnicky-nabytek-na-osetrovnu\/\",\"name\":\"Zdravotnick\u00fd n\u00e1bytek (na o\u0161et\u0159ovnu) - \u0160KOLN\u00cd N\u00c1BYTEK\",\"isPartOf\":{\"@id\":\"https:\/\/alexnabytek.cz\/skolninabytek\/#website\"},\"primaryImageOfPage\":{\"@id\":\"https:\/\/alexnabytek.cz\/skolninabytek\/kategorie\/nabytek-odbornych-uceben-knihoven\/zdravotnicky-nabytek-na-osetrovnu\/#primaryimage\"},\"image\":{\"@id\":\"https:\/\/alexnabytek.cz\/skolninabytek\/kategorie\/nabytek-odbornych-uceben-knihoven\/zdravotnicky-nabytek-na-osetrovnu\/#primaryimage\"},\"thumbnailUrl\":\"https:\/\/alexnabytek.cz\/skolninabytek\/wp-content\/uploads\/2017\/09\/Iskolabutor_11_Egeszsegugyi_butor-00.jpg\",\"datePublished\":\"2017-09-04T12:08:00+00:00\",\"dateModified\":\"2017-09-04T12:15:43+00:00\",\"breadcrumb\":{\"@id\":\"https:\/\/alexnabytek.cz\/skolninabytek\/kategorie\/nabytek-odbornych-uceben-knihoven\/zdravotnicky-nabytek-na-osetrovnu\/#breadcrumb\"},\"inLanguage\":\"en-US\",\"potentialAction\":[{\"@type\":\"ReadAction\",\"target\":[\"https:\/\/alexnabytek.cz\/skolninabytek\/kategorie\/nabytek-odbornych-uceben-knihoven\/zdravotnicky-nabytek-na-osetrovnu\/\"]}]},{\"@type\":\"ImageObject\",\"inLanguage\":\"en-US\",\"@id\":\"https:\/\/alexnabytek.cz\/skolninabytek\/kategorie\/nabytek-odbornych-uceben-knihoven\/zdravotnicky-nabytek-na-osetrovnu\/#primaryimage\",\"url\":\"https:\/\/alexnabytek.cz\/skolninabytek\/wp-content\/uploads\/2017\/09\/Iskolabutor_11_Egeszsegugyi_butor-00.jpg\",\"contentUrl\":\"https:\/\/alexnabytek.cz\/skolninabytek\/wp-content\/uploads\/2017\/09\/Iskolabutor_11_Egeszsegugyi_butor-00.jpg\",\"width\":800,\"height\":560},{\"@type\":\"BreadcrumbList\",\"@id\":\"https:\/\/alexnabytek.cz\/skolninabytek\/kategorie\/nabytek-odbornych-uceben-knihoven\/zdravotnicky-nabytek-na-osetrovnu\/#breadcrumb\",\"itemListElement\":[{\"@type\":\"ListItem\",\"position\":1,\"name\":\"Home\",\"item\":\"https:\/\/alexnabytek.cz\/skolninabytek\/\"},{\"@type\":\"ListItem\",\"position\":2,\"name\":\"Produkty\",\"item\":\"https:\/\/alexnabytek.cz\/skolninabytek\/kategorie\/\"},{\"@type\":\"ListItem\",\"position\":3,\"name\":\"N\u00e1bytek do odborn\u00fdch u\u010deben a knihoven\",\"item\":\"https:\/\/alexnabytek.cz\/skolninabytek\/kategorie\/nabytek-odbornych-uceben-knihoven\/\"},{\"@type\":\"ListItem\",\"position\":4,\"name\":\"Zdravotnick\u00fd n\u00e1bytek (na o\u0161et\u0159ovnu)\"}]},{\"@type\":\"WebSite\",\"@id\":\"https:\/\/alexnabytek.cz\/skolninabytek\/#website\",\"url\":\"https:\/\/alexnabytek.cz\/skolninabytek\/\",\"name\":\"\u0160KOLN\u00cd N\u00c1BYTEK\",\"description\":\"Alex kovov\u00fd a \u0161koln\u00ed n\u00e1bytek s.r.o\",\"potentialAction\":[{\"@type\":\"SearchAction\",\"target\":{\"@type\":\"EntryPoint\",\"urlTemplate\":\"https:\/\/alexnabytek.cz\/skolninabytek\/?s={search_term_string}\"},\"query-input\":{\"@type\":\"PropertyValueSpecification\",\"valueRequired\":true,\"valueName\":\"search_term_string\"}}],\"inLanguage\":\"en-US\"}]}<\/script>\n<!-- \/ Yoast SEO plugin. -->","yoast_head_json":{"title":"Zdravotnick\u00fd n\u00e1bytek (na o\u0161et\u0159ovnu) - \u0160KOLN\u00cd N\u00c1BYTEK","robots":{"index":"index","follow":"follow","max-snippet":"max-snippet:-1","max-image-preview":"max-image-preview:large","max-video-preview":"max-video-preview:-1"},"canonical":"https:\/\/alexnabytek.cz\/skolninabytek\/kategorie\/nabytek-odbornych-uceben-knihoven\/zdravotnicky-nabytek-na-osetrovnu\/","og_locale":"cs_CZ","og_type":"article","og_title":"Zdravotnick\u00fd n\u00e1bytek (na o\u0161et\u0159ovnu) - \u0160KOLN\u00cd N\u00c1BYTEK","og_url":"https:\/\/alexnabytek.cz\/skolninabytek\/kategorie\/nabytek-odbornych-uceben-knihoven\/zdravotnicky-nabytek-na-osetrovnu\/","og_site_name":"\u0160KOLN\u00cd N\u00c1BYTEK","article_modified_time":"2017-09-04T12:15:43+00:00","og_image":[{"width":800,"height":560,"url":"https:\/\/alexnabytek.cz\/skolninabytek\/wp-content\/uploads\/2017\/09\/Iskolabutor_11_Egeszsegugyi_butor-00.jpg","type":"image\/jpeg"}],"twitter_card":"summary_large_image","twitter_misc":{"Est. reading time":"1 minute"},"schema":{"@context":"https:\/\/schema.org","@graph":[{"@type":"WebPage","@id":"https:\/\/alexnabytek.cz\/skolninabytek\/kategorie\/nabytek-odbornych-uceben-knihoven\/zdravotnicky-nabytek-na-osetrovnu\/","url":"https:\/\/alexnabytek.cz\/skolninabytek\/kategorie\/nabytek-odbornych-uceben-knihoven\/zdravotnicky-nabytek-na-osetrovnu\/","name":"Zdravotnick\u00fd n\u00e1bytek (na o\u0161et\u0159ovnu) - \u0160KOLN\u00cd N\u00c1BYTEK","isPartOf":{"@id":"https:\/\/alexnabytek.cz\/skolninabytek\/#website"},"primaryImageOfPage":{"@id":"https:\/\/alexnabytek.cz\/skolninabytek\/kategorie\/nabytek-odbornych-uceben-knihoven\/zdravotnicky-nabytek-na-osetrovnu\/#primaryimage"},"image":{"@id":"https:\/\/alexnabytek.cz\/skolninabytek\/kategorie\/nabytek-odbornych-uceben-knihoven\/zdravotnicky-nabytek-na-osetrovnu\/#primaryimage"},"thumbnailUrl":"https:\/\/alexnabytek.cz\/skolninabytek\/wp-content\/uploads\/2017\/09\/Iskolabutor_11_Egeszsegugyi_butor-00.jpg","datePublished":"2017-09-04T12:08:00+00:00","dateModified":"2017-09-04T12:15:43+00:00","breadcrumb":{"@id":"https:\/\/alexnabytek.cz\/skolninabytek\/kategorie\/nabytek-odbornych-uceben-knihoven\/zdravotnicky-nabytek-na-osetrovnu\/#breadcrumb"},"inLanguage":"en-US","potentialAction":[{"@type":"ReadAction","target":["https:\/\/alexnabytek.cz\/skolninabytek\/kategorie\/nabytek-odbornych-uceben-knihoven\/zdravotnicky-nabytek-na-osetrovnu\/"]}]},{"@type":"ImageObject","inLanguage":"en-US","@id":"https:\/\/alexnabytek.cz\/skolninabytek\/kategorie\/nabytek-odbornych-uceben-knihoven\/zdravotnicky-nabytek-na-osetrovnu\/#primaryimage","url":"https:\/\/alexnabytek.cz\/skolninabytek\/wp-content\/uploads\/2017\/09\/Iskolabutor_11_Egeszsegugyi_butor-00.jpg","contentUrl":"https:\/\/alexnabytek.cz\/skolninabytek\/wp-content\/uploads\/2017\/09\/Iskolabutor_11_Egeszsegugyi_butor-00.jpg","width":800,"height":560},{"@type":"BreadcrumbList","@id":"https:\/\/alexnabytek.cz\/skolninabytek\/kategorie\/nabytek-odbornych-uceben-knihoven\/zdravotnicky-nabytek-na-osetrovnu\/#breadcrumb","itemListElement":[{"@type":"ListItem","position":1,"name":"Home","item":"https:\/\/alexnabytek.cz\/skolninabytek\/"},{"@type":"ListItem","position":2,"name":"Produkty","item":"https:\/\/alexnabytek.cz\/skolninabytek\/kategorie\/"},{"@type":"ListItem","position":3,"name":"N\u00e1bytek do odborn\u00fdch u\u010deben a knihoven","item":"https:\/\/alexnabytek.cz\/skolninabytek\/kategorie\/nabytek-odbornych-uceben-knihoven\/"},{"@type":"ListItem","position":4,"name":"Zdravotnick\u00fd n\u00e1bytek (na o\u0161et\u0159ovnu)"}]},{"@type":"WebSite","@id":"https:\/\/alexnabytek.cz\/skolninabytek\/#website","url":"https:\/\/alexnabytek.cz\/skolninabytek\/","name":"\u0160KOLN\u00cd N\u00c1BYTEK","description":"Alex kovov\u00fd a \u0161koln\u00ed n\u00e1bytek s.r.o","potentialAction":[{"@type":"SearchAction","target":{"@type":"EntryPoint","urlTemplate":"https:\/\/alexnabytek.cz\/skolninabytek\/?s={search_term_string}"},"query-input":{"@type":"PropertyValueSpecification","valueRequired":true,"valueName":"search_term_string"}}],"inLanguage":"en-US"}]}},"_links":{"self":[{"href":"https:\/\/alexnabytek.cz\/skolninabytek\/wp-json\/wp\/v2\/pages\/46711","targetHints":{"allow":["GET"]}}],"collection":[{"href":"https:\/\/alexnabytek.cz\/skolninabytek\/wp-json\/wp\/v2\/pages"}],"about":[{"href":"https:\/\/alexnabytek.cz\/skolninabytek\/wp-json\/wp\/v2\/types\/page"}],"author":[{"embeddable":true,"href":"https:\/\/alexnabytek.cz\/skolninabytek\/wp-json\/wp\/v2\/users\/3"}],"replies":[{"embeddable":true,"href":"https:\/\/alexnabytek.cz\/skolninabytek\/wp-json\/wp\/v2\/comments?post=46711"}],"version-history":[{"count":0,"href":"https:\/\/alexnabytek.cz\/skolninabytek\/wp-json\/wp\/v2\/pages\/46711\/revisions"}],"up":[{"embeddable":true,"href":"https:\/\/alexnabytek.cz\/skolninabytek\/wp-json\/wp\/v2\/pages\/46637"}],"wp:featuredmedia":[{"embeddable":true,"href":"https:\/\/alexnabytek.cz\/skolninabytek\/wp-json\/wp\/v2\/media\/46654"}],"wp:attachment":[{"href":"https:\/\/alexnabytek.cz\/skolninabytek\/wp-json\/wp\/v2\/media?parent=46711"}],"curies":[{"name":"wp","href":"https:\/\/api.w.org\/{rel}","templated":true}]}}