{"id":46780,"date":"2017-09-04T12:47:58","date_gmt":"2017-09-04T12:47:58","guid":{"rendered":"http:\/\/alexnabytek.cz\/skolninabytek\/?page_id=46780"},"modified":"2024-11-26T14:05:09","modified_gmt":"2024-11-26T14:05:09","slug":"chodby-odpocinkove-zony","status":"publish","type":"page","link":"https:\/\/alexnabytek.cz\/skolninabytek\/kategorie\/chodby-odpocinkove-zony\/","title":{"rendered":"CHODBY &#038; ODPO\u010cINKOV\u00c9 Z\u00d3NY"},"content":{"rendered":"<p style=\"padding: 0 10px; font-size: 18px; line-height: 1.5;\">U n\u00e1s si vyberete ide\u00e1ln\u00ed n\u00e1bytek do <strong>odpo\u010dinkov\u00e9 z\u00f3ny<\/strong> v kancel\u00e1\u0159i \u010di <strong>relaxa\u010dn\u00ed z\u00f3ny<\/strong> v hale. Na\u0161e <strong>relaxa\u010dn\u00ed prvky do \u0161koly<\/strong> nebo kancel\u00e1\u0159e jsou ur\u010deny pro v\u0161echny v\u011bkov\u00e9 kategorie. Relaxa\u010dn\u00ed k\u0159esla, seda\u010dky, <strong>sedac\u00ed vaky, taburety<\/strong> \u010di pohovky pro p\u0159\u00edjemnou pauzu b\u011bhem dne. Nab\u00edz\u00edme tak\u00e9 prvky pro <strong>odpo\u010dinkov\u00fd koutek<\/strong> v hern\u011b nebo knihovn\u011b, r\u00e1di v\u00e1m porad\u00edme tak\u00e9 s vybaven\u00edm <strong>\u0161koln\u00ed dru\u017einy<\/strong> i \u0161koln\u00ed <strong>klubovny<\/strong>.<\/p>\n\r\n\t<li class=\"portfolio_item isotope-item\"><div class=\"portfolio_item_holder\"><figure class=\"thumbnail thumbnail__portfolio\"><a href=\"https:\/\/alexnabytek.cz\/skolninabytek\/kategorie\/chodby-odpocinkove-zony\/bubbles\/\" class=\"image-wrap\"><img decoding=\"async\" src=\"https:\/\/alexnabytek.cz\/skolninabytek\/wp-content\/uploads\/2023\/03\/bubbles_katkep.jpg\" alt=\"Bubbles\"><\/a><\/figure><div class=\"caption caption__portfolio\"><h3><a href=\"https:\/\/alexnabytek.cz\/skolninabytek\/kategorie\/chodby-odpocinkove-zony\/bubbles\/\">Bubbles<\/a><\/h3><\/div><\/div><\/li>\n\r\n\t<li class=\"portfolio_item isotope-item\"><div class=\"portfolio_item_holder\"><figure class=\"thumbnail thumbnail__portfolio\"><a href=\"https:\/\/alexnabytek.cz\/skolninabytek\/kategorie\/chodby-odpocinkove-zony\/sedaci-vaky\/\" class=\"image-wrap\"><img decoding=\"async\" src=\"https:\/\/alexnabytek.cz\/skolninabytek\/wp-content\/uploads\/2019\/07\/babzsak_kat.jpg\" alt=\"Sedac\u00ed vaky\"><\/a><\/figure><div class=\"caption caption__portfolio\"><h3><a href=\"https:\/\/alexnabytek.cz\/skolninabytek\/kategorie\/chodby-odpocinkove-zony\/sedaci-vaky\/\">Sedac\u00ed vaky<\/a><\/h3><\/div><\/div><\/li>\n\r\n\t<li class=\"portfolio_item isotope-item\"><div class=\"portfolio_item_holder\"><figure class=\"thumbnail thumbnail__portfolio\"><a href=\"https:\/\/alexnabytek.cz\/skolninabytek\/kategorie\/chodby-odpocinkove-zony\/ps-box\/\" class=\"image-wrap\"><img decoding=\"async\" src=\"https:\/\/alexnabytek.cz\/skolninabytek\/wp-content\/uploads\/2023\/03\/psbox_kat.jpg\" alt=\"PS-Box\"><\/a><\/figure><div class=\"caption caption__portfolio\"><h3><a href=\"https:\/\/alexnabytek.cz\/skolninabytek\/kategorie\/chodby-odpocinkove-zony\/ps-box\/\">PS-Box<\/a><\/h3><\/div><\/div><\/li>\n\r\n\t<li class=\"portfolio_item isotope-item\"><div class=\"portfolio_item_holder\"><figure class=\"thumbnail thumbnail__portfolio\"><a href=\"https:\/\/alexnabytek.cz\/hotel-gastronabytek\/kategorie\/nabytek-do-restauraci\/lounge-nabytek\/corner\/\" class=\"image-wrap\" target=\"_blank\"><img decoding=\"async\" src=\"https:\/\/alexnabytek.cz\/skolninabytek\/wp-content\/uploads\/2017\/09\/Iskolabutor_15_01_Corner_termekcsalad.jpg\" alt=\"N\u00e1bytkov\u00e1 \u0159ada Corner\"><\/a><\/figure><div class=\"caption caption__portfolio\"><h3><a href=\"https:\/\/alexnabytek.cz\/hotel-gastronabytek\/kategorie\/nabytek-do-restauraci\/lounge-nabytek\/corner\/\" target=\"_blank\">N\u00e1bytkov\u00e1 \u0159ada Corner<\/a><\/h3><\/div><\/div><\/li>\n\r\n\t<li class=\"portfolio_item isotope-item\"><div class=\"portfolio_item_holder\"><figure class=\"thumbnail thumbnail__portfolio\"><a href=\"https:\/\/alexnabytek.cz\/hotel-gastronabytek\/kategorie\/nabytek-do-restauraci\/lounge-nabytek\/vital\/\" class=\"image-wrap\" target=\"_blank\"><img decoding=\"async\" src=\"https:\/\/alexnabytek.cz\/skolninabytek\/wp-content\/uploads\/2017\/09\/Iskolabutor_15_03_Vital_termekcsalad.jpg\" alt=\"N\u00e1bytkov\u00e1 \u0159ada Vital\"><\/a><\/figure><div class=\"caption caption__portfolio\"><h3><a href=\"https:\/\/alexnabytek.cz\/hotel-gastronabytek\/kategorie\/nabytek-do-restauraci\/lounge-nabytek\/vital\/\" target=\"_blank\">N\u00e1bytkov\u00e1 \u0159ada Vital<\/a><\/h3><\/div><\/div><\/li>\n\r\n\t<li class=\"portfolio_item isotope-item\"><div class=\"portfolio_item_holder\"><figure class=\"thumbnail thumbnail__portfolio\"><a href=\"https:\/\/alexnabytek.cz\/hotel-gastronabytek\/kategorie\/nabytek-do-restauraci\/lounge-nabytek\/moon\/\" class=\"image-wrap\" target=\"_blank\"><img decoding=\"async\" src=\"https:\/\/alexnabytek.cz\/skolninabytek\/wp-content\/uploads\/2017\/09\/Iskolabutor_15_04_Moon_termekcsalad.jpg\" alt=\"N\u00e1bytkov\u00e1 \u0159ada Moon\"><\/a><\/figure><div class=\"caption caption__portfolio\"><h3><a href=\"https:\/\/alexnabytek.cz\/hotel-gastronabytek\/kategorie\/nabytek-do-restauraci\/lounge-nabytek\/moon\/\" target=\"_blank\">N\u00e1bytkov\u00e1 \u0159ada Moon<\/a><\/h3><\/div><\/div><\/li>\n\r\n\t<li class=\"portfolio_item isotope-item\"><div class=\"portfolio_item_holder\"><figure class=\"thumbnail thumbnail__portfolio\"><a href=\"https:\/\/alexnabytek.cz\/hotel-gastronabytek\/kategorie\/nabytek-do-restauraci\/lounge-nabytek\/odpocinkove-segmenty\/\" class=\"image-wrap\" target=\"_blank\"><img decoding=\"async\" src=\"https:\/\/alexnabytek.cz\/skolninabytek\/wp-content\/uploads\/2017\/09\/Iskolabutor_15_06_Pihenoelemek.jpg\" alt=\"Relaxa\u010dn\u00ed prvky\"><\/a><\/figure><div class=\"caption caption__portfolio\"><h3><a href=\"https:\/\/alexnabytek.cz\/hotel-gastronabytek\/kategorie\/nabytek-do-restauraci\/lounge-nabytek\/odpocinkove-segmenty\/\" target=\"_blank\">Relaxa\u010dn\u00ed prvky<\/a><\/h3><\/div><\/div><\/li>\n\r\n\t<li class=\"portfolio_item isotope-item\"><div class=\"portfolio_item_holder\"><figure class=\"thumbnail thumbnail__portfolio\"><a href=\"https:\/\/alexnabytek.cz\/skolninabytek\/kategorie\/chodby-odpocinkove-zony\/radove-zidle\/\" class=\"image-wrap\"><img decoding=\"async\" src=\"https:\/\/alexnabytek.cz\/skolninabytek\/wp-content\/uploads\/2017\/09\/Iskolabutor_15_07_Sorszekek.jpg\" alt=\"\u0158adov\u00e9 \u017eidle\"><\/a><\/figure><div class=\"caption caption__portfolio\"><h3><a href=\"https:\/\/alexnabytek.cz\/skolninabytek\/kategorie\/chodby-odpocinkove-zony\/radove-zidle\/\">\u0158adov\u00e9 \u017eidle<\/a><\/h3><\/div><\/div><\/li>\n\r\n\t<li class=\"portfolio_item isotope-item\"><div class=\"portfolio_item_holder\"><figure class=\"thumbnail thumbnail__portfolio\"><a href=\"https:\/\/alexnabytek.cz\/satninabytek\/kategorie\/satni-skrine\/\" class=\"image-wrap\" target=\"_blank\"><img decoding=\"async\" src=\"https:\/\/alexnabytek.cz\/skolninabytek\/wp-content\/uploads\/2017\/09\/Iskolabutor_15_08_Oltozoszekrenyek.jpg\" alt=\"\u0160atn\u00ed sk\u0159\u00ed\u0148ky\"><\/a><\/figure><div class=\"caption caption__portfolio\"><h3><a href=\"https:\/\/alexnabytek.cz\/satninabytek\/kategorie\/satni-skrine\/\" target=\"_blank\">\u0160atn\u00ed sk\u0159\u00ed\u0148ky<\/a><\/h3><\/div><\/div><\/li>\n\r\n\t<li class=\"portfolio_item isotope-item\"><div class=\"portfolio_item_holder\"><figure class=\"thumbnail thumbnail__portfolio\"><a href=\"https:\/\/alexnabytek.cz\/satninabytek\/kategorie\/satni-lavicky\/\" class=\"image-wrap\" target=\"_blank\"><img decoding=\"async\" src=\"https:\/\/alexnabytek.cz\/skolninabytek\/wp-content\/uploads\/2017\/09\/Iskolabutor_15_09_Oltozopadok.jpg\" alt=\"\u0160atn\u00ed lavi\u010dky\"><\/a><\/figure><div class=\"caption caption__portfolio\"><h3><a href=\"https:\/\/alexnabytek.cz\/satninabytek\/kategorie\/satni-lavicky\/\" target=\"_blank\">\u0160atn\u00ed lavi\u010dky<\/a><\/h3><\/div><\/div><\/li>\n\r\n\t<li class=\"portfolio_item isotope-item\"><div class=\"portfolio_item_holder\"><figure class=\"thumbnail thumbnail__portfolio\"><a href=\"https:\/\/alexnabytek.cz\/mestskymobiliar\/\" class=\"image-wrap\" target=\"_blank\"><img decoding=\"async\" src=\"https:\/\/alexnabytek.cz\/skolninabytek\/wp-content\/uploads\/2017\/09\/Iskolabutor_15_10_Utcabutorok.jpg\" alt=\"Exteri\u00e9rov\u00fd n\u00e1bytek\"><\/a><\/figure><div class=\"caption caption__portfolio\"><h3><a href=\"https:\/\/alexnabytek.cz\/mestskymobiliar\/\" target=\"_blank\">Exteri\u00e9rov\u00fd n\u00e1bytek<\/a><\/h3><\/div><\/div><\/li>\n\r\n\t<li class=\"portfolio_item isotope-item\"><div class=\"portfolio_item_holder\"><figure class=\"thumbnail thumbnail__portfolio\"><a href=\"https:\/\/alexnabytek.cz\/mestskymobiliar\/\" class=\"image-wrap\" target=\"_blank\"><img decoding=\"async\" src=\"https:\/\/alexnabytek.cz\/skolninabytek\/wp-content\/uploads\/2017\/09\/Iskolabutor_15_11_Kulteri_fitness.jpg\" alt=\"Venkovn\u00ed fitness\"><\/a><\/figure><div class=\"caption caption__portfolio\"><h3><a href=\"https:\/\/alexnabytek.cz\/mestskymobiliar\/\" target=\"_blank\">Venkovn\u00ed fitness<\/a><\/h3><\/div><\/div><\/li>\n\r\n\t<li class=\"portfolio_item isotope-item\"><div class=\"portfolio_item_holder\"><figure class=\"thumbnail thumbnail__portfolio\"><a href=\"https:\/\/alexnabytek.cz\/materskeskolky\/kategorie\/zahradni-hriste\/\" class=\"image-wrap\" target=\"_blank\"><img decoding=\"async\" src=\"https:\/\/alexnabytek.cz\/skolninabytek\/wp-content\/uploads\/2017\/09\/19_Jatszoteri_jatekok.jpg\" alt=\"Zahradn\u00ed hry\"><\/a><\/figure><div class=\"caption caption__portfolio\"><h3><a href=\"https:\/\/alexnabytek.cz\/materskeskolky\/kategorie\/zahradni-hriste\/\" target=\"_blank\">Zahradn\u00ed hry<\/a><\/h3><\/div><\/div><\/li>\n","protected":false},"excerpt":{"rendered":"<p>U n\u00e1s si vyberete ide\u00e1ln\u00ed n\u00e1bytek do odpo\u010dinkov\u00e9 z\u00f3ny v kancel\u00e1\u0159i \u010di relaxa\u010dn\u00ed z\u00f3ny v hale. Na\u0161e relaxa\u010dn\u00ed prvky do \u0161koly nebo kancel\u00e1\u0159e jsou ur\u010deny pro v\u0161echny v\u011bkov\u00e9 kategorie. Relaxa\u010dn\u00ed k\u0159esla, seda\u010dky, sedac\u00ed vaky, taburety \u010di pohovky pro p\u0159\u00edjemnou pauzu b\u011bhem dne. Nab\u00edz\u00edme tak\u00e9 prvky pro odpo\u010dinkov\u00fd koutek v hern\u011b nebo knihovn\u011b, r\u00e1di v\u00e1m porad\u00edme tak\u00e9 s vybaven\u00edm \u0161koln\u00ed dru\u017einy&nbsp;<a href=\"https:\/\/alexnabytek.cz\/skolninabytek\/kategorie\/chodby-odpocinkove-zony\/\" class=\"read-more\">...<\/a><\/p>\n","protected":false},"author":3,"featured_media":0,"parent":19,"menu_order":0,"comment_status":"closed","ping_status":"closed","template":"page-Portfolio4Cols-alexsub.php","meta":{"footnotes":""},"class_list":["post-46780","page","type-page","status-publish","hentry"],"yoast_head":"<!-- This site is optimized with the Yoast SEO plugin v24.6 - https:\/\/yoast.com\/wordpress\/plugins\/seo\/ -->\n<title>CHODBY &amp; ODPO\u010cINKOV\u00c9 Z\u00d3NY - \u0160KOLN\u00cd N\u00c1BYTEK<\/title>\n<meta name=\"robots\" content=\"index, follow, max-snippet:-1, max-image-preview:large, max-video-preview:-1\" \/>\n<link rel=\"canonical\" href=\"https:\/\/alexnabytek.cz\/skolninabytek\/kategorie\/chodby-odpocinkove-zony\/\" \/>\n<meta property=\"og:locale\" content=\"cs_CZ\" \/>\n<meta property=\"og:type\" content=\"article\" \/>\n<meta property=\"og:title\" content=\"CHODBY &amp; ODPO\u010cINKOV\u00c9 Z\u00d3NY - \u0160KOLN\u00cd N\u00c1BYTEK\" \/>\n<meta property=\"og:description\" content=\"U n\u00e1s si vyberete ide\u00e1ln\u00ed n\u00e1bytek do odpo\u010dinkov\u00e9 z\u00f3ny v kancel\u00e1\u0159i \u010di relaxa\u010dn\u00ed z\u00f3ny v hale. Na\u0161e relaxa\u010dn\u00ed prvky do \u0161koly nebo kancel\u00e1\u0159e jsou ur\u010deny pro v\u0161echny v\u011bkov\u00e9 kategorie. Relaxa\u010dn\u00ed k\u0159esla, seda\u010dky, sedac\u00ed vaky, taburety \u010di pohovky pro p\u0159\u00edjemnou pauzu b\u011bhem dne. Nab\u00edz\u00edme tak\u00e9 prvky pro odpo\u010dinkov\u00fd koutek v hern\u011b nebo knihovn\u011b, r\u00e1di v\u00e1m porad\u00edme tak\u00e9 s vybaven\u00edm \u0161koln\u00ed dru\u017einy&nbsp;...\" \/>\n<meta property=\"og:url\" content=\"https:\/\/alexnabytek.cz\/skolninabytek\/kategorie\/chodby-odpocinkove-zony\/\" \/>\n<meta property=\"og:site_name\" content=\"\u0160KOLN\u00cd N\u00c1BYTEK\" \/>\n<meta property=\"article:modified_time\" content=\"2024-11-26T14:05:09+00:00\" \/>\n<meta name=\"twitter:card\" content=\"summary_large_image\" \/>\n<meta name=\"twitter:label1\" content=\"Est. reading time\" \/>\n\t<meta name=\"twitter:data1\" content=\"2 minutes\" \/>\n<script type=\"application\/ld+json\" class=\"yoast-schema-graph\">{\"@context\":\"https:\/\/schema.org\",\"@graph\":[{\"@type\":\"WebPage\",\"@id\":\"https:\/\/alexnabytek.cz\/skolninabytek\/kategorie\/chodby-odpocinkove-zony\/\",\"url\":\"https:\/\/alexnabytek.cz\/skolninabytek\/kategorie\/chodby-odpocinkove-zony\/\",\"name\":\"CHODBY & ODPO\u010cINKOV\u00c9 Z\u00d3NY - \u0160KOLN\u00cd N\u00c1BYTEK\",\"isPartOf\":{\"@id\":\"https:\/\/alexnabytek.cz\/skolninabytek\/#website\"},\"datePublished\":\"2017-09-04T12:47:58+00:00\",\"dateModified\":\"2024-11-26T14:05:09+00:00\",\"breadcrumb\":{\"@id\":\"https:\/\/alexnabytek.cz\/skolninabytek\/kategorie\/chodby-odpocinkove-zony\/#breadcrumb\"},\"inLanguage\":\"en-US\",\"potentialAction\":[{\"@type\":\"ReadAction\",\"target\":[\"https:\/\/alexnabytek.cz\/skolninabytek\/kategorie\/chodby-odpocinkove-zony\/\"]}]},{\"@type\":\"BreadcrumbList\",\"@id\":\"https:\/\/alexnabytek.cz\/skolninabytek\/kategorie\/chodby-odpocinkove-zony\/#breadcrumb\",\"itemListElement\":[{\"@type\":\"ListItem\",\"position\":1,\"name\":\"Home\",\"item\":\"https:\/\/alexnabytek.cz\/skolninabytek\/\"},{\"@type\":\"ListItem\",\"position\":2,\"name\":\"Produkty\",\"item\":\"https:\/\/alexnabytek.cz\/skolninabytek\/kategorie\/\"},{\"@type\":\"ListItem\",\"position\":3,\"name\":\"CHODBY &#038; ODPO\u010cINKOV\u00c9 Z\u00d3NY\"}]},{\"@type\":\"WebSite\",\"@id\":\"https:\/\/alexnabytek.cz\/skolninabytek\/#website\",\"url\":\"https:\/\/alexnabytek.cz\/skolninabytek\/\",\"name\":\"\u0160KOLN\u00cd N\u00c1BYTEK\",\"description\":\"Alex kovov\u00fd a \u0161koln\u00ed n\u00e1bytek s.r.o\",\"potentialAction\":[{\"@type\":\"SearchAction\",\"target\":{\"@type\":\"EntryPoint\",\"urlTemplate\":\"https:\/\/alexnabytek.cz\/skolninabytek\/?s={search_term_string}\"},\"query-input\":{\"@type\":\"PropertyValueSpecification\",\"valueRequired\":true,\"valueName\":\"search_term_string\"}}],\"inLanguage\":\"en-US\"}]}<\/script>\n<!-- \/ Yoast SEO plugin. -->","yoast_head_json":{"title":"CHODBY & ODPO\u010cINKOV\u00c9 Z\u00d3NY - \u0160KOLN\u00cd N\u00c1BYTEK","robots":{"index":"index","follow":"follow","max-snippet":"max-snippet:-1","max-image-preview":"max-image-preview:large","max-video-preview":"max-video-preview:-1"},"canonical":"https:\/\/alexnabytek.cz\/skolninabytek\/kategorie\/chodby-odpocinkove-zony\/","og_locale":"cs_CZ","og_type":"article","og_title":"CHODBY & ODPO\u010cINKOV\u00c9 Z\u00d3NY - \u0160KOLN\u00cd N\u00c1BYTEK","og_description":"U n\u00e1s si vyberete ide\u00e1ln\u00ed n\u00e1bytek do odpo\u010dinkov\u00e9 z\u00f3ny v kancel\u00e1\u0159i \u010di relaxa\u010dn\u00ed z\u00f3ny v hale. Na\u0161e relaxa\u010dn\u00ed prvky do \u0161koly nebo kancel\u00e1\u0159e jsou ur\u010deny pro v\u0161echny v\u011bkov\u00e9 kategorie. Relaxa\u010dn\u00ed k\u0159esla, seda\u010dky, sedac\u00ed vaky, taburety \u010di pohovky pro p\u0159\u00edjemnou pauzu b\u011bhem dne. Nab\u00edz\u00edme tak\u00e9 prvky pro odpo\u010dinkov\u00fd koutek v hern\u011b nebo knihovn\u011b, r\u00e1di v\u00e1m porad\u00edme tak\u00e9 s vybaven\u00edm \u0161koln\u00ed dru\u017einy&nbsp;...","og_url":"https:\/\/alexnabytek.cz\/skolninabytek\/kategorie\/chodby-odpocinkove-zony\/","og_site_name":"\u0160KOLN\u00cd N\u00c1BYTEK","article_modified_time":"2024-11-26T14:05:09+00:00","twitter_card":"summary_large_image","twitter_misc":{"Est. reading time":"2 minutes"},"schema":{"@context":"https:\/\/schema.org","@graph":[{"@type":"WebPage","@id":"https:\/\/alexnabytek.cz\/skolninabytek\/kategorie\/chodby-odpocinkove-zony\/","url":"https:\/\/alexnabytek.cz\/skolninabytek\/kategorie\/chodby-odpocinkove-zony\/","name":"CHODBY & ODPO\u010cINKOV\u00c9 Z\u00d3NY - \u0160KOLN\u00cd N\u00c1BYTEK","isPartOf":{"@id":"https:\/\/alexnabytek.cz\/skolninabytek\/#website"},"datePublished":"2017-09-04T12:47:58+00:00","dateModified":"2024-11-26T14:05:09+00:00","breadcrumb":{"@id":"https:\/\/alexnabytek.cz\/skolninabytek\/kategorie\/chodby-odpocinkove-zony\/#breadcrumb"},"inLanguage":"en-US","potentialAction":[{"@type":"ReadAction","target":["https:\/\/alexnabytek.cz\/skolninabytek\/kategorie\/chodby-odpocinkove-zony\/"]}]},{"@type":"BreadcrumbList","@id":"https:\/\/alexnabytek.cz\/skolninabytek\/kategorie\/chodby-odpocinkove-zony\/#breadcrumb","itemListElement":[{"@type":"ListItem","position":1,"name":"Home","item":"https:\/\/alexnabytek.cz\/skolninabytek\/"},{"@type":"ListItem","position":2,"name":"Produkty","item":"https:\/\/alexnabytek.cz\/skolninabytek\/kategorie\/"},{"@type":"ListItem","position":3,"name":"CHODBY &#038; ODPO\u010cINKOV\u00c9 Z\u00d3NY"}]},{"@type":"WebSite","@id":"https:\/\/alexnabytek.cz\/skolninabytek\/#website","url":"https:\/\/alexnabytek.cz\/skolninabytek\/","name":"\u0160KOLN\u00cd N\u00c1BYTEK","description":"Alex kovov\u00fd a \u0161koln\u00ed n\u00e1bytek s.r.o","potentialAction":[{"@type":"SearchAction","target":{"@type":"EntryPoint","urlTemplate":"https:\/\/alexnabytek.cz\/skolninabytek\/?s={search_term_string}"},"query-input":{"@type":"PropertyValueSpecification","valueRequired":true,"valueName":"search_term_string"}}],"inLanguage":"en-US"}]}},"_links":{"self":[{"href":"https:\/\/alexnabytek.cz\/skolninabytek\/wp-json\/wp\/v2\/pages\/46780","targetHints":{"allow":["GET"]}}],"collection":[{"href":"https:\/\/alexnabytek.cz\/skolninabytek\/wp-json\/wp\/v2\/pages"}],"about":[{"href":"https:\/\/alexnabytek.cz\/skolninabytek\/wp-json\/wp\/v2\/types\/page"}],"author":[{"embeddable":true,"href":"https:\/\/alexnabytek.cz\/skolninabytek\/wp-json\/wp\/v2\/users\/3"}],"replies":[{"embeddable":true,"href":"https:\/\/alexnabytek.cz\/skolninabytek\/wp-json\/wp\/v2\/comments?post=46780"}],"version-history":[{"count":8,"href":"https:\/\/alexnabytek.cz\/skolninabytek\/wp-json\/wp\/v2\/pages\/46780\/revisions"}],"predecessor-version":[{"id":72332,"href":"https:\/\/alexnabytek.cz\/skolninabytek\/wp-json\/wp\/v2\/pages\/46780\/revisions\/72332"}],"up":[{"embeddable":true,"href":"https:\/\/alexnabytek.cz\/skolninabytek\/wp-json\/wp\/v2\/pages\/19"}],"wp:attachment":[{"href":"https:\/\/alexnabytek.cz\/skolninabytek\/wp-json\/wp\/v2\/media?parent=46780"}],"curies":[{"name":"wp","href":"https:\/\/api.w.org\/{rel}","templated":true}]}}